{"id":1094,"date":"2024-01-24T10:45:02","date_gmt":"2024-01-24T09:45:02","guid":{"rendered":"http:\/\/www.ch-aubusson.fr\/site\/?page_id=1094"},"modified":"2025-06-26T11:37:17","modified_gmt":"2025-06-26T09:37:17","slug":"livret-daccueil","status":"publish","type":"page","link":"https:\/\/www.ch-aubusson.fr\/site\/livret-daccueil\/","title":{"rendered":"livret d&#8217;accueil"},"content":{"rendered":"\n<div style=\"height:40px\" aria-hidden=\"true\" class=\"wp-block-spacer\"><\/div>\n\n\n\n<h2 class=\"wp-block-heading\">documents utiles<\/h2>\n\n\n\n<h4 class=\"wp-block-heading presentation\">Un livret d&#8217;accueil est remis \u00e0 chaque patient et r\u00e9sident du Centre Hospitalier<\/h4>\n\n\n\n<p>Ce livret permet d&#8217;avoir des informations sur :<\/p>\n\n\n\n<ul class=\"wp-block-list\">\n<li>l&#8217;h\u00f4pital<\/li>\n\n\n\n<li>son s\u00e9jour, son entr\u00e9e, sa sortie et les prestations associ\u00e9es<\/li>\n\n\n\n<li>ses droits en tant que patient et ses devoirs\/obligations au Centre Hospitalier<\/li>\n\n\n\n<li>la qualit\u00e9 et la s\u00e9curit\u00e9 des soins<\/li>\n<\/ul>\n\n\n\n<p><a href=\"https:\/\/www.ch-aubusson.fr\/site\/wp-content\/uploads\/2024\/02\/organigramme_hierarchique_-2023.pdf\"><img loading=\"lazy\" decoding=\"async\" width=\"20\" height=\"20\" class=\"wp-image-1165\" style=\"width: 20px;\" src=\"https:\/\/www.ch-aubusson.fr\/site\/wp-content\/uploads\/2024\/01\/telechargement-ch-e1706177957156.png\" alt=\"\"><\/a> <a href=\"https:\/\/www.ch-aubusson.fr\/site\/wp-content\/uploads\/2025\/06\/Livret-daccueil.pdf\" target=\"_blank\" rel=\"noreferrer noopener\">Livret d&#8221;accueil<\/a><\/p>\n\n\n\n<div style=\"height:40px\" aria-hidden=\"true\" class=\"wp-block-spacer\"><\/div>\n\n\n\n<h1 class=\"wp-block-heading has-ast-global-color-5-color has-text-color has-background has-link-color wp-elements-4d8cbab97dfa2f7cbce481d9862353b2\" style=\"background-color:#243466\">PARTICULIERS<\/h1>\n\n\n\n<p><a href=\"https:\/\/www.ch-aubusson.fr\/site\/wp-content\/uploads\/2024\/02\/organigramme_hierarchique_-2023.pdf\"><img loading=\"lazy\" decoding=\"async\" width=\"20\" height=\"20\" class=\"wp-image-1165\" style=\"width: 20px;\" src=\"https:\/\/www.ch-aubusson.fr\/site\/wp-content\/uploads\/2024\/01\/telechargement-ch-e1706177957156.png\" alt=\"\"><\/a> <a href=\"https:\/\/www.ch-aubusson.fr\/site\/wp-content\/uploads\/2024\/05\/organigramme_hierarchique_.pdf\" target=\"_blank\" rel=\"noreferrer noopener\">Organigramme du centre Hospitalier d&#8217;Aubusson<\/a><\/p>\n\n\n\n<div style=\"height:20px\" aria-hidden=\"true\" class=\"wp-block-spacer\"><\/div>\n\n\n\n<p><img loading=\"lazy\" decoding=\"async\" width=\"20\" height=\"20\" class=\"wp-image-1165\" style=\"width: 20px;\" src=\"https:\/\/www.ch-aubusson.fr\/site\/wp-content\/uploads\/2024\/01\/telechargement-ch-e1706177957156.png\" alt=\"\"> <a href=\"https:\/\/www.ch-aubusson.fr\/site\/wp-content\/uploads\/2024\/03\/plaquette_ehpad_le_mont.pdf\" target=\"_blank\" rel=\"noreferrer noopener\">Plaquette EHPAD Le Mont<\/a><\/p>\n\n\n\n<p><img loading=\"lazy\" decoding=\"async\" width=\"20\" height=\"20\" class=\"wp-image-1165\" style=\"width: 20px;\" src=\"https:\/\/www.ch-aubusson.fr\/site\/wp-content\/uploads\/2024\/01\/telechargement-ch-e1706177957156.png\" alt=\"\"> <a href=\"https:\/\/www.ch-aubusson.fr\/site\/wp-content\/uploads\/2024\/03\/plaquette_ehpad_saint_jean.pdf\" target=\"_blank\" rel=\"noreferrer noopener\">Plaquette EHPAD Saint Jean<\/a><\/p>\n\n\n\n<p><img loading=\"lazy\" decoding=\"async\" width=\"20\" height=\"20\" class=\"wp-image-1165\" style=\"width: 20px;\" src=\"https:\/\/www.ch-aubusson.fr\/site\/wp-content\/uploads\/2024\/01\/telechargement-ch-e1706177957156.png\" alt=\"\"> <a href=\"https:\/\/www.ch-aubusson.fr\/site\/wp-content\/uploads\/2024\/03\/plaquette_ehpad_la_courtine.pdf\" target=\"_blank\" rel=\"noreferrer noopener\">Plaquette EHPAD La courtine<\/a><\/p>\n\n\n\n<div style=\"height:20px\" aria-hidden=\"true\" class=\"wp-block-spacer\"><\/div>\n\n\n\n<p><img loading=\"lazy\" decoding=\"async\" width=\"20\" height=\"20\" class=\"wp-image-1165\" style=\"width: 20px;\" src=\"https:\/\/www.ch-aubusson.fr\/site\/wp-content\/uploads\/2024\/01\/telechargement-ch-e1706177957156.png\" alt=\"\"> <a href=\"https:\/\/www.ch-aubusson.fr\/site\/wp-content\/uploads\/2024\/03\/plaquette_uvp_ehpad_le_mont.pdf\" target=\"_blank\" rel=\"noreferrer noopener\">Plaquette UVP<\/a><\/p>\n\n\n\n<div style=\"height:20px\" aria-hidden=\"true\" class=\"wp-block-spacer\"><\/div>\n\n\n\n<p><img loading=\"lazy\" decoding=\"async\" width=\"20\" height=\"20\" class=\"wp-image-1165\" style=\"width: 20px;\" src=\"https:\/\/www.ch-aubusson.fr\/site\/wp-content\/uploads\/2024\/01\/telechargement-ch-e1706177957156.png\" alt=\"\"> <a href=\"https:\/\/www.ch-aubusson.fr\/site\/wp-content\/uploads\/2024\/04\/Plaquette_tarif.pdf\" target=\"_blank\" rel=\"noreferrer noopener\">Plaquette tarif<\/a><\/p>\n\n\n\n<div style=\"height:20px\" aria-hidden=\"true\" class=\"wp-block-spacer\"><\/div>\n\n\n\n<p><img loading=\"lazy\" decoding=\"async\" width=\"20\" height=\"20\" class=\"wp-image-1165\" style=\"width: 20px;\" src=\"https:\/\/www.ch-aubusson.fr\/site\/wp-content\/uploads\/2024\/01\/telechargement-ch-e1706177957156.png\" alt=\"\"> <a href=\"https:\/\/www.ch-aubusson.fr\/site\/livret-daccueil\/\" data-type=\"page\" data-id=\"1094\">D\u00e9signation de la personne de confiance<\/a><\/p>\n\n\n\n<p><img loading=\"lazy\" decoding=\"async\" width=\"20\" height=\"20\" class=\"wp-image-1165\" style=\"width: 20px;\" src=\"https:\/\/www.ch-aubusson.fr\/site\/wp-content\/uploads\/2024\/01\/telechargement-ch-e1706177957156.png\" alt=\"\"> <a href=\"https:\/\/www.ch-aubusson.fr\/site\/wp-content\/uploads\/2024\/03\/references_des_ministres_des_differents_cultes.pdf\" target=\"_blank\" rel=\"noreferrer noopener\">Fiche de contact cultes<\/a><\/p>\n\n\n\n<p> <a href=\"https:\/\/www.ch-aubusson.fr\/site\/wp-content\/uploads\/2024\/02\/organigramme_hierarchique_-2023.pdf\"><img loading=\"lazy\" decoding=\"async\" width=\"20\" height=\"20\" class=\"wp-image-1165\" style=\"width: 20px;\" src=\"https:\/\/www.ch-aubusson.fr\/site\/wp-content\/uploads\/2024\/01\/telechargement-ch-e1706177957156.png\" alt=\"\"><\/a><a href=\"https:\/\/www.ch-aubusson.fr\/site\/wp-content\/uploads\/2024\/03\/brochure_personne_de_confiance-1.pdf\">Brochure personne de confiance<\/a><\/p>\n\n\n\n<div style=\"height:20px\" aria-hidden=\"true\" class=\"wp-block-spacer\"><\/div>\n\n\n\n<p><a href=\"https:\/\/www.ch-aubusson.fr\/site\/wp-content\/uploads\/2024\/02\/organigramme_hierarchique_-2023.pdf\"><img loading=\"lazy\" decoding=\"async\" width=\"20\" height=\"20\" class=\"wp-image-1165\" style=\"width: 20px;\" src=\"https:\/\/www.ch-aubusson.fr\/site\/wp-content\/uploads\/2024\/01\/telechargement-ch-e1706177957156.png\" alt=\"\"><\/a> <a href=\"https:\/\/www.ch-aubusson.fr\/site\/wp-content\/uploads\/2024\/03\/charte_romain_jacob.pdf\" target=\"_blank\" rel=\"noreferrer noopener\">Charte Romain JACOB<\/a><\/p>\n\n\n\n<p><a href=\"https:\/\/www.ch-aubusson.fr\/site\/wp-content\/uploads\/2024\/02\/organigramme_hierarchique_-2023.pdf\"><img loading=\"lazy\" decoding=\"async\" width=\"20\" height=\"20\" class=\"wp-image-1165\" style=\"width: 20px;\" src=\"https:\/\/www.ch-aubusson.fr\/site\/wp-content\/uploads\/2024\/01\/telechargement-ch-e1706177957156.png\" alt=\"\"><\/a> <a href=\"https:\/\/www.ch-aubusson.fr\/site\/wp-content\/uploads\/2024\/03\/charte_de_gestion_des_consentements_patient.pdf\" target=\"_blank\" rel=\"noreferrer noopener\">Charte de gestion des consentements patient<\/a><\/p>\n\n\n\n<p><a href=\"https:\/\/www.ch-aubusson.fr\/site\/wp-content\/uploads\/2024\/02\/organigramme_hierarchique_-2023.pdf\"><img loading=\"lazy\" decoding=\"async\" width=\"20\" height=\"20\" class=\"wp-image-1165\" style=\"width: 20px;\" src=\"https:\/\/www.ch-aubusson.fr\/site\/wp-content\/uploads\/2024\/01\/telechargement-ch-e1706177957156.png\" alt=\"\"><\/a> <a href=\"https:\/\/www.ch-aubusson.fr\/site\/wp-content\/uploads\/2024\/03\/charte_de_la_personne_hospitalisee.pdf\" target=\"_blank\" rel=\"noreferrer noopener\">Charte de la personne hospitalis\u00e9e<\/a><\/p>\n\n\n\n<p><a href=\"https:\/\/www.ch-aubusson.fr\/site\/wp-content\/uploads\/2024\/02\/organigramme_hierarchique_-2023.pdf\"><img loading=\"lazy\" decoding=\"async\" width=\"20\" height=\"20\" class=\"wp-image-1165\" style=\"width: 20px;\" src=\"https:\/\/www.ch-aubusson.fr\/site\/wp-content\/uploads\/2024\/01\/telechargement-ch-e1706177957156.png\" alt=\"\"><\/a> <a href=\"https:\/\/www.ch-aubusson.fr\/site\/wp-content\/uploads\/2024\/03\/charte_de_la_bientraitance-2.pdf\" target=\"_blank\" rel=\"noreferrer noopener\">Charte de la bientraitance<\/a><\/p>\n\n\n\n<p><a href=\"https:\/\/www.ch-aubusson.fr\/site\/wp-content\/uploads\/2024\/02\/organigramme_hierarchique_-2023.pdf\"><img loading=\"lazy\" decoding=\"async\" width=\"20\" height=\"20\" class=\"wp-image-1165\" style=\"width: 20px;\" src=\"https:\/\/www.ch-aubusson.fr\/site\/wp-content\/uploads\/2024\/01\/telechargement-ch-e1706177957156.png\" alt=\"\"><\/a> <a href=\"https:\/\/www.ch-aubusson.fr\/site\/wp-content\/uploads\/2024\/03\/charte_des_droits_et_libertes_de_la_personne_agee_dependante.pdf\" target=\"_blank\" rel=\"noreferrer noopener\">Charte des droits et libert\u00e9s de la personne \u00e2g\u00e9e d\u00e9pendante<\/a><\/p>\n\n\n\n<p><a href=\"https:\/\/www.ch-aubusson.fr\/site\/wp-content\/uploads\/2024\/02\/organigramme_hierarchique_-2023.pdf\"><img loading=\"lazy\" decoding=\"async\" width=\"20\" height=\"20\" class=\"wp-image-1165\" style=\"width: 20px;\" src=\"https:\/\/www.ch-aubusson.fr\/site\/wp-content\/uploads\/2024\/01\/telechargement-ch-e1706177957156.png\" alt=\"\"><\/a> <a href=\"https:\/\/www.ch-aubusson.fr\/site\/wp-content\/uploads\/2024\/03\/charte_des_10_engagements_du_medecin_radiologue.pdf\" target=\"_blank\" rel=\"noreferrer noopener\">Charte  du m\u00e9decin radiologue pour son patient<\/a><\/p>\n\n\n\n<div style=\"height:20px\" aria-hidden=\"true\" class=\"wp-block-spacer\"><\/div>\n\n\n\n<p><img loading=\"lazy\" decoding=\"async\" width=\"20\" height=\"20\" class=\"wp-image-1165\" style=\"width: 20px;\" src=\"https:\/\/www.ch-aubusson.fr\/site\/wp-content\/uploads\/2024\/01\/telechargement-ch-e1706177957156.png\" alt=\"\"> <a href=\"https:\/\/www.ch-aubusson.fr\/site\/wp-content\/uploads\/2024\/03\/14-DOC-187-Le-linge-sous-toutes-ses-coutures.pdf\" target=\"_blank\" rel=\"noreferrer noopener\">Le linge sous toutes ses coutures<\/a><\/p>\n\n\n\n<div style=\"height:20px\" aria-hidden=\"true\" class=\"wp-block-spacer\"><\/div>\n\n\n\n<p><img loading=\"lazy\" decoding=\"async\" width=\"20\" height=\"20\" class=\"wp-image-1165\" style=\"width: 20px;\" src=\"https:\/\/www.ch-aubusson.fr\/site\/wp-content\/uploads\/2024\/01\/telechargement-ch-e1706177957156.png\" alt=\"\"> <a href=\"https:\/\/www.ch-aubusson.fr\/site\/wp-content\/uploads\/2024\/03\/information_du_patient_passer_un_scanner.pdf\">Je vais passer un SCANNER<\/a><\/p>\n\n\n\n<div style=\"height:40px\" aria-hidden=\"true\" class=\"wp-block-spacer\"><\/div>\n\n\n\n<h1 class=\"wp-block-heading has-ast-global-color-5-color has-text-color has-background has-link-color wp-elements-6a9a202c0c7c605fc3fabb4c148c2800\" style=\"background-color:#243466\"><strong>Professionnels de Sant\u00e9<\/strong><\/h1>\n\n\n\n<p><img loading=\"lazy\" decoding=\"async\" width=\"20\" height=\"20\" class=\"wp-image-1165\" style=\"width: 20px;\" src=\"https:\/\/www.ch-aubusson.fr\/site\/wp-content\/uploads\/2024\/01\/telechargement-ch-e1706177957156.png\" alt=\"\"> <a href=\"https:\/\/www.ch-aubusson.fr\/site\/wp-content\/uploads\/2024\/03\/formulaire_de_demande_d_un_examen_irm.pdf\" target=\"_blank\" rel=\"noreferrer noopener\">Demande d\u2019IRM<\/a><\/p>\n\n\n\n<p><img loading=\"lazy\" decoding=\"async\" width=\"20\" height=\"20\" class=\"wp-image-1165\" style=\"width: 20px;\" src=\"https:\/\/www.ch-aubusson.fr\/site\/wp-content\/uploads\/2024\/01\/telechargement-ch-e1706177957156.png\" alt=\"\"> <a href=\"https:\/\/www.ch-aubusson.fr\/site\/wp-content\/uploads\/2024\/03\/demande_de_scanner.pdf\" target=\"_blank\" rel=\"noreferrer noopener\">Demande de scanner<\/a><\/p>\n\n\n\n<p><img loading=\"lazy\" decoding=\"async\" width=\"20\" height=\"20\" class=\"wp-image-1165\" style=\"width: 20px;\" src=\"https:\/\/www.ch-aubusson.fr\/site\/wp-content\/uploads\/2024\/01\/telechargement-ch-e1706177957156.png\" alt=\"\"> <a href=\"https:\/\/www.ch-aubusson.fr\/site\/wp-content\/uploads\/2024\/03\/demande_d_admission_en_ssiad.pdf\" target=\"_blank\" rel=\"noreferrer noopener\">Demande d\u2019admission en SSIAD<\/a><\/p>\n\n\n\n<div style=\"height:100px\" aria-hidden=\"true\" class=\"wp-block-spacer\"><\/div>\n","protected":false},"excerpt":{"rendered":"<p>documents utiles Un livret d&#8217;accueil est remis \u00e0 chaque patient et r\u00e9sident du Centre Hospitalier Ce livret permet d&#8217;avoir des [&hellip;]<\/p>\n","protected":false},"author":3,"featured_media":0,"parent":0,"menu_order":0,"comment_status":"closed","ping_status":"closed","template":"","meta":{"site-sidebar-layout":"default","site-content-layout":"","ast-site-content-layout":"","site-content-style":"default","site-sidebar-style":"default","ast-global-header-display":"","ast-banner-title-visibility":"","ast-main-header-display":"","ast-hfb-above-header-display":"","ast-hfb-below-header-display":"","ast-hfb-mobile-header-display":"","site-post-title":"disabled","ast-breadcrumbs-content":"","ast-featured-img":"","footer-sml-layout":"","theme-transparent-header-meta":"","adv-header-id-meta":"","stick-header-meta":"","header-above-stick-meta":"","header-main-stick-meta":"","header-below-stick-meta":"","astra-migrate-meta-layouts":"default","ast-page-background-enabled":"default","ast-page-background-meta":{"desktop":{"background-color":"var(--ast-global-color-4)","background-image":"","background-repeat":"repeat","background-position":"center center","background-size":"auto","background-attachment":"scroll","background-type":"","background-media":"","overlay-type":"","overlay-color":"","overlay-opacity":"","overlay-gradient":""},"tablet":{"background-color":"","background-image":"","background-repeat":"repeat","background-position":"center center","background-size":"auto","background-attachment":"scroll","background-type":"","background-media":"","overlay-type":"","overlay-color":"","overlay-opacity":"","overlay-gradient":""},"mobile":{"background-color":"","background-image":"","background-repeat":"repeat","background-position":"center center","background-size":"auto","background-attachment":"scroll","background-type":"","background-media":"","overlay-type":"","overlay-color":"","overlay-opacity":"","overlay-gradient":""}},"ast-content-background-meta":{"desktop":{"background-color":"var(--ast-global-color-5)","background-image":"","background-repeat":"repeat","background-position":"center center","background-size":"auto","background-attachment":"scroll","background-type":"","background-media":"","overlay-type":"","overlay-color":"","overlay-opacity":"","overlay-gradient":""},"tablet":{"background-color":"var(--ast-global-color-5)","background-image":"","background-repeat":"repeat","background-position":"center center","background-size":"auto","background-attachment":"scroll","background-type":"","background-media":"","overlay-type":"","overlay-color":"","overlay-opacity":"","overlay-gradient":""},"mobile":{"background-color":"var(--ast-global-color-5)","background-image":"","background-repeat":"repeat","background-position":"center center","background-size":"auto","background-attachment":"scroll","background-type":"","background-media":"","overlay-type":"","overlay-color":"","overlay-opacity":"","overlay-gradient":""}},"footnotes":""},"class_list":["post-1094","page","type-page","status-publish","hentry"],"yoast_head":"<!-- This site is optimized with the Yoast SEO plugin v25.5 - https:\/\/yoast.com\/wordpress\/plugins\/seo\/ -->\n<title>livret d&#039;accueil -<\/title>\n<meta name=\"robots\" content=\"index, follow, max-snippet:-1, max-image-preview:large, max-video-preview:-1\" \/>\n<link rel=\"canonical\" href=\"https:\/\/www.ch-aubusson.fr\/site\/livret-daccueil\/\" \/>\n<meta property=\"og:locale\" content=\"fr_FR\" \/>\n<meta property=\"og:type\" content=\"article\" \/>\n<meta property=\"og:title\" content=\"livret d&#039;accueil -\" \/>\n<meta property=\"og:description\" content=\"documents utiles Un livret d&#8217;accueil est remis \u00e0 chaque patient et r\u00e9sident du Centre Hospitalier Ce livret permet d&#8217;avoir des [&hellip;]\" \/>\n<meta property=\"og:url\" content=\"https:\/\/www.ch-aubusson.fr\/site\/livret-daccueil\/\" \/>\n<meta property=\"article:publisher\" content=\"https:\/\/www.facebook.com\/people\/Centre-Hospitalier-dAubusson\/100064042814456\/\" \/>\n<meta property=\"article:modified_time\" content=\"2025-06-26T09:37:17+00:00\" \/>\n<meta property=\"og:image\" content=\"http:\/\/www.ch-aubusson.fr\/site\/wp-content\/uploads\/2024\/01\/telechargement-ch-e1706177957156.png\" \/>\n<meta name=\"twitter:card\" content=\"summary_large_image\" \/>\n<meta name=\"twitter:label1\" content=\"Dur\u00e9e de lecture estim\u00e9e\" \/>\n\t<meta name=\"twitter:data1\" content=\"5 minutes\" \/>\n<!-- \/ Yoast SEO plugin. -->","yoast_head_json":{"title":"livret d'accueil -","robots":{"index":"index","follow":"follow","max-snippet":"max-snippet:-1","max-image-preview":"max-image-preview:large","max-video-preview":"max-video-preview:-1"},"canonical":"https:\/\/www.ch-aubusson.fr\/site\/livret-daccueil\/","og_locale":"fr_FR","og_type":"article","og_title":"livret d'accueil -","og_description":"documents utiles Un livret d&#8217;accueil est remis \u00e0 chaque patient et r\u00e9sident du Centre Hospitalier Ce livret permet d&#8217;avoir des [&hellip;]","og_url":"https:\/\/www.ch-aubusson.fr\/site\/livret-daccueil\/","article_publisher":"https:\/\/www.facebook.com\/people\/Centre-Hospitalier-dAubusson\/100064042814456\/","article_modified_time":"2025-06-26T09:37:17+00:00","og_image":[{"url":"http:\/\/www.ch-aubusson.fr\/site\/wp-content\/uploads\/2024\/01\/telechargement-ch-e1706177957156.png","type":"","width":"","height":""}],"twitter_card":"summary_large_image","twitter_misc":{"Dur\u00e9e de lecture estim\u00e9e":"5 minutes"},"schema":{"@context":"https:\/\/schema.org","@graph":[{"@type":"WebPage","@id":"https:\/\/www.ch-aubusson.fr\/site\/livret-daccueil\/","url":"https:\/\/www.ch-aubusson.fr\/site\/livret-daccueil\/","name":"livret d'accueil -","isPartOf":{"@id":"https:\/\/www.ch-aubusson.fr\/site\/#website"},"primaryImageOfPage":{"@id":"https:\/\/www.ch-aubusson.fr\/site\/livret-daccueil\/#primaryimage"},"image":{"@id":"https:\/\/www.ch-aubusson.fr\/site\/livret-daccueil\/#primaryimage"},"thumbnailUrl":"http:\/\/www.ch-aubusson.fr\/site\/wp-content\/uploads\/2024\/01\/telechargement-ch-e1706177957156.png","datePublished":"2024-01-24T09:45:02+00:00","dateModified":"2025-06-26T09:37:17+00:00","breadcrumb":{"@id":"https:\/\/www.ch-aubusson.fr\/site\/livret-daccueil\/#breadcrumb"},"inLanguage":"fr-FR","potentialAction":[{"@type":"ReadAction","target":["https:\/\/www.ch-aubusson.fr\/site\/livret-daccueil\/"]}]},{"@type":"ImageObject","inLanguage":"fr-FR","@id":"https:\/\/www.ch-aubusson.fr\/site\/livret-daccueil\/#primaryimage","url":"https:\/\/www.ch-aubusson.fr\/site\/wp-content\/uploads\/2024\/01\/telechargement-ch-e1706177957156.png","contentUrl":"https:\/\/www.ch-aubusson.fr\/site\/wp-content\/uploads\/2024\/01\/telechargement-ch-e1706177957156.png","width":20,"height":20},{"@type":"BreadcrumbList","@id":"https:\/\/www.ch-aubusson.fr\/site\/livret-daccueil\/#breadcrumb","itemListElement":[{"@type":"ListItem","position":1,"name":"Accueil","item":"https:\/\/www.ch-aubusson.fr\/site\/"},{"@type":"ListItem","position":2,"name":"livret d&#8217;accueil"}]},{"@type":"WebSite","@id":"https:\/\/www.ch-aubusson.fr\/site\/#website","url":"https:\/\/www.ch-aubusson.fr\/site\/","name":"Centre Hospitalier d'Aubusson","description":"","publisher":{"@id":"https:\/\/www.ch-aubusson.fr\/site\/#organization"},"potentialAction":[{"@type":"SearchAction","target":{"@type":"EntryPoint","urlTemplate":"https:\/\/www.ch-aubusson.fr\/site\/?s={search_term_string}"},"query-input":{"@type":"PropertyValueSpecification","valueRequired":true,"valueName":"search_term_string"}}],"inLanguage":"fr-FR"},{"@type":"Organization","@id":"https:\/\/www.ch-aubusson.fr\/site\/#organization","name":"Centre Hospitalier d'Aubusson","url":"https:\/\/www.ch-aubusson.fr\/site\/","logo":{"@type":"ImageObject","inLanguage":"fr-FR","@id":"https:\/\/www.ch-aubusson.fr\/site\/#\/schema\/logo\/image\/","url":"https:\/\/www.ch-aubusson.fr\/site\/wp-content\/uploads\/2024\/01\/cropped-LogoCentreHospitalier_Vertical_3Tonos-2.png","contentUrl":"https:\/\/www.ch-aubusson.fr\/site\/wp-content\/uploads\/2024\/01\/cropped-LogoCentreHospitalier_Vertical_3Tonos-2.png","width":800,"height":654,"caption":"Centre Hospitalier d'Aubusson"},"image":{"@id":"https:\/\/www.ch-aubusson.fr\/site\/#\/schema\/logo\/image\/"},"sameAs":["https:\/\/www.facebook.com\/people\/Centre-Hospitalier-dAubusson\/100064042814456\/","https:\/\/www.linkedin.com\/company\/ch-aubusson"]}]}},"_links":{"self":[{"href":"https:\/\/www.ch-aubusson.fr\/site\/wp-json\/wp\/v2\/pages\/1094","targetHints":{"allow":["GET"]}}],"collection":[{"href":"https:\/\/www.ch-aubusson.fr\/site\/wp-json\/wp\/v2\/pages"}],"about":[{"href":"https:\/\/www.ch-aubusson.fr\/site\/wp-json\/wp\/v2\/types\/page"}],"author":[{"embeddable":true,"href":"https:\/\/www.ch-aubusson.fr\/site\/wp-json\/wp\/v2\/users\/3"}],"replies":[{"embeddable":true,"href":"https:\/\/www.ch-aubusson.fr\/site\/wp-json\/wp\/v2\/comments?post=1094"}],"version-history":[{"count":61,"href":"https:\/\/www.ch-aubusson.fr\/site\/wp-json\/wp\/v2\/pages\/1094\/revisions"}],"predecessor-version":[{"id":6232,"href":"https:\/\/www.ch-aubusson.fr\/site\/wp-json\/wp\/v2\/pages\/1094\/revisions\/6232"}],"wp:attachment":[{"href":"https:\/\/www.ch-aubusson.fr\/site\/wp-json\/wp\/v2\/media?parent=1094"}],"curies":[{"name":"wp","href":"https:\/\/api.w.org\/{rel}","templated":true}]}}