{"id":1101,"date":"2024-01-24T11:42:58","date_gmt":"2024-01-24T10:42:58","guid":{"rendered":"http:\/\/www.ch-aubusson.fr\/site\/?page_id=1101"},"modified":"2024-05-29T08:43:38","modified_gmt":"2024-05-29T06:43:38","slug":"mentions-legales","status":"publish","type":"page","link":"https:\/\/www.ch-aubusson.fr\/site\/mentions-legales\/","title":{"rendered":"Mentions L\u00e9gales"},"content":{"rendered":"\n<div style=\"height:40px\" aria-hidden=\"true\" class=\"wp-block-spacer\"><\/div>\n\n\n\n<h2 class=\"wp-block-heading\">mentions l\u00e9gales<\/h2>\n\n\n\n<h4 class=\"wp-block-heading presentation\">Le site internet du Centre Hospitalier d\u2019Aubusson a pour objectif d\u2019am\u00e9liorer l\u2019information et de faciliter l\u2019orientation du public. <\/h4>\n\n\n\n<p>Les informations qui apparaissent sur ce site ne sont donn\u00e9es qu\u2019\u00e0 titre indicatif et mis \u00e0 jour d\u00e8s que possible. Elles ne sauraient engager la responsabilit\u00e9 du CH Aubusson quant \u00e0 son exactitude. Le CH Aubusson se r\u00e9serve le droit de modifier \u00e0 tout moment et sans pr\u00e9avis les informations pr\u00e9sentes sur le site notamment en les actualisant.<\/p>\n\n\n\n<div style=\"height:40px\" aria-hidden=\"true\" class=\"wp-block-spacer\"><\/div>\n\n\n\n<h1 class=\"wp-block-heading has-ast-global-color-5-color has-text-color has-background has-link-color wp-elements-c75281bd969273be23d9c5565d3dd24b\" style=\"background-color:#243466\">Informations l\u00e9gales<\/h1>\n\n\n\n<p class=\"has-text-color has-link-color wp-elements-265db7f99f4b999ed677a01012da6d0b\" style=\"color:#38bace\"><strong>Identification du site<\/strong><\/p>\n\n\n\n<p>En vertu de l\u2019article 6 de la loi n\u00b0 2004-575 du 21 juin 2004 pour la confiance dans l\u2019\u00e9conomie num\u00e9rique, il est pr\u00e9cis\u00e9 aux utilisateurs du site www.ch-aubusson.fr l\u2019identit\u00e9 des diff\u00e9rents intervenants dans le cadre de sa r\u00e9alisation et de son suivi.<\/p>\n\n\n\n<div style=\"height:20px\" aria-hidden=\"true\" class=\"wp-block-spacer\"><\/div>\n\n\n\n<p><strong>Propri\u00e9taire et cr\u00e9ateur du site :<\/strong>&nbsp;Centre Hospitalier d&#8217;Aubusson &#8211; 50, rue Henri Dunant &#8211; 23200 Aubusson<br><strong>Responsable de la publication <\/strong>: M. Yoann CAMPOCASSO, Directeur g\u00e9n\u00e9ral<br><strong>\u00c9laboration des contenus et conception graphique:<\/strong>  Mme SEYRIE Emmanuelle, M. Moreau Jean Christophe \u00e9l\u00e8ve du BTS au Lyc\u00e9e Eug\u00e8ne JAMOT Aubusson<br><strong>H\u00e9bergeur <\/strong>: OVH France, 2 rue Kellermann &#8211; 59053 ROUBAIX<\/p>\n\n\n\n<div style=\"height:40px\" aria-hidden=\"true\" class=\"wp-block-spacer\"><\/div>\n\n\n\n<p class=\"has-text-color has-link-color wp-elements-37155d8a6a789a677aa2c20be1eb738a\" style=\"color:#38bace\"><strong>Conditions g\u00e9n\u00e9rales d\u2019utilisation du site&nbsp;<\/strong><\/p>\n\n\n\n<p>A l\u2019exception de difficult\u00e9s informatiques ou techniques, de maintenance ou mise \u00e0 jour, le site internet est accessible 24h\/24 et 7jours\/7.<\/p>\n\n\n\n<p>Le site&nbsp;www.ch-aubusson.fr&nbsp;est mis \u00e0 jour r\u00e9guli\u00e8rement. De la m\u00eame fa\u00e7on, les mentions l\u00e9gales peuvent \u00eatre modifi\u00e9es \u00e0 tout moment : elles s\u2019imposent n\u00e9anmoins \u00e0 l\u2019utilisateur qui est invit\u00e9 \u00e0 s\u2019y r\u00e9f\u00e9rer le plus souvent possible afin d\u2019en prendre connaissance.<\/p>\n\n\n\n<p>Une erreur typographique, une impr\u00e9cision, un oubli peuvent \u00eatre pr\u00e9sents sur nos pages. <br>Involontaires de notre part, nous vous remercions de les signaler \u00e0 l\u2019e-mail suivant :&nbsp;informatique@ch-aubusson.fr<\/p>\n\n\n\n<div style=\"height:40px\" aria-hidden=\"true\" class=\"wp-block-spacer\"><\/div>\n\n\n\n<p class=\"has-text-color has-link-color wp-elements-404c7404d586fe35a48a6c33b34aa627\" style=\"color:#38bace\"><strong>Limitations de responsabilit\u00e9<\/strong><\/p>\n\n\n\n<p>Le centre hospitalier ne pourra \u00eatre tenu responsable des omissions, des inexactitudes et des carences dans la mise \u00e0 jour, qu\u2019elles soient de son fait ou du fait des tiers partenaires qui lui fournissent ces informations.<\/p>\n\n\n\n<p>Tous les informations indiqu\u00e9es sur le site&nbsp;www.ch-aubusson.fr&nbsp;sont donn\u00e9es \u00e0 titre indicatif, et sont susceptibles d\u2019\u00e9voluer. Par ailleurs, les renseignements figurant sur le site&nbsp;www.ch-aubusson.fr&nbsp;ne sont pas exhaustifs. Ils sont donn\u00e9s sous r\u00e9serve de modifications ayant \u00e9t\u00e9 apport\u00e9es depuis leur mise en ligne.<\/p>\n\n\n\n<p>Le site Internet ne pourra \u00eatre tenu responsable de dommages mat\u00e9riels li\u00e9s \u00e0 l\u2019utilisation du site. De plus, l\u2019utilisateur du site s\u2019engage \u00e0 acc\u00e9der au site en utilisant un mat\u00e9riel r\u00e9cent, ne contenant pas de virus et avec un navigateur de derni\u00e8re g\u00e9n\u00e9ration mis-\u00e0-jour<\/p>\n\n\n\n<div style=\"height:40px\" aria-hidden=\"true\" class=\"wp-block-spacer\"><\/div>\n\n\n\n<p class=\"has-text-color has-link-color wp-elements-ef2edbcb986831f72a5288b71bc059d6\" style=\"color:#38bace\"><strong>Liens hypertexte<\/strong><\/p>\n\n\n\n<p>Le Centre Hospitalier d\u2019Aubusson n\u2019est pas responsable de la transmission d\u2019informations \u00e0 partir des sites tiers, ni du mauvais fonctionnement de ceux-ci. Ces liens vers les sites tiers ne sont propos\u00e9s aux utilisateurs que pour leur confort. Les utilisateurs et visiteurs sont seuls responsables de toute transaction r\u00e9alis\u00e9e avec des tiers. La responsabilit\u00e9 du Centre Hospitalier d\u2019Aubusson ne saurait \u00eatre engag\u00e9e du fait des informations, opinions et recommandations formul\u00e9es par des tiers.<\/p>\n\n\n\n<div style=\"height:40px\" aria-hidden=\"true\" class=\"wp-block-spacer\"><\/div>\n\n\n\n<p class=\"has-text-color has-link-color wp-elements-f2cf603d32d5e2111cd87afa6c77bd5c\" style=\"color:#38bace\"><strong>Propri\u00e9t\u00e9 intellectuelle<\/strong><\/p>\n\n\n\n<p>Il est formellement interdit de collecter et d\u2019utiliser les informations disponibles sur le site \u00e0 des fins commerciales. Cette interdiction s\u2019\u00e9tend notamment, sans que cette liste ne soit limitative, \u00e0 tout \u00e9l\u00e9ment r\u00e9dactionnel figurant sur le site, \u00e0 la pr\u00e9sentation des \u00e9crans, aux logiciels n\u00e9cessaires \u00e0 l\u2019exploitation, aux logos, images, photos, graphiques, de quelque nature qu\u2019ils soient.<\/p>\n\n\n\n<p>Les copyrights de l&#8217;ensemble du site et de ses applications sont la propri\u00e9t\u00e9 exclusive du Centre Hospitalier d\u2019Aubusson. L&#8217;utilisation des informations du site Centre Hospitalier d\u2019Aubusson n&#8217;est autoris\u00e9e que pour un usage individuel. Pour tout autre usage, il est n\u00e9cessaire de prendre contact avec le responsable de la publication par l\u2019adresse&nbsp;: informatique@ch-aubusson.fr<\/p>\n\n\n\n<p>Les photos pr\u00e9sentes sur le site&nbsp;proviennent de la basse photographique du Centre Hospitalier d\u2019Aubusson . Les dessins, photos, illustrations et iconographies pr\u00e9sentes sur les pages de ce site sont prot\u00e9g\u00e9s par le code de la propri\u00e9t\u00e9 intellectuelle.<\/p>\n\n\n\n<p>Toute exploitation non autoris\u00e9e du site ou de l\u2019un quelconque des \u00e9l\u00e9ments qu\u2019il contient sera consid\u00e9r\u00e9e comme constitutive d\u2019une contrefa\u00e7on et poursuivie conform\u00e9ment aux dispositions des articles L.335-2 et suivants du Code de Propri\u00e9t\u00e9 Intellectuelle.<\/p>\n\n\n\n<p>Pour les besoins du site, plusieurs logo ont \u00e9t\u00e9 utilis\u00e9es. Les logos des graphistes suivants on \u00e9t\u00e9s utilis\u00e9es :<\/p>\n\n\n\n<ul class=\"wp-block-list\">\n<li>FREEPIK<\/li>\n\n\n\n<li>LINECTOR<\/li>\n\n\n\n<li>Kosonicon<\/li>\n\n\n\n<li>Creative Stall Premium<\/li>\n\n\n\n<li>Md Tomviml Haque<\/li>\n\n\n\n<li>Uniconlabs<\/li>\n\n\n\n<li>Good Ware<\/li>\n\n\n\n<li>Dave Gandy<\/li>\n\n\n\n<li>Umeicon<\/li>\n<\/ul>\n\n\n\n<div style=\"height:40px\" aria-hidden=\"true\" class=\"wp-block-spacer\"><\/div>\n\n\n\n<h1 class=\"wp-block-heading has-ast-global-color-5-color has-text-color has-background has-link-color wp-elements-206a4f919b40c2f62ace3b5016e7e12f\" style=\"background-color:#243466\">Gestion des cookies<\/h1>\n\n\n\n<p class=\"has-text-color has-link-color wp-elements-a4abb66e5d4b8a9dbaba7517813f27ae\" style=\"color:#38bace\"><strong>G\u00e9n\u00e9ralit\u00e9s<\/strong><\/p>\n\n\n\n<p>Comme la plupart des sites web, le site www.ch-aubusson.fr utilise des \u00ab cookies \u00bb afin de mieux servir les utilisateurs du site. Ces cookies contiennent des informations sp\u00e9cifiques (non identifiables) \u00e0 propos de vous et afin de suivre vos visites sur notre site et de permettre \u00e0 certaines fonctionnalit\u00e9s du site de bien fonctionner.<\/p>\n\n\n\n<p>En faisant usage de ce site, lors de votre premi\u00e8re visite ou vos visites ult\u00e9rieures, vous pouvez configurer la mani\u00e8re dont les cookies seront utilis\u00e9s. <br>L\u2019utilisateur ne peut pas refuser des cookies \u00ab\u00a0fonctionnels\u00a0\u00bb.<\/p>\n\n\n\n<div style=\"height:40px\" aria-hidden=\"true\" class=\"wp-block-spacer\"><\/div>\n\n\n\n<p class=\"has-text-color has-link-color wp-elements-65f5b77d02fca6064dff24d0090c314e\" style=\"color:#38bace\"><strong>Qu\u2019est-ce qu\u2019un cookie ?<\/strong><\/p>\n\n\n\n<p>Un cookie est un fichier d\u00e9pos\u00e9 sur votre ordinateur, ou tout p\u00e9riph\u00e9rique utilis\u00e9 pour la consultation Internet, par le site que vous visitez, afin de transmettre par exemple, des informations de session de page en page, ou encore enregistrer votre passage sur telle ou telle page, dans le but d\u2019optimiser votre navigation, en terme de confort, d\u2019efficacit\u00e9 et de pertinence.<\/p>\n\n\n\n<p>Les informations stock\u00e9es par les cookies, pendant une dur\u00e9e limit\u00e9e, sont anonymes et portent sur les pages visit\u00e9es et le temps pass\u00e9 sur chacune, votre \u00e9quipement de navigation (syst\u00e8me d\u2019exploitation, navigateur, r\u00e9solution\u2026), les recherches effectu\u00e9es, votre adresse IP afin de permettre des regroupements approximatifs par zone g\u00e9ographique, etc.<\/p>\n\n\n\n<div style=\"height:40px\" aria-hidden=\"true\" class=\"wp-block-spacer\"><\/div>\n\n\n\n<p class=\"has-text-color has-link-color wp-elements-6934658febcd38a86db4352967b5c05d\" style=\"color:#38bace\"><strong>Gestion des cookies<\/strong><\/p>\n\n\n\n<p>Vous pouvez d\u00e9sactiver l\u2019utilisation de cookies personnels lors de votre arriv\u00e9e sur le site : un bandeau en bas de page vous invitera \u00e0 faire votre choix.<\/p>\n\n\n\n<p>Par ailleurs, la plupart des navigateurs vous proposent de refuser les cookies. Vous pouvez \u00e9galement supprimer les cookies d\u00e9j\u00e0 enregistr\u00e9s sur votre ordinateur. Tous les cookies ont une date d\u2019expiration par d\u00e9faut, mais vous pouvez la g\u00e9rer et vider le stockage.Les diff\u00e9rents navigateurs peuvent utiliser diff\u00e9rentes m\u00e9thodes de d\u00e9sactivation des cookies. Nous vous recommandons de param\u00e9trer vos cookies directement sur le site, sans modifier vos param\u00e8tres de navigateur.<\/p>\n\n\n\n<div style=\"height:40px\" aria-hidden=\"true\" class=\"wp-block-spacer\"><\/div>\n\n\n\n<h1 class=\"wp-block-heading has-ast-global-color-5-color has-text-color has-background has-link-color wp-elements-5bc6e1b50992088454e5fc04790fe56a\" style=\"background-color:#243466\">Gestion des donn\u00e9es personnelles<\/h1>\n\n\n\n<p>En France, les donn\u00e9es personnelles sont notamment prot\u00e9g\u00e9es par la loi n\u00b0 78-87 du 6 janvier 1978, la loi n\u00b0 2004-801 du 6 ao\u00fbt 2004, l\u2019article L. 226-13 du Code p\u00e9nal et la Directive Europ\u00e9enne du 24 octobre 1995.<\/p>\n\n\n\n<p class=\"has-text-color has-link-color wp-elements-17a543be2547b9bc566953862fd97a09\" style=\"color:#38bace\"><strong>Donn\u00e9es personnelles<\/strong><\/p>\n\n\n\n<p>Le Centre Hospitalier d\u2019Aubusson est le responsable de traitement des donn\u00e9es personnelles collect\u00e9es.<\/p>\n\n\n\n<div style=\"height:40px\" aria-hidden=\"true\" class=\"wp-block-spacer\"><\/div>\n\n\n\n<p class=\"has-text-color has-link-color wp-elements-0b87f9a49c8f5fc65ed477f52ccd3beb\" style=\"color:#38bace\"><strong>Politique de confidentialit\u00e9 | RGPD<\/strong><\/p>\n\n\n\n<p>Le Centre Hospitalier d\u2019Aubusson s&#8217;engage \u00e0 ce que les traitements de donn\u00e9es personnelles&nbsp;effectu\u00e9s sur le site www.ch-aubusson.fr soient conformes au r\u00e8glement g\u00e9n\u00e9ral sur la protection des donn\u00e9es (RGPD) et \u00e0 la loi Informatique et Libert\u00e9s.<\/p>\n\n\n\n<div style=\"height:40px\" aria-hidden=\"true\" class=\"wp-block-spacer\"><\/div>\n\n\n\n<p class=\"has-text-color has-link-color wp-elements-0d8be9dda6e8e8ccac255714dae44d3d\" style=\"color:#38bace\"><strong>Confidentialit\u00e9 des donn\u00e9es personnelles<\/strong><\/p>\n\n\n\n<p>En aucun cas, les donn\u00e9es personnelles collect\u00e9es par le site <a href=\"http:\/\/www.ch-aubusson.fr\">www.ch-aubusson.fr<\/a>, ne seront transmises ou commercialis\u00e9es \u00e0 des tiers.<\/p>\n\n\n\n<div style=\"height:40px\" aria-hidden=\"true\" class=\"wp-block-spacer\"><\/div>\n\n\n\n<p class=\"has-text-color has-link-color wp-elements-27dcd7bc0a45f0faa8675aaeb44bc970\" style=\"color:#38bace\"><strong>Stockage des donn\u00e9es personnelles<\/strong><\/p>\n\n\n\n<p>Les serveurs d\u2019h\u00e9bergement du site sont situ\u00e9s en France, au sein de l\u2019Union Europ\u00e9enne.<\/p>\n\n\n\n<p>Le responsable du traitement des renseignements personnels conservera dans ses syst\u00e8mes informatiques du site et dans des conditions raisonnables de s\u00e9curit\u00e9 l&#8217;ensemble des renseignements personnels collect\u00e9s pour une dur\u00e9e de : 3 ans.<\/p>\n\n\n\n<div style=\"height:40px\" aria-hidden=\"true\" class=\"wp-block-spacer\"><\/div>\n\n\n\n<p class=\"has-text-color has-link-color wp-elements-842ef7ab52fcdbe15ad035b7c81cc8d6\" style=\"color:#38bace\"><strong>Exercer vos droits<\/strong><\/p>\n\n\n\n<p>Conform\u00e9ment \u00e0 la loi Informatique et Libert\u00e9s du 6 janvier 1978 modifi\u00e9e, et le R\u00e8glement Europ\u00e9en G\u00e9n\u00e9ral sur la Protection des Donn\u00e9es 2016\/679 (RGPD), vous disposez des droits d\u2019acc\u00e8s, de rectification et de suppression des donn\u00e9es personnelles<strong><\/strong><\/p>\n\n\n\n<p>Pour toute information ou exercice de vos droits Informatique et Libert\u00e9s sur les traitements de donn\u00e9es personnelles g\u00e9r\u00e9s par le Centre Hospitalier d\u2019Aubusson, vous pouvez contacter son&nbsp;d\u00e9l\u00e9gu\u00e9 \u00e0 la protection des donn\u00e9es (DPO)&nbsp;:<\/p>\n\n\n\n<p>DPO &#8211; Centre Hospitalier d&#8217;Aubusson<br>50 rue Rue Henri Dunant, 23200 Aubusson<br>dpo@ch-aubusson.fr<\/p>\n\n\n\n<div style=\"height:40px\" aria-hidden=\"true\" class=\"wp-block-spacer\"><\/div>\n\n\n\n<h1 class=\"wp-block-heading has-ast-global-color-5-color has-text-color has-background has-link-color wp-elements-1ab18984a7ecacfda6dc9267cacfd0af\" style=\"background-color:#243466\"><strong>accessibilit\u00e9<\/strong><\/h1>\n\n\n\n<p class=\"has-text-color has-link-color wp-elements-018c0710427ef0aca1b4691e06091822\" style=\"color:#38bace\"><strong>\u00c9tat de conformit\u00e9<\/strong><\/p>\n\n\n\n<p>Le site <a href=\"http:\/\/www.ch-aubusson.fr\">www.ch-aubusson.fr<\/a> n\u2019est actuellement pas en conformit\u00e9 avec le&nbsp;<a href=\"https:\/\/numerique.gouv.fr\/publications\/rgaa-accessibilite\/\" target=\"_blank\" rel=\"noreferrer noopener\">r\u00e9f\u00e9rentiel g\u00e9n\u00e9ral d\u2019am\u00e9lioration de l\u2019accessibilit\u00e9 (RGAA)<\/a>.<\/p>\n\n\n\n<div style=\"height:40px\" aria-hidden=\"true\" class=\"wp-block-spacer\"><\/div>\n\n\n\n<p class=\"has-text-color has-link-color wp-elements-50c06d1eabcd3e125695672a3ecc6e92\" style=\"color:#38bace\"><strong>Retour d\u2019information et contact<\/strong><\/p>\n\n\n\n<p>Si vous n\u2019arrivez pas \u00e0 acc\u00e9der \u00e0 un contenu ou \u00e0 un service, vous pouvez contacter le responsable du site internet pour \u00eatre orient\u00e9 vers une alternative accessible ou obtenir le contenu sous une autre forme.<\/p>\n\n\n\n<p>Centre Hospitalier d&#8217;Aubusson<br>50 Rue Henri Dunant, 23200 Aubusson<br>T\u00e9l. : 05 55 83 51 02<br>secdir@ch-aubusson.fr<\/p>\n\n\n\n<div style=\"height:40px\" aria-hidden=\"true\" class=\"wp-block-spacer\"><\/div>\n\n\n\n<p class=\"has-text-color has-link-color wp-elements-6aab461dae017a8832795abb3a766209\" style=\"color:#38bace\"><strong>Voies de recours<\/strong><\/p>\n\n\n\n<p>Vous avez signal\u00e9 au responsable du site internet un d\u00e9faut d\u2019accessibilit\u00e9 qui vous emp\u00eache d\u2019acc\u00e9der \u00e0 un contenu ou \u00e0 un des services du portail et vous n\u2019avez pas obtenu de r\u00e9ponse satisfaisante et dans un d\u00e9lai de deux mois.<\/p>\n\n\n\n<p>Contacter le d\u00e9l\u00e9gu\u00e9 du D\u00e9fenseur des droits dans votre r\u00e9gion <a href=\"https:\/\/www.defenseurdesdroits.fr\/saisir\/delegues\" target=\"_blank\" rel=\"noreferrer noopener\">https:\/\/www.defenseurdesdroits.fr\/saisir\/delegues<\/a><\/p>\n\n\n\n<div style=\"height:100px\" aria-hidden=\"true\" class=\"wp-block-spacer\"><\/div>\n","protected":false},"excerpt":{"rendered":"<p>mentions l\u00e9gales Le site internet du Centre Hospitalier d\u2019Aubusson a pour objectif d\u2019am\u00e9liorer l\u2019information et de faciliter l\u2019orientation du public. [&hellip;]<\/p>\n","protected":false},"author":3,"featured_media":0,"parent":0,"menu_order":0,"comment_status":"closed","ping_status":"closed","template":"","meta":{"site-sidebar-layout":"default","site-content-layout":"","ast-site-content-layout":"","site-content-style":"default","site-sidebar-style":"default","ast-global-header-display":"","ast-banner-title-visibility":"","ast-main-header-display":"","ast-hfb-above-header-display":"","ast-hfb-below-header-display":"","ast-hfb-mobile-header-display":"","site-post-title":"disabled","ast-breadcrumbs-content":"","ast-featured-img":"","footer-sml-layout":"","theme-transparent-header-meta":"","adv-header-id-meta":"","stick-header-meta":"","header-above-stick-meta":"","header-main-stick-meta":"","header-below-stick-meta":"","astra-migrate-meta-layouts":"default","ast-page-background-enabled":"default","ast-page-background-meta":{"desktop":{"background-color":"var(--ast-global-color-4)","background-image":"","background-repeat":"repeat","background-position":"center center","background-size":"auto","background-attachment":"scroll","background-type":"","background-media":"","overlay-type":"","overlay-color":"","overlay-opacity":"","overlay-gradient":""},"tablet":{"background-color":"","background-image":"","background-repeat":"repeat","background-position":"center center","background-size":"auto","background-attachment":"scroll","background-type":"","background-media":"","overlay-type":"","overlay-color":"","overlay-opacity":"","overlay-gradient":""},"mobile":{"background-color":"","background-image":"","background-repeat":"repeat","background-position":"center center","background-size":"auto","background-attachment":"scroll","background-type":"","background-media":"","overlay-type":"","overlay-color":"","overlay-opacity":"","overlay-gradient":""}},"ast-content-background-meta":{"desktop":{"background-color":"var(--ast-global-color-5)","background-image":"","background-repeat":"repeat","background-position":"center center","background-size":"auto","background-attachment":"scroll","background-type":"","background-media":"","overlay-type":"","overlay-color":"","overlay-opacity":"","overlay-gradient":""},"tablet":{"background-color":"var(--ast-global-color-5)","background-image":"","background-repeat":"repeat","background-position":"center center","background-size":"auto","background-attachment":"scroll","background-type":"","background-media":"","overlay-type":"","overlay-color":"","overlay-opacity":"","overlay-gradient":""},"mobile":{"background-color":"var(--ast-global-color-5)","background-image":"","background-repeat":"repeat","background-position":"center center","background-size":"auto","background-attachment":"scroll","background-type":"","background-media":"","overlay-type":"","overlay-color":"","overlay-opacity":"","overlay-gradient":""}},"footnotes":""},"class_list":["post-1101","page","type-page","status-publish","hentry"],"yoast_head":"<!-- This site is optimized with the Yoast SEO plugin v25.5 - https:\/\/yoast.com\/wordpress\/plugins\/seo\/ -->\n<title>Mentions L\u00e9gales -<\/title>\n<meta name=\"robots\" content=\"index, follow, max-snippet:-1, max-image-preview:large, max-video-preview:-1\" \/>\n<link rel=\"canonical\" href=\"https:\/\/www.ch-aubusson.fr\/site\/mentions-legales\/\" \/>\n<meta property=\"og:locale\" content=\"fr_FR\" \/>\n<meta property=\"og:type\" content=\"article\" \/>\n<meta property=\"og:title\" content=\"Mentions L\u00e9gales -\" \/>\n<meta property=\"og:description\" content=\"mentions l\u00e9gales Le site internet du Centre Hospitalier d\u2019Aubusson a pour objectif d\u2019am\u00e9liorer l\u2019information et de faciliter l\u2019orientation du public. [&hellip;]\" \/>\n<meta property=\"og:url\" content=\"https:\/\/www.ch-aubusson.fr\/site\/mentions-legales\/\" \/>\n<meta property=\"article:publisher\" content=\"https:\/\/www.facebook.com\/people\/Centre-Hospitalier-dAubusson\/100064042814456\/\" \/>\n<meta property=\"article:modified_time\" content=\"2024-05-29T06:43:38+00:00\" \/>\n<meta name=\"twitter:card\" content=\"summary_large_image\" \/>\n<meta name=\"twitter:label1\" content=\"Dur\u00e9e de lecture estim\u00e9e\" \/>\n\t<meta name=\"twitter:data1\" content=\"8 minutes\" \/>\n<!-- \/ Yoast SEO plugin. -->","yoast_head_json":{"title":"Mentions L\u00e9gales -","robots":{"index":"index","follow":"follow","max-snippet":"max-snippet:-1","max-image-preview":"max-image-preview:large","max-video-preview":"max-video-preview:-1"},"canonical":"https:\/\/www.ch-aubusson.fr\/site\/mentions-legales\/","og_locale":"fr_FR","og_type":"article","og_title":"Mentions L\u00e9gales -","og_description":"mentions l\u00e9gales Le site internet du Centre Hospitalier d\u2019Aubusson a pour objectif d\u2019am\u00e9liorer l\u2019information et de faciliter l\u2019orientation du public. [&hellip;]","og_url":"https:\/\/www.ch-aubusson.fr\/site\/mentions-legales\/","article_publisher":"https:\/\/www.facebook.com\/people\/Centre-Hospitalier-dAubusson\/100064042814456\/","article_modified_time":"2024-05-29T06:43:38+00:00","twitter_card":"summary_large_image","twitter_misc":{"Dur\u00e9e de lecture estim\u00e9e":"8 minutes"},"schema":{"@context":"https:\/\/schema.org","@graph":[{"@type":"WebPage","@id":"https:\/\/www.ch-aubusson.fr\/site\/mentions-legales\/","url":"https:\/\/www.ch-aubusson.fr\/site\/mentions-legales\/","name":"Mentions L\u00e9gales -","isPartOf":{"@id":"https:\/\/www.ch-aubusson.fr\/site\/#website"},"datePublished":"2024-01-24T10:42:58+00:00","dateModified":"2024-05-29T06:43:38+00:00","breadcrumb":{"@id":"https:\/\/www.ch-aubusson.fr\/site\/mentions-legales\/#breadcrumb"},"inLanguage":"fr-FR","potentialAction":[{"@type":"ReadAction","target":["https:\/\/www.ch-aubusson.fr\/site\/mentions-legales\/"]}]},{"@type":"BreadcrumbList","@id":"https:\/\/www.ch-aubusson.fr\/site\/mentions-legales\/#breadcrumb","itemListElement":[{"@type":"ListItem","position":1,"name":"Accueil","item":"https:\/\/www.ch-aubusson.fr\/site\/"},{"@type":"ListItem","position":2,"name":"Mentions L\u00e9gales"}]},{"@type":"WebSite","@id":"https:\/\/www.ch-aubusson.fr\/site\/#website","url":"https:\/\/www.ch-aubusson.fr\/site\/","name":"Centre Hospitalier d'Aubusson","description":"","publisher":{"@id":"https:\/\/www.ch-aubusson.fr\/site\/#organization"},"potentialAction":[{"@type":"SearchAction","target":{"@type":"EntryPoint","urlTemplate":"https:\/\/www.ch-aubusson.fr\/site\/?s={search_term_string}"},"query-input":{"@type":"PropertyValueSpecification","valueRequired":true,"valueName":"search_term_string"}}],"inLanguage":"fr-FR"},{"@type":"Organization","@id":"https:\/\/www.ch-aubusson.fr\/site\/#organization","name":"Centre Hospitalier d'Aubusson","url":"https:\/\/www.ch-aubusson.fr\/site\/","logo":{"@type":"ImageObject","inLanguage":"fr-FR","@id":"https:\/\/www.ch-aubusson.fr\/site\/#\/schema\/logo\/image\/","url":"https:\/\/www.ch-aubusson.fr\/site\/wp-content\/uploads\/2024\/01\/cropped-LogoCentreHospitalier_Vertical_3Tonos-2.png","contentUrl":"https:\/\/www.ch-aubusson.fr\/site\/wp-content\/uploads\/2024\/01\/cropped-LogoCentreHospitalier_Vertical_3Tonos-2.png","width":800,"height":654,"caption":"Centre Hospitalier d'Aubusson"},"image":{"@id":"https:\/\/www.ch-aubusson.fr\/site\/#\/schema\/logo\/image\/"},"sameAs":["https:\/\/www.facebook.com\/people\/Centre-Hospitalier-dAubusson\/100064042814456\/","https:\/\/www.linkedin.com\/company\/ch-aubusson"]}]}},"_links":{"self":[{"href":"https:\/\/www.ch-aubusson.fr\/site\/wp-json\/wp\/v2\/pages\/1101","targetHints":{"allow":["GET"]}}],"collection":[{"href":"https:\/\/www.ch-aubusson.fr\/site\/wp-json\/wp\/v2\/pages"}],"about":[{"href":"https:\/\/www.ch-aubusson.fr\/site\/wp-json\/wp\/v2\/types\/page"}],"author":[{"embeddable":true,"href":"https:\/\/www.ch-aubusson.fr\/site\/wp-json\/wp\/v2\/users\/3"}],"replies":[{"embeddable":true,"href":"https:\/\/www.ch-aubusson.fr\/site\/wp-json\/wp\/v2\/comments?post=1101"}],"version-history":[{"count":20,"href":"https:\/\/www.ch-aubusson.fr\/site\/wp-json\/wp\/v2\/pages\/1101\/revisions"}],"predecessor-version":[{"id":5417,"href":"https:\/\/www.ch-aubusson.fr\/site\/wp-json\/wp\/v2\/pages\/1101\/revisions\/5417"}],"wp:attachment":[{"href":"https:\/\/www.ch-aubusson.fr\/site\/wp-json\/wp\/v2\/media?parent=1101"}],"curies":[{"name":"wp","href":"https:\/\/api.w.org\/{rel}","templated":true}]}}