{"id":123,"date":"2024-01-11T15:10:58","date_gmt":"2024-01-11T14:10:58","guid":{"rendered":"http:\/\/www.ch-aubusson.fr\/site\/?page_id=123"},"modified":"2025-04-25T13:03:45","modified_gmt":"2025-04-25T11:03:45","slug":"histoire","status":"publish","type":"page","link":"https:\/\/www.ch-aubusson.fr\/site\/histoire\/","title":{"rendered":"Histoire"},"content":{"rendered":"\n<div style=\"height:43px\" aria-hidden=\"true\" class=\"wp-block-spacer\"><\/div>\n\n\n\n<h2 class=\"wp-block-heading\">HISTOIRE<\/h2>\n\n\n\n<h4 class=\"wp-block-heading presentation\">Le centre hospitalier d&#8217;aubusson est un \u00e9tablissement de sant\u00e9 de 312 lits r\u00e9partis sur 4 sites <\/h4>\n\n\n\n<div style=\"height:40px\" aria-hidden=\"true\" class=\"wp-block-spacer\"><\/div>\n\n\n<div id=\"metaslider-id-4606\" style=\"width: 100%; margin: 0 auto;\" class=\"ml-slider-3-99-0 metaslider metaslider-flex metaslider-4606 ml-slider ms-theme-default\" role=\"region\" aria-label=\"histoire\" data-width=\"1000\">\n    <div id=\"metaslider_container_4606\">\n        <div id=\"metaslider_4606\">\n            <ul class='slides'>\n                <li style=\"display: block; width: 100%;\" class=\"slide-4613 ms-image \" aria-roledescription=\"slide\" data-date=\"2024-03-15 14:32:08\"><img loading=\"lazy\" decoding=\"async\" src=\"https:\/\/www.ch-aubusson.fr\/site\/wp-content\/uploads\/2024\/03\/ROSERAIE-1000x300.jpg\" height=\"300\" width=\"1000\" alt=\"\" class=\"slider-4606 slide-4613 msDefaultImage\" title=\"ROSERAIE\" \/><\/li>\n                <li style=\"display: none; width: 100%;\" class=\"slide-4614 ms-image \" aria-roledescription=\"slide\" data-date=\"2024-03-15 14:32:08\"><img loading=\"lazy\" decoding=\"async\" src=\"https:\/\/www.ch-aubusson.fr\/site\/wp-content\/uploads\/2024\/03\/Tour-horloge-Charte-533x159.jpg\" height=\"300\" width=\"1000\" alt=\"\" class=\"slider-4606 slide-4614 msDefaultImage\" title=\"Tour horloge-Charte\" \/><\/li>\n            <\/ul>\n        <\/div>\n        \n    <\/div>\n<\/div>\n\n\n\n<div style=\"height:30px\" aria-hidden=\"true\" class=\"wp-block-spacer\"><\/div>\n\n\n\n<h1 class=\"wp-block-heading has-ast-global-color-5-color has-text-color has-background has-link-color wp-elements-ca8afd9dae81a2a3ecd96af55df04719\" style=\"background-color:#243666\">HISTOIRE<\/h1>\n\n\n\n<p>Le Centre Hospitalier est situ\u00e9 \u00e0 Aubusson, dans le d\u00e9partement de la Creuse (23).<\/p>\n\n\n\n<p>Le d\u00e9partement de la Creuse fait partie de l&#8217;ancienne r\u00e9gion du Limousin. Il fait parti d\u00e9sormais de la r\u00e9gion Nouvelle Aquitaine. <\/p>\n\n\n\n<p>Situ\u00e9 au c\u0153ur de France, ce d\u00e9partement est \u00e0 mi-chemin entre Limoges et Clermont-Ferrand.<\/p>\n\n\n\n<p>La Creuse est un territoire avec une multitude d&#8217;activit\u00e9s comme la randonn\u00e9e, le vtt, la p\u00eache, la culture : <a href=\"https:\/\/www.tourisme-creuse.com\/\" target=\"_blank\" rel=\"noreferrer noopener\">laissez vous surprendre par notre d\u00e9partement.<\/a><\/p>\n\n\n\n<div style=\"height:20px\" aria-hidden=\"true\" class=\"wp-block-spacer\"><\/div>\n\n\n\n<p>Le Centre Hospitalier se situe au sud du d\u00e9partement. Ce territoire est est class\u00e9 au patrimoine immat\u00e9riel culturel de l&#8217;Unesco. Le savoir-faire li\u00e9 \u00e0 la tradition de la tapisserie fait conna\u00eetre ce territoire dans le monde entier.<\/p>\n\n\n\n<p>La ville <a href=\"https:\/\/www.tourisme-creuse.com\/toute-la-creuse\/decouvrir\/sites-a-visiter\/villes-et-villages-de-caractere\/aubusson\/\" target=\"_blank\" rel=\"noreferrer noopener\">d&#8217;Aubusson <\/a>est labellis\u00e9e &#8220;plus beaux d\u00e9tours de France&#8221;.<\/p>\n\n\n\n<p><\/p>\n\n\n\n<div class=\"wp-block-columns is-layout-flex wp-container-core-columns-is-layout-28f84493 wp-block-columns-is-layout-flex\">\n<div class=\"wp-block-column is-layout-flow wp-block-column-is-layout-flow\">\n<figure class=\"wp-block-image aligncenter size-full is-resized\"><img loading=\"lazy\" decoding=\"async\" width=\"602\" height=\"529\" src=\"https:\/\/www.ch-aubusson.fr\/site\/wp-content\/uploads\/2024\/03\/image-2.png\" alt=\"\" class=\"wp-image-4624\" style=\"width:341px;height:auto\" srcset=\"https:\/\/www.ch-aubusson.fr\/site\/wp-content\/uploads\/2024\/03\/image-2.png 602w, https:\/\/www.ch-aubusson.fr\/site\/wp-content\/uploads\/2024\/03\/image-2-300x264.png 300w\" sizes=\"auto, (max-width: 602px) 100vw, 602px\" \/><\/figure>\n<\/div>\n\n\n\n<div class=\"wp-block-column is-layout-flow wp-block-column-is-layout-flow\">\n<figure class=\"wp-block-image size-full\"><img loading=\"lazy\" decoding=\"async\" width=\"648\" height=\"363\" src=\"https:\/\/www.ch-aubusson.fr\/site\/wp-content\/uploads\/2024\/03\/image-3.png\" alt=\"\" class=\"wp-image-4625\" srcset=\"https:\/\/www.ch-aubusson.fr\/site\/wp-content\/uploads\/2024\/03\/image-3.png 648w, https:\/\/www.ch-aubusson.fr\/site\/wp-content\/uploads\/2024\/03\/image-3-300x168.png 300w\" sizes=\"auto, (max-width: 648px) 100vw, 648px\" \/><\/figure>\n\n\n\n<p><\/p>\n<\/div>\n<\/div>\n\n\n\n<p>L&#8217;\u00e9tablissement est r\u00e9parti sur 4 sites. <\/p>\n\n\n\n<div class=\"wp-block-group alignfull is-layout-constrained wp-block-group-is-layout-constrained\" style=\"padding-bottom:0px\">\n<div class=\"wp-block-group is-layout-constrained wp-block-group-is-layout-constrained\">\n<div class=\"wp-block-columns are-vertically-aligned-top is-layout-flex wp-container-core-columns-is-layout-00723822 wp-block-columns-is-layout-flex\">\n<div class=\"wp-block-column is-vertically-aligned-top is-layout-flow wp-container-core-column-is-layout-6b73ce23 wp-block-column-is-layout-flow\">\n<div class=\"wp-block-cover alignright priseencharge wp-duotone-unset-1\" style=\"min-height:330px;aspect-ratio:unset;\"><img loading=\"lazy\" decoding=\"async\" width=\"2560\" height=\"1707\" class=\"wp-block-cover__image-background wp-image-69\" alt=\"\" src=\"https:\/\/www.ch-aubusson.fr\/site\/wp-content\/uploads\/2024\/01\/croix_blanche-scaled.jpg\" data-object-fit=\"cover\" srcset=\"https:\/\/www.ch-aubusson.fr\/site\/wp-content\/uploads\/2024\/01\/croix_blanche-scaled.jpg 2560w, https:\/\/www.ch-aubusson.fr\/site\/wp-content\/uploads\/2024\/01\/croix_blanche-300x200.jpg 300w, https:\/\/www.ch-aubusson.fr\/site\/wp-content\/uploads\/2024\/01\/croix_blanche-1024x683.jpg 1024w, https:\/\/www.ch-aubusson.fr\/site\/wp-content\/uploads\/2024\/01\/croix_blanche-768x512.jpg 768w, https:\/\/www.ch-aubusson.fr\/site\/wp-content\/uploads\/2024\/01\/croix_blanche-1536x1024.jpg 1536w, https:\/\/www.ch-aubusson.fr\/site\/wp-content\/uploads\/2024\/01\/croix_blanche-2048x1365.jpg 2048w\" sizes=\"auto, (max-width: 2560px) 100vw, 2560px\" \/><span aria-hidden=\"true\" class=\"wp-block-cover__background has-background-dim\"><\/span><div class=\"wp-block-cover__inner-container is-layout-constrained wp-container-core-cover-is-layout-e099a0eb wp-block-cover-is-layout-constrained\">\n<div class=\"wp-block-group is-layout-constrained wp-block-group-is-layout-constrained\">\n<h1 class=\"wp-block-heading has-text-align-center has-ast-global-color-5-color has-text-color has-background has-link-color wp-elements-bc15019c677f2fac5327a99b844d8012\" style=\"background-color:#ffffff54\">Croix Blanche <\/h1>\n\n\n\n<h3 class=\"wp-block-heading has-text-align-center has-ast-global-color-5-color has-text-color has-link-color wp-elements-0f95df1cd6b94262c9d3c33ecf124213\">URGENCES<br><br>MEDECINE<br><br>IMAGERIE MEDICALE<br><br>CONSULTATIONS EXTERNES<br><\/h3>\n<\/div>\n<\/div><\/div>\n<\/div>\n\n\n\n<div class=\"wp-block-column is-vertically-aligned-top is-layout-constrained wp-container-core-column-is-layout-4abb020c wp-block-column-is-layout-constrained\">\n<div class=\"wp-block-group is-layout-constrained wp-block-group-is-layout-constrained\">\n<div class=\"wp-block-cover alignright priseencharge wp-duotone-unset-2\" style=\"min-height:330px;aspect-ratio:unset;\"><img loading=\"lazy\" decoding=\"async\" width=\"2560\" height=\"1707\" class=\"wp-block-cover__image-background wp-image-70\" alt=\"\" src=\"https:\/\/www.ch-aubusson.fr\/site\/wp-content\/uploads\/2024\/01\/le_mont-scaled.jpg\" data-object-fit=\"cover\" srcset=\"https:\/\/www.ch-aubusson.fr\/site\/wp-content\/uploads\/2024\/01\/le_mont-scaled.jpg 2560w, https:\/\/www.ch-aubusson.fr\/site\/wp-content\/uploads\/2024\/01\/le_mont-300x200.jpg 300w, https:\/\/www.ch-aubusson.fr\/site\/wp-content\/uploads\/2024\/01\/le_mont-1024x683.jpg 1024w, https:\/\/www.ch-aubusson.fr\/site\/wp-content\/uploads\/2024\/01\/le_mont-768x512.jpg 768w, https:\/\/www.ch-aubusson.fr\/site\/wp-content\/uploads\/2024\/01\/le_mont-1536x1024.jpg 1536w, https:\/\/www.ch-aubusson.fr\/site\/wp-content\/uploads\/2024\/01\/le_mont-2048x1365.jpg 2048w\" sizes=\"auto, (max-width: 2560px) 100vw, 2560px\" \/><span aria-hidden=\"true\" class=\"wp-block-cover__background has-background-dim\"><\/span><div class=\"wp-block-cover__inner-container is-layout-constrained wp-container-core-cover-is-layout-e099a0eb wp-block-cover-is-layout-constrained\">\n<div class=\"wp-block-group is-layout-constrained wp-block-group-is-layout-constrained\">\n<h1 class=\"wp-block-heading has-text-align-center has-ast-global-color-5-color has-text-color has-background has-link-color wp-elements-f00201acbe428cdcd6bb7cd6badf2605\" style=\"background-color:#ffffff54\">LE MONT<\/h1>\n\n\n\n<h3 class=\"wp-block-heading has-text-align-center has-ast-global-color-5-color has-text-color has-link-color wp-elements-fc17cf0405aa03fc841b085aa5db717d\">SMR<br><br>USLD<br><br>EHPAD<br><br>Consultations externes<br><\/h3>\n<\/div>\n<\/div><\/div>\n<\/div>\n<\/div>\n\n\n\n<div class=\"wp-block-column is-vertically-aligned-top is-layout-flow wp-container-core-column-is-layout-6b73ce23 wp-block-column-is-layout-flow\">\n<div class=\"wp-block-cover alignright priseencharge wp-duotone-unset-3\" style=\"min-height:330px;aspect-ratio:unset;\"><img loading=\"lazy\" decoding=\"async\" width=\"2560\" height=\"1707\" class=\"wp-block-cover__image-background wp-image-59\" alt=\"\" src=\"https:\/\/www.ch-aubusson.fr\/site\/wp-content\/uploads\/2024\/01\/st_jean-scaled.jpg\" data-object-fit=\"cover\" srcset=\"https:\/\/www.ch-aubusson.fr\/site\/wp-content\/uploads\/2024\/01\/st_jean-scaled.jpg 2560w, https:\/\/www.ch-aubusson.fr\/site\/wp-content\/uploads\/2024\/01\/st_jean-300x200.jpg 300w, https:\/\/www.ch-aubusson.fr\/site\/wp-content\/uploads\/2024\/01\/st_jean-1024x683.jpg 1024w, https:\/\/www.ch-aubusson.fr\/site\/wp-content\/uploads\/2024\/01\/st_jean-768x512.jpg 768w, https:\/\/www.ch-aubusson.fr\/site\/wp-content\/uploads\/2024\/01\/st_jean-1536x1024.jpg 1536w, https:\/\/www.ch-aubusson.fr\/site\/wp-content\/uploads\/2024\/01\/st_jean-2048x1365.jpg 2048w\" sizes=\"auto, (max-width: 2560px) 100vw, 2560px\" \/><span aria-hidden=\"true\" class=\"wp-block-cover__background has-background-dim\"><\/span><div class=\"wp-block-cover__inner-container is-layout-constrained wp-container-core-cover-is-layout-e099a0eb wp-block-cover-is-layout-constrained\">\n<div class=\"wp-block-group is-layout-constrained wp-block-group-is-layout-constrained\">\n<h1 class=\"wp-block-heading has-text-align-center has-ast-global-color-5-color has-text-color has-background has-link-color wp-elements-4ba87097ec306cdffc9d7530577996b5\" style=\"background-color:#ffffff54\">SAINT JEAN<\/h1>\n\n\n\n<h3 class=\"wp-block-heading has-text-align-center has-ast-global-color-5-color has-text-color has-link-color wp-elements-4fee34c36f4e1f8e996a6a59b7f250f4\">EHPAD<br><br>SSIAD<br><br><br><br><br><\/h3>\n<\/div>\n<\/div><\/div>\n<\/div>\n\n\n\n<div class=\"wp-block-column is-vertically-aligned-top is-layout-flow wp-container-core-column-is-layout-6b73ce23 wp-block-column-is-layout-flow\">\n<div class=\"wp-block-columns is-layout-flex wp-container-core-columns-is-layout-28f84493 wp-block-columns-is-layout-flex\">\n<div class=\"wp-block-column is-layout-flow wp-block-column-is-layout-flow\" style=\"flex-basis:100%\">\n<div class=\"wp-block-columns is-layout-flex wp-container-core-columns-is-layout-28f84493 wp-block-columns-is-layout-flex\">\n<div class=\"wp-block-column is-layout-flow wp-block-column-is-layout-flow\" style=\"flex-basis:100%\">\n<div class=\"wp-block-cover alignright priseencharge wp-duotone-unset-4\" style=\"min-height:330px;aspect-ratio:unset;\"><img loading=\"lazy\" decoding=\"async\" width=\"2560\" height=\"1920\" class=\"wp-block-cover__image-background wp-image-56\" alt=\"\" src=\"https:\/\/www.ch-aubusson.fr\/site\/wp-content\/uploads\/2024\/01\/le_chabanou-scaled.jpg\" data-object-fit=\"cover\" srcset=\"https:\/\/www.ch-aubusson.fr\/site\/wp-content\/uploads\/2024\/01\/le_chabanou-scaled.jpg 2560w, https:\/\/www.ch-aubusson.fr\/site\/wp-content\/uploads\/2024\/01\/le_chabanou-300x225.jpg 300w, https:\/\/www.ch-aubusson.fr\/site\/wp-content\/uploads\/2024\/01\/le_chabanou-1024x768.jpg 1024w, https:\/\/www.ch-aubusson.fr\/site\/wp-content\/uploads\/2024\/01\/le_chabanou-768x576.jpg 768w, https:\/\/www.ch-aubusson.fr\/site\/wp-content\/uploads\/2024\/01\/le_chabanou-1536x1152.jpg 1536w, https:\/\/www.ch-aubusson.fr\/site\/wp-content\/uploads\/2024\/01\/le_chabanou-2048x1536.jpg 2048w\" sizes=\"auto, (max-width: 2560px) 100vw, 2560px\" \/><span aria-hidden=\"true\" class=\"wp-block-cover__background has-background-dim\"><\/span><div class=\"wp-block-cover__inner-container is-layout-constrained wp-container-core-cover-is-layout-e099a0eb wp-block-cover-is-layout-constrained\">\n<div class=\"wp-block-group is-layout-constrained wp-block-group-is-layout-constrained\">\n<h1 class=\"wp-block-heading has-text-align-center has-ast-global-color-5-color has-text-color has-background has-link-color wp-elements-ec911731df8bad4c8b48384e4bec6b32\" style=\"background-color:#ffffff54\">CHABANOU <\/h1>\n\n\n\n<h3 class=\"wp-block-heading has-text-align-center has-ast-global-color-5-color has-text-color has-link-color wp-elements-1320bce04cbaf077a44c2cf1df000dce\">EHPAD<br><br><br><br><br><br><br><\/h3>\n<\/div>\n<\/div><\/div>\n<\/div>\n<\/div>\n<\/div>\n<\/div>\n<\/div>\n<\/div>\n<\/div>\n\n\n\n<div style=\"height:53px;width:0px\" aria-hidden=\"true\" class=\"wp-block-spacer\"><\/div>\n<\/div>\n\n\n\n<div class=\"wp-block-columns is-layout-flex wp-container-core-columns-is-layout-28f84493 wp-block-columns-is-layout-flex\">\n<div class=\"wp-block-column is-vertically-aligned-center is-layout-flow wp-block-column-is-layout-flow\" style=\"flex-basis:66.66%\">\n<p>Le Directeur de l&#8217;\u00e9tablissement est M. CAMPOCASSO Yoann.<br>Il est le repr\u00e9sentant l\u00e9gal de l\u2019\u00e9tablissement dont il assure la gestion. <br>Il est assist\u00e9 dans ses fonctions par le Directoire, applique les d\u00e9cisions du Conseil de Surveillance et met en \u0153uvre la politique d\u00e9finie par ce dernier et approuv\u00e9e par le Directeur de l\u2019Agence R\u00e9gionale de Sant\u00e9 (ARS).<\/p>\n<\/div>\n\n\n\n<div class=\"wp-block-column is-layout-flow wp-block-column-is-layout-flow\" style=\"flex-basis:33.33%\">\n<figure class=\"wp-block-image aligncenter size-full is-resized\"><img loading=\"lazy\" decoding=\"async\" width=\"339\" height=\"471\" src=\"https:\/\/www.ch-aubusson.fr\/site\/wp-content\/uploads\/2025\/04\/ES4A0815-1024x683-1.jpg\" alt=\"\" class=\"wp-image-6047\" style=\"width:248px;height:auto\" srcset=\"https:\/\/www.ch-aubusson.fr\/site\/wp-content\/uploads\/2025\/04\/ES4A0815-1024x683-1.jpg 339w, https:\/\/www.ch-aubusson.fr\/site\/wp-content\/uploads\/2025\/04\/ES4A0815-1024x683-1-216x300.jpg 216w\" sizes=\"auto, (max-width: 339px) 100vw, 339px\" \/><\/figure>\n<\/div>\n<\/div>\n\n\n\n<div style=\"height:40px\" aria-hidden=\"true\" class=\"wp-block-spacer\"><\/div>\n\n\n\n<h1 class=\"wp-block-heading has-ast-global-color-5-color has-text-color has-background has-link-color wp-elements-cd3cd785f6725b07da5b72f08a2e7d98\" style=\"background-color:#243666\">logo<\/h1>\n\n\n\n<p><strong>Le saviez-vous ? <\/strong><\/p>\n\n\n\n<p>Le logo du Centre Hospitalier d\u2019Aubusson est une repr\u00e9sentation stylis\u00e9e d&#8217;une navette de tissage.<\/p>\n\n\n\n<p>Ce choix graphique inscrit donc l&#8217;\u00e9tablissement pleinement dans le patrimoine culturel tisserand d&#8217;Aubusson. <\/p>\n\n\n\n<p>Pour plus de renseignements sur la culture de la tapisserie d\u2019Aubusson vous pouvez visiter le site de la Cit\u00e9 internationale de la tapisserie : <a href=\"https:\/\/cite-tapisserie.fr\/\" target=\"_blank\" rel=\"noreferrer noopener\">https:\/\/cite-tapisserie.fr<\/a><\/p>\n\n\n\n<div style=\"height:30px\" aria-hidden=\"true\" class=\"wp-block-spacer\"><\/div>\n\n\n\n<figure class=\"wp-block-image aligncenter size-full\"><img loading=\"lazy\" decoding=\"async\" width=\"800\" height=\"233\" src=\"https:\/\/www.ch-aubusson.fr\/site\/wp-content\/uploads\/2024\/03\/image-4.png\" alt=\"\" class=\"wp-image-4644\" srcset=\"https:\/\/www.ch-aubusson.fr\/site\/wp-content\/uploads\/2024\/03\/image-4.png 800w, https:\/\/www.ch-aubusson.fr\/site\/wp-content\/uploads\/2024\/03\/image-4-300x87.png 300w, https:\/\/www.ch-aubusson.fr\/site\/wp-content\/uploads\/2024\/03\/image-4-768x224.png 768w\" sizes=\"auto, (max-width: 800px) 100vw, 800px\" \/><\/figure>\n\n\n\n<div style=\"height:100px\" aria-hidden=\"true\" class=\"wp-block-spacer\"><\/div>\n\n\n\n<p><\/p>\n","protected":false},"excerpt":{"rendered":"<p>HISTOIRE Le centre hospitalier d&#8217;aubusson est un \u00e9tablissement de sant\u00e9 de 312 lits r\u00e9partis sur 4 sites HISTOIRE Le Centre [&hellip;]<\/p>\n","protected":false},"author":3,"featured_media":0,"parent":0,"menu_order":0,"comment_status":"closed","ping_status":"closed","template":"","meta":{"site-sidebar-layout":"default","site-content-layout":"","ast-site-content-layout":"","site-content-style":"default","site-sidebar-style":"default","ast-global-header-display":"","ast-banner-title-visibility":"","ast-main-header-display":"","ast-hfb-above-header-display":"","ast-hfb-below-header-display":"","ast-hfb-mobile-header-display":"","site-post-title":"disabled","ast-breadcrumbs-content":"","ast-featured-img":"","footer-sml-layout":"","theme-transparent-header-meta":"","adv-header-id-meta":"","stick-header-meta":"","header-above-stick-meta":"","header-main-stick-meta":"","header-below-stick-meta":"","astra-migrate-meta-layouts":"default","ast-page-background-enabled":"default","ast-page-background-meta":{"desktop":{"background-color":"var(--ast-global-color-4)","background-image":"","background-repeat":"repeat","background-position":"center center","background-size":"auto","background-attachment":"scroll","background-type":"","background-media":"","overlay-type":"","overlay-color":"","overlay-opacity":"","overlay-gradient":""},"tablet":{"background-color":"","background-image":"","background-repeat":"repeat","background-position":"center center","background-size":"auto","background-attachment":"scroll","background-type":"","background-media":"","overlay-type":"","overlay-color":"","overlay-opacity":"","overlay-gradient":""},"mobile":{"background-color":"","background-image":"","background-repeat":"repeat","background-position":"center center","background-size":"auto","background-attachment":"scroll","background-type":"","background-media":"","overlay-type":"","overlay-color":"","overlay-opacity":"","overlay-gradient":""}},"ast-content-background-meta":{"desktop":{"background-color":"var(--ast-global-color-5)","background-image":"","background-repeat":"repeat","background-position":"center center","background-size":"auto","background-attachment":"scroll","background-type":"","background-media":"","overlay-type":"","overlay-color":"","overlay-opacity":"","overlay-gradient":""},"tablet":{"background-color":"var(--ast-global-color-5)","background-image":"","background-repeat":"repeat","background-position":"center center","background-size":"auto","background-attachment":"scroll","background-type":"","background-media":"","overlay-type":"","overlay-color":"","overlay-opacity":"","overlay-gradient":""},"mobile":{"background-color":"var(--ast-global-color-5)","background-image":"","background-repeat":"repeat","background-position":"center center","background-size":"auto","background-attachment":"scroll","background-type":"","background-media":"","overlay-type":"","overlay-color":"","overlay-opacity":"","overlay-gradient":""}},"footnotes":""},"class_list":["post-123","page","type-page","status-publish","hentry"],"yoast_head":"<!-- This site is optimized with the Yoast SEO plugin v25.5 - https:\/\/yoast.com\/wordpress\/plugins\/seo\/ -->\n<title>Histoire -<\/title>\n<meta name=\"robots\" content=\"index, follow, max-snippet:-1, max-image-preview:large, max-video-preview:-1\" \/>\n<link rel=\"canonical\" href=\"https:\/\/www.ch-aubusson.fr\/site\/histoire\/\" \/>\n<meta property=\"og:locale\" content=\"fr_FR\" \/>\n<meta property=\"og:type\" content=\"article\" \/>\n<meta property=\"og:title\" content=\"Histoire -\" \/>\n<meta property=\"og:description\" content=\"HISTOIRE Le centre hospitalier d&#8217;aubusson est un \u00e9tablissement de sant\u00e9 de 312 lits r\u00e9partis sur 4 sites HISTOIRE Le Centre [&hellip;]\" \/>\n<meta property=\"og:url\" content=\"https:\/\/www.ch-aubusson.fr\/site\/histoire\/\" \/>\n<meta property=\"article:publisher\" content=\"https:\/\/www.facebook.com\/people\/Centre-Hospitalier-dAubusson\/100064042814456\/\" \/>\n<meta property=\"article:modified_time\" content=\"2025-04-25T11:03:45+00:00\" \/>\n<meta property=\"og:image\" content=\"http:\/\/www.ch-aubusson.fr\/site\/wp-content\/uploads\/2024\/03\/image-2.png\" \/>\n<meta name=\"twitter:card\" content=\"summary_large_image\" \/>\n<meta name=\"twitter:label1\" content=\"Dur\u00e9e de lecture estim\u00e9e\" \/>\n\t<meta name=\"twitter:data1\" content=\"4 minutes\" \/>\n<!-- \/ Yoast SEO plugin. -->","yoast_head_json":{"title":"Histoire -","robots":{"index":"index","follow":"follow","max-snippet":"max-snippet:-1","max-image-preview":"max-image-preview:large","max-video-preview":"max-video-preview:-1"},"canonical":"https:\/\/www.ch-aubusson.fr\/site\/histoire\/","og_locale":"fr_FR","og_type":"article","og_title":"Histoire -","og_description":"HISTOIRE Le centre hospitalier d&#8217;aubusson est un \u00e9tablissement de sant\u00e9 de 312 lits r\u00e9partis sur 4 sites HISTOIRE Le Centre [&hellip;]","og_url":"https:\/\/www.ch-aubusson.fr\/site\/histoire\/","article_publisher":"https:\/\/www.facebook.com\/people\/Centre-Hospitalier-dAubusson\/100064042814456\/","article_modified_time":"2025-04-25T11:03:45+00:00","og_image":[{"url":"http:\/\/www.ch-aubusson.fr\/site\/wp-content\/uploads\/2024\/03\/image-2.png","type":"","width":"","height":""}],"twitter_card":"summary_large_image","twitter_misc":{"Dur\u00e9e de lecture estim\u00e9e":"4 minutes"},"schema":{"@context":"https:\/\/schema.org","@graph":[{"@type":"WebPage","@id":"https:\/\/www.ch-aubusson.fr\/site\/histoire\/","url":"https:\/\/www.ch-aubusson.fr\/site\/histoire\/","name":"Histoire -","isPartOf":{"@id":"https:\/\/www.ch-aubusson.fr\/site\/#website"},"primaryImageOfPage":{"@id":"https:\/\/www.ch-aubusson.fr\/site\/histoire\/#primaryimage"},"image":{"@id":"https:\/\/www.ch-aubusson.fr\/site\/histoire\/#primaryimage"},"thumbnailUrl":"http:\/\/www.ch-aubusson.fr\/site\/wp-content\/uploads\/2024\/03\/image-2.png","datePublished":"2024-01-11T14:10:58+00:00","dateModified":"2025-04-25T11:03:45+00:00","breadcrumb":{"@id":"https:\/\/www.ch-aubusson.fr\/site\/histoire\/#breadcrumb"},"inLanguage":"fr-FR","potentialAction":[{"@type":"ReadAction","target":["https:\/\/www.ch-aubusson.fr\/site\/histoire\/"]}]},{"@type":"ImageObject","inLanguage":"fr-FR","@id":"https:\/\/www.ch-aubusson.fr\/site\/histoire\/#primaryimage","url":"http:\/\/www.ch-aubusson.fr\/site\/wp-content\/uploads\/2024\/03\/image-2.png","contentUrl":"http:\/\/www.ch-aubusson.fr\/site\/wp-content\/uploads\/2024\/03\/image-2.png"},{"@type":"BreadcrumbList","@id":"https:\/\/www.ch-aubusson.fr\/site\/histoire\/#breadcrumb","itemListElement":[{"@type":"ListItem","position":1,"name":"Accueil","item":"https:\/\/www.ch-aubusson.fr\/site\/"},{"@type":"ListItem","position":2,"name":"Histoire"}]},{"@type":"WebSite","@id":"https:\/\/www.ch-aubusson.fr\/site\/#website","url":"https:\/\/www.ch-aubusson.fr\/site\/","name":"Centre Hospitalier d'Aubusson","description":"","publisher":{"@id":"https:\/\/www.ch-aubusson.fr\/site\/#organization"},"potentialAction":[{"@type":"SearchAction","target":{"@type":"EntryPoint","urlTemplate":"https:\/\/www.ch-aubusson.fr\/site\/?s={search_term_string}"},"query-input":{"@type":"PropertyValueSpecification","valueRequired":true,"valueName":"search_term_string"}}],"inLanguage":"fr-FR"},{"@type":"Organization","@id":"https:\/\/www.ch-aubusson.fr\/site\/#organization","name":"Centre Hospitalier d'Aubusson","url":"https:\/\/www.ch-aubusson.fr\/site\/","logo":{"@type":"ImageObject","inLanguage":"fr-FR","@id":"https:\/\/www.ch-aubusson.fr\/site\/#\/schema\/logo\/image\/","url":"https:\/\/www.ch-aubusson.fr\/site\/wp-content\/uploads\/2024\/01\/cropped-LogoCentreHospitalier_Vertical_3Tonos-2.png","contentUrl":"https:\/\/www.ch-aubusson.fr\/site\/wp-content\/uploads\/2024\/01\/cropped-LogoCentreHospitalier_Vertical_3Tonos-2.png","width":800,"height":654,"caption":"Centre Hospitalier d'Aubusson"},"image":{"@id":"https:\/\/www.ch-aubusson.fr\/site\/#\/schema\/logo\/image\/"},"sameAs":["https:\/\/www.facebook.com\/people\/Centre-Hospitalier-dAubusson\/100064042814456\/","https:\/\/www.linkedin.com\/company\/ch-aubusson"]}]}},"_links":{"self":[{"href":"https:\/\/www.ch-aubusson.fr\/site\/wp-json\/wp\/v2\/pages\/123","targetHints":{"allow":["GET"]}}],"collection":[{"href":"https:\/\/www.ch-aubusson.fr\/site\/wp-json\/wp\/v2\/pages"}],"about":[{"href":"https:\/\/www.ch-aubusson.fr\/site\/wp-json\/wp\/v2\/types\/page"}],"author":[{"embeddable":true,"href":"https:\/\/www.ch-aubusson.fr\/site\/wp-json\/wp\/v2\/users\/3"}],"replies":[{"embeddable":true,"href":"https:\/\/www.ch-aubusson.fr\/site\/wp-json\/wp\/v2\/comments?post=123"}],"version-history":[{"count":53,"href":"https:\/\/www.ch-aubusson.fr\/site\/wp-json\/wp\/v2\/pages\/123\/revisions"}],"predecessor-version":[{"id":6048,"href":"https:\/\/www.ch-aubusson.fr\/site\/wp-json\/wp\/v2\/pages\/123\/revisions\/6048"}],"wp:attachment":[{"href":"https:\/\/www.ch-aubusson.fr\/site\/wp-json\/wp\/v2\/media?parent=123"}],"curies":[{"name":"wp","href":"https:\/\/api.w.org\/{rel}","templated":true}]}}