{"id":1617,"date":"2024-01-30T11:30:04","date_gmt":"2024-01-30T10:30:04","guid":{"rendered":"http:\/\/www.ch-aubusson.fr\/site\/?page_id=1617"},"modified":"2025-09-26T10:55:52","modified_gmt":"2025-09-26T08:55:52","slug":"qualite-et-securite","status":"publish","type":"page","link":"https:\/\/www.ch-aubusson.fr\/site\/qualite-et-securite\/","title":{"rendered":"Qualit\u00e9 et S\u00e9curit\u00e9"},"content":{"rendered":"\n<div style=\"height:40px\" aria-hidden=\"true\" class=\"wp-block-spacer\"><\/div>\n\n\n\n<h2 class=\"wp-block-heading\">QUALIt\u00e9 et gestion des risques<\/h2>\n\n\n\n<h4 class=\"wp-block-heading presentation\">LE service qualit\u00e9 et gestion des risques <strong>D\u00e9veloppe la culture de l&#8217;\u00e9valuation et de l&#8217;audit centr\u00e9s sur le patient<\/strong>.<\/h4>\n\n\n\n<div style=\"height:40px\" aria-hidden=\"true\" class=\"wp-block-spacer\"><\/div>\n\n\n<div id=\"metaslider-id-3853\" style=\"width: 100%; margin: 0 auto;\" class=\"ml-slider-3-99-0 metaslider metaslider-flex metaslider-3853 ml-slider ms-theme-default\" role=\"region\" aria-label=\"qualite\" data-width=\"1000\">\n    <div id=\"metaslider_container_3853\">\n        <div id=\"metaslider_3853\">\n            <ul class='slides'>\n                <li style=\"display: block; width: 100%;\" class=\"slide-3858 ms-image \" aria-roledescription=\"slide\" data-date=\"2024-02-26 10:56:28\"><img loading=\"lazy\" decoding=\"async\" src=\"https:\/\/www.ch-aubusson.fr\/site\/wp-content\/uploads\/2025\/06\/img-1000x300.jpg\" height=\"300\" width=\"1000\" alt=\"\" class=\"slider-3853 slide-3858 msDefaultImage\" title=\"img\" \/><\/li>\n                <li style=\"display: none; width: 100%;\" class=\"slide-3861 ms-image \" aria-roledescription=\"slide\" data-date=\"2024-02-26 10:56:28\"><img loading=\"lazy\" decoding=\"async\" src=\"https:\/\/www.ch-aubusson.fr\/site\/wp-content\/uploads\/2025\/06\/satisfaction-1-e1750930264477-1000x300.jpeg\" height=\"300\" width=\"1000\" alt=\"\" class=\"slider-3853 slide-3861 msDefaultImage\" \/><\/li>\n            <\/ul>\n        <\/div>\n        \n    <\/div>\n<\/div>\n\n\n\n<div style=\"height:40px\" aria-hidden=\"true\" class=\"wp-block-spacer\"><\/div>\n\n\n\n<p>Le Centre Hospitalier d\u2019Aubusson est engag\u00e9 depuis de nombreuses ann\u00e9es dans une d\u00e9marche d\u2019am\u00e9lioration continue de la qualit\u00e9 et de la s\u00e9curit\u00e9 des soins visant \u00e0 satisfaire les besoins et attentes des usagers au cours de leur prise en charge.<\/p>\n\n\n\n<p>Le service qualit\u00e9 et gestion des risques de l&#8217;\u00e9tablissement g\u00e8re :<\/p>\n\n\n\n<ul class=\"wp-block-list\">\n<li>l&#8217;identification, l&#8217;analyse des risques li\u00e9s aux soins ou aux organisations inh\u00e9rentes au fonctionnement de l\u2019\u00e9tablissement<\/li>\n\n\n\n<li>la proposition apr\u00e8s analyse d\u2019actions d\u2019am\u00e9lioration<\/li>\n\n\n\n<li>le suivi des actions et \u00e9laboration d\u2019un programme d\u2019am\u00e9lioration de la Qualit\u00e9 et S\u00e9curit\u00e9 des Soins<\/li>\n\n\n\n<li>l&#8217;accompagnement des professionnels dans les d\u00e9marches d\u2019\u00e9valuation des pratiques professionnelles (EPP)<\/li>\n\n\n\n<li>les audits des processus et patients traceurs<\/li>\n\n\n\n<li>les liens avec les organismes de contr\u00f4le<\/li>\n<\/ul>\n\n\n\n<div style=\"height:40px\" aria-hidden=\"true\" class=\"wp-block-spacer\"><\/div>\n\n\n\n<h1 class=\"wp-block-heading has-ast-global-color-5-color has-text-color has-background has-link-color wp-elements-f51aca3c4436b71fc6a393b661e3baa0\" style=\"background-color:#243466\">LES INDICATEURS QUALIT\u00c9 ET S\u00c9CURIT\u00c9 DES SOINS (IQSS)<\/h1>\n\n\n\n<p>Afin d\u2019appr\u00e9cier le niveau de qualit\u00e9 et de s\u00e9curit\u00e9 des prestations d\u00e9livr\u00e9es dans le secteur sanitaire l\u2019\u00e9tablissement participe<strong> tous les deux<\/strong> ans au recueil d\u2019indicateurs nationaux portant sur l\u2019hygi\u00e8ne hospitali\u00e8re et la qualit\u00e9 de prise en charge.<br>Ces indicateurs sont joints au pr\u00e9sent livret, affich\u00e9s au sein de l\u2019\u00e9tablissement et consultables sur le site :  <a href=\"http:\/\/www.scopesante.fr\" data-type=\"link\" data-id=\"www.scopesante.fr\">www.scopesante.fr<\/a><\/p>\n\n\n\n<p><\/p>\n\n\n\n<div data-wp-interactive=\"core\/file\" class=\"wp-block-file\"><object data-wp-bind--hidden=\"!state.hasPdfPreview\" hidden class=\"wp-block-file__embed\" data=\"https:\/\/www.ch-aubusson.fr\/site\/wp-content\/uploads\/2025\/06\/Affiche-indicateurs-publics-2025.pdf\" type=\"application\/pdf\" style=\"width:100%;height:600px\" aria-label=\"Contenu embarqu\u00e9 Affiche indicateurs publics 2025.\"><\/object><a id=\"wp-block-file--media-88966cbc-296b-4233-8148-f0a814d48db8\" href=\"https:\/\/www.ch-aubusson.fr\/site\/wp-content\/uploads\/2025\/06\/Affiche-indicateurs-publics-2025.pdf\">Affiche indicateurs publics 2025<\/a><a href=\"https:\/\/www.ch-aubusson.fr\/site\/wp-content\/uploads\/2025\/06\/Affiche-indicateurs-publics-2025.pdf\" class=\"wp-block-file__button wp-element-button\" download aria-describedby=\"wp-block-file--media-88966cbc-296b-4233-8148-f0a814d48db8\">T\u00e9l\u00e9charger<\/a><\/div>\n\n\n\n<div style=\"height:40px\" aria-hidden=\"true\" class=\"wp-block-spacer\"><\/div>\n\n\n\n<div style=\"height:40px\" aria-hidden=\"true\" class=\"wp-block-spacer\"><\/div>\n\n\n\n<h1 class=\"wp-block-heading has-ast-global-color-5-color has-text-color has-background has-link-color wp-elements-a11e96ef3d42be9440f95091b08682ac\" style=\"background-color:#243466\">D\u00c9MARCHE DE CERTIFICATION<\/h1>\n\n\n\n<p>D\u2019autre part, l\u2019\u00e9tablissement est \u00e9valu\u00e9 <strong>tous les 4 ans<\/strong> dans le cadre de la proc\u00e9dure de certification des \u00e9tablissements de sant\u00e9. Cette proc\u00e9dure est une \u00e9valuation externe obligatoire r\u00e9alis\u00e9e par des experts visiteurs mandat\u00e9s par la Haute Autorit\u00e9 de sant\u00e9 (HAS). Ax\u00e9 sur le management de l\u2019\u00e9tablissement et la prise en charge du patient, elle permet d\u2019\u00e9valuer le niveau atteint de qualit\u00e9 et de s\u00e9curit\u00e9 des soins.<\/p>\n\n\n\n<div class=\"wp-block-columns alignwide is-layout-flex wp-container-core-columns-is-layout-ec2e7a44 wp-block-columns-is-layout-flex\" style=\"border-style:none;border-width:0px;padding-top:0;padding-bottom:0\">\n<div class=\"wp-block-column is-layout-flow wp-block-column-is-layout-flow\" style=\"flex-basis:250%\">\n<p><br>Lors de sa derni\u00e8re visite de certification, en octobre 2021, par les experts-visiteurs de la HAS, l&#8217;\u00e9tablissement a \u00e9t\u00e9 certifi\u00e9 au niveau &#8220;Qualit\u00e9 des soins confirm\u00e9&#8221;<\/p>\n<\/div>\n\n\n\n<div class=\"wp-block-column is-layout-flow wp-block-column-is-layout-flow\" style=\"flex-basis:33.33%\">\n<figure class=\"wp-block-image aligncenter size-full\"><img loading=\"lazy\" decoding=\"async\" width=\"107\" height=\"150\" src=\"https:\/\/www.ch-aubusson.fr\/site\/wp-content\/uploads\/2025\/07\/certification.jpeg\" alt=\"\" class=\"wp-image-6238\"\/><\/figure>\n<\/div>\n<\/div>\n\n\n\n<p><br>Le rapport de certification de l\u2019\u00e9tablissement est disponible sur le site : <a data-type=\"link\" data-id=\"www.has-sante.fr\" href=\"http:\/\/www.has-sante.fr\">www.has-sante.fr<\/a><\/p>\n\n\n\n<div style=\"height:20px\" aria-hidden=\"true\" class=\"wp-block-spacer\"><\/div>\n\n\n\n<div style=\"height:40px\" aria-hidden=\"true\" class=\"wp-block-spacer\"><\/div>\n\n\n\n<h1 class=\"wp-block-heading has-ast-global-color-5-color has-text-color has-background has-link-color wp-elements-deb63feb6b04a728e27c65ad12d8f192\" style=\"background-color:#243466\">\u00c9VALUATION ESMS (\u00e9tablissements et services sociaux et m\u00e9dico-sociaux)<\/h1>\n\n\n\n<p>Dans le secteur m\u00e9dico-social, la loi du 2 janvier 2002 imposent aux structures d\u2019h\u00e9bergement de proc\u00e9der \u00e0 l\u2019\u00e9valuation de leurs activit\u00e9s et de la qualit\u00e9 des prestations qu\u2019ils d\u00e9livrent. Ainsi une \u00e9valuation <strong>interne <\/strong>est men\u00e9e <strong>tous les 5 ans<\/strong> de mani\u00e8re participative par l\u2019ensemble du personnel de l\u2019EHPAD et une \u00e9valuation <strong>externe <\/strong>est r\u00e9alis\u00e9e tous les <strong>7 ans <\/strong>par un organisme ext\u00e9rieur habilit\u00e9 par l\u2019HAS. Les rapports d\u2019\u00e9valuation interne et externe sont consultables au sein des EHPAD du Centre hospitalier<\/p>\n\n\n\n<div style=\"height:40px\" aria-hidden=\"true\" class=\"wp-block-spacer\"><\/div>\n\n\n\n<h1 class=\"wp-block-heading has-ast-global-color-5-color has-text-color has-background has-link-color wp-elements-c23abef46a54e3c1179966c6d3c36922\" style=\"background-color:#243466\">LES VIGILANCES<\/h1>\n\n\n\n<p>Le centre hospitalier d&#8217;aubusson participe activement \u00e0 la vigilance sanitaire dans les domaines suivants :<\/p>\n\n\n\n<ul class=\"wp-block-list\">\n<li><strong>la pharmacovigilance<\/strong> : le r\u00e9seau a pour mission de signaler les effets ind\u00e9sirables et d\u2019\u2019organiser le retrait de certains m\u00e9dicaments en cas d\u2019incidents signal\u00e9s par les autorit\u00e9s&nbsp;sanitaires.<\/li>\n\n\n\n<li><strong>la mat\u00e9riovigilance<\/strong> : assure le suivi des incidents li\u00e9s aux dispositifs m\u00e9dicaux.<\/li>\n\n\n\n<li><strong>l\u2019h\u00e9movigilance<\/strong> : s\u00e9curit\u00e9 d\u2019utilisation des produits sanguins.<\/li>\n\n\n\n<li><strong>l\u2019infectiovigilance<\/strong> : pr\u00e9vention pour les infections microbiennes.<\/li>\n\n\n\n<li><strong>la radioprotection<\/strong> : pour les examens de radiologie et scanner.<\/li>\n\n\n\n<li><strong>l&#8217;identitovigilance<\/strong> : afin d&#8217;\u00e9viter tout risque d&#8217;erreur d&#8217;identit\u00e9 sur les patients<\/li>\n<\/ul>\n\n\n\n<div style=\"height:40px\" aria-hidden=\"true\" class=\"wp-block-spacer\"><\/div>\n\n\n\n<h1 class=\"wp-block-heading has-ast-global-color-5-color has-text-color has-background has-link-color wp-elements-40e79368465086a5f66acd7ac2c3d9d8\" style=\"background-color:#243466\">COMITE DE COORDINATION DES VIGILANCES ET DES RISQUES<\/h1>\n\n\n\n<p>Cette instance est en charge d\u2019organiser la lutte contre les \u00e9v\u00e9nements ind\u00e9sirables qu\u2019ils soient li\u00e9s aux soins (lutte contre les infections nosocomiales, prise en charge m\u00e9dicamenteuse, veille sanitaire,\u2026) ou au fonctionnement de l\u2019\u00e9tablissement (s\u00e9curit\u00e9 des locaux, syst\u00e8me d\u2019information, transport,\u2026)<\/p>\n\n\n\n<div style=\"height:40px\" aria-hidden=\"true\" class=\"wp-block-spacer\"><\/div>\n\n\n\n<h1 class=\"wp-block-heading has-ast-global-color-5-color has-text-color has-background has-link-color wp-elements-a44a37497c00660c4122c44f9785f60b\" style=\"background-color:#243466\">\u00c9CO-RESPONSABILIT\u00c9<\/h1>\n\n\n\n<p>Dans le cadre de ses obligations r\u00e9glementaires, le Centre Hospitalier travaille au calcul de son bilan carbone pour mettre en place des actions \u00e9co-responsables<\/p>\n\n\n\n<div style=\"height:40px\" aria-hidden=\"true\" class=\"wp-block-spacer\"><\/div>\n\n\n\n<div data-wp-interactive=\"core\/file\" class=\"wp-block-file\"><object data-wp-bind--hidden=\"!state.hasPdfPreview\" hidden class=\"wp-block-file__embed\" data=\"https:\/\/www.ch-aubusson.fr\/site\/wp-content\/uploads\/2025\/09\/Affiche-Engagements-DD-du-CH-2025-2029.pdf\" type=\"application\/pdf\" style=\"width:100%;height:600px\" aria-label=\"Contenu embarqu\u00e9 Affiche Engagements DD du CH 2025-2029.\"><\/object><a id=\"wp-block-file--media-94f83c86-fc8a-4718-bac6-6354e1a9fbf4\" href=\"https:\/\/www.ch-aubusson.fr\/site\/wp-content\/uploads\/2025\/09\/Affiche-Engagements-DD-du-CH-2025-2029.pdf\">Affiche Engagements DD du CH 2025-2029<\/a><a href=\"https:\/\/www.ch-aubusson.fr\/site\/wp-content\/uploads\/2025\/09\/Affiche-Engagements-DD-du-CH-2025-2029.pdf\" class=\"wp-block-file__button wp-element-button\" download aria-describedby=\"wp-block-file--media-94f83c86-fc8a-4718-bac6-6354e1a9fbf4\">T\u00e9l\u00e9charger<\/a><\/div>\n\n\n\n<div style=\"height:100px\" aria-hidden=\"true\" class=\"wp-block-spacer\"><\/div>\n","protected":false},"excerpt":{"rendered":"<p>QUALIt\u00e9 et gestion des risques LE service qualit\u00e9 et gestion des risques D\u00e9veloppe la culture de l&#8217;\u00e9valuation et de l&#8217;audit [&hellip;]<\/p>\n","protected":false},"author":3,"featured_media":0,"parent":0,"menu_order":0,"comment_status":"closed","ping_status":"closed","template":"","meta":{"site-sidebar-layout":"default","site-content-layout":"","ast-site-content-layout":"","site-content-style":"default","site-sidebar-style":"default","ast-global-header-display":"","ast-banner-title-visibility":"","ast-main-header-display":"","ast-hfb-above-header-display":"","ast-hfb-below-header-display":"","ast-hfb-mobile-header-display":"","site-post-title":"disabled","ast-breadcrumbs-content":"","ast-featured-img":"","footer-sml-layout":"","theme-transparent-header-meta":"","adv-header-id-meta":"","stick-header-meta":"","header-above-stick-meta":"","header-main-stick-meta":"","header-below-stick-meta":"","astra-migrate-meta-layouts":"default","ast-page-background-enabled":"default","ast-page-background-meta":{"desktop":{"background-color":"var(--ast-global-color-4)","background-image":"","background-repeat":"repeat","background-position":"center center","background-size":"auto","background-attachment":"scroll","background-type":"","background-media":"","overlay-type":"","overlay-color":"","overlay-opacity":"","overlay-gradient":""},"tablet":{"background-color":"","background-image":"","background-repeat":"repeat","background-position":"center center","background-size":"auto","background-attachment":"scroll","background-type":"","background-media":"","overlay-type":"","overlay-color":"","overlay-opacity":"","overlay-gradient":""},"mobile":{"background-color":"","background-image":"","background-repeat":"repeat","background-position":"center center","background-size":"auto","background-attachment":"scroll","background-type":"","background-media":"","overlay-type":"","overlay-color":"","overlay-opacity":"","overlay-gradient":""}},"ast-content-background-meta":{"desktop":{"background-color":"var(--ast-global-color-5)","background-image":"","background-repeat":"repeat","background-position":"center center","background-size":"auto","background-attachment":"scroll","background-type":"","background-media":"","overlay-type":"","overlay-color":"","overlay-opacity":"","overlay-gradient":""},"tablet":{"background-color":"var(--ast-global-color-5)","background-image":"","background-repeat":"repeat","background-position":"center center","background-size":"auto","background-attachment":"scroll","background-type":"","background-media":"","overlay-type":"","overlay-color":"","overlay-opacity":"","overlay-gradient":""},"mobile":{"background-color":"var(--ast-global-color-5)","background-image":"","background-repeat":"repeat","background-position":"center center","background-size":"auto","background-attachment":"scroll","background-type":"","background-media":"","overlay-type":"","overlay-color":"","overlay-opacity":"","overlay-gradient":""}},"footnotes":""},"class_list":["post-1617","page","type-page","status-publish","hentry"],"yoast_head":"<!-- This site is optimized with the Yoast SEO plugin v25.5 - https:\/\/yoast.com\/wordpress\/plugins\/seo\/ -->\n<title>Qualit\u00e9 et S\u00e9curit\u00e9 -<\/title>\n<meta name=\"robots\" content=\"index, follow, max-snippet:-1, max-image-preview:large, max-video-preview:-1\" \/>\n<link rel=\"canonical\" href=\"https:\/\/www.ch-aubusson.fr\/site\/qualite-et-securite\/\" \/>\n<meta property=\"og:locale\" content=\"fr_FR\" \/>\n<meta property=\"og:type\" content=\"article\" \/>\n<meta property=\"og:title\" content=\"Qualit\u00e9 et S\u00e9curit\u00e9 -\" \/>\n<meta property=\"og:description\" content=\"QUALIt\u00e9 et gestion des risques LE service qualit\u00e9 et gestion des risques D\u00e9veloppe la culture de l&#8217;\u00e9valuation et de l&#8217;audit [&hellip;]\" \/>\n<meta property=\"og:url\" content=\"https:\/\/www.ch-aubusson.fr\/site\/qualite-et-securite\/\" \/>\n<meta property=\"article:publisher\" content=\"https:\/\/www.facebook.com\/people\/Centre-Hospitalier-dAubusson\/100064042814456\/\" \/>\n<meta property=\"article:modified_time\" content=\"2025-09-26T08:55:52+00:00\" \/>\n<meta property=\"og:image\" content=\"https:\/\/www.ch-aubusson.fr\/site\/wp-content\/uploads\/2025\/07\/certification.jpeg\" \/>\n<meta name=\"twitter:card\" content=\"summary_large_image\" \/>\n<meta name=\"twitter:label1\" content=\"Dur\u00e9e de lecture estim\u00e9e\" \/>\n\t<meta name=\"twitter:data1\" content=\"4 minutes\" \/>\n<!-- \/ Yoast SEO plugin. -->","yoast_head_json":{"title":"Qualit\u00e9 et S\u00e9curit\u00e9 -","robots":{"index":"index","follow":"follow","max-snippet":"max-snippet:-1","max-image-preview":"max-image-preview:large","max-video-preview":"max-video-preview:-1"},"canonical":"https:\/\/www.ch-aubusson.fr\/site\/qualite-et-securite\/","og_locale":"fr_FR","og_type":"article","og_title":"Qualit\u00e9 et S\u00e9curit\u00e9 -","og_description":"QUALIt\u00e9 et gestion des risques LE service qualit\u00e9 et gestion des risques D\u00e9veloppe la culture de l&#8217;\u00e9valuation et de l&#8217;audit [&hellip;]","og_url":"https:\/\/www.ch-aubusson.fr\/site\/qualite-et-securite\/","article_publisher":"https:\/\/www.facebook.com\/people\/Centre-Hospitalier-dAubusson\/100064042814456\/","article_modified_time":"2025-09-26T08:55:52+00:00","og_image":[{"url":"https:\/\/www.ch-aubusson.fr\/site\/wp-content\/uploads\/2025\/07\/certification.jpeg","type":"","width":"","height":""}],"twitter_card":"summary_large_image","twitter_misc":{"Dur\u00e9e de lecture estim\u00e9e":"4 minutes"},"schema":{"@context":"https:\/\/schema.org","@graph":[{"@type":"WebPage","@id":"https:\/\/www.ch-aubusson.fr\/site\/qualite-et-securite\/","url":"https:\/\/www.ch-aubusson.fr\/site\/qualite-et-securite\/","name":"Qualit\u00e9 et S\u00e9curit\u00e9 -","isPartOf":{"@id":"https:\/\/www.ch-aubusson.fr\/site\/#website"},"primaryImageOfPage":{"@id":"https:\/\/www.ch-aubusson.fr\/site\/qualite-et-securite\/#primaryimage"},"image":{"@id":"https:\/\/www.ch-aubusson.fr\/site\/qualite-et-securite\/#primaryimage"},"thumbnailUrl":"https:\/\/www.ch-aubusson.fr\/site\/wp-content\/uploads\/2025\/07\/certification.jpeg","datePublished":"2024-01-30T10:30:04+00:00","dateModified":"2025-09-26T08:55:52+00:00","breadcrumb":{"@id":"https:\/\/www.ch-aubusson.fr\/site\/qualite-et-securite\/#breadcrumb"},"inLanguage":"fr-FR","potentialAction":[{"@type":"ReadAction","target":["https:\/\/www.ch-aubusson.fr\/site\/qualite-et-securite\/"]}]},{"@type":"ImageObject","inLanguage":"fr-FR","@id":"https:\/\/www.ch-aubusson.fr\/site\/qualite-et-securite\/#primaryimage","url":"https:\/\/www.ch-aubusson.fr\/site\/wp-content\/uploads\/2025\/07\/certification.jpeg","contentUrl":"https:\/\/www.ch-aubusson.fr\/site\/wp-content\/uploads\/2025\/07\/certification.jpeg","width":107,"height":150},{"@type":"BreadcrumbList","@id":"https:\/\/www.ch-aubusson.fr\/site\/qualite-et-securite\/#breadcrumb","itemListElement":[{"@type":"ListItem","position":1,"name":"Accueil","item":"https:\/\/www.ch-aubusson.fr\/site\/"},{"@type":"ListItem","position":2,"name":"Qualit\u00e9 et S\u00e9curit\u00e9"}]},{"@type":"WebSite","@id":"https:\/\/www.ch-aubusson.fr\/site\/#website","url":"https:\/\/www.ch-aubusson.fr\/site\/","name":"Centre Hospitalier d'Aubusson","description":"","publisher":{"@id":"https:\/\/www.ch-aubusson.fr\/site\/#organization"},"potentialAction":[{"@type":"SearchAction","target":{"@type":"EntryPoint","urlTemplate":"https:\/\/www.ch-aubusson.fr\/site\/?s={search_term_string}"},"query-input":{"@type":"PropertyValueSpecification","valueRequired":true,"valueName":"search_term_string"}}],"inLanguage":"fr-FR"},{"@type":"Organization","@id":"https:\/\/www.ch-aubusson.fr\/site\/#organization","name":"Centre Hospitalier d'Aubusson","url":"https:\/\/www.ch-aubusson.fr\/site\/","logo":{"@type":"ImageObject","inLanguage":"fr-FR","@id":"https:\/\/www.ch-aubusson.fr\/site\/#\/schema\/logo\/image\/","url":"https:\/\/www.ch-aubusson.fr\/site\/wp-content\/uploads\/2024\/01\/cropped-LogoCentreHospitalier_Vertical_3Tonos-2.png","contentUrl":"https:\/\/www.ch-aubusson.fr\/site\/wp-content\/uploads\/2024\/01\/cropped-LogoCentreHospitalier_Vertical_3Tonos-2.png","width":800,"height":654,"caption":"Centre Hospitalier d'Aubusson"},"image":{"@id":"https:\/\/www.ch-aubusson.fr\/site\/#\/schema\/logo\/image\/"},"sameAs":["https:\/\/www.facebook.com\/people\/Centre-Hospitalier-dAubusson\/100064042814456\/","https:\/\/www.linkedin.com\/company\/ch-aubusson"]}]}},"_links":{"self":[{"href":"https:\/\/www.ch-aubusson.fr\/site\/wp-json\/wp\/v2\/pages\/1617","targetHints":{"allow":["GET"]}}],"collection":[{"href":"https:\/\/www.ch-aubusson.fr\/site\/wp-json\/wp\/v2\/pages"}],"about":[{"href":"https:\/\/www.ch-aubusson.fr\/site\/wp-json\/wp\/v2\/types\/page"}],"author":[{"embeddable":true,"href":"https:\/\/www.ch-aubusson.fr\/site\/wp-json\/wp\/v2\/users\/3"}],"replies":[{"embeddable":true,"href":"https:\/\/www.ch-aubusson.fr\/site\/wp-json\/wp\/v2\/comments?post=1617"}],"version-history":[{"count":45,"href":"https:\/\/www.ch-aubusson.fr\/site\/wp-json\/wp\/v2\/pages\/1617\/revisions"}],"predecessor-version":[{"id":6273,"href":"https:\/\/www.ch-aubusson.fr\/site\/wp-json\/wp\/v2\/pages\/1617\/revisions\/6273"}],"wp:attachment":[{"href":"https:\/\/www.ch-aubusson.fr\/site\/wp-json\/wp\/v2\/media?parent=1617"}],"curies":[{"name":"wp","href":"https:\/\/api.w.org\/{rel}","templated":true}]}}