{"id":164,"date":"2024-01-11T17:22:47","date_gmt":"2024-01-11T16:22:47","guid":{"rendered":"http:\/\/www.ch-aubusson.fr\/site\/?page_id=164"},"modified":"2024-04-15T11:12:59","modified_gmt":"2024-04-15T09:12:59","slug":"urgences","status":"publish","type":"page","link":"https:\/\/www.ch-aubusson.fr\/site\/urgences\/","title":{"rendered":"Urgences"},"content":{"rendered":"\n<div style=\"height:40px\" aria-hidden=\"true\" class=\"wp-block-spacer\"><\/div>\n\n\n\n<h2 class=\"wp-block-heading\">URGENCES<\/h2>\n\n\n\n<h4 class=\"wp-block-heading urgences\">Le service des Urgences est ouvert <strong>24 heures\/24 et 7 jours\/7<\/strong><br>Il accueille tout patient dont l\u2019\u00e9tat de sant\u00e9 n\u00e9cessite une \u00e9valuation ou un traitement urgent.<\/h4>\n\n\n\n<p class=\"has-black-color has-text-color has-link-color wp-elements-c4a3918fcc10cf841f29d4b69dbcf53f\"><strong>Face \u00e0 l\u2019urgence, ayons les bons r\u00e9flexes !<br><\/strong>Avant d\u2019aller aux urgences, j\u2019appelle le 15, la nuit, le week-end ou en cas d\u2019urgence.<br>En journ\u00e9e, sauf en cas d\u2019urgence, je contacte mon m\u00e9decin traitant.<\/p>\n\n\n\n<div style=\"height:20px\" aria-hidden=\"true\" class=\"wp-block-spacer\"><\/div>\n\n\n\n<p class=\"has-text-align-center has-ast-global-color-5-color has-text-color has-background has-link-color has-medium-font-size wp-elements-a779c5885701818a0e5fa6e2459d1b60\" style=\"background-color:#ee0000\">URGENCES DU CENTRE HOSPITALIER D\u2019AUBUSSON &#8211; SITE CROIX BLANCHE<br>3, C\u00d4TE RIBI\u00c9RE 23200 MOUTIER-ROZEILLE<br><strong>05 55 83 60 60<\/strong><br><br><a href=\"https:\/\/www.ch-aubusson.fr\/site\/localisation\/#cb\" data-type=\"page\" data-id=\"253\" target=\"_blank\" rel=\"noreferrer noopener\">Plan d&#8217;acc\u00e8s<\/a><\/p>\n\n\n\n<div style=\"height:40px\" aria-hidden=\"true\" class=\"wp-block-spacer\"><\/div>\n\n\n<div id=\"metaslider-id-1277\" style=\"width: 100%;\" class=\"ml-slider-3-99-0 metaslider metaslider-flex metaslider-1277 ml-slider ms-theme-default\" role=\"region\" aria-label=\"Urgences\" data-width=\"1000\">\n    <div id=\"metaslider_container_1277\">\n        <div id=\"metaslider_1277\">\n            <ul class='slides'>\n                <li style=\"display: block; width: 100%;\" class=\"slide-1280 ms-image \" aria-roledescription=\"slide\" data-date=\"2024-01-26 11:27:14\"><img loading=\"lazy\" decoding=\"async\" src=\"https:\/\/www.ch-aubusson.fr\/site\/wp-content\/uploads\/2024\/01\/ES4A0258-scaled-1000x300.jpg\" height=\"300\" width=\"1000\" alt=\"\" class=\"slider-1277 slide-1280 msDefaultImage\" title=\"ES4A0258\" \/><\/li>\n                <li style=\"display: none; width: 100%;\" class=\"slide-1286 ms-image \" aria-roledescription=\"slide\" data-date=\"2024-01-26 11:27:37\"><img loading=\"lazy\" decoding=\"async\" src=\"https:\/\/www.ch-aubusson.fr\/site\/wp-content\/uploads\/2024\/01\/ES4A0362-scaled-1000x300.jpg\" height=\"300\" width=\"1000\" alt=\"\" class=\"slider-1277 slide-1286 msDefaultImage\" title=\"ES4A0362\" \/><\/li>\n                <li style=\"display: none; width: 100%;\" class=\"slide-1287 ms-image \" aria-roledescription=\"slide\" data-date=\"2024-01-26 11:27:48\"><img loading=\"lazy\" decoding=\"async\" src=\"https:\/\/www.ch-aubusson.fr\/site\/wp-content\/uploads\/2024\/01\/ES4A0364-scaled-1000x300.jpg\" height=\"300\" width=\"1000\" alt=\"\" class=\"slider-1277 slide-1287 msDefaultImage\" title=\"ES4A0364\" \/><\/li>\n                <li style=\"display: none; width: 100%;\" class=\"slide-1288 ms-image \" aria-roledescription=\"slide\" data-date=\"2024-01-26 11:27:56\"><img loading=\"lazy\" decoding=\"async\" src=\"https:\/\/www.ch-aubusson.fr\/site\/wp-content\/uploads\/2024\/01\/ES4A0366-scaled-1000x300.jpg\" height=\"300\" width=\"1000\" alt=\"\" class=\"slider-1277 slide-1288 msDefaultImage\" title=\"ES4A0366\" \/><\/li>\n                <li style=\"display: none; width: 100%;\" class=\"slide-1289 ms-image \" aria-roledescription=\"slide\" data-date=\"2024-01-26 11:28:00\"><img loading=\"lazy\" decoding=\"async\" src=\"https:\/\/www.ch-aubusson.fr\/site\/wp-content\/uploads\/2024\/01\/ES4A0370-scaled-1000x300.jpg\" height=\"300\" width=\"1000\" alt=\"\" class=\"slider-1277 slide-1289 msDefaultImage\" title=\"ES4A0370\" \/><\/li>\n            <\/ul>\n        <\/div>\n        \n    <\/div>\n<\/div>\n\n\n\n<div style=\"height:40px\" aria-hidden=\"true\" class=\"wp-block-spacer\"><\/div>\n\n\n\n<h1 class=\"wp-block-heading has-ast-global-color-5-color has-vivid-red-background-color has-text-color has-background has-link-color wp-elements-48b15f817f0e8b0fe573b95c3a0057cd\">ADMISSIoN<\/h1>\n\n\n\n<p><strong>\u00c0 votre arriv\u00e9e, vous devez vous pr\u00e9senter aux agents d&#8217;accueil<\/strong><\/p>\n\n\n\n<ul class=\"wp-block-list\">\n<li>Avec votre pi\u00e8ce d\u2019identit\u00e9 : carte nationale d\u2019identit\u00e9, passeport<\/li>\n\n\n\n<li>Avec votre carte d\u2019assur\u00e9 social : carte vitale<\/li>\n\n\n\n<li>Avec votre carte de mutuelle ou attestation CMU en cours de validit\u00e9<\/li>\n\n\n\n<li>Avec vos derni\u00e8res ordonnances et examens<\/li>\n<\/ul>\n\n\n\n<figure class=\"wp-block-image size-full is-resized\"><img loading=\"lazy\" decoding=\"async\" width=\"789\" height=\"209\" src=\"https:\/\/www.ch-aubusson.fr\/site\/wp-content\/uploads\/2024\/02\/Capture-decran-2024-02-22-145206.png\" alt=\"\" class=\"wp-image-3321\" style=\"width:625px;height:auto\" srcset=\"https:\/\/www.ch-aubusson.fr\/site\/wp-content\/uploads\/2024\/02\/Capture-decran-2024-02-22-145206.png 789w, https:\/\/www.ch-aubusson.fr\/site\/wp-content\/uploads\/2024\/02\/Capture-decran-2024-02-22-145206-300x79.png 300w, https:\/\/www.ch-aubusson.fr\/site\/wp-content\/uploads\/2024\/02\/Capture-decran-2024-02-22-145206-768x203.png 768w\" sizes=\"auto, (max-width: 789px) 100vw, 789px\" \/><\/figure>\n\n\n\n<p>Pour les patients ne parlant pas fran\u00e7ais, il est recommand\u00e9 de venir accompagn\u00e9 d&#8217;une personne parlant fran\u00e7ais et\/ou anglais afin d&#8217;assurer la traduction.<br>Il est rappel\u00e9 que tout mineur doit \u00eatre accompagn\u00e9 d&#8217;une personne majeure.<\/p>\n\n\n\n<div style=\"height:40px\" aria-hidden=\"true\" class=\"wp-block-spacer\"><\/div>\n\n\n\n<p>Certains motifs de consultation ne relevant pas des urgences peuvent faire l\u2019objet d\u2019une r\u00e9orientation.<br><strong>Il est donc pr\u00e9f\u00e9rable d\u2019appeler le 15 avant de se d\u00e9placer aux urgences.<\/strong><\/p>\n\n\n\n<div style=\"height:40px\" aria-hidden=\"true\" class=\"wp-block-spacer\"><\/div>\n\n\n\n<h1 class=\"wp-block-heading has-ast-global-color-5-color has-vivid-red-background-color has-text-color has-background has-link-color wp-elements-acbd209a7fe9378ed47fa3cc11f9861b\">PRISE EN CHARGE<\/h1>\n\n\n\n<p>A votre arriv\u00e9e, vous serez rapidement \u00e9valu\u00e9 par l\u2019Infirmi\u00e8re d\u2019Accueil et d\u2019Orientation. <br>Son \u00e9valuation permet de <strong>d\u00e9finir le degr\u00e9 d\u2019urgence et la fili\u00e8re de soins adapt\u00e9e \u00e0 chaque prise en charge<\/strong>, et ainsi,&nbsp;de prioriser les urgences vitales ou fonctionnelles.<\/p>\n\n\n\n<div style=\"height:40px\" aria-hidden=\"true\" class=\"wp-block-spacer\"><\/div>\n\n\n\n<h1 class=\"wp-block-heading has-ast-global-color-5-color has-vivid-red-background-color has-text-color has-background has-link-color wp-elements-fcf442731b4fc1875b2fd07a6175592d\">ATTENTE ET ORDRE DE PASSAGE<\/h1>\n\n\n\n<p><strong>L\u2019ordre d\u2019arriv\u00e9e n\u2019est pris en compte que pour des urgences de gravit\u00e9 similaire<\/strong>. Contrairement aux id\u00e9es re\u00e7ues, le mode de transport (pompiers, ambulance vs moyens personnels) n\u2019a aucun impact sur la rapidit\u00e9 de votre prise en charge, car seule la gravit\u00e9 de votre \u00e9tat compte.<\/p>\n\n\n\n<p><strong>Votre dur\u00e9e d\u2019attente ne peut s\u2019estimer pr\u00e9cis\u00e9ment<\/strong>. Elle s\u2019\u00e9value en fonction de diff\u00e9rents crit\u00e8res :<\/p>\n\n\n\n<ul class=\"wp-block-list\">\n<li>du niveau de gravit\u00e9 de votre \u00e9tat ou de votre pathologie,<\/li>\n\n\n\n<li>du nombre de patients d\u00e9j\u00e0 pr\u00e9sents,<\/li>\n\n\n\n<li>de l\u2019arriv\u00e9e ou non d\u2019autres patients en situation plus grave,<\/li>\n\n\n\n<li>de la disponibilit\u00e9 du secteur de prise en charge, adapt\u00e9 \u00e0 votre cas<\/li>\n\n\n\n<li>de la disponibilit\u00e9 des \u00e9quipes m\u00e9dicales et param\u00e9dicales<\/li>\n<\/ul>\n\n\n\n<p class=\"has-vivid-red-color has-text-color has-link-color wp-elements-709834cbcd7d1b0cf1472741d88acc95\"><strong>L\u2019\u00e9quipe du service des Urgences fait tout son possible pour prendre en charge le plus rapidement possible les patients<\/strong>, en commen\u00e7ant par les plus graves. Malgr\u00e9 tout, la saturation des urgences ou de l\u2019h\u00f4pital peuvent allonger votre prise en charge et d\u00e9grader les conditions de votre accueil.<\/p>\n\n\n\n<div style=\"height:40px\" aria-hidden=\"true\" class=\"wp-block-spacer\"><\/div>\n\n\n\n<h1 class=\"wp-block-heading has-ast-global-color-5-color has-vivid-red-background-color has-text-color has-background has-link-color wp-elements-158c94677f84efd0393b4f30b855a6bf\">PLATEAU TECHNIQUE<\/h1>\n\n\n\n<p>Les Urgences comprennent  :<\/p>\n\n\n\n<ul class=\"wp-block-list\">\n<li>Salles d\u2019attente pour les patients valides <\/li>\n\n\n\n<li>5 box d\u2019examens + 1 box p\u00e9diatrique<\/li>\n\n\n\n<li>2 box pour les UHCD<\/li>\n<\/ul>\n\n\n\n<p>Si leur prise en charge le n\u00e9cessite, les patients des urgences b\u00e9n\u00e9ficient du plateau technique du Centre Hospitalier :<\/p>\n\n\n\n<ul class=\"wp-block-list\">\n<li>biologie<\/li>\n\n\n\n<li>salle de radiologie \u00e0 proximit\u00e9<\/li>\n\n\n\n<li>scanner \/ \u00e9chographie \u00e0 proximit\u00e9<\/li>\n\n\n\n<li>ECG<\/li>\n<\/ul>\n\n\n\n<p>Le centre hospitalier d&#8217;Aubusson peut avoir recours \u00e0 la <strong>t\u00e9l\u00e9radiologie <\/strong>: <br>La&nbsp;t\u00e9l\u00e9radiologie&nbsp;permet ainsi au m\u00e9decin en contact direct avec le patient (&#8216;praticien de proximit\u00e9&#8217;) de disposer de l&#8217;avis d&#8217;un m\u00e9decin radiologue situ\u00e9 \u00e0 distance du lieu de r\u00e9alisation de l&#8217;examen radiologique (\u00ab&nbsp;t\u00e9l\u00e9radiologue&nbsp;\u00bb).<\/p>\n\n\n\n<div style=\"height:40px\" aria-hidden=\"true\" class=\"wp-block-spacer\"><\/div>\n\n\n\n<h1 class=\"wp-block-heading has-ast-global-color-5-color has-vivid-red-background-color has-text-color has-background has-link-color wp-elements-27a50789946c0857241aa0fdbe6cbc01\">PRATICIENS<\/h1>\n\n\n<div class='rt-container-fluid rt-team-container rt-pos-r rt-team-container-3377' id='rt-team-container-2107876561'  data-layout='layout2' data-desktop-col='3'  data-tab-col='2'  data-mobile-col='1' data-sc-id='3377' data-popup-bg=''><div data-title='Loading ...' class='rt-row rt-content-loader layout2 ttp-even ttp-pre-loader'><div class=\"rt-col-md-4 rt-col-sm-6 rt-col-xs-12  even-grid-item rt-grid-item\" data-id=\"3373\"><div class=\"single-team-area\"><div class=\"img-area rt-col-sm-4 rt-col-xs-4 \"><figure><img loading=\"lazy\" decoding=\"async\" width=\"160\" height=\"160\" class=\"default-img\" src=\"https:\/\/www.ch-aubusson.fr\/site\/wp-content\/plugins\/tlp-team\/assets\/images\/demo.jpg\" alt=\"Default Image\" \/><\/figure><\/div><div class=\"rttm-content-area rt-col-sm-8 rt-col-xs-8 \"><h3><span class=\"team-name\">Docteur AIT AHCENE Karim<\/span><\/h3><div class=\"short-bio\"><p>M\u00e9decin Urgentiste<\/p>\n<\/div><\/div><\/div><\/div><div class=\"rt-col-md-4 rt-col-sm-6 rt-col-xs-12  even-grid-item rt-grid-item\" data-id=\"3370\"><div class=\"single-team-area\"><div class=\"img-area rt-col-sm-4 rt-col-xs-4 \"><figure><img loading=\"lazy\" decoding=\"async\" width=\"160\" height=\"160\" class=\"default-img\" src=\"https:\/\/www.ch-aubusson.fr\/site\/wp-content\/plugins\/tlp-team\/assets\/images\/demo.jpg\" alt=\"Default Image\" \/><\/figure><\/div><div class=\"rttm-content-area rt-col-sm-8 rt-col-xs-8 \"><h3><span class=\"team-name\">Docteur AWADA Maher<\/span><\/h3><div class=\"short-bio\"><p>M\u00e9decin Urgentiste<br \/>\nChef de service<\/p>\n<\/div><\/div><\/div><\/div><div class=\"rt-col-md-4 rt-col-sm-6 rt-col-xs-12  even-grid-item rt-grid-item\" data-id=\"3372\"><div class=\"single-team-area\"><div class=\"img-area rt-col-sm-4 rt-col-xs-4 \"><figure><img loading=\"lazy\" decoding=\"async\" width=\"160\" height=\"160\" class=\"default-img\" src=\"https:\/\/www.ch-aubusson.fr\/site\/wp-content\/plugins\/tlp-team\/assets\/images\/demo.jpg\" alt=\"Default Image\" \/><\/figure><\/div><div class=\"rttm-content-area rt-col-sm-8 rt-col-xs-8 \"><h3><span class=\"team-name\">Docteur BUGEON Michel<\/span><\/h3><div class=\"short-bio\"><p>M\u00e9decin Urgentiste<\/p>\n<\/div><\/div><\/div><\/div><div class=\"rt-col-md-4 rt-col-sm-6 rt-col-xs-12  even-grid-item rt-grid-item\" data-id=\"3375\"><div class=\"single-team-area\"><div class=\"img-area rt-col-sm-4 rt-col-xs-4 \"><figure><img loading=\"lazy\" decoding=\"async\" width=\"160\" height=\"160\" class=\"default-img\" src=\"https:\/\/www.ch-aubusson.fr\/site\/wp-content\/plugins\/tlp-team\/assets\/images\/demo.jpg\" alt=\"Default Image\" \/><\/figure><\/div><div class=\"rttm-content-area rt-col-sm-8 rt-col-xs-8 \"><h3><span class=\"team-name\">Docteur DIABIRA Dikiat\u00e9<\/span><\/h3><div class=\"short-bio\"><p>M\u00e9decin Urgentiste<\/p>\n<\/div><\/div><\/div><\/div><div class=\"rt-col-md-4 rt-col-sm-6 rt-col-xs-12  even-grid-item rt-grid-item\" data-id=\"3376\"><div class=\"single-team-area\"><div class=\"img-area rt-col-sm-4 rt-col-xs-4 \"><figure><img loading=\"lazy\" decoding=\"async\" width=\"160\" height=\"160\" class=\"default-img\" src=\"https:\/\/www.ch-aubusson.fr\/site\/wp-content\/plugins\/tlp-team\/assets\/images\/demo.jpg\" alt=\"Default Image\" \/><\/figure><\/div><div class=\"rttm-content-area rt-col-sm-8 rt-col-xs-8 \"><h3><span class=\"team-name\">Docteur El FOUISSI Abdelmalek<\/span><\/h3><div class=\"short-bio\"><p>M\u00e9decin Urgentiste<\/p>\n<\/div><\/div><\/div><\/div><div class=\"rt-col-md-4 rt-col-sm-6 rt-col-xs-12  even-grid-item rt-grid-item\" data-id=\"3371\"><div class=\"single-team-area\"><div class=\"img-area rt-col-sm-4 rt-col-xs-4 \"><figure><img loading=\"lazy\" decoding=\"async\" width=\"160\" height=\"160\" class=\"default-img\" src=\"https:\/\/www.ch-aubusson.fr\/site\/wp-content\/plugins\/tlp-team\/assets\/images\/demo.jpg\" alt=\"Default Image\" \/><\/figure><\/div><div class=\"rttm-content-area rt-col-sm-8 rt-col-xs-8 \"><h3><span class=\"team-name\">Docteur IBRAHIM Helmy<\/span><\/h3><div class=\"short-bio\"><p>M\u00e9decin Urgentiste<\/p>\n<\/div><\/div><\/div><\/div><div class=\"rt-col-md-4 rt-col-sm-6 rt-col-xs-12  even-grid-item rt-grid-item\" data-id=\"3374\"><div class=\"single-team-area\"><div class=\"img-area rt-col-sm-4 rt-col-xs-4 \"><figure><img loading=\"lazy\" decoding=\"async\" width=\"160\" height=\"160\" class=\"default-img\" src=\"https:\/\/www.ch-aubusson.fr\/site\/wp-content\/plugins\/tlp-team\/assets\/images\/demo.jpg\" alt=\"Default Image\" \/><\/figure><\/div><div class=\"rttm-content-area rt-col-sm-8 rt-col-xs-8 \"><h3><span class=\"team-name\">Docteur MAVOVA BIDI Jacques<\/span><\/h3><div class=\"short-bio\"><p>M\u00e9decin Urgentiste<\/p>\n<\/div><\/div><\/div><\/div><div class=\"rt-loading-overlay\"><\/div><div class=\"rt-loading rt-ball-clip-rotate\"><div><\/div><\/div><\/div><\/div>\n\n\n\n<div style=\"height:100px\" aria-hidden=\"true\" class=\"wp-block-spacer\"><\/div>\n","protected":false},"excerpt":{"rendered":"<p>URGENCES Le service des Urgences est ouvert 24 heures\/24 et 7 jours\/7Il accueille tout patient dont l\u2019\u00e9tat de sant\u00e9 n\u00e9cessite [&hellip;]<\/p>\n","protected":false},"author":3,"featured_media":0,"parent":0,"menu_order":0,"comment_status":"closed","ping_status":"closed","template":"","meta":{"site-sidebar-layout":"default","site-content-layout":"","ast-site-content-layout":"","site-content-style":"default","site-sidebar-style":"default","ast-global-header-display":"","ast-banner-title-visibility":"","ast-main-header-display":"","ast-hfb-above-header-display":"","ast-hfb-below-header-display":"","ast-hfb-mobile-header-display":"","site-post-title":"disabled","ast-breadcrumbs-content":"","ast-featured-img":"","footer-sml-layout":"","theme-transparent-header-meta":"","adv-header-id-meta":"","stick-header-meta":"","header-above-stick-meta":"","header-main-stick-meta":"","header-below-stick-meta":"","astra-migrate-meta-layouts":"default","ast-page-background-enabled":"default","ast-page-background-meta":{"desktop":{"background-color":"var(--ast-global-color-4)","background-image":"","background-repeat":"repeat","background-position":"center center","background-size":"auto","background-attachment":"scroll","background-type":"","background-media":"","overlay-type":"","overlay-color":"","overlay-opacity":"","overlay-gradient":""},"tablet":{"background-color":"","background-image":"","background-repeat":"repeat","background-position":"center center","background-size":"auto","background-attachment":"scroll","background-type":"","background-media":"","overlay-type":"","overlay-color":"","overlay-opacity":"","overlay-gradient":""},"mobile":{"background-color":"","background-image":"","background-repeat":"repeat","background-position":"center center","background-size":"auto","background-attachment":"scroll","background-type":"","background-media":"","overlay-type":"","overlay-color":"","overlay-opacity":"","overlay-gradient":""}},"ast-content-background-meta":{"desktop":{"background-color":"var(--ast-global-color-5)","background-image":"","background-repeat":"repeat","background-position":"center center","background-size":"auto","background-attachment":"scroll","background-type":"","background-media":"","overlay-type":"","overlay-color":"","overlay-opacity":"","overlay-gradient":""},"tablet":{"background-color":"var(--ast-global-color-5)","background-image":"","background-repeat":"repeat","background-position":"center center","background-size":"auto","background-attachment":"scroll","background-type":"","background-media":"","overlay-type":"","overlay-color":"","overlay-opacity":"","overlay-gradient":""},"mobile":{"background-color":"var(--ast-global-color-5)","background-image":"","background-repeat":"repeat","background-position":"center center","background-size":"auto","background-attachment":"scroll","background-type":"","background-media":"","overlay-type":"","overlay-color":"","overlay-opacity":"","overlay-gradient":""}},"footnotes":""},"class_list":["post-164","page","type-page","status-publish","hentry"],"yoast_head":"<!-- This site is optimized with the Yoast SEO plugin v25.5 - https:\/\/yoast.com\/wordpress\/plugins\/seo\/ -->\n<title>Urgences -<\/title>\n<meta name=\"robots\" content=\"index, follow, max-snippet:-1, max-image-preview:large, max-video-preview:-1\" \/>\n<link rel=\"canonical\" href=\"https:\/\/www.ch-aubusson.fr\/site\/urgences\/\" \/>\n<meta property=\"og:locale\" content=\"fr_FR\" \/>\n<meta property=\"og:type\" content=\"article\" \/>\n<meta property=\"og:title\" content=\"Urgences -\" \/>\n<meta property=\"og:description\" content=\"URGENCES Le service des Urgences est ouvert 24 heures\/24 et 7 jours\/7Il accueille tout patient dont l\u2019\u00e9tat de sant\u00e9 n\u00e9cessite [&hellip;]\" \/>\n<meta property=\"og:url\" content=\"https:\/\/www.ch-aubusson.fr\/site\/urgences\/\" \/>\n<meta property=\"article:publisher\" content=\"https:\/\/www.facebook.com\/people\/Centre-Hospitalier-dAubusson\/100064042814456\/\" \/>\n<meta property=\"article:modified_time\" content=\"2024-04-15T09:12:59+00:00\" \/>\n<meta property=\"og:image\" content=\"http:\/\/www.ch-aubusson.fr\/site\/wp-content\/uploads\/2024\/02\/Capture-decran-2024-02-22-145206.png\" \/>\n<meta name=\"twitter:card\" content=\"summary_large_image\" \/>\n<meta name=\"twitter:label1\" content=\"Dur\u00e9e de lecture estim\u00e9e\" \/>\n\t<meta name=\"twitter:data1\" content=\"3 minutes\" \/>\n<!-- \/ Yoast SEO plugin. -->","yoast_head_json":{"title":"Urgences -","robots":{"index":"index","follow":"follow","max-snippet":"max-snippet:-1","max-image-preview":"max-image-preview:large","max-video-preview":"max-video-preview:-1"},"canonical":"https:\/\/www.ch-aubusson.fr\/site\/urgences\/","og_locale":"fr_FR","og_type":"article","og_title":"Urgences -","og_description":"URGENCES Le service des Urgences est ouvert 24 heures\/24 et 7 jours\/7Il accueille tout patient dont l\u2019\u00e9tat de sant\u00e9 n\u00e9cessite [&hellip;]","og_url":"https:\/\/www.ch-aubusson.fr\/site\/urgences\/","article_publisher":"https:\/\/www.facebook.com\/people\/Centre-Hospitalier-dAubusson\/100064042814456\/","article_modified_time":"2024-04-15T09:12:59+00:00","og_image":[{"url":"http:\/\/www.ch-aubusson.fr\/site\/wp-content\/uploads\/2024\/02\/Capture-decran-2024-02-22-145206.png","type":"","width":"","height":""}],"twitter_card":"summary_large_image","twitter_misc":{"Dur\u00e9e de lecture estim\u00e9e":"3 minutes"},"schema":{"@context":"https:\/\/schema.org","@graph":[{"@type":"WebPage","@id":"https:\/\/www.ch-aubusson.fr\/site\/urgences\/","url":"https:\/\/www.ch-aubusson.fr\/site\/urgences\/","name":"Urgences -","isPartOf":{"@id":"https:\/\/www.ch-aubusson.fr\/site\/#website"},"primaryImageOfPage":{"@id":"https:\/\/www.ch-aubusson.fr\/site\/urgences\/#primaryimage"},"image":{"@id":"https:\/\/www.ch-aubusson.fr\/site\/urgences\/#primaryimage"},"thumbnailUrl":"http:\/\/www.ch-aubusson.fr\/site\/wp-content\/uploads\/2024\/02\/Capture-decran-2024-02-22-145206.png","datePublished":"2024-01-11T16:22:47+00:00","dateModified":"2024-04-15T09:12:59+00:00","breadcrumb":{"@id":"https:\/\/www.ch-aubusson.fr\/site\/urgences\/#breadcrumb"},"inLanguage":"fr-FR","potentialAction":[{"@type":"ReadAction","target":["https:\/\/www.ch-aubusson.fr\/site\/urgences\/"]}]},{"@type":"ImageObject","inLanguage":"fr-FR","@id":"https:\/\/www.ch-aubusson.fr\/site\/urgences\/#primaryimage","url":"https:\/\/www.ch-aubusson.fr\/site\/wp-content\/uploads\/2024\/02\/Capture-decran-2024-02-22-145206.png","contentUrl":"https:\/\/www.ch-aubusson.fr\/site\/wp-content\/uploads\/2024\/02\/Capture-decran-2024-02-22-145206.png","width":789,"height":209},{"@type":"BreadcrumbList","@id":"https:\/\/www.ch-aubusson.fr\/site\/urgences\/#breadcrumb","itemListElement":[{"@type":"ListItem","position":1,"name":"Accueil","item":"https:\/\/www.ch-aubusson.fr\/site\/"},{"@type":"ListItem","position":2,"name":"Urgences"}]},{"@type":"WebSite","@id":"https:\/\/www.ch-aubusson.fr\/site\/#website","url":"https:\/\/www.ch-aubusson.fr\/site\/","name":"Centre Hospitalier d'Aubusson","description":"","publisher":{"@id":"https:\/\/www.ch-aubusson.fr\/site\/#organization"},"potentialAction":[{"@type":"SearchAction","target":{"@type":"EntryPoint","urlTemplate":"https:\/\/www.ch-aubusson.fr\/site\/?s={search_term_string}"},"query-input":{"@type":"PropertyValueSpecification","valueRequired":true,"valueName":"search_term_string"}}],"inLanguage":"fr-FR"},{"@type":"Organization","@id":"https:\/\/www.ch-aubusson.fr\/site\/#organization","name":"Centre Hospitalier d'Aubusson","url":"https:\/\/www.ch-aubusson.fr\/site\/","logo":{"@type":"ImageObject","inLanguage":"fr-FR","@id":"https:\/\/www.ch-aubusson.fr\/site\/#\/schema\/logo\/image\/","url":"https:\/\/www.ch-aubusson.fr\/site\/wp-content\/uploads\/2024\/01\/cropped-LogoCentreHospitalier_Vertical_3Tonos-2.png","contentUrl":"https:\/\/www.ch-aubusson.fr\/site\/wp-content\/uploads\/2024\/01\/cropped-LogoCentreHospitalier_Vertical_3Tonos-2.png","width":800,"height":654,"caption":"Centre Hospitalier d'Aubusson"},"image":{"@id":"https:\/\/www.ch-aubusson.fr\/site\/#\/schema\/logo\/image\/"},"sameAs":["https:\/\/www.facebook.com\/people\/Centre-Hospitalier-dAubusson\/100064042814456\/","https:\/\/www.linkedin.com\/company\/ch-aubusson"]}]}},"_links":{"self":[{"href":"https:\/\/www.ch-aubusson.fr\/site\/wp-json\/wp\/v2\/pages\/164","targetHints":{"allow":["GET"]}}],"collection":[{"href":"https:\/\/www.ch-aubusson.fr\/site\/wp-json\/wp\/v2\/pages"}],"about":[{"href":"https:\/\/www.ch-aubusson.fr\/site\/wp-json\/wp\/v2\/types\/page"}],"author":[{"embeddable":true,"href":"https:\/\/www.ch-aubusson.fr\/site\/wp-json\/wp\/v2\/users\/3"}],"replies":[{"embeddable":true,"href":"https:\/\/www.ch-aubusson.fr\/site\/wp-json\/wp\/v2\/comments?post=164"}],"version-history":[{"count":126,"href":"https:\/\/www.ch-aubusson.fr\/site\/wp-json\/wp\/v2\/pages\/164\/revisions"}],"predecessor-version":[{"id":5092,"href":"https:\/\/www.ch-aubusson.fr\/site\/wp-json\/wp\/v2\/pages\/164\/revisions\/5092"}],"wp:attachment":[{"href":"https:\/\/www.ch-aubusson.fr\/site\/wp-json\/wp\/v2\/media?parent=164"}],"curies":[{"name":"wp","href":"https:\/\/api.w.org\/{rel}","templated":true}]}}