{"id":165,"date":"2024-01-11T17:22:47","date_gmt":"2024-01-11T16:22:47","guid":{"rendered":"http:\/\/www.ch-aubusson.fr\/site\/?page_id=165"},"modified":"2024-05-03T09:49:15","modified_gmt":"2024-05-03T07:49:15","slug":"imagerie-medicale","status":"publish","type":"page","link":"https:\/\/www.ch-aubusson.fr\/site\/imagerie-medicale\/","title":{"rendered":"Imagerie m\u00e9dicale"},"content":{"rendered":"\n<div style=\"height:40px\" aria-hidden=\"true\" class=\"wp-block-spacer\"><\/div>\n\n\n\n<h2 class=\"wp-block-heading\">IMAGERIE ET RADIOLOGIE<\/h2>\n\n\n\n<h4 class=\"wp-block-heading presentation\">Le Service IMagerie vous permet de passer des examens radiologiques conventionnels et par imagerie m\u00e9dicale (scanner, irm)<\/h4>\n\n\n\n<p class=\"capacite\">Sur rendez-vous du lundi au vendredi de 8h30 \u00e0 17h<br>IRM les jeudis sur le site du Mont<\/p>\n\n\n\n<p><\/p>\n\n\n\n<p class=\"has-text-align-left\"><a href=\"https:\/\/www.ch-aubusson.fr\/site\/localisation\/#cb\">3 c\u00f4te Ribi\u00e8re, 23200 Moutier-Rozeille<\/a><br><img loading=\"lazy\" decoding=\"async\" width=\"20\" height=\"20\" class=\"wp-image-1166\" style=\"width: 20px;\" src=\"https:\/\/www.ch-aubusson.fr\/site\/wp-content\/uploads\/2024\/01\/telephone-ch-e1706177990867.png\" alt=\"\"> 05 55 83 60 90<br><img loading=\"lazy\" decoding=\"async\" width=\"20\" height=\"20\" class=\"wp-image-1296\" style=\"width: 20px;\" src=\"https:\/\/www.ch-aubusson.fr\/site\/wp-content\/uploads\/2024\/01\/email-ch-1-e1706265910900.png\" alt=\"\"> secimagerie@ch-aubusson.fr<\/p>\n\n\n\n<div style=\"height:40px\" aria-hidden=\"true\" class=\"wp-block-spacer\"><\/div>\n\n\n<div id=\"metaslider-id-1496\" style=\"width: 100%;\" class=\"ml-slider-3-99-0 metaslider metaslider-flex metaslider-1496 ml-slider ms-theme-default\" role=\"region\" aria-label=\"Service Imagerie\" data-width=\"1000\">\n    <div id=\"metaslider_container_1496\">\n        <div id=\"metaslider_1496\">\n            <ul class='slides'>\n                <li style=\"display: block; width: 100%;\" class=\"slide-1497 ms-image \" aria-roledescription=\"slide\" data-date=\"2024-01-29 13:28:01\"><img loading=\"lazy\" decoding=\"async\" src=\"https:\/\/www.ch-aubusson.fr\/site\/wp-content\/uploads\/2024\/03\/ES4A0323-scaled-1000x300.jpg\" height=\"300\" width=\"1000\" alt=\"\" class=\"slider-1496 slide-1497 msDefaultImage\" title=\"ES4A0323\" \/><\/li>\n                <li style=\"display: none; width: 100%;\" class=\"slide-1499 ms-image \" aria-roledescription=\"slide\" data-date=\"2024-01-29 13:28:59\"><img loading=\"lazy\" decoding=\"async\" src=\"https:\/\/www.ch-aubusson.fr\/site\/wp-content\/uploads\/2024\/03\/ES4A0672-scaled-1000x300.jpg\" height=\"300\" width=\"1000\" alt=\"\" class=\"slider-1496 slide-1499 msDefaultImage\" title=\"ES4A0672\" \/><\/li>\n                <li style=\"display: none; width: 100%;\" class=\"slide-1515 ms-image \" aria-roledescription=\"slide\" data-date=\"2024-01-29 14:10:31\"><img loading=\"lazy\" decoding=\"async\" src=\"https:\/\/www.ch-aubusson.fr\/site\/wp-content\/uploads\/2024\/03\/ES4A0297-scaled-1000x300.jpg\" height=\"300\" width=\"1000\" alt=\"\" class=\"slider-1496 slide-1515 msDefaultImage\" title=\"ES4A0297\" \/><\/li>\n            <\/ul>\n        <\/div>\n        \n    <\/div>\n<\/div>\n\n\n\n<div style=\"height:40px\" aria-hidden=\"true\" class=\"wp-block-spacer\"><\/div>\n\n\n\n<h1 class=\"wp-block-heading has-ast-global-color-5-color has-text-color has-background has-link-color wp-elements-1ada908c0bd24e2c7caa62be98df992a\" style=\"background-color:#243466\">ADMISSION<\/h1>\n\n\n\n<p><strong>\u00c0 votre arriv\u00e9e, vous devez vous pr\u00e9senter aux agents d\u2019accueil<\/strong><\/p>\n\n\n\n<ul class=\"wp-block-list\">\n<li>Avec votre pi\u00e8ce d\u2019identit\u00e9 : carte nationale d\u2019identit\u00e9, passeport<\/li>\n\n\n\n<li>Avec votre carte d\u2019assur\u00e9 social : carte vitale<\/li>\n\n\n\n<li>Avec votre carte de mutuelle ou attestation CMU en cours de validit\u00e9<\/li>\n\n\n\n<li>Avec vos derni\u00e8res ordonnances et examens<\/li>\n<\/ul>\n\n\n\n<figure class=\"wp-block-image\"><img loading=\"lazy\" decoding=\"async\" width=\"789\" height=\"209\" src=\"https:\/\/www.ch-aubusson.fr\/site\/wp-content\/uploads\/2024\/02\/Capture-decran-2024-02-22-145206.png\" alt=\"\" class=\"wp-image-3321\" srcset=\"https:\/\/www.ch-aubusson.fr\/site\/wp-content\/uploads\/2024\/02\/Capture-decran-2024-02-22-145206.png 789w, https:\/\/www.ch-aubusson.fr\/site\/wp-content\/uploads\/2024\/02\/Capture-decran-2024-02-22-145206-300x79.png 300w, https:\/\/www.ch-aubusson.fr\/site\/wp-content\/uploads\/2024\/02\/Capture-decran-2024-02-22-145206-768x203.png 768w\" sizes=\"auto, (max-width: 789px) 100vw, 789px\" \/><\/figure>\n\n\n\n<p>Pour les patients ne parlant pas fran\u00e7ais, il est recommand\u00e9 de venir accompagn\u00e9e d\u2019une personne parlant fran\u00e7ais et\/ou anglais afin d\u2019assurer la traduction.<br>Il est rappel\u00e9 que tout mineur doit \u00eatre accompagn\u00e9 d\u2019une personne majeure.<\/p>\n\n\n\n<div style=\"height:40px\" aria-hidden=\"true\" class=\"wp-block-spacer\"><\/div>\n\n\n\n<h1 class=\"wp-block-heading has-ast-global-color-5-color has-text-color has-background has-link-color wp-elements-31a500d1d5c073a8130f8662491a3f31\" style=\"background-color:#243466\">PLATEAU TECHNIQUE<\/h1>\n\n\n\n<ul class=\"wp-block-list\">\n<li>Scanner Aquilion Prime derni\u00e8re g\u00e9n\u00e9ration avec intelligence artificiel int\u00e9gr\u00e9 (Canon)<\/li>\n\n\n\n<li>Table de radiographie dynamique D2RS 90\/90 (Stephanix- France)<\/li>\n\n\n\n<li>Syst\u00e8me de radiographie mobile Movix DReamy (Stephanix &#8211; France)<\/li>\n\n\n\n<li>\u00c9chographe Aplio a450 (Canon)<\/li>\n\n\n\n<li>Ost\u00e9odensitom\u00e9tre Hologic Horizon (Stephanix &#8211; France)<\/li>\n\n\n\n<li>Mammographe Selenia Dimension 3D (Stephanix &#8211; France)<\/li>\n\n\n\n<li>IRM mobile (uniquement les jeudis, sur le site du Mont)<\/li>\n<\/ul>\n\n\n\n<div style=\"height:40px\" aria-hidden=\"true\" class=\"wp-block-spacer\"><\/div>\n\n\n\n<h1 class=\"wp-block-heading has-ast-global-color-5-color has-text-color has-background has-link-color wp-elements-e7dc2a599f363721240e791790a191f9\" style=\"background-color:#243466\">NOS PRATICIENS<\/h1>\n\n\n<div class='rt-container-fluid rt-team-container rt-pos-r rt-team-container-3346' id='rt-team-container-227611472'  data-layout='layout2' data-desktop-col='2'  data-tab-col='2'  data-mobile-col='1' data-sc-id='3346' data-popup-bg=''><div data-title='Loading ...' class='rt-row rt-content-loader layout2 ttp-even ttp-pre-loader'><div class=\"rt-col-md-6 rt-col-sm-6 rt-col-xs-12  even-grid-item rt-grid-item\" data-id=\"3345\"><div class=\"single-team-area\"><div class=\"img-area rt-col-sm-4 rt-col-xs-4 \"><figure><img loading=\"lazy\" decoding=\"async\" width=\"150\" height=\"150\" src=\"https:\/\/www.ch-aubusson.fr\/site\/wp-content\/uploads\/2024\/01\/Dr-Rabenandrasana-150x150.png\" class=\"img-responsive rt-team-img\" alt=\"Docteur El YAMANI M&#8217;Hamed\" \/><\/figure><\/div><div class=\"rttm-content-area rt-col-sm-8 rt-col-xs-8 \"><h3><span class=\"team-name\">Docteur El YAMANI M&#8217;Hamed<\/span><\/h3><div class=\"short-bio\"><p>Radiologue<\/p>\n<\/div><\/div><\/div><\/div><div class=\"rt-loading-overlay\"><\/div><div class=\"rt-loading rt-ball-clip-rotate\"><div><\/div><\/div><\/div><\/div>\n\n\n\n<div style=\"height:40px\" aria-hidden=\"true\" class=\"wp-block-spacer\"><\/div>\n\n\n\n<h1 class=\"wp-block-heading has-ast-global-color-5-color has-text-color has-background has-link-color wp-elements-13758b6d8c87bfe6062b5d7550d53481\" style=\"background-color:#243466\">PRISE DE RENDEZ-VOUS<\/h1>\n\n\n\n<p>Munissez vous de votre ordonnance et composez le 05.55.83.60.90, notre agent d&#8217;accueil fixera avec vous la date de rendez-vous. Il vous donnera \u00e9galement les consignes n\u00e9cessaires au bon d\u00e9roulement de votre examen.<\/p>\n\n\n\n<div style=\"height:40px\" aria-hidden=\"true\" class=\"wp-block-spacer\"><\/div>\n\n\n\n<h1 class=\"wp-block-heading has-ast-global-color-5-color has-text-color has-background has-link-color wp-elements-f2f52e7e7704d953111f9d54fdcb2dd3\" style=\"background-color:#243466\">LE JOUR DE L&#8217;EXAMEN<\/h1>\n\n\n\n<p>Pr\u00e9sentez vous au secr\u00e9tariat de l&#8217;imagerie (suivre la ligne rouge en arrivant \u00e0 l&#8217;accueil du Centre Hospitalier, site de la Croix Blanche), veillez \u00e0 vous munir de votre ordonnance, de votre carte d&#8217;identit\u00e9, de votre carte de mutuelle. Attention : certains examens n\u00e9cessitent des bilans sanguins.<\/p>\n\n\n\n<div style=\"height:40px\" aria-hidden=\"true\" class=\"wp-block-spacer\"><\/div>\n\n\n\n<h1 class=\"wp-block-heading has-ast-global-color-5-color has-text-color has-background has-link-color wp-elements-5da9bb480d76837d95abfe9fb14fbf2f\" style=\"background-color:#243466\">L&#8217;EXAMEN<\/h1>\n\n\n\n<p>Notre \u00e9quipe de manipulateurs en radiologie vous prendra en charge et vous installera pour r\u00e9aliser l&#8217;examen.<\/p>\n\n\n\n<div style=\"height:40px\" aria-hidden=\"true\" class=\"wp-block-spacer\"><\/div>\n\n\n\n<h1 class=\"wp-block-heading has-ast-global-color-5-color has-text-color has-background has-link-color wp-elements-cec70905010b53ec5e4f6f0a0eca32dd\" style=\"background-color:#243466\">LES R\u00c9SULTATS<\/h1>\n\n\n\n<p class=\"has-black-color has-text-color has-link-color wp-elements-2b95fb4afac13eb387ae8523a68f9ff9\">Notre \u00e9quipe de secr\u00e9taires vous remettra lors de votre accueil un document vous expliquant comment r\u00e9cup\u00e9rer vos r\u00e9sultats d&#8217;examens sous 48h \u00e0 l&#8217;adresse :<br><a href=\"https:\/\/imagerie.ch-aubusson.fr\">https:\/\/imagerie.ch-aubusson.fr<\/a><\/p>\n\n\n\n<div style=\"height:100px\" aria-hidden=\"true\" class=\"wp-block-spacer\"><\/div>\n\n\n\n<figure class=\"wp-block-image aligncenter size-full\"><img loading=\"lazy\" decoding=\"async\" width=\"558\" height=\"798\" src=\"https:\/\/www.ch-aubusson.fr\/site\/wp-content\/uploads\/2024\/05\/flyer_imagerie.png\" alt=\"\" class=\"wp-image-5237\" srcset=\"https:\/\/www.ch-aubusson.fr\/site\/wp-content\/uploads\/2024\/05\/flyer_imagerie.png 558w, https:\/\/www.ch-aubusson.fr\/site\/wp-content\/uploads\/2024\/05\/flyer_imagerie-210x300.png 210w\" sizes=\"auto, (max-width: 558px) 100vw, 558px\" \/><\/figure>\n\n\n\n<div style=\"height:40px\" aria-hidden=\"true\" class=\"wp-block-spacer\"><\/div>\n\n\n\n<h1 class=\"wp-block-heading has-ast-global-color-5-color has-text-color has-background has-link-color wp-elements-54153a5dd9164578c535980046ccc87f\" style=\"background-color:#243466\">T\u00c9L\u00c9CHARGEMENT<\/h1>\n\n\n\n<p><img loading=\"lazy\" decoding=\"async\" width=\"20\" height=\"20\" class=\"wp-image-1165\" style=\"width: 20px;\" src=\"https:\/\/www.ch-aubusson.fr\/site\/wp-content\/uploads\/2024\/01\/telechargement-ch-e1706177957156.png\" alt=\"\"> <a href=\"https:\/\/www.ch-aubusson.fr\/site\/wp-content\/uploads\/2024\/01\/Parcours-Consultations-externes.jpg\" target=\"_blank\" rel=\"noreferrer noopener\">Comment \u00e7a marche<\/a><\/p>\n\n\n\n<p><img loading=\"lazy\" decoding=\"async\" width=\"20\" height=\"20\" class=\"wp-image-1165\" style=\"width: 20px;\" src=\"https:\/\/www.ch-aubusson.fr\/site\/wp-content\/uploads\/2024\/01\/telechargement-ch-e1706177957156.png\" alt=\"\"> <a href=\"https:\/\/www.ch-aubusson.fr\/site\/wp-content\/uploads\/2024\/01\/Parcours-Consultations-externes.jpg\" target=\"_blank\" rel=\"noreferrer noopener\">Je passe une radio<\/a> <\/p>\n\n\n\n<p><img loading=\"lazy\" decoding=\"async\" width=\"20\" height=\"20\" class=\"wp-image-1165\" style=\"width: 20px;\" src=\"https:\/\/www.ch-aubusson.fr\/site\/wp-content\/uploads\/2024\/01\/telechargement-ch-e1706177957156.png\" alt=\"\"> <a href=\"https:\/\/www.ch-aubusson.fr\/site\/wp-content\/uploads\/2024\/01\/le-scanner_patient-homme.pdf\" target=\"_blank\" rel=\"noreferrer noopener\">Je passe un scanner<\/a><\/p>\n\n\n\n<p><img loading=\"lazy\" decoding=\"async\" width=\"20\" height=\"20\" class=\"wp-image-1165\" style=\"width: 20px;\" src=\"https:\/\/www.ch-aubusson.fr\/site\/wp-content\/uploads\/2024\/01\/telechargement-ch-e1706177957156.png\" alt=\"\"> <a href=\"https:\/\/www.ch-aubusson.fr\/site\/wp-content\/uploads\/2024\/01\/la-mammographie-le-depistage-des-cancers-du-sein_patient-femme-agee.pdf\" target=\"_blank\" rel=\"noreferrer noopener\">Je passe une mammographie<\/a> <\/p>\n\n\n\n<div style=\"height:100px\" aria-hidden=\"true\" class=\"wp-block-spacer\"><\/div>\n","protected":false},"excerpt":{"rendered":"<p>IMAGERIE ET RADIOLOGIE Le Service IMagerie vous permet de passer des examens radiologiques conventionnels et par imagerie m\u00e9dicale (scanner, irm) [&hellip;]<\/p>\n","protected":false},"author":3,"featured_media":0,"parent":0,"menu_order":0,"comment_status":"closed","ping_status":"closed","template":"","meta":{"site-sidebar-layout":"default","site-content-layout":"","ast-site-content-layout":"","site-content-style":"default","site-sidebar-style":"default","ast-global-header-display":"","ast-banner-title-visibility":"","ast-main-header-display":"","ast-hfb-above-header-display":"","ast-hfb-below-header-display":"","ast-hfb-mobile-header-display":"","site-post-title":"disabled","ast-breadcrumbs-content":"","ast-featured-img":"","footer-sml-layout":"","theme-transparent-header-meta":"","adv-header-id-meta":"","stick-header-meta":"","header-above-stick-meta":"","header-main-stick-meta":"","header-below-stick-meta":"","astra-migrate-meta-layouts":"default","ast-page-background-enabled":"default","ast-page-background-meta":{"desktop":{"background-color":"var(--ast-global-color-4)","background-image":"","background-repeat":"repeat","background-position":"center center","background-size":"auto","background-attachment":"scroll","background-type":"","background-media":"","overlay-type":"","overlay-color":"","overlay-opacity":"","overlay-gradient":""},"tablet":{"background-color":"","background-image":"","background-repeat":"repeat","background-position":"center center","background-size":"auto","background-attachment":"scroll","background-type":"","background-media":"","overlay-type":"","overlay-color":"","overlay-opacity":"","overlay-gradient":""},"mobile":{"background-color":"","background-image":"","background-repeat":"repeat","background-position":"center center","background-size":"auto","background-attachment":"scroll","background-type":"","background-media":"","overlay-type":"","overlay-color":"","overlay-opacity":"","overlay-gradient":""}},"ast-content-background-meta":{"desktop":{"background-color":"var(--ast-global-color-5)","background-image":"","background-repeat":"repeat","background-position":"center center","background-size":"auto","background-attachment":"scroll","background-type":"","background-media":"","overlay-type":"","overlay-color":"","overlay-opacity":"","overlay-gradient":""},"tablet":{"background-color":"var(--ast-global-color-5)","background-image":"","background-repeat":"repeat","background-position":"center center","background-size":"auto","background-attachment":"scroll","background-type":"","background-media":"","overlay-type":"","overlay-color":"","overlay-opacity":"","overlay-gradient":""},"mobile":{"background-color":"var(--ast-global-color-5)","background-image":"","background-repeat":"repeat","background-position":"center center","background-size":"auto","background-attachment":"scroll","background-type":"","background-media":"","overlay-type":"","overlay-color":"","overlay-opacity":"","overlay-gradient":""}},"footnotes":""},"class_list":["post-165","page","type-page","status-publish","hentry"],"yoast_head":"<!-- This site is optimized with the Yoast SEO plugin v25.5 - https:\/\/yoast.com\/wordpress\/plugins\/seo\/ -->\n<title>Imagerie m\u00e9dicale -<\/title>\n<meta name=\"description\" content=\"Le service d&#039;imagerie du centre Hospitalier d&#039;Aubusson dispose d&#039;un plateau technique d&#039;imagerie complet et moderne. Ouvert au public du lundi au vendredi.\" \/>\n<meta name=\"robots\" content=\"index, follow, max-snippet:-1, max-image-preview:large, max-video-preview:-1\" \/>\n<link rel=\"canonical\" href=\"https:\/\/www.ch-aubusson.fr\/site\/imagerie-medicale\/\" \/>\n<meta property=\"og:locale\" content=\"fr_FR\" \/>\n<meta property=\"og:type\" content=\"article\" \/>\n<meta property=\"og:title\" content=\"Imagerie m\u00e9dicale -\" \/>\n<meta property=\"og:description\" content=\"Le service d&#039;imagerie du centre Hospitalier d&#039;Aubusson dispose d&#039;un plateau technique d&#039;imagerie complet et moderne. Ouvert au public du lundi au vendredi.\" \/>\n<meta property=\"og:url\" content=\"https:\/\/www.ch-aubusson.fr\/site\/imagerie-medicale\/\" \/>\n<meta property=\"article:publisher\" content=\"https:\/\/www.facebook.com\/people\/Centre-Hospitalier-dAubusson\/100064042814456\/\" \/>\n<meta property=\"article:modified_time\" content=\"2024-05-03T07:49:15+00:00\" \/>\n<meta property=\"og:image\" content=\"http:\/\/www.ch-aubusson.fr\/site\/wp-content\/uploads\/2024\/01\/telephone-ch-e1706177990867.png\" \/>\n<meta name=\"twitter:card\" content=\"summary_large_image\" \/>\n<meta name=\"twitter:label1\" content=\"Dur\u00e9e de lecture estim\u00e9e\" \/>\n\t<meta name=\"twitter:data1\" content=\"4 minutes\" \/>\n<!-- \/ Yoast SEO plugin. -->","yoast_head_json":{"title":"Imagerie m\u00e9dicale -","description":"Le service d'imagerie du centre Hospitalier d'Aubusson dispose d'un plateau technique d'imagerie complet et moderne. Ouvert au public du lundi au vendredi.","robots":{"index":"index","follow":"follow","max-snippet":"max-snippet:-1","max-image-preview":"max-image-preview:large","max-video-preview":"max-video-preview:-1"},"canonical":"https:\/\/www.ch-aubusson.fr\/site\/imagerie-medicale\/","og_locale":"fr_FR","og_type":"article","og_title":"Imagerie m\u00e9dicale -","og_description":"Le service d'imagerie du centre Hospitalier d'Aubusson dispose d'un plateau technique d'imagerie complet et moderne. Ouvert au public du lundi au vendredi.","og_url":"https:\/\/www.ch-aubusson.fr\/site\/imagerie-medicale\/","article_publisher":"https:\/\/www.facebook.com\/people\/Centre-Hospitalier-dAubusson\/100064042814456\/","article_modified_time":"2024-05-03T07:49:15+00:00","og_image":[{"url":"http:\/\/www.ch-aubusson.fr\/site\/wp-content\/uploads\/2024\/01\/telephone-ch-e1706177990867.png","type":"","width":"","height":""}],"twitter_card":"summary_large_image","twitter_misc":{"Dur\u00e9e de lecture estim\u00e9e":"4 minutes"},"schema":{"@context":"https:\/\/schema.org","@graph":[{"@type":"WebPage","@id":"https:\/\/www.ch-aubusson.fr\/site\/imagerie-medicale\/","url":"https:\/\/www.ch-aubusson.fr\/site\/imagerie-medicale\/","name":"Imagerie m\u00e9dicale -","isPartOf":{"@id":"https:\/\/www.ch-aubusson.fr\/site\/#website"},"primaryImageOfPage":{"@id":"https:\/\/www.ch-aubusson.fr\/site\/imagerie-medicale\/#primaryimage"},"image":{"@id":"https:\/\/www.ch-aubusson.fr\/site\/imagerie-medicale\/#primaryimage"},"thumbnailUrl":"http:\/\/www.ch-aubusson.fr\/site\/wp-content\/uploads\/2024\/01\/telephone-ch-e1706177990867.png","datePublished":"2024-01-11T16:22:47+00:00","dateModified":"2024-05-03T07:49:15+00:00","description":"Le service d'imagerie du centre Hospitalier d'Aubusson dispose d'un plateau technique d'imagerie complet et moderne. Ouvert au public du lundi au vendredi.","breadcrumb":{"@id":"https:\/\/www.ch-aubusson.fr\/site\/imagerie-medicale\/#breadcrumb"},"inLanguage":"fr-FR","potentialAction":[{"@type":"ReadAction","target":["https:\/\/www.ch-aubusson.fr\/site\/imagerie-medicale\/"]}]},{"@type":"ImageObject","inLanguage":"fr-FR","@id":"https:\/\/www.ch-aubusson.fr\/site\/imagerie-medicale\/#primaryimage","url":"https:\/\/www.ch-aubusson.fr\/site\/wp-content\/uploads\/2024\/01\/telephone-ch-e1706177990867.png","contentUrl":"https:\/\/www.ch-aubusson.fr\/site\/wp-content\/uploads\/2024\/01\/telephone-ch-e1706177990867.png","width":20,"height":20},{"@type":"BreadcrumbList","@id":"https:\/\/www.ch-aubusson.fr\/site\/imagerie-medicale\/#breadcrumb","itemListElement":[{"@type":"ListItem","position":1,"name":"Accueil","item":"https:\/\/www.ch-aubusson.fr\/site\/"},{"@type":"ListItem","position":2,"name":"Imagerie m\u00e9dicale"}]},{"@type":"WebSite","@id":"https:\/\/www.ch-aubusson.fr\/site\/#website","url":"https:\/\/www.ch-aubusson.fr\/site\/","name":"Centre Hospitalier d'Aubusson","description":"","publisher":{"@id":"https:\/\/www.ch-aubusson.fr\/site\/#organization"},"potentialAction":[{"@type":"SearchAction","target":{"@type":"EntryPoint","urlTemplate":"https:\/\/www.ch-aubusson.fr\/site\/?s={search_term_string}"},"query-input":{"@type":"PropertyValueSpecification","valueRequired":true,"valueName":"search_term_string"}}],"inLanguage":"fr-FR"},{"@type":"Organization","@id":"https:\/\/www.ch-aubusson.fr\/site\/#organization","name":"Centre Hospitalier d'Aubusson","url":"https:\/\/www.ch-aubusson.fr\/site\/","logo":{"@type":"ImageObject","inLanguage":"fr-FR","@id":"https:\/\/www.ch-aubusson.fr\/site\/#\/schema\/logo\/image\/","url":"https:\/\/www.ch-aubusson.fr\/site\/wp-content\/uploads\/2024\/01\/cropped-LogoCentreHospitalier_Vertical_3Tonos-2.png","contentUrl":"https:\/\/www.ch-aubusson.fr\/site\/wp-content\/uploads\/2024\/01\/cropped-LogoCentreHospitalier_Vertical_3Tonos-2.png","width":800,"height":654,"caption":"Centre Hospitalier d'Aubusson"},"image":{"@id":"https:\/\/www.ch-aubusson.fr\/site\/#\/schema\/logo\/image\/"},"sameAs":["https:\/\/www.facebook.com\/people\/Centre-Hospitalier-dAubusson\/100064042814456\/","https:\/\/www.linkedin.com\/company\/ch-aubusson"]}]}},"_links":{"self":[{"href":"https:\/\/www.ch-aubusson.fr\/site\/wp-json\/wp\/v2\/pages\/165","targetHints":{"allow":["GET"]}}],"collection":[{"href":"https:\/\/www.ch-aubusson.fr\/site\/wp-json\/wp\/v2\/pages"}],"about":[{"href":"https:\/\/www.ch-aubusson.fr\/site\/wp-json\/wp\/v2\/types\/page"}],"author":[{"embeddable":true,"href":"https:\/\/www.ch-aubusson.fr\/site\/wp-json\/wp\/v2\/users\/3"}],"replies":[{"embeddable":true,"href":"https:\/\/www.ch-aubusson.fr\/site\/wp-json\/wp\/v2\/comments?post=165"}],"version-history":[{"count":97,"href":"https:\/\/www.ch-aubusson.fr\/site\/wp-json\/wp\/v2\/pages\/165\/revisions"}],"predecessor-version":[{"id":5243,"href":"https:\/\/www.ch-aubusson.fr\/site\/wp-json\/wp\/v2\/pages\/165\/revisions\/5243"}],"wp:attachment":[{"href":"https:\/\/www.ch-aubusson.fr\/site\/wp-json\/wp\/v2\/media?parent=165"}],"curies":[{"name":"wp","href":"https:\/\/api.w.org\/{rel}","templated":true}]}}