{"id":166,"date":"2024-01-11T17:22:47","date_gmt":"2024-01-11T16:22:47","guid":{"rendered":"http:\/\/www.ch-aubusson.fr\/site\/?page_id=166"},"modified":"2025-04-25T11:48:54","modified_gmt":"2025-04-25T09:48:54","slug":"medecine","status":"publish","type":"page","link":"https:\/\/www.ch-aubusson.fr\/site\/medecine\/","title":{"rendered":"M\u00e9decine"},"content":{"rendered":"\n<div style=\"height:40px\" aria-hidden=\"true\" class=\"wp-block-spacer\"><\/div>\n\n\n\n<h2 class=\"wp-block-heading\">MEDECINE POLYVAlENTE ET GERIATRIQUE<\/h2>\n\n\n\n<h4 class=\"wp-block-heading presentation\">LE service medecine accueille des patients avec des pathologie vari\u00e9es ou en situation de soins palliatifs.<\/h4>\n\n\n\n<p class=\"capacite\">Capacit\u00e9 : 28 lits<br>Visite tous les jours de 12h \u00e0 20h, sauf limitation ou interdiction m\u00e9dicale<br>Horaires du bureau d&#8217;accueil : de 8h \u00e0 18h<\/p>\n\n\n\n<div style=\"height:20px\" aria-hidden=\"true\" class=\"wp-block-spacer\"><\/div>\n\n\n\n<p class=\"localisation\"><a href=\"https:\/\/www.ch-aubusson.fr\/site\/localisation\/#cb\">3 c\u00f4te Ribi\u00e8re, 23200 Moutier-Rozeille<\/a><br><img loading=\"lazy\" decoding=\"async\" width=\"20\" height=\"20\" class=\"wp-image-1166\" style=\"width: 20px;\" src=\"https:\/\/www.ch-aubusson.fr\/site\/wp-content\/uploads\/2024\/01\/telephone-ch-e1706177990867.png\" alt=\"\">  05 55 83 60 00<br><img loading=\"lazy\" decoding=\"async\" width=\"20\" height=\"20\" class=\"wp-image-1296\" style=\"width: 20px;\" src=\"https:\/\/www.ch-aubusson.fr\/site\/wp-content\/uploads\/2024\/01\/email-ch-1-e1706265910900.png\" alt=\"\">  secmed@ch-aubusson.fr<\/p>\n\n\n\n<div style=\"height:20px\" aria-hidden=\"true\" class=\"wp-block-spacer\"><\/div>\n\n\n<div id=\"metaslider-id-1588\" style=\"width: 100%;\" class=\"ml-slider-3-99-0 metaslider metaslider-flex metaslider-1588 ml-slider ms-theme-default\" role=\"region\" aria-label=\"M\u00e9decine\" data-width=\"1000\">\n    <div id=\"metaslider_container_1588\">\n        <div id=\"metaslider_1588\">\n            <ul class='slides'>\n                <li style=\"display: block; width: 100%;\" class=\"slide-1589 ms-image \" aria-roledescription=\"slide\" data-date=\"2024-01-30 10:07:27\"><img loading=\"lazy\" decoding=\"async\" src=\"https:\/\/www.ch-aubusson.fr\/site\/wp-content\/uploads\/2024\/03\/Soins-Croix-blanche-scaled-1000x300.jpg\" height=\"300\" width=\"1000\" alt=\"\" class=\"slider-1588 slide-1589 msDefaultImage\" title=\"Soins Croix blanche\" \/><\/li>\n                <li style=\"display: none; width: 100%;\" class=\"slide-1590 ms-image \" aria-roledescription=\"slide\" data-date=\"2024-01-30 10:07:27\"><img loading=\"lazy\" decoding=\"async\" src=\"https:\/\/www.ch-aubusson.fr\/site\/wp-content\/uploads\/2024\/03\/Salle-de-soins-Croix-Blanche-scaled-1000x300.jpg\" height=\"300\" width=\"1000\" alt=\"\" class=\"slider-1588 slide-1590 msDefaultImage\" title=\"Salle de soins Croix Blanche\" \/><\/li>\n                <li style=\"display: none; width: 100%;\" class=\"slide-1591 ms-image \" aria-roledescription=\"slide\" data-date=\"2024-01-30 10:07:27\"><img loading=\"lazy\" decoding=\"async\" src=\"https:\/\/www.ch-aubusson.fr\/site\/wp-content\/uploads\/2024\/03\/Bloc-Croix-Blanche-scaled-e1710496586196-1000x300.jpg\" height=\"300\" width=\"1000\" alt=\"\" class=\"slider-1588 slide-1591 msDefaultImage\" title=\"Bloc Croix Blanche\" \/><\/li>\n            <\/ul>\n        <\/div>\n        \n    <\/div>\n<\/div>\n\n\n\n<div style=\"height:40px\" aria-hidden=\"true\" class=\"wp-block-spacer\"><\/div>\n\n\n\n<h1 class=\"wp-block-heading has-ast-global-color-5-color has-text-color has-background has-link-color wp-elements-3b1e7a0bcba5f3a83ecba389ee254152\" style=\"background-color:#243466\">PRISE EN CHARGE<\/h1>\n\n\n\n<p>Situ\u00e9 au 1er \u00e9tage, le service de m\u00e9decine&nbsp;assure&nbsp;une m\u00e9decine polyvalente et g\u00e9riatrique, les professionnels de ce service prennent en charge des patients pr\u00e9sentant des pathologies m\u00e9dicales diversifi\u00e9es.<\/p>\n\n\n\n<p>Les admissions s\u2019op\u00e8rent majoritairement \u00e0 partir des urgences, ou en hospitalisation programm\u00e9e apr\u00e8s contact avec votre m\u00e9decin traitant.<\/p>\n\n\n\n<p>L&#8217;unit\u00e9 de m\u00e9decine dispose de 28 lits d&#8217;hospitalisation compl\u00e8te, dont 2 lits d\u00e9di\u00e9s aux soins palliatifs.<\/p>\n\n\n\n<p>Au-del\u00e0 des soins techniques, nous aidons les patients dans tous les actes de la vie quotidienne, et les guidons vers l\u2019autonomie dans la mesure de leurs capacit\u00e9s.<\/p>\n\n\n\n<p>Les examens de laboratoire sont r\u00e9alis\u00e9s 24 heures\/24, 7 jours\/7.<\/p>\n\n\n\n<p>Vous aurez un acc\u00e8s direct \u00e0 notre plateau d&#8217;imagerie (radiologie conventionnelle, scanner, \u00e9chographie) sur prescription des m\u00e9decins du service.<\/p>\n\n\n\n<p>Votre traitement habituel pourra \u00eatre modifi\u00e9. Si vous venez avec vos m\u00e9dicaments ils vous seront alors retir\u00e9s<em>&nbsp;(ils vous seront remis le jour de votre sortie)<\/em>.<\/p>\n\n\n\n<p>Un pneumologue intervient les jeudis apr\u00e8s-midi.<\/p>\n\n\n\n<p>Les consultants externes du centre hospitalier peuvent \u00e9galement intervenir \u00e0 la demande.<\/p>\n\n\n\n<div style=\"height:30px\" aria-hidden=\"true\" class=\"wp-block-spacer\"><\/div>\n\n\n\n<p>En savoir plus <a href=\"https:\/\/www.ch-aubusson.fr\/site\/sejour-en-service-de-soins\/\">sur votre s\u00e9jour<\/a> et <a href=\"https:\/\/www.ch-aubusson.fr\/site\/votre-sortie\/\">pr\u00e9parer votre sortie<\/a>.<\/p>\n\n\n\n<div style=\"height:40px\" aria-hidden=\"true\" class=\"wp-block-spacer\"><\/div>\n\n\n\n<h1 class=\"wp-block-heading has-ast-global-color-5-color has-text-color has-background has-link-color wp-elements-0cdec43a8e460194b7284085612516de\" style=\"background-color:#243466\">SERVICE SOCIAL<\/h1>\n\n\n\n<p>Le service social est \u00e0 votre disposition pour vous informer, conseiller, et vous orienter pour pr\u00e9parer votre sortie dans les meilleures conditions. <br>Il est \u00e9galement pr\u00e9sent pour vous guider dans l&#8217;ensemble de vos d\u00e9marches.<\/p>\n\n\n\n<p>Il peut \u00eatre rencontr\u00e9 pour des difficult\u00e9s d\u2019ordre familiales, sociales et professionnelles.<\/p>\n\n\n\n<div style=\"height:40px\" aria-hidden=\"true\" class=\"wp-block-spacer\"><\/div>\n\n\n\n<h1 class=\"wp-block-heading has-ast-global-color-5-color has-text-color has-background has-link-color wp-elements-cafb9ad24c2241077d8c875b3a2acb83\" style=\"background-color:#243466\">SERVICES<\/h1>\n\n\n\n<table id=\"tablepress-5\" class=\"tablepress tablepress-id-5\">\n<tbody>\n<tr class=\"row-1\">\n\t<td class=\"column-1\"><img loading=\"lazy\" decoding=\"async\" src=\"http:\/\/www.ch-aubusson.fr\/site\/wp-content\/uploads\/2024\/01\/wifi_ch-2-1-2-e1705655183312.png\" alt=\"\" width=\"20\" height=\"20\" class=\"alignnone size-full wp-image-210\" \/><\/td><td class=\"column-2\">Wifi public gratuit<\/td><td class=\"column-3\"><img loading=\"lazy\" decoding=\"async\" src=\"http:\/\/www.ch-aubusson.fr\/site\/wp-content\/uploads\/2024\/01\/telephone-ch-e1706177990867.png\" alt=\"\" width=\"20\" height=\"20\" class=\"alignnone size-full wp-image-1166\" \/><\/td><td class=\"column-4\">T\u00e9l\u00e9phone<\/td>\n<\/tr>\n<tr class=\"row-2\">\n\t<td class=\"column-1\"><img loading=\"lazy\" decoding=\"async\" src=\"http:\/\/www.ch-aubusson.fr\/site\/wp-content\/uploads\/2024\/01\/tv_ch-e1705655282742.png\" alt=\"\" width=\"20\" height=\"20\" class=\"alignnone size-full wp-image-211\" \/><\/td><td class=\"column-2\">T\u00e9levision<\/td><td class=\"column-3\"><img loading=\"lazy\" decoding=\"async\" src=\"http:\/\/www.ch-aubusson.fr\/site\/wp-content\/uploads\/2024\/01\/un-journal-300x300.png\" alt=\"\" width=\"20\" height=\"20\" class=\"alignnone size-medium wp-image-1471\" \/><\/td><td class=\"column-4\">Journaux<\/td>\n<\/tr>\n<tr class=\"row-3\">\n\t<td class=\"column-1\"><img loading=\"lazy\" decoding=\"async\" src=\"http:\/\/www.ch-aubusson.fr\/site\/wp-content\/uploads\/2024\/01\/email-ch-1-300x300.png\" alt=\"\" width=\"20\" height=\"20\" class=\"alignnone size-medium wp-image-1296\" \/><\/td><td class=\"column-2\">Courrier<\/td><td class=\"column-3\"><img loading=\"lazy\" decoding=\"async\" src=\"http:\/\/www.ch-aubusson.fr\/site\/wp-content\/uploads\/2024\/01\/distributeur-automatique-300x300.png\" alt=\"\" width=\"20\" height=\"20\" class=\"alignnone size-medium wp-image-1470\" \/><\/td><td class=\"column-4\">Distributeurs<\/td>\n<\/tr>\n<\/tbody>\n<\/table>\n<!-- #tablepress-5 from cache -->\n\n\n\n<div style=\"height:100px\" aria-hidden=\"true\" class=\"wp-block-spacer\"><\/div>\n","protected":false},"excerpt":{"rendered":"<p>MEDECINE POLYVAlENTE ET GERIATRIQUE LE service medecine accueille des patients avec des pathologie vari\u00e9es ou en situation de soins palliatifs. [&hellip;]<\/p>\n","protected":false},"author":3,"featured_media":0,"parent":0,"menu_order":0,"comment_status":"closed","ping_status":"closed","template":"","meta":{"site-sidebar-layout":"default","site-content-layout":"","ast-site-content-layout":"","site-content-style":"default","site-sidebar-style":"default","ast-global-header-display":"","ast-banner-title-visibility":"","ast-main-header-display":"","ast-hfb-above-header-display":"","ast-hfb-below-header-display":"","ast-hfb-mobile-header-display":"","site-post-title":"disabled","ast-breadcrumbs-content":"","ast-featured-img":"","footer-sml-layout":"","theme-transparent-header-meta":"","adv-header-id-meta":"","stick-header-meta":"","header-above-stick-meta":"","header-main-stick-meta":"","header-below-stick-meta":"","astra-migrate-meta-layouts":"default","ast-page-background-enabled":"default","ast-page-background-meta":{"desktop":{"background-color":"var(--ast-global-color-4)","background-image":"","background-repeat":"repeat","background-position":"center center","background-size":"auto","background-attachment":"scroll","background-type":"","background-media":"","overlay-type":"","overlay-color":"","overlay-opacity":"","overlay-gradient":""},"tablet":{"background-color":"","background-image":"","background-repeat":"repeat","background-position":"center center","background-size":"auto","background-attachment":"scroll","background-type":"","background-media":"","overlay-type":"","overlay-color":"","overlay-opacity":"","overlay-gradient":""},"mobile":{"background-color":"","background-image":"","background-repeat":"repeat","background-position":"center center","background-size":"auto","background-attachment":"scroll","background-type":"","background-media":"","overlay-type":"","overlay-color":"","overlay-opacity":"","overlay-gradient":""}},"ast-content-background-meta":{"desktop":{"background-color":"var(--ast-global-color-5)","background-image":"","background-repeat":"repeat","background-position":"center center","background-size":"auto","background-attachment":"scroll","background-type":"","background-media":"","overlay-type":"","overlay-color":"","overlay-opacity":"","overlay-gradient":""},"tablet":{"background-color":"var(--ast-global-color-5)","background-image":"","background-repeat":"repeat","background-position":"center center","background-size":"auto","background-attachment":"scroll","background-type":"","background-media":"","overlay-type":"","overlay-color":"","overlay-opacity":"","overlay-gradient":""},"mobile":{"background-color":"var(--ast-global-color-5)","background-image":"","background-repeat":"repeat","background-position":"center center","background-size":"auto","background-attachment":"scroll","background-type":"","background-media":"","overlay-type":"","overlay-color":"","overlay-opacity":"","overlay-gradient":""}},"footnotes":""},"class_list":["post-166","page","type-page","status-publish","hentry"],"yoast_head":"<!-- This site is optimized with the Yoast SEO plugin v25.5 - https:\/\/yoast.com\/wordpress\/plugins\/seo\/ -->\n<title>M\u00e9decine -<\/title>\n<meta name=\"robots\" content=\"index, follow, max-snippet:-1, max-image-preview:large, max-video-preview:-1\" \/>\n<link rel=\"canonical\" href=\"https:\/\/www.ch-aubusson.fr\/site\/medecine\/\" \/>\n<meta property=\"og:locale\" content=\"fr_FR\" \/>\n<meta property=\"og:type\" content=\"article\" \/>\n<meta property=\"og:title\" content=\"M\u00e9decine -\" \/>\n<meta property=\"og:description\" content=\"MEDECINE POLYVAlENTE ET GERIATRIQUE LE service medecine accueille des patients avec des pathologie vari\u00e9es ou en situation de soins palliatifs. [&hellip;]\" \/>\n<meta property=\"og:url\" content=\"https:\/\/www.ch-aubusson.fr\/site\/medecine\/\" \/>\n<meta property=\"article:publisher\" content=\"https:\/\/www.facebook.com\/people\/Centre-Hospitalier-dAubusson\/100064042814456\/\" \/>\n<meta property=\"article:modified_time\" content=\"2025-04-25T09:48:54+00:00\" \/>\n<meta property=\"og:image\" content=\"http:\/\/www.ch-aubusson.fr\/site\/wp-content\/uploads\/2024\/01\/telephone-ch-e1706177990867.png\" \/>\n<meta name=\"twitter:card\" content=\"summary_large_image\" \/>\n<meta name=\"twitter:label1\" content=\"Dur\u00e9e de lecture estim\u00e9e\" \/>\n\t<meta name=\"twitter:data1\" content=\"2 minutes\" \/>\n<!-- \/ Yoast SEO plugin. -->","yoast_head_json":{"title":"M\u00e9decine -","robots":{"index":"index","follow":"follow","max-snippet":"max-snippet:-1","max-image-preview":"max-image-preview:large","max-video-preview":"max-video-preview:-1"},"canonical":"https:\/\/www.ch-aubusson.fr\/site\/medecine\/","og_locale":"fr_FR","og_type":"article","og_title":"M\u00e9decine -","og_description":"MEDECINE POLYVAlENTE ET GERIATRIQUE LE service medecine accueille des patients avec des pathologie vari\u00e9es ou en situation de soins palliatifs. [&hellip;]","og_url":"https:\/\/www.ch-aubusson.fr\/site\/medecine\/","article_publisher":"https:\/\/www.facebook.com\/people\/Centre-Hospitalier-dAubusson\/100064042814456\/","article_modified_time":"2025-04-25T09:48:54+00:00","og_image":[{"url":"http:\/\/www.ch-aubusson.fr\/site\/wp-content\/uploads\/2024\/01\/telephone-ch-e1706177990867.png","type":"","width":"","height":""}],"twitter_card":"summary_large_image","twitter_misc":{"Dur\u00e9e de lecture estim\u00e9e":"2 minutes"},"schema":{"@context":"https:\/\/schema.org","@graph":[{"@type":"WebPage","@id":"https:\/\/www.ch-aubusson.fr\/site\/medecine\/","url":"https:\/\/www.ch-aubusson.fr\/site\/medecine\/","name":"M\u00e9decine -","isPartOf":{"@id":"https:\/\/www.ch-aubusson.fr\/site\/#website"},"primaryImageOfPage":{"@id":"https:\/\/www.ch-aubusson.fr\/site\/medecine\/#primaryimage"},"image":{"@id":"https:\/\/www.ch-aubusson.fr\/site\/medecine\/#primaryimage"},"thumbnailUrl":"http:\/\/www.ch-aubusson.fr\/site\/wp-content\/uploads\/2024\/01\/telephone-ch-e1706177990867.png","datePublished":"2024-01-11T16:22:47+00:00","dateModified":"2025-04-25T09:48:54+00:00","breadcrumb":{"@id":"https:\/\/www.ch-aubusson.fr\/site\/medecine\/#breadcrumb"},"inLanguage":"fr-FR","potentialAction":[{"@type":"ReadAction","target":["https:\/\/www.ch-aubusson.fr\/site\/medecine\/"]}]},{"@type":"ImageObject","inLanguage":"fr-FR","@id":"https:\/\/www.ch-aubusson.fr\/site\/medecine\/#primaryimage","url":"https:\/\/www.ch-aubusson.fr\/site\/wp-content\/uploads\/2024\/01\/telephone-ch-e1706177990867.png","contentUrl":"https:\/\/www.ch-aubusson.fr\/site\/wp-content\/uploads\/2024\/01\/telephone-ch-e1706177990867.png","width":20,"height":20},{"@type":"BreadcrumbList","@id":"https:\/\/www.ch-aubusson.fr\/site\/medecine\/#breadcrumb","itemListElement":[{"@type":"ListItem","position":1,"name":"Accueil","item":"https:\/\/www.ch-aubusson.fr\/site\/"},{"@type":"ListItem","position":2,"name":"M\u00e9decine"}]},{"@type":"WebSite","@id":"https:\/\/www.ch-aubusson.fr\/site\/#website","url":"https:\/\/www.ch-aubusson.fr\/site\/","name":"Centre Hospitalier d'Aubusson","description":"","publisher":{"@id":"https:\/\/www.ch-aubusson.fr\/site\/#organization"},"potentialAction":[{"@type":"SearchAction","target":{"@type":"EntryPoint","urlTemplate":"https:\/\/www.ch-aubusson.fr\/site\/?s={search_term_string}"},"query-input":{"@type":"PropertyValueSpecification","valueRequired":true,"valueName":"search_term_string"}}],"inLanguage":"fr-FR"},{"@type":"Organization","@id":"https:\/\/www.ch-aubusson.fr\/site\/#organization","name":"Centre Hospitalier d'Aubusson","url":"https:\/\/www.ch-aubusson.fr\/site\/","logo":{"@type":"ImageObject","inLanguage":"fr-FR","@id":"https:\/\/www.ch-aubusson.fr\/site\/#\/schema\/logo\/image\/","url":"https:\/\/www.ch-aubusson.fr\/site\/wp-content\/uploads\/2024\/01\/cropped-LogoCentreHospitalier_Vertical_3Tonos-2.png","contentUrl":"https:\/\/www.ch-aubusson.fr\/site\/wp-content\/uploads\/2024\/01\/cropped-LogoCentreHospitalier_Vertical_3Tonos-2.png","width":800,"height":654,"caption":"Centre Hospitalier d'Aubusson"},"image":{"@id":"https:\/\/www.ch-aubusson.fr\/site\/#\/schema\/logo\/image\/"},"sameAs":["https:\/\/www.facebook.com\/people\/Centre-Hospitalier-dAubusson\/100064042814456\/","https:\/\/www.linkedin.com\/company\/ch-aubusson"]}]}},"_links":{"self":[{"href":"https:\/\/www.ch-aubusson.fr\/site\/wp-json\/wp\/v2\/pages\/166","targetHints":{"allow":["GET"]}}],"collection":[{"href":"https:\/\/www.ch-aubusson.fr\/site\/wp-json\/wp\/v2\/pages"}],"about":[{"href":"https:\/\/www.ch-aubusson.fr\/site\/wp-json\/wp\/v2\/types\/page"}],"author":[{"embeddable":true,"href":"https:\/\/www.ch-aubusson.fr\/site\/wp-json\/wp\/v2\/users\/3"}],"replies":[{"embeddable":true,"href":"https:\/\/www.ch-aubusson.fr\/site\/wp-json\/wp\/v2\/comments?post=166"}],"version-history":[{"count":82,"href":"https:\/\/www.ch-aubusson.fr\/site\/wp-json\/wp\/v2\/pages\/166\/revisions"}],"predecessor-version":[{"id":6024,"href":"https:\/\/www.ch-aubusson.fr\/site\/wp-json\/wp\/v2\/pages\/166\/revisions\/6024"}],"wp:attachment":[{"href":"https:\/\/www.ch-aubusson.fr\/site\/wp-json\/wp\/v2\/media?parent=166"}],"curies":[{"name":"wp","href":"https:\/\/api.w.org\/{rel}","templated":true}]}}