{"id":169,"date":"2024-01-11T17:22:47","date_gmt":"2024-01-11T16:22:47","guid":{"rendered":"http:\/\/www.ch-aubusson.fr\/site\/?page_id=169"},"modified":"2025-04-25T11:50:47","modified_gmt":"2025-04-25T09:50:47","slug":"usld","status":"publish","type":"page","link":"https:\/\/www.ch-aubusson.fr\/site\/usld\/","title":{"rendered":"USLD"},"content":{"rendered":"\n<div style=\"height:40px\" aria-hidden=\"true\" class=\"wp-block-spacer\"><\/div>\n\n\n\n<h2 class=\"wp-block-heading\">unit\u00e9 de soins longue dur\u00e9e<\/h2>\n\n\n\n<h4 class=\"wp-block-heading presentation\">notre service USLD accueille des personnes pr\u00e9sentant une pathologie organique chronique, ou une poly pathologiE, Pouvant entra\u00eener une perte d&#8217;autonomie et d&#8217;ind\u00e9pendance durable<\/h4>\n\n\n\n<p class=\"capacite\">Capacit\u00e9 : 30 lits<br>Visite tous les jours de 12h \u00e0 20h, sauf limitation ou interdiction m\u00e9dicale<br>Horaires du bureau d&#8217;accueil : de 9h \u00e0 17h<\/p>\n\n\n\n<div style=\"height:20px\" aria-hidden=\"true\" class=\"wp-block-spacer\"><\/div>\n\n\n\n<p><a href=\"https:\/\/www.ch-aubusson.fr\/site\/localisation\/#lm\">50 rue Henri Dunant, 23200 Aubusson<\/a><br><img loading=\"lazy\" decoding=\"async\" width=\"20\" height=\"20\" class=\"wp-image-1166\" style=\"width: 20px;\" src=\"https:\/\/www.ch-aubusson.fr\/site\/wp-content\/uploads\/2024\/01\/telephone-ch-e1706177990867.png\" alt=\"\"> 05 55 83 50 50<br><img loading=\"lazy\" decoding=\"async\" width=\"20\" height=\"20\" class=\"wp-image-1296\" style=\"width: 20px;\" src=\"https:\/\/www.ch-aubusson.fr\/site\/wp-content\/uploads\/2024\/01\/email-ch-1-e1706265910900.png\" alt=\"\"> belm@ch-aubusson.fr<\/p>\n\n\n\n<div style=\"height:20px\" aria-hidden=\"true\" class=\"wp-block-spacer\"><\/div>\n\n\n<div id=\"metaslider-id-3877\" style=\"width: 100%; margin: 0 auto;\" class=\"ml-slider-3-99-0 metaslider metaslider-flex metaslider-3877 ml-slider ms-theme-default\" role=\"region\" aria-label=\"USLD\" data-width=\"1000\">\n    <div id=\"metaslider_container_3877\">\n        <div id=\"metaslider_3877\">\n            <ul class='slides'>\n                <li style=\"display: block; width: 100%;\" class=\"slide-4461 ms-image \" aria-roledescription=\"slide\" data-date=\"2024-03-14 16:33:32\"><img loading=\"lazy\" decoding=\"async\" src=\"https:\/\/www.ch-aubusson.fr\/site\/wp-content\/uploads\/2024\/03\/ES4A0845-scaled-1000x300.jpg\" height=\"300\" width=\"1000\" alt=\"\" class=\"slider-3877 slide-4461 msDefaultImage\" title=\"ES4A0845\" \/><\/li>\n            <\/ul>\n        <\/div>\n        \n    <\/div>\n<\/div>\n\n\n\n<div style=\"height:40px\" aria-hidden=\"true\" class=\"wp-block-spacer\"><\/div>\n\n\n\n<h1 class=\"wp-block-heading has-ast-global-color-5-color has-text-color has-background has-link-color wp-elements-3b1e7a0bcba5f3a83ecba389ee254152\" style=\"background-color:#243466\">PRISE EN CHARGE<\/h1>\n\n\n\n<p>Situ\u00e9e au 1er \u00e9tage, l\u2019unit\u00e9 de soins de longue dur\u00e9e accueille des patients \u00e2g\u00e9s n\u00e9cessitant une prise en charge m\u00e9dicale continue.<\/p>\n\n\n\n<p>Le cadre de vie et le bien-\u00eatre des patients sont nos priorit\u00e9s. Une \u00e9quipe d\u2019animateurs propose des activit\u00e9s, des sorties aussi diff\u00e9rentes que personnalis\u00e9es, des repas \u00e0 th\u00e8me, et des activit\u00e9s sp\u00e9cifiques .<\/p>\n\n\n\n<div style=\"height:30px\" aria-hidden=\"true\" class=\"wp-block-spacer\"><\/div>\n\n\n\n<p>En savoir plus <a href=\"https:\/\/www.ch-aubusson.fr\/site\/sejour-en-service-de-soins\/\">sur votre s\u00e9jour<\/a> et <a href=\"https:\/\/www.ch-aubusson.fr\/site\/votre-sortie\/\">pr\u00e9parer votre sortie<\/a>.<\/p>\n\n\n\n<div style=\"height:40px\" aria-hidden=\"true\" class=\"wp-block-spacer\"><\/div>\n\n\n\n<h1 class=\"wp-block-heading has-ast-global-color-5-color has-text-color has-background has-link-color wp-elements-22fd0f693cd99ee69e8ece2e8ca3e9e8\" style=\"background-color:#243466\">services<\/h1>\n\n\n\n<table id=\"tablepress-5\" class=\"tablepress tablepress-id-5\">\n<tbody>\n<tr class=\"row-1\">\n\t<td class=\"column-1\"><img loading=\"lazy\" decoding=\"async\" src=\"http:\/\/www.ch-aubusson.fr\/site\/wp-content\/uploads\/2024\/01\/wifi_ch-2-1-2-e1705655183312.png\" alt=\"\" width=\"20\" height=\"20\" class=\"alignnone size-full wp-image-210\" \/><\/td><td class=\"column-2\">Wifi public gratuit<\/td><td class=\"column-3\"><img loading=\"lazy\" decoding=\"async\" src=\"http:\/\/www.ch-aubusson.fr\/site\/wp-content\/uploads\/2024\/01\/telephone-ch-e1706177990867.png\" alt=\"\" width=\"20\" height=\"20\" class=\"alignnone size-full wp-image-1166\" \/><\/td><td class=\"column-4\">T\u00e9l\u00e9phone<\/td>\n<\/tr>\n<tr class=\"row-2\">\n\t<td class=\"column-1\"><img loading=\"lazy\" decoding=\"async\" src=\"http:\/\/www.ch-aubusson.fr\/site\/wp-content\/uploads\/2024\/01\/tv_ch-e1705655282742.png\" alt=\"\" width=\"20\" height=\"20\" class=\"alignnone size-full wp-image-211\" \/><\/td><td class=\"column-2\">T\u00e9levision<\/td><td class=\"column-3\"><img loading=\"lazy\" decoding=\"async\" src=\"http:\/\/www.ch-aubusson.fr\/site\/wp-content\/uploads\/2024\/01\/un-journal-300x300.png\" alt=\"\" width=\"20\" height=\"20\" class=\"alignnone size-medium wp-image-1471\" \/><\/td><td class=\"column-4\">Journaux<\/td>\n<\/tr>\n<tr class=\"row-3\">\n\t<td class=\"column-1\"><img loading=\"lazy\" decoding=\"async\" src=\"http:\/\/www.ch-aubusson.fr\/site\/wp-content\/uploads\/2024\/01\/email-ch-1-300x300.png\" alt=\"\" width=\"20\" height=\"20\" class=\"alignnone size-medium wp-image-1296\" \/><\/td><td class=\"column-2\">Courrier<\/td><td class=\"column-3\"><img loading=\"lazy\" decoding=\"async\" src=\"http:\/\/www.ch-aubusson.fr\/site\/wp-content\/uploads\/2024\/01\/distributeur-automatique-300x300.png\" alt=\"\" width=\"20\" height=\"20\" class=\"alignnone size-medium wp-image-1470\" \/><\/td><td class=\"column-4\">Distributeurs<\/td>\n<\/tr>\n<\/tbody>\n<\/table>\n<!-- #tablepress-5 from cache -->\n\n\n\n<div style=\"height:40px\" aria-hidden=\"true\" class=\"wp-block-spacer\"><\/div>\n\n\n\n<h1 class=\"wp-block-heading has-ast-global-color-5-color has-text-color has-background has-link-color wp-elements-1f4cb8d4740a06848f5a9c2b6a043a17\" style=\"background-color:#243466\">tarifs<\/h1>\n\n\n\n<p><strong>Applicables \u00e0 compter du 01\/02\/2024<\/strong><\/p>\n\n\n\n<div style=\"height:20px\" aria-hidden=\"true\" class=\"wp-block-spacer\"><\/div>\n\n\n\n<p><strong>Tarifs journaliers h\u00e9bergement<\/strong><\/p>\n\n\n\n<p>&#8211; Prix de journ\u00e9e : <strong>58,66\u20ac<\/strong><br>&#8211; Prix de r\u00e9servation en cas d&#8217;hospitalisation : <strong>38.66\u20ac <\/strong><br>&#8211; Prix de r\u00e9servation en cas d&#8217;hospitalisation en psychiatrie : <strong>43,66\u20ac<\/strong><\/p>\n\n\n\n<p>&#8211; Tarif opposable aux r\u00e9sidents&nbsp;de moins de 60 ans&nbsp;:&nbsp;<strong>94,83 \u20ac<\/strong><\/p>\n\n\n\n<p><strong>Tarifs journaliers d\u00e9pendance<\/strong><\/p>\n\n\n\n<p>\u2013 GIR 1\/2 :&nbsp;<strong>35,86 \u20ac<\/strong><br>\u2013 GIR 3\/4 :&nbsp;<strong>35,93 \u20ac<\/strong><br>\u2013 GIR 5\/6 :&nbsp;<strong>10,52 \u20ac<\/strong><\/p>\n\n\n\n<p class=\"has-luminous-vivid-orange-color has-text-color has-link-color wp-elements-7bd0c1f2dd0ded5c90f1bd28c0cb80af\"><a href=\"https:\/\/www.ch-aubusson.fr\/site\/livret-daccueil\/\">Visitez la zone t\u00e9l\u00e9chargement pour visualiser ou imprimer notre plaquette tarif<\/a>.<\/p>\n\n\n\n<div style=\"height:100px\" aria-hidden=\"true\" class=\"wp-block-spacer\"><\/div>\n","protected":false},"excerpt":{"rendered":"<p>unit\u00e9 de soins longue dur\u00e9e notre service USLD accueille des personnes pr\u00e9sentant une pathologie organique chronique, ou une poly pathologiE, [&hellip;]<\/p>\n","protected":false},"author":3,"featured_media":0,"parent":0,"menu_order":0,"comment_status":"closed","ping_status":"closed","template":"","meta":{"site-sidebar-layout":"default","site-content-layout":"","ast-site-content-layout":"","site-content-style":"default","site-sidebar-style":"default","ast-global-header-display":"","ast-banner-title-visibility":"","ast-main-header-display":"","ast-hfb-above-header-display":"","ast-hfb-below-header-display":"","ast-hfb-mobile-header-display":"","site-post-title":"disabled","ast-breadcrumbs-content":"","ast-featured-img":"","footer-sml-layout":"","theme-transparent-header-meta":"","adv-header-id-meta":"","stick-header-meta":"","header-above-stick-meta":"","header-main-stick-meta":"","header-below-stick-meta":"","astra-migrate-meta-layouts":"default","ast-page-background-enabled":"default","ast-page-background-meta":{"desktop":{"background-color":"var(--ast-global-color-4)","background-image":"","background-repeat":"repeat","background-position":"center center","background-size":"auto","background-attachment":"scroll","background-type":"","background-media":"","overlay-type":"","overlay-color":"","overlay-opacity":"","overlay-gradient":""},"tablet":{"background-color":"","background-image":"","background-repeat":"repeat","background-position":"center center","background-size":"auto","background-attachment":"scroll","background-type":"","background-media":"","overlay-type":"","overlay-color":"","overlay-opacity":"","overlay-gradient":""},"mobile":{"background-color":"","background-image":"","background-repeat":"repeat","background-position":"center center","background-size":"auto","background-attachment":"scroll","background-type":"","background-media":"","overlay-type":"","overlay-color":"","overlay-opacity":"","overlay-gradient":""}},"ast-content-background-meta":{"desktop":{"background-color":"var(--ast-global-color-5)","background-image":"","background-repeat":"repeat","background-position":"center center","background-size":"auto","background-attachment":"scroll","background-type":"","background-media":"","overlay-type":"","overlay-color":"","overlay-opacity":"","overlay-gradient":""},"tablet":{"background-color":"var(--ast-global-color-5)","background-image":"","background-repeat":"repeat","background-position":"center center","background-size":"auto","background-attachment":"scroll","background-type":"","background-media":"","overlay-type":"","overlay-color":"","overlay-opacity":"","overlay-gradient":""},"mobile":{"background-color":"var(--ast-global-color-5)","background-image":"","background-repeat":"repeat","background-position":"center center","background-size":"auto","background-attachment":"scroll","background-type":"","background-media":"","overlay-type":"","overlay-color":"","overlay-opacity":"","overlay-gradient":""}},"footnotes":""},"class_list":["post-169","page","type-page","status-publish","hentry"],"yoast_head":"<!-- This site is optimized with the Yoast SEO plugin v25.5 - https:\/\/yoast.com\/wordpress\/plugins\/seo\/ -->\n<title>USLD -<\/title>\n<meta name=\"robots\" content=\"index, follow, max-snippet:-1, max-image-preview:large, max-video-preview:-1\" \/>\n<link rel=\"canonical\" href=\"https:\/\/www.ch-aubusson.fr\/site\/usld\/\" \/>\n<meta property=\"og:locale\" content=\"fr_FR\" \/>\n<meta property=\"og:type\" content=\"article\" \/>\n<meta property=\"og:title\" content=\"USLD -\" \/>\n<meta property=\"og:description\" content=\"unit\u00e9 de soins longue dur\u00e9e notre service USLD accueille des personnes pr\u00e9sentant une pathologie organique chronique, ou une poly pathologiE, [&hellip;]\" \/>\n<meta property=\"og:url\" content=\"https:\/\/www.ch-aubusson.fr\/site\/usld\/\" \/>\n<meta property=\"article:publisher\" content=\"https:\/\/www.facebook.com\/people\/Centre-Hospitalier-dAubusson\/100064042814456\/\" \/>\n<meta property=\"article:modified_time\" content=\"2025-04-25T09:50:47+00:00\" \/>\n<meta property=\"og:image\" content=\"http:\/\/www.ch-aubusson.fr\/site\/wp-content\/uploads\/2024\/01\/telephone-ch-e1706177990867.png\" \/>\n<meta name=\"twitter:card\" content=\"summary_large_image\" \/>\n<meta name=\"twitter:label1\" content=\"Dur\u00e9e de lecture estim\u00e9e\" \/>\n\t<meta name=\"twitter:data1\" content=\"2 minutes\" \/>\n<!-- \/ Yoast SEO plugin. -->","yoast_head_json":{"title":"USLD -","robots":{"index":"index","follow":"follow","max-snippet":"max-snippet:-1","max-image-preview":"max-image-preview:large","max-video-preview":"max-video-preview:-1"},"canonical":"https:\/\/www.ch-aubusson.fr\/site\/usld\/","og_locale":"fr_FR","og_type":"article","og_title":"USLD -","og_description":"unit\u00e9 de soins longue dur\u00e9e notre service USLD accueille des personnes pr\u00e9sentant une pathologie organique chronique, ou une poly pathologiE, [&hellip;]","og_url":"https:\/\/www.ch-aubusson.fr\/site\/usld\/","article_publisher":"https:\/\/www.facebook.com\/people\/Centre-Hospitalier-dAubusson\/100064042814456\/","article_modified_time":"2025-04-25T09:50:47+00:00","og_image":[{"url":"http:\/\/www.ch-aubusson.fr\/site\/wp-content\/uploads\/2024\/01\/telephone-ch-e1706177990867.png","type":"","width":"","height":""}],"twitter_card":"summary_large_image","twitter_misc":{"Dur\u00e9e de lecture estim\u00e9e":"2 minutes"},"schema":{"@context":"https:\/\/schema.org","@graph":[{"@type":"WebPage","@id":"https:\/\/www.ch-aubusson.fr\/site\/usld\/","url":"https:\/\/www.ch-aubusson.fr\/site\/usld\/","name":"USLD -","isPartOf":{"@id":"https:\/\/www.ch-aubusson.fr\/site\/#website"},"primaryImageOfPage":{"@id":"https:\/\/www.ch-aubusson.fr\/site\/usld\/#primaryimage"},"image":{"@id":"https:\/\/www.ch-aubusson.fr\/site\/usld\/#primaryimage"},"thumbnailUrl":"http:\/\/www.ch-aubusson.fr\/site\/wp-content\/uploads\/2024\/01\/telephone-ch-e1706177990867.png","datePublished":"2024-01-11T16:22:47+00:00","dateModified":"2025-04-25T09:50:47+00:00","breadcrumb":{"@id":"https:\/\/www.ch-aubusson.fr\/site\/usld\/#breadcrumb"},"inLanguage":"fr-FR","potentialAction":[{"@type":"ReadAction","target":["https:\/\/www.ch-aubusson.fr\/site\/usld\/"]}]},{"@type":"ImageObject","inLanguage":"fr-FR","@id":"https:\/\/www.ch-aubusson.fr\/site\/usld\/#primaryimage","url":"https:\/\/www.ch-aubusson.fr\/site\/wp-content\/uploads\/2024\/01\/telephone-ch-e1706177990867.png","contentUrl":"https:\/\/www.ch-aubusson.fr\/site\/wp-content\/uploads\/2024\/01\/telephone-ch-e1706177990867.png","width":20,"height":20},{"@type":"BreadcrumbList","@id":"https:\/\/www.ch-aubusson.fr\/site\/usld\/#breadcrumb","itemListElement":[{"@type":"ListItem","position":1,"name":"Accueil","item":"https:\/\/www.ch-aubusson.fr\/site\/"},{"@type":"ListItem","position":2,"name":"USLD"}]},{"@type":"WebSite","@id":"https:\/\/www.ch-aubusson.fr\/site\/#website","url":"https:\/\/www.ch-aubusson.fr\/site\/","name":"Centre Hospitalier d'Aubusson","description":"","publisher":{"@id":"https:\/\/www.ch-aubusson.fr\/site\/#organization"},"potentialAction":[{"@type":"SearchAction","target":{"@type":"EntryPoint","urlTemplate":"https:\/\/www.ch-aubusson.fr\/site\/?s={search_term_string}"},"query-input":{"@type":"PropertyValueSpecification","valueRequired":true,"valueName":"search_term_string"}}],"inLanguage":"fr-FR"},{"@type":"Organization","@id":"https:\/\/www.ch-aubusson.fr\/site\/#organization","name":"Centre Hospitalier d'Aubusson","url":"https:\/\/www.ch-aubusson.fr\/site\/","logo":{"@type":"ImageObject","inLanguage":"fr-FR","@id":"https:\/\/www.ch-aubusson.fr\/site\/#\/schema\/logo\/image\/","url":"https:\/\/www.ch-aubusson.fr\/site\/wp-content\/uploads\/2024\/01\/cropped-LogoCentreHospitalier_Vertical_3Tonos-2.png","contentUrl":"https:\/\/www.ch-aubusson.fr\/site\/wp-content\/uploads\/2024\/01\/cropped-LogoCentreHospitalier_Vertical_3Tonos-2.png","width":800,"height":654,"caption":"Centre Hospitalier d'Aubusson"},"image":{"@id":"https:\/\/www.ch-aubusson.fr\/site\/#\/schema\/logo\/image\/"},"sameAs":["https:\/\/www.facebook.com\/people\/Centre-Hospitalier-dAubusson\/100064042814456\/","https:\/\/www.linkedin.com\/company\/ch-aubusson"]}]}},"_links":{"self":[{"href":"https:\/\/www.ch-aubusson.fr\/site\/wp-json\/wp\/v2\/pages\/169","targetHints":{"allow":["GET"]}}],"collection":[{"href":"https:\/\/www.ch-aubusson.fr\/site\/wp-json\/wp\/v2\/pages"}],"about":[{"href":"https:\/\/www.ch-aubusson.fr\/site\/wp-json\/wp\/v2\/types\/page"}],"author":[{"embeddable":true,"href":"https:\/\/www.ch-aubusson.fr\/site\/wp-json\/wp\/v2\/users\/3"}],"replies":[{"embeddable":true,"href":"https:\/\/www.ch-aubusson.fr\/site\/wp-json\/wp\/v2\/comments?post=169"}],"version-history":[{"count":36,"href":"https:\/\/www.ch-aubusson.fr\/site\/wp-json\/wp\/v2\/pages\/169\/revisions"}],"predecessor-version":[{"id":6030,"href":"https:\/\/www.ch-aubusson.fr\/site\/wp-json\/wp\/v2\/pages\/169\/revisions\/6030"}],"wp:attachment":[{"href":"https:\/\/www.ch-aubusson.fr\/site\/wp-json\/wp\/v2\/media?parent=169"}],"curies":[{"name":"wp","href":"https:\/\/api.w.org\/{rel}","templated":true}]}}