{"id":1988,"date":"2024-02-07T15:37:50","date_gmt":"2024-02-07T14:37:50","guid":{"rendered":"http:\/\/www.ch-aubusson.fr\/site\/?page_id=1988"},"modified":"2025-04-25T11:50:08","modified_gmt":"2025-04-25T09:50:08","slug":"smr","status":"publish","type":"page","link":"https:\/\/www.ch-aubusson.fr\/site\/smr\/","title":{"rendered":"SMR"},"content":{"rendered":"\n<div style=\"height:40px\" aria-hidden=\"true\" class=\"wp-block-spacer\"><\/div>\n\n\n\n<h2 class=\"wp-block-heading\">Soins M\u00e9dicaux et de R\u00e9adaptation<\/h2>\n\n\n\n<h4 class=\"wp-block-heading presentation\">le service de soins m\u00e9dicaux et de r\u00e9adaptation r\u00e9alise des soins apr\u00e8s une blessure, une maladie ou une intervention chirurgicale<\/h4>\n\n\n\n<p class=\"capacite\">Capacit\u00e9 : 27 lits et 2 hospitalisations de jour<br>Visite tous les jours de 12h \u00e0 20h, sauf limitation ou interdiction m\u00e9dicale<br>Horaires du bureau d&#8217;accueil : de 9h \u00e0 17h<\/p>\n\n\n\n<div style=\"height:20px\" aria-hidden=\"true\" class=\"wp-block-spacer\"><\/div>\n\n\n\n<p><a href=\"https:\/\/www.ch-aubusson.fr\/site\/localisation\/#lm\">50 rue Henri Dunant, 23200 Aubusson<\/a><br><img loading=\"lazy\" decoding=\"async\" width=\"20\" height=\"20\" class=\"wp-image-1166\" style=\"width: 20px;\" src=\"https:\/\/www.ch-aubusson.fr\/site\/wp-content\/uploads\/2024\/01\/telephone-ch-e1706177990867.png\" alt=\"\"> 05 55 83 50 50<br><img loading=\"lazy\" decoding=\"async\" width=\"20\" height=\"20\" class=\"wp-image-1296\" style=\"width: 20px;\" src=\"https:\/\/www.ch-aubusson.fr\/site\/wp-content\/uploads\/2024\/01\/email-ch-1-e1706265910900.png\" alt=\"\"> secssr@ch-aubusson.fr<\/p>\n\n\n\n<div style=\"height:20px\" aria-hidden=\"true\" class=\"wp-block-spacer\"><\/div>\n\n\n<div id=\"metaslider-id-2491\" style=\"width: 100%; margin: 0 auto;\" class=\"ml-slider-3-99-0 metaslider metaslider-flex metaslider-2491 ml-slider ms-theme-default\" role=\"region\" aria-label=\"SMR\" data-width=\"1000\">\n    <div id=\"metaslider_container_2491\">\n        <div id=\"metaslider_2491\">\n            <ul class='slides'>\n                <li style=\"display: block; width: 100%;\" class=\"slide-2492 ms-image \" aria-roledescription=\"slide\" data-date=\"2024-02-12 16:47:36\"><img loading=\"lazy\" decoding=\"async\" src=\"https:\/\/www.ch-aubusson.fr\/site\/wp-content\/uploads\/2024\/03\/ES4A0457-scaled-1000x300.jpg\" height=\"300\" width=\"1000\" alt=\"\" class=\"slider-2491 slide-2492 msDefaultImage\" title=\"ES4A0457\" \/><\/li>\n                <li style=\"display: none; width: 100%;\" class=\"slide-2493 ms-image \" aria-roledescription=\"slide\" data-date=\"2024-02-12 16:47:40\"><img loading=\"lazy\" decoding=\"async\" src=\"https:\/\/www.ch-aubusson.fr\/site\/wp-content\/uploads\/2024\/03\/08072015-DSC_6668-scaled-e1710409184111-1000x300.jpg\" height=\"300\" width=\"1000\" alt=\"\" class=\"slider-2491 slide-2493 msDefaultImage\" title=\"08072015-DSC_6668\" \/><\/li>\n                <li style=\"display: none; width: 100%;\" class=\"slide-2494 ms-image \" aria-roledescription=\"slide\" data-date=\"2024-02-12 16:48:04\"><img loading=\"lazy\" decoding=\"async\" src=\"https:\/\/www.ch-aubusson.fr\/site\/wp-content\/uploads\/2024\/03\/08072015-DSC_6724-scaled-1000x300.jpg\" height=\"300\" width=\"1000\" alt=\"\" class=\"slider-2491 slide-2494 msDefaultImage\" title=\"08072015-DSC_6724\" \/><\/li>\n            <\/ul>\n        <\/div>\n        \n    <\/div>\n<\/div>\n\n\n\n<div style=\"height:0px\" aria-hidden=\"true\" class=\"wp-block-spacer\"><\/div>\n\n\n\n<div style=\"height:40px\" aria-hidden=\"true\" class=\"wp-block-spacer\"><\/div>\n\n\n\n<h1 class=\"wp-block-heading has-ast-global-color-5-color has-text-color has-background has-link-color wp-elements-3b1e7a0bcba5f3a83ecba389ee254152\" style=\"background-color:#243466\">PRISE EN CHARGE<\/h1>\n\n\n\n<p>Situ\u00e9 au 1er \u00e9tage, le service de soins m\u00e9dicaux et de r\u00e9adaptation prend en charge les patients r\u00e9partis sur trois fili\u00e8res :<\/p>\n\n\n\n<ul class=\"wp-block-list\">\n<li>Affection de l\u2019appareil locomoteur<\/li>\n\n\n\n<li>Affection de la personne \u00e2g\u00e9e polypathologique de plus de 75 ans<\/li>\n\n\n\n<li>Affection polyvalente<\/li>\n<\/ul>\n\n\n\n<p>Vous pouvez \u00eatre admis en hospitalisation compl\u00e8te ou de jour.<\/p>\n\n\n\n<p>Les activit\u00e9s de SMR ont pour but d\u2019aider \u00e0 conserver et \/ou de retrouver une autonomie en vue d\u2019un retour \u00e0 domicile ou une orientation en structure d\u2019h\u00e9bergement.<\/p>\n\n\n\n<p>L&#8217;entr\u00e9e en SMR est valid\u00e9e par l&#8217;\u00e9quipe m\u00e9dicale du service et la prise en charge est assur\u00e9e par une \u00e9quipe pluridisciplinaire :<\/p>\n\n\n\n<ul class=\"wp-block-list\">\n<li>de kin\u00e9sith\u00e9rapeutes<\/li>\n\n\n\n<li>d\u2019une ergoth\u00e9rapeute<\/li>\n\n\n\n<li>d&#8217;enseignant d&#8217;activit\u00e9 physique adapt\u00e9e (EAPA)<\/li>\n<\/ul>\n\n\n\n<div style=\"height:30px\" aria-hidden=\"true\" class=\"wp-block-spacer\"><\/div>\n\n\n\n<p>En savoir plus <a href=\"https:\/\/www.ch-aubusson.fr\/site\/sejour-en-service-de-soins\/\">sur votre s\u00e9jour<\/a> et <a href=\"https:\/\/www.ch-aubusson.fr\/site\/votre-sortie\/\">pr\u00e9parer votre sortie<\/a>.<\/p>\n\n\n\n<div style=\"height:40px\" aria-hidden=\"true\" class=\"wp-block-spacer\"><\/div>\n\n\n\n<h1 class=\"wp-block-heading has-ast-global-color-5-color has-text-color has-background has-link-color wp-elements-73086dff15743eb430dfae1d45fc1f04\" style=\"background-color:#243466\">plateau technique<\/h1>\n\n\n\n<p>Le plateau technique du service b\u00e9n\u00e9ficie :<\/p>\n\n\n\n<ul class=\"wp-block-list\">\n<li>d&#8217;un espace de kin\u00e9sith\u00e9rapie et d&#8217;activit\u00e9 physique adapt\u00e9e<\/li>\n\n\n\n<li>d&#8217;un espace d&#8217;ergoth\u00e9rapie<\/li>\n\n\n\n<li>d&#8217;un espace de baln\u00e9oth\u00e9rapie<\/li>\n\n\n\n<li>d&#8217;une cuisine th\u00e9rapeutique<\/li>\n<\/ul>\n\n\n\n<div style=\"height:40px\" aria-hidden=\"true\" class=\"wp-block-spacer\"><\/div>\n\n\n\n<figure class=\"wp-block-gallery has-nested-images columns-5 is-cropped wp-block-gallery-1 is-layout-flex wp-block-gallery-is-layout-flex\">\n<figure data-wp-context=\"{&quot;imageId&quot;:&quot;69e58b1319812&quot;}\" data-wp-interactive=\"core\/image\" data-wp-key=\"69e58b1319812\" class=\"wp-block-image size-large wp-lightbox-container\"><img loading=\"lazy\" decoding=\"async\" width=\"1024\" height=\"678\" data-wp-class--hide=\"state.isContentHidden\" data-wp-class--show=\"state.isContentVisible\" data-wp-init=\"callbacks.setButtonStyles\" data-wp-on--click=\"actions.showLightbox\" data-wp-on--load=\"callbacks.setButtonStyles\" data-wp-on-window--resize=\"callbacks.setButtonStyles\" data-id=\"4816\" src=\"https:\/\/www.ch-aubusson.fr\/site\/wp-content\/uploads\/2024\/03\/Balneo-Le-Mont-1024x678.jpg\" alt=\"\" class=\"wp-image-4816\" srcset=\"https:\/\/www.ch-aubusson.fr\/site\/wp-content\/uploads\/2024\/03\/Balneo-Le-Mont-1024x678.jpg 1024w, https:\/\/www.ch-aubusson.fr\/site\/wp-content\/uploads\/2024\/03\/Balneo-Le-Mont-300x199.jpg 300w, https:\/\/www.ch-aubusson.fr\/site\/wp-content\/uploads\/2024\/03\/Balneo-Le-Mont-768x509.jpg 768w, https:\/\/www.ch-aubusson.fr\/site\/wp-content\/uploads\/2024\/03\/Balneo-Le-Mont-1536x1017.jpg 1536w, https:\/\/www.ch-aubusson.fr\/site\/wp-content\/uploads\/2024\/03\/Balneo-Le-Mont-2048x1356.jpg 2048w\" sizes=\"auto, (max-width: 1024px) 100vw, 1024px\" \/><button\n\t\t\tclass=\"lightbox-trigger\"\n\t\t\ttype=\"button\"\n\t\t\taria-haspopup=\"dialog\"\n\t\t\taria-label=\"Agrandir\"\n\t\t\tdata-wp-init=\"callbacks.initTriggerButton\"\n\t\t\tdata-wp-on--click=\"actions.showLightbox\"\n\t\t\tdata-wp-style--right=\"state.imageButtonRight\"\n\t\t\tdata-wp-style--top=\"state.imageButtonTop\"\n\t\t>\n\t\t\t<svg xmlns=\"http:\/\/www.w3.org\/2000\/svg\" width=\"12\" height=\"12\" fill=\"none\" viewBox=\"0 0 12 12\">\n\t\t\t\t<path fill=\"#fff\" d=\"M2 0a2 2 0 0 0-2 2v2h1.5V2a.5.5 0 0 1 .5-.5h2V0H2Zm2 10.5H2a.5.5 0 0 1-.5-.5V8H0v2a2 2 0 0 0 2 2h2v-1.5ZM8 12v-1.5h2a.5.5 0 0 0 .5-.5V8H12v2a2 2 0 0 1-2 2H8Zm2-12a2 2 0 0 1 2 2v2h-1.5V2a.5.5 0 0 0-.5-.5H8V0h2Z\" \/>\n\t\t\t<\/svg>\n\t\t<\/button><\/figure>\n\n\n\n<figure data-wp-context=\"{&quot;imageId&quot;:&quot;69e58b1319d40&quot;}\" data-wp-interactive=\"core\/image\" data-wp-key=\"69e58b1319d40\" class=\"wp-block-image size-full wp-lightbox-container\"><img loading=\"lazy\" decoding=\"async\" width=\"2560\" height=\"1696\" data-wp-class--hide=\"state.isContentHidden\" data-wp-class--show=\"state.isContentVisible\" data-wp-init=\"callbacks.setButtonStyles\" data-wp-on--click=\"actions.showLightbox\" data-wp-on--load=\"callbacks.setButtonStyles\" data-wp-on-window--resize=\"callbacks.setButtonStyles\" data-id=\"4817\" src=\"https:\/\/www.ch-aubusson.fr\/site\/wp-content\/uploads\/2024\/03\/08072015-DSC_6668-1-scaled.jpg\" alt=\"\" class=\"wp-image-4817\" srcset=\"https:\/\/www.ch-aubusson.fr\/site\/wp-content\/uploads\/2024\/03\/08072015-DSC_6668-1-scaled.jpg 2560w, https:\/\/www.ch-aubusson.fr\/site\/wp-content\/uploads\/2024\/03\/08072015-DSC_6668-1-300x199.jpg 300w, https:\/\/www.ch-aubusson.fr\/site\/wp-content\/uploads\/2024\/03\/08072015-DSC_6668-1-1024x678.jpg 1024w, https:\/\/www.ch-aubusson.fr\/site\/wp-content\/uploads\/2024\/03\/08072015-DSC_6668-1-768x509.jpg 768w, https:\/\/www.ch-aubusson.fr\/site\/wp-content\/uploads\/2024\/03\/08072015-DSC_6668-1-1536x1017.jpg 1536w, https:\/\/www.ch-aubusson.fr\/site\/wp-content\/uploads\/2024\/03\/08072015-DSC_6668-1-2048x1356.jpg 2048w\" sizes=\"auto, (max-width: 2560px) 100vw, 2560px\" \/><button\n\t\t\tclass=\"lightbox-trigger\"\n\t\t\ttype=\"button\"\n\t\t\taria-haspopup=\"dialog\"\n\t\t\taria-label=\"Agrandir\"\n\t\t\tdata-wp-init=\"callbacks.initTriggerButton\"\n\t\t\tdata-wp-on--click=\"actions.showLightbox\"\n\t\t\tdata-wp-style--right=\"state.imageButtonRight\"\n\t\t\tdata-wp-style--top=\"state.imageButtonTop\"\n\t\t>\n\t\t\t<svg xmlns=\"http:\/\/www.w3.org\/2000\/svg\" width=\"12\" height=\"12\" fill=\"none\" viewBox=\"0 0 12 12\">\n\t\t\t\t<path fill=\"#fff\" d=\"M2 0a2 2 0 0 0-2 2v2h1.5V2a.5.5 0 0 1 .5-.5h2V0H2Zm2 10.5H2a.5.5 0 0 1-.5-.5V8H0v2a2 2 0 0 0 2 2h2v-1.5ZM8 12v-1.5h2a.5.5 0 0 0 .5-.5V8H12v2a2 2 0 0 1-2 2H8Zm2-12a2 2 0 0 1 2 2v2h-1.5V2a.5.5 0 0 0-.5-.5H8V0h2Z\" \/>\n\t\t\t<\/svg>\n\t\t<\/button><\/figure>\n\n\n\n<figure data-wp-context=\"{&quot;imageId&quot;:&quot;69e58b131a2a1&quot;}\" data-wp-interactive=\"core\/image\" data-wp-key=\"69e58b131a2a1\" class=\"wp-block-image size-large wp-lightbox-container\"><img loading=\"lazy\" decoding=\"async\" width=\"1024\" height=\"678\" data-wp-class--hide=\"state.isContentHidden\" data-wp-class--show=\"state.isContentVisible\" data-wp-init=\"callbacks.setButtonStyles\" data-wp-on--click=\"actions.showLightbox\" data-wp-on--load=\"callbacks.setButtonStyles\" data-wp-on-window--resize=\"callbacks.setButtonStyles\" data-id=\"4818\" src=\"https:\/\/www.ch-aubusson.fr\/site\/wp-content\/uploads\/2024\/03\/08072015-DSC_6655-1024x678.jpg\" alt=\"\" class=\"wp-image-4818\" srcset=\"https:\/\/www.ch-aubusson.fr\/site\/wp-content\/uploads\/2024\/03\/08072015-DSC_6655-1024x678.jpg 1024w, https:\/\/www.ch-aubusson.fr\/site\/wp-content\/uploads\/2024\/03\/08072015-DSC_6655-300x199.jpg 300w, https:\/\/www.ch-aubusson.fr\/site\/wp-content\/uploads\/2024\/03\/08072015-DSC_6655-768x509.jpg 768w, https:\/\/www.ch-aubusson.fr\/site\/wp-content\/uploads\/2024\/03\/08072015-DSC_6655-1536x1017.jpg 1536w, https:\/\/www.ch-aubusson.fr\/site\/wp-content\/uploads\/2024\/03\/08072015-DSC_6655-2048x1356.jpg 2048w\" sizes=\"auto, (max-width: 1024px) 100vw, 1024px\" \/><button\n\t\t\tclass=\"lightbox-trigger\"\n\t\t\ttype=\"button\"\n\t\t\taria-haspopup=\"dialog\"\n\t\t\taria-label=\"Agrandir\"\n\t\t\tdata-wp-init=\"callbacks.initTriggerButton\"\n\t\t\tdata-wp-on--click=\"actions.showLightbox\"\n\t\t\tdata-wp-style--right=\"state.imageButtonRight\"\n\t\t\tdata-wp-style--top=\"state.imageButtonTop\"\n\t\t>\n\t\t\t<svg xmlns=\"http:\/\/www.w3.org\/2000\/svg\" width=\"12\" height=\"12\" fill=\"none\" viewBox=\"0 0 12 12\">\n\t\t\t\t<path fill=\"#fff\" d=\"M2 0a2 2 0 0 0-2 2v2h1.5V2a.5.5 0 0 1 .5-.5h2V0H2Zm2 10.5H2a.5.5 0 0 1-.5-.5V8H0v2a2 2 0 0 0 2 2h2v-1.5ZM8 12v-1.5h2a.5.5 0 0 0 .5-.5V8H12v2a2 2 0 0 1-2 2H8Zm2-12a2 2 0 0 1 2 2v2h-1.5V2a.5.5 0 0 0-.5-.5H8V0h2Z\" \/>\n\t\t\t<\/svg>\n\t\t<\/button><\/figure>\n<\/figure>\n\n\n\n<div style=\"height:40px\" aria-hidden=\"true\" class=\"wp-block-spacer\"><\/div>\n\n\n\n<h1 class=\"wp-block-heading has-ast-global-color-5-color has-text-color has-background has-link-color wp-elements-0cdec43a8e460194b7284085612516de\" style=\"background-color:#243466\">SERVICE SOCIAL<\/h1>\n\n\n\n<p>Le service social est \u00e0 disposition des patients&nbsp;pour les informer, les conseiller, les orienter pour pr\u00e9parer leur sortie dans les meilleures conditions. Il est \u00e9galement pr\u00e9sent pour les guider dans leurs d\u00e9marches.<\/p>\n\n\n\n<p>Les sollicitations peuvent concerner des difficult\u00e9s\u00a0d\u2019ordre familiales, sociales et professionnelles.<\/p>\n\n\n\n<div style=\"height:40px\" aria-hidden=\"true\" class=\"wp-block-spacer\"><\/div>\n\n\n\n<h1 class=\"wp-block-heading has-ast-global-color-5-color has-text-color has-background has-link-color wp-elements-cafb9ad24c2241077d8c875b3a2acb83\" style=\"background-color:#243466\">SERVICES<\/h1>\n\n\n\n<table id=\"tablepress-5\" class=\"tablepress tablepress-id-5\">\n<tbody>\n<tr class=\"row-1\">\n\t<td class=\"column-1\"><img loading=\"lazy\" decoding=\"async\" src=\"http:\/\/www.ch-aubusson.fr\/site\/wp-content\/uploads\/2024\/01\/wifi_ch-2-1-2-e1705655183312.png\" alt=\"\" width=\"20\" height=\"20\" class=\"alignnone size-full wp-image-210\" \/><\/td><td class=\"column-2\">Wifi public gratuit<\/td><td class=\"column-3\"><img loading=\"lazy\" decoding=\"async\" src=\"http:\/\/www.ch-aubusson.fr\/site\/wp-content\/uploads\/2024\/01\/telephone-ch-e1706177990867.png\" alt=\"\" width=\"20\" height=\"20\" class=\"alignnone size-full wp-image-1166\" \/><\/td><td class=\"column-4\">T\u00e9l\u00e9phone<\/td>\n<\/tr>\n<tr class=\"row-2\">\n\t<td class=\"column-1\"><img loading=\"lazy\" decoding=\"async\" src=\"http:\/\/www.ch-aubusson.fr\/site\/wp-content\/uploads\/2024\/01\/tv_ch-e1705655282742.png\" alt=\"\" width=\"20\" height=\"20\" class=\"alignnone size-full wp-image-211\" \/><\/td><td class=\"column-2\">T\u00e9levision<\/td><td class=\"column-3\"><img loading=\"lazy\" decoding=\"async\" src=\"http:\/\/www.ch-aubusson.fr\/site\/wp-content\/uploads\/2024\/01\/un-journal-300x300.png\" alt=\"\" width=\"20\" height=\"20\" class=\"alignnone size-medium wp-image-1471\" \/><\/td><td class=\"column-4\">Journaux<\/td>\n<\/tr>\n<tr class=\"row-3\">\n\t<td class=\"column-1\"><img loading=\"lazy\" decoding=\"async\" src=\"http:\/\/www.ch-aubusson.fr\/site\/wp-content\/uploads\/2024\/01\/email-ch-1-300x300.png\" alt=\"\" width=\"20\" height=\"20\" class=\"alignnone size-medium wp-image-1296\" \/><\/td><td class=\"column-2\">Courrier<\/td><td class=\"column-3\"><img loading=\"lazy\" decoding=\"async\" src=\"http:\/\/www.ch-aubusson.fr\/site\/wp-content\/uploads\/2024\/01\/distributeur-automatique-300x300.png\" alt=\"\" width=\"20\" height=\"20\" class=\"alignnone size-medium wp-image-1470\" \/><\/td><td class=\"column-4\">Distributeurs<\/td>\n<\/tr>\n<\/tbody>\n<\/table>\n<!-- #tablepress-5 from cache -->\n\n\n\n<div style=\"height:100px\" aria-hidden=\"true\" class=\"wp-block-spacer\"><\/div>\n","protected":false},"excerpt":{"rendered":"<p>Soins M\u00e9dicaux et de R\u00e9adaptation le service de soins m\u00e9dicaux et de r\u00e9adaptation r\u00e9alise des soins apr\u00e8s une blessure, une [&hellip;]<\/p>\n","protected":false},"author":3,"featured_media":0,"parent":0,"menu_order":0,"comment_status":"closed","ping_status":"closed","template":"","meta":{"site-sidebar-layout":"default","site-content-layout":"","ast-site-content-layout":"","site-content-style":"default","site-sidebar-style":"default","ast-global-header-display":"","ast-banner-title-visibility":"","ast-main-header-display":"","ast-hfb-above-header-display":"","ast-hfb-below-header-display":"","ast-hfb-mobile-header-display":"","site-post-title":"disabled","ast-breadcrumbs-content":"","ast-featured-img":"","footer-sml-layout":"","theme-transparent-header-meta":"","adv-header-id-meta":"","stick-header-meta":"","header-above-stick-meta":"","header-main-stick-meta":"","header-below-stick-meta":"","astra-migrate-meta-layouts":"default","ast-page-background-enabled":"default","ast-page-background-meta":{"desktop":{"background-color":"var(--ast-global-color-4)","background-image":"","background-repeat":"repeat","background-position":"center center","background-size":"auto","background-attachment":"scroll","background-type":"","background-media":"","overlay-type":"","overlay-color":"","overlay-opacity":"","overlay-gradient":""},"tablet":{"background-color":"","background-image":"","background-repeat":"repeat","background-position":"center center","background-size":"auto","background-attachment":"scroll","background-type":"","background-media":"","overlay-type":"","overlay-color":"","overlay-opacity":"","overlay-gradient":""},"mobile":{"background-color":"","background-image":"","background-repeat":"repeat","background-position":"center center","background-size":"auto","background-attachment":"scroll","background-type":"","background-media":"","overlay-type":"","overlay-color":"","overlay-opacity":"","overlay-gradient":""}},"ast-content-background-meta":{"desktop":{"background-color":"var(--ast-global-color-5)","background-image":"","background-repeat":"repeat","background-position":"center center","background-size":"auto","background-attachment":"scroll","background-type":"","background-media":"","overlay-type":"","overlay-color":"","overlay-opacity":"","overlay-gradient":""},"tablet":{"background-color":"var(--ast-global-color-5)","background-image":"","background-repeat":"repeat","background-position":"center center","background-size":"auto","background-attachment":"scroll","background-type":"","background-media":"","overlay-type":"","overlay-color":"","overlay-opacity":"","overlay-gradient":""},"mobile":{"background-color":"var(--ast-global-color-5)","background-image":"","background-repeat":"repeat","background-position":"center center","background-size":"auto","background-attachment":"scroll","background-type":"","background-media":"","overlay-type":"","overlay-color":"","overlay-opacity":"","overlay-gradient":""}},"footnotes":""},"class_list":["post-1988","page","type-page","status-publish","hentry"],"yoast_head":"<!-- This site is optimized with the Yoast SEO plugin v25.5 - https:\/\/yoast.com\/wordpress\/plugins\/seo\/ -->\n<title>SMR -<\/title>\n<meta name=\"robots\" content=\"index, follow, max-snippet:-1, max-image-preview:large, max-video-preview:-1\" \/>\n<link rel=\"canonical\" href=\"https:\/\/www.ch-aubusson.fr\/site\/smr\/\" \/>\n<meta property=\"og:locale\" content=\"fr_FR\" \/>\n<meta property=\"og:type\" content=\"article\" \/>\n<meta property=\"og:title\" content=\"SMR -\" \/>\n<meta property=\"og:description\" content=\"Soins M\u00e9dicaux et de R\u00e9adaptation le service de soins m\u00e9dicaux et de r\u00e9adaptation r\u00e9alise des soins apr\u00e8s une blessure, une [&hellip;]\" \/>\n<meta property=\"og:url\" content=\"https:\/\/www.ch-aubusson.fr\/site\/smr\/\" \/>\n<meta property=\"article:publisher\" content=\"https:\/\/www.facebook.com\/people\/Centre-Hospitalier-dAubusson\/100064042814456\/\" \/>\n<meta property=\"article:modified_time\" content=\"2025-04-25T09:50:08+00:00\" \/>\n<meta property=\"og:image\" content=\"http:\/\/www.ch-aubusson.fr\/site\/wp-content\/uploads\/2024\/01\/telephone-ch-e1706177990867.png\" \/>\n<meta name=\"twitter:card\" content=\"summary_large_image\" \/>\n<meta name=\"twitter:label1\" content=\"Dur\u00e9e de lecture estim\u00e9e\" \/>\n\t<meta name=\"twitter:data1\" content=\"3 minutes\" \/>\n<!-- \/ Yoast SEO plugin. -->","yoast_head_json":{"title":"SMR -","robots":{"index":"index","follow":"follow","max-snippet":"max-snippet:-1","max-image-preview":"max-image-preview:large","max-video-preview":"max-video-preview:-1"},"canonical":"https:\/\/www.ch-aubusson.fr\/site\/smr\/","og_locale":"fr_FR","og_type":"article","og_title":"SMR -","og_description":"Soins M\u00e9dicaux et de R\u00e9adaptation le service de soins m\u00e9dicaux et de r\u00e9adaptation r\u00e9alise des soins apr\u00e8s une blessure, une [&hellip;]","og_url":"https:\/\/www.ch-aubusson.fr\/site\/smr\/","article_publisher":"https:\/\/www.facebook.com\/people\/Centre-Hospitalier-dAubusson\/100064042814456\/","article_modified_time":"2025-04-25T09:50:08+00:00","og_image":[{"url":"http:\/\/www.ch-aubusson.fr\/site\/wp-content\/uploads\/2024\/01\/telephone-ch-e1706177990867.png","type":"","width":"","height":""}],"twitter_card":"summary_large_image","twitter_misc":{"Dur\u00e9e de lecture estim\u00e9e":"3 minutes"},"schema":{"@context":"https:\/\/schema.org","@graph":[{"@type":"WebPage","@id":"https:\/\/www.ch-aubusson.fr\/site\/smr\/","url":"https:\/\/www.ch-aubusson.fr\/site\/smr\/","name":"SMR -","isPartOf":{"@id":"https:\/\/www.ch-aubusson.fr\/site\/#website"},"primaryImageOfPage":{"@id":"https:\/\/www.ch-aubusson.fr\/site\/smr\/#primaryimage"},"image":{"@id":"https:\/\/www.ch-aubusson.fr\/site\/smr\/#primaryimage"},"thumbnailUrl":"http:\/\/www.ch-aubusson.fr\/site\/wp-content\/uploads\/2024\/01\/telephone-ch-e1706177990867.png","datePublished":"2024-02-07T14:37:50+00:00","dateModified":"2025-04-25T09:50:08+00:00","breadcrumb":{"@id":"https:\/\/www.ch-aubusson.fr\/site\/smr\/#breadcrumb"},"inLanguage":"fr-FR","potentialAction":[{"@type":"ReadAction","target":["https:\/\/www.ch-aubusson.fr\/site\/smr\/"]}]},{"@type":"ImageObject","inLanguage":"fr-FR","@id":"https:\/\/www.ch-aubusson.fr\/site\/smr\/#primaryimage","url":"https:\/\/www.ch-aubusson.fr\/site\/wp-content\/uploads\/2024\/01\/telephone-ch-e1706177990867.png","contentUrl":"https:\/\/www.ch-aubusson.fr\/site\/wp-content\/uploads\/2024\/01\/telephone-ch-e1706177990867.png","width":20,"height":20},{"@type":"BreadcrumbList","@id":"https:\/\/www.ch-aubusson.fr\/site\/smr\/#breadcrumb","itemListElement":[{"@type":"ListItem","position":1,"name":"Accueil","item":"https:\/\/www.ch-aubusson.fr\/site\/"},{"@type":"ListItem","position":2,"name":"SMR"}]},{"@type":"WebSite","@id":"https:\/\/www.ch-aubusson.fr\/site\/#website","url":"https:\/\/www.ch-aubusson.fr\/site\/","name":"Centre Hospitalier d'Aubusson","description":"","publisher":{"@id":"https:\/\/www.ch-aubusson.fr\/site\/#organization"},"potentialAction":[{"@type":"SearchAction","target":{"@type":"EntryPoint","urlTemplate":"https:\/\/www.ch-aubusson.fr\/site\/?s={search_term_string}"},"query-input":{"@type":"PropertyValueSpecification","valueRequired":true,"valueName":"search_term_string"}}],"inLanguage":"fr-FR"},{"@type":"Organization","@id":"https:\/\/www.ch-aubusson.fr\/site\/#organization","name":"Centre Hospitalier d'Aubusson","url":"https:\/\/www.ch-aubusson.fr\/site\/","logo":{"@type":"ImageObject","inLanguage":"fr-FR","@id":"https:\/\/www.ch-aubusson.fr\/site\/#\/schema\/logo\/image\/","url":"https:\/\/www.ch-aubusson.fr\/site\/wp-content\/uploads\/2024\/01\/cropped-LogoCentreHospitalier_Vertical_3Tonos-2.png","contentUrl":"https:\/\/www.ch-aubusson.fr\/site\/wp-content\/uploads\/2024\/01\/cropped-LogoCentreHospitalier_Vertical_3Tonos-2.png","width":800,"height":654,"caption":"Centre Hospitalier d'Aubusson"},"image":{"@id":"https:\/\/www.ch-aubusson.fr\/site\/#\/schema\/logo\/image\/"},"sameAs":["https:\/\/www.facebook.com\/people\/Centre-Hospitalier-dAubusson\/100064042814456\/","https:\/\/www.linkedin.com\/company\/ch-aubusson"]}]}},"_links":{"self":[{"href":"https:\/\/www.ch-aubusson.fr\/site\/wp-json\/wp\/v2\/pages\/1988","targetHints":{"allow":["GET"]}}],"collection":[{"href":"https:\/\/www.ch-aubusson.fr\/site\/wp-json\/wp\/v2\/pages"}],"about":[{"href":"https:\/\/www.ch-aubusson.fr\/site\/wp-json\/wp\/v2\/types\/page"}],"author":[{"embeddable":true,"href":"https:\/\/www.ch-aubusson.fr\/site\/wp-json\/wp\/v2\/users\/3"}],"replies":[{"embeddable":true,"href":"https:\/\/www.ch-aubusson.fr\/site\/wp-json\/wp\/v2\/comments?post=1988"}],"version-history":[{"count":38,"href":"https:\/\/www.ch-aubusson.fr\/site\/wp-json\/wp\/v2\/pages\/1988\/revisions"}],"predecessor-version":[{"id":6029,"href":"https:\/\/www.ch-aubusson.fr\/site\/wp-json\/wp\/v2\/pages\/1988\/revisions\/6029"}],"wp:attachment":[{"href":"https:\/\/www.ch-aubusson.fr\/site\/wp-json\/wp\/v2\/media?parent=1988"}],"curies":[{"name":"wp","href":"https:\/\/api.w.org\/{rel}","templated":true}]}}