{"id":1997,"date":"2024-02-07T15:41:21","date_gmt":"2024-02-07T14:41:21","guid":{"rendered":"http:\/\/www.ch-aubusson.fr\/site\/?page_id=1997"},"modified":"2025-04-25T11:47:59","modified_gmt":"2025-04-25T09:47:59","slug":"chirurgie","status":"publish","type":"page","link":"https:\/\/www.ch-aubusson.fr\/site\/chirurgie\/","title":{"rendered":"Chirurgie"},"content":{"rendered":"\n<div style=\"height:40px\" aria-hidden=\"true\" class=\"wp-block-spacer\"><\/div>\n\n\n\n<h2 class=\"wp-block-heading\">chirurgie ambulatoire<\/h2>\n\n\n\n<h4 class=\"wp-block-heading presentation\">La chirurgie ambulatoire est un service d&#8217;hospitalisation dans le cadre d&#8217;une intervention programm\u00e9e permettant un retour au domicile le jour m\u00eame de votre intervention.<\/h4>\n\n\n\n<p class=\"capacite\">Capacit\u00e9 : 5 lits<br>Les lundis, mardis et jeudis<\/p>\n\n\n\n<div style=\"height:20px\" aria-hidden=\"true\" class=\"wp-block-spacer\"><\/div>\n\n\n\n<p class=\"localisation\"><a href=\"https:\/\/www.ch-aubusson.fr\/site\/localisation\/#cb\">3 c\u00f4te Ribi\u00e8re, 23200 Moutier-Rozeille<\/a><br><img loading=\"lazy\" decoding=\"async\" width=\"20\" height=\"20\" class=\"wp-image-1166\" style=\"width: 20px;\" src=\"https:\/\/www.ch-aubusson.fr\/site\/wp-content\/uploads\/2024\/01\/telephone-ch-e1706177990867.png\" alt=\"\"> 05 55 83 09 50<\/p>\n\n\n\n<div style=\"height:20px\" aria-hidden=\"true\" class=\"wp-block-spacer\"><\/div>\n\n\n\n<figure class=\"wp-block-image size-full is-resized\"><img loading=\"lazy\" decoding=\"async\" width=\"1719\" height=\"2048\" src=\"https:\/\/www.ch-aubusson.fr\/site\/wp-content\/uploads\/2024\/03\/CHIR305095960356222139_n-1.jpg\" alt=\"\" class=\"wp-image-4097\" style=\"object-fit:cover;width:1200px;height:300px\" srcset=\"https:\/\/www.ch-aubusson.fr\/site\/wp-content\/uploads\/2024\/03\/CHIR305095960356222139_n-1.jpg 1719w, https:\/\/www.ch-aubusson.fr\/site\/wp-content\/uploads\/2024\/03\/CHIR305095960356222139_n-1-252x300.jpg 252w, https:\/\/www.ch-aubusson.fr\/site\/wp-content\/uploads\/2024\/03\/CHIR305095960356222139_n-1-860x1024.jpg 860w, https:\/\/www.ch-aubusson.fr\/site\/wp-content\/uploads\/2024\/03\/CHIR305095960356222139_n-1-768x915.jpg 768w, https:\/\/www.ch-aubusson.fr\/site\/wp-content\/uploads\/2024\/03\/CHIR305095960356222139_n-1-1289x1536.jpg 1289w\" sizes=\"auto, (max-width: 1719px) 100vw, 1719px\" \/><\/figure>\n\n\n\n<div style=\"height:47px\" aria-hidden=\"true\" class=\"wp-block-spacer\"><\/div>\n\n\n\n<h1 class=\"wp-block-heading has-ast-global-color-5-color has-text-color has-background has-link-color wp-elements-1ed979c23c639cf24dfdf2ddb68b0858\" style=\"background-color:#243466\">sp\u00e9cialit\u00e9s<\/h1>\n\n\n\n<p>Les chirurgies ambulatoires r\u00e9alis\u00e9es au centre hospitalier :<\/p>\n\n\n\n<ul class=\"wp-block-list\">\n<li>ophtalmologie&nbsp;: cataracte et injection intravitr\u00e9enne (IVT)<\/li>\n\n\n\n<li>gastro-ent\u00e9rologie : fibroscopie et coloscopie<\/li>\n<\/ul>\n\n\n\n<div style=\"height:40px\" aria-hidden=\"true\" class=\"wp-block-spacer\"><\/div>\n\n\n\n<h1 class=\"wp-block-heading has-ast-global-color-5-color has-text-color has-background has-link-color wp-elements-971089b240c7cd1e7a0c49e3f1d0e035\" style=\"background-color:#243466\">preparer votre venue<\/h1>\n\n\n\n<p>La d\u00e9cision d\u2019hospitalisation en chirurgie ambulatoire est prise lors de la consultation m\u00e9dicale avec le chirurgien lors de votre visite en consultation externe.<\/p>\n\n\n\n<p>Une date d&#8217;intervention vous est r\u00e9serv\u00e9e par le secr\u00e9tariat des consultations. <\/p>\n\n\n\n<p>Un passeport ambulatoire vous sera remis \u00e0 ce moment. Il est tr\u00e8s important de le lire attentivement.&nbsp;<\/p>\n\n\n\n<p>Si votre intervention n\u00e9cessite la r\u00e9alisation d\u2019une anesth\u00e9sie, vous devrez prendre rendez-vous au secr\u00e9tariat des consultations avec notre anesth\u00e9siste.<\/p>\n\n\n\n<p>La veille de l\u2019intervention, une infirmi\u00e8re vous t\u00e9l\u00e9phonera pour fixer l\u2019heure \u00e0 laquelle vous serez attendu dans l\u2019unit\u00e9. Elle vous rappellera alors les consignes \u00e0 bien respecter en vue de votre intervention. Il est important de les suivre strictement.&nbsp;<\/p>\n\n\n\n<div style=\"height:40px\" aria-hidden=\"true\" class=\"wp-block-spacer\"><\/div>\n\n\n\n<h1 class=\"wp-block-heading has-ast-global-color-5-color has-text-color has-background has-link-color wp-elements-1ada908c0bd24e2c7caa62be98df992a\" style=\"background-color:#243466\">ADMISSION<\/h1>\n\n\n\n<p><strong>\u00c0 votre arriv\u00e9e, vous devez vous pr\u00e9senter aux agents d\u2019accueil<\/strong><\/p>\n\n\n\n<ul class=\"wp-block-list\">\n<li>Avec votre pi\u00e8ce d\u2019identit\u00e9 : carte nationale d\u2019identit\u00e9, passeport<\/li>\n\n\n\n<li>Avec votre carte d\u2019assur\u00e9 social : carte vitale<\/li>\n\n\n\n<li>Avec votre carte de mutuelle ou attestation CMU en cours de validit\u00e9<\/li>\n\n\n\n<li>Avec vos derni\u00e8res ordonnances et examens<\/li>\n<\/ul>\n\n\n\n<figure class=\"wp-block-image\"><img loading=\"lazy\" decoding=\"async\" width=\"789\" height=\"209\" src=\"https:\/\/www.ch-aubusson.fr\/site\/wp-content\/uploads\/2024\/02\/Capture-decran-2024-02-22-145206.png\" alt=\"\" class=\"wp-image-3321\" srcset=\"https:\/\/www.ch-aubusson.fr\/site\/wp-content\/uploads\/2024\/02\/Capture-decran-2024-02-22-145206.png 789w, https:\/\/www.ch-aubusson.fr\/site\/wp-content\/uploads\/2024\/02\/Capture-decran-2024-02-22-145206-300x79.png 300w, https:\/\/www.ch-aubusson.fr\/site\/wp-content\/uploads\/2024\/02\/Capture-decran-2024-02-22-145206-768x203.png 768w\" sizes=\"auto, (max-width: 789px) 100vw, 789px\" \/><\/figure>\n\n\n\n<div style=\"height:40px\" aria-hidden=\"true\" class=\"wp-block-spacer\"><\/div>\n\n\n\n<h1 class=\"wp-block-heading has-ast-global-color-5-color has-text-color has-background has-link-color wp-elements-9a6fbd305706bd53c7fc2663ef498e1a\" style=\"background-color:#243466\">prise en charge<\/h1>\n\n\n\n<p><strong>LE JOUR DU GESTE OPERATOIRE :&nbsp;<\/strong><\/p>\n\n\n\n<ul class=\"wp-block-list\">\n<li>Vous vous pr\u00e9senterez \u00e0 l\u2019accueil de chirurgie ambulatoire \u00e0 l\u2019heure qui vous aura \u00e9t\u00e9 donn\u00e9e par l\u2019infirmi\u00e8re.&nbsp;<\/li>\n\n\n\n<li>Nous prendrons alors les coordonn\u00e9es de la personne qui viendra vous chercher pour votre sortie de l\u2019h\u00f4pital et la contacterons d\u00e8s votre retour du bloc.<\/li>\n\n\n\n<li>Votre sortie ne sera autoris\u00e9e qu\u2019apr\u00e8s avis m\u00e9dical.<\/li>\n\n\n\n<li>Vous aurez la possibilit\u00e9 de&nbsp;remplir un questionnaire de satisfaction avant votre sortie de l\u2019h\u00f4pital&nbsp;<\/li>\n\n\n\n<li>L\u2019infirmi\u00e8re vous remettra les documents de sortie, les consignes post-op\u00e9ratoires et un num\u00e9ro d\u2019appel en cas d\u2019urgence.<\/li>\n<\/ul>\n\n\n\n<p>En cas d\u2019anesth\u00e9sie g\u00e9n\u00e9rale, vous aurez obligation d\u2019\u00eatre accompagn\u00e9 par une personne majeure, \u00e0 votre sortie ainsi que durant la nuit qui suit l\u2019intervention.<br>Il vous est \u00e9galement interdit de conduire.<\/p>\n\n\n\n<div style=\"height:40px\" aria-hidden=\"true\" class=\"wp-block-spacer\"><\/div>\n\n\n\n<p><strong>ET APRES :&nbsp;<\/strong><\/p>\n\n\n\n<p>Vous serez contact\u00e9 le lendemain de l\u2019intervention par un infirmier du service afin de v\u00e9rifier que les suites de votre intervention se d\u00e9roulent normalement.<\/p>\n\n\n\n<div style=\"height:40px\" aria-hidden=\"true\" class=\"wp-block-spacer\"><\/div>\n\n\n\n<h1 class=\"wp-block-heading has-ast-global-color-5-color has-text-color has-background has-link-color wp-elements-18b3355389582fcc82b80f3ee9ca1d0e\" style=\"background-color:#243466\">PRaticiens<\/h1>\n\n\n<div class='rt-container-fluid rt-team-container rt-pos-r rt-team-container-3952' id='rt-team-container-1257441912'  data-layout='layout2' data-desktop-col='3'  data-tab-col='2'  data-mobile-col='1' data-sc-id='3952' data-popup-bg=''><div data-title='Loading ...' class='rt-row rt-content-loader layout2 ttp-even ttp-pre-loader'><div class=\"rt-col-md-4 rt-col-sm-6 rt-col-xs-12  even-grid-item rt-grid-item\" data-id=\"3157\"><div class=\"single-team-area\"><div class=\"img-area rt-col-sm-5 rt-col-xs-4 \"><figure><a class=\"\" data-id=\"3157\" target=\"_self\" href=\"https:\/\/www.ch-aubusson.fr\/site\/team\/docteur-benayoun-y\/\"><img loading=\"lazy\" decoding=\"async\" width=\"224\" height=\"300\" src=\"https:\/\/www.ch-aubusson.fr\/site\/wp-content\/uploads\/2024\/01\/Dr-Benayoun-224x300.jpg\" class=\"img-responsive rt-team-img\" alt=\"Docteur BENAYOUN Yoann\" \/><\/a><\/figure><\/div><div class=\"rttm-content-area rt-col-sm-7 rt-col-xs-8 \"><h3><span class=\"team-name\"><a class=\"\" data-id=\"3157\" target=\"_self\" title=\"Docteur BENAYOUN Yoann\" href=\"https:\/\/www.ch-aubusson.fr\/site\/team\/docteur-benayoun-y\/\">Docteur BENAYOUN Yoann<\/a><\/span><\/h3><div class=\"short-bio\"><p> M\u00e9decin ophtalmologiste<\/p>\n<\/div><\/div><\/div><\/div><div class=\"rt-col-md-4 rt-col-sm-6 rt-col-xs-12  even-grid-item rt-grid-item\" data-id=\"3951\"><div class=\"single-team-area\"><div class=\"img-area rt-col-sm-5 rt-col-xs-4 \"><figure><a class=\"\" data-id=\"3951\" target=\"_self\" href=\"https:\/\/www.ch-aubusson.fr\/site\/team\/docteur-monthouel-patrick\/\"><img loading=\"lazy\" decoding=\"async\" width=\"160\" height=\"160\" class=\"default-img\" src=\"https:\/\/www.ch-aubusson.fr\/site\/wp-content\/plugins\/tlp-team\/assets\/images\/demo.jpg\" alt=\"Default Image\" \/><\/a><\/figure><\/div><div class=\"rttm-content-area rt-col-sm-7 rt-col-xs-8 \"><h3><span class=\"team-name\"><a class=\"\" data-id=\"3951\" target=\"_self\" title=\"Docteur MONTHOUEL Patrick\" href=\"https:\/\/www.ch-aubusson.fr\/site\/team\/docteur-monthouel-patrick\/\">Docteur MONTHOUEL Patrick<\/a><\/span><\/h3><div class=\"short-bio\"><p>M\u00e9decin anesth\u00e9siste<\/p>\n<\/div><\/div><\/div><\/div><div class=\"rt-col-md-4 rt-col-sm-6 rt-col-xs-12  even-grid-item rt-grid-item\" data-id=\"3169\"><div class=\"single-team-area\"><div class=\"img-area rt-col-sm-5 rt-col-xs-4 \"><figure><a class=\"\" data-id=\"3169\" target=\"_self\" href=\"https:\/\/www.ch-aubusson.fr\/site\/team\/docteur-munier-clement\/\"><img loading=\"lazy\" decoding=\"async\" width=\"224\" height=\"300\" src=\"https:\/\/www.ch-aubusson.fr\/site\/wp-content\/uploads\/2024\/01\/Dr-Munier-224x300.jpg\" class=\"img-responsive rt-team-img\" alt=\"Docteur MUNIER Cl\u00e9ment\" \/><\/a><\/figure><\/div><div class=\"rttm-content-area rt-col-sm-7 rt-col-xs-8 \"><h3><span class=\"team-name\"><a class=\"\" data-id=\"3169\" target=\"_self\" title=\"Docteur MUNIER Cl\u00e9ment\" href=\"https:\/\/www.ch-aubusson.fr\/site\/team\/docteur-munier-clement\/\">Docteur MUNIER Cl\u00e9ment<\/a><\/span><\/h3><div class=\"short-bio\"><p>Ophtalmologue<\/p>\n<\/div><\/div><\/div><\/div><div class=\"rt-col-md-4 rt-col-sm-6 rt-col-xs-12  even-grid-item rt-grid-item\" data-id=\"3167\"><div class=\"single-team-area\"><div class=\"img-area rt-col-sm-5 rt-col-xs-4 \"><figure><a class=\"\" data-id=\"3167\" target=\"_self\" href=\"https:\/\/www.ch-aubusson.fr\/site\/team\/docteur-tensaouti-abdallah\/\"><img loading=\"lazy\" decoding=\"async\" width=\"224\" height=\"300\" src=\"https:\/\/www.ch-aubusson.fr\/site\/wp-content\/uploads\/2024\/01\/Dr-Tensaouti-224x300.jpg\" class=\"img-responsive rt-team-img\" alt=\"Docteur TENSAOUTI abdallah\" \/><\/a><\/figure><\/div><div class=\"rttm-content-area rt-col-sm-7 rt-col-xs-8 \"><h3><span class=\"team-name\"><a class=\"\" data-id=\"3167\" target=\"_self\" title=\"Docteur TENSAOUTI abdallah\" href=\"https:\/\/www.ch-aubusson.fr\/site\/team\/docteur-tensaouti-abdallah\/\">Docteur TENSAOUTI abdallah<\/a><\/span><\/h3><div class=\"short-bio\"><p>Gastro - ent\u00e9rologue<br \/>\nH\u00e9patologue<\/p>\n<\/div><\/div><\/div><\/div><div class=\"rt-col-md-4 rt-col-sm-6 rt-col-xs-12  even-grid-item rt-grid-item\" data-id=\"3170\"><div class=\"single-team-area\"><div class=\"img-area rt-col-sm-5 rt-col-xs-4 \"><figure><a class=\"\" data-id=\"3170\" target=\"_self\" href=\"https:\/\/www.ch-aubusson.fr\/site\/team\/docteur-vergne-benoit\/\"><img loading=\"lazy\" decoding=\"async\" width=\"224\" height=\"300\" src=\"https:\/\/www.ch-aubusson.fr\/site\/wp-content\/uploads\/2024\/01\/Dr-Vergne-224x300.jpg\" class=\"img-responsive rt-team-img\" alt=\"Docteur VERGNE BENOIT\" \/><\/a><\/figure><\/div><div class=\"rttm-content-area rt-col-sm-7 rt-col-xs-8 \"><h3><span class=\"team-name\"><a class=\"\" data-id=\"3170\" target=\"_self\" title=\"Docteur VERGNE BENOIT\" href=\"https:\/\/www.ch-aubusson.fr\/site\/team\/docteur-vergne-benoit\/\">Docteur VERGNE BENOIT<\/a><\/span><\/h3><div class=\"short-bio\"><p>Ophtalmologue<\/p>\n<\/div><\/div><\/div><\/div><div class=\"rt-loading-overlay\"><\/div><div class=\"rt-loading rt-ball-clip-rotate\"><div><\/div><\/div><\/div><\/div>\n\n\n\n<div style=\"height:40px\" aria-hidden=\"true\" class=\"wp-block-spacer\"><\/div>\n\n\n\n<h1 class=\"wp-block-heading has-ast-global-color-5-color has-text-color has-background has-link-color wp-elements-54153a5dd9164578c535980046ccc87f\" style=\"background-color:#243466\">T\u00c9L\u00c9CHARGEMENT<\/h1>\n\n\n\n<p><img loading=\"lazy\" decoding=\"async\" width=\"20\" height=\"20\" class=\"wp-image-1165\" style=\"width: 20px;\" src=\"https:\/\/www.ch-aubusson.fr\/site\/wp-content\/uploads\/2024\/01\/telechargement-ch-e1706177957156.png\" alt=\"\">  <a href=\"https:\/\/www.ch-aubusson.fr\/site\/wp-content\/uploads\/2024\/02\/1397477033_13fch241_ce_qu_il_faut_savoir_sur_votre_pec_en_chirurgie_ambu.pdf\" target=\"_blank\" rel=\"noreferrer noopener\">Ce qu&#8217;il faut savoir sur votre prise en charge en chirurgie<\/a> <\/p>\n\n\n\n<div style=\"height:100px\" aria-hidden=\"true\" class=\"wp-block-spacer\"><\/div>\n","protected":false},"excerpt":{"rendered":"<p>chirurgie ambulatoire La chirurgie ambulatoire est un service d&#8217;hospitalisation dans le cadre d&#8217;une intervention programm\u00e9e permettant un retour au domicile [&hellip;]<\/p>\n","protected":false},"author":3,"featured_media":0,"parent":0,"menu_order":0,"comment_status":"closed","ping_status":"closed","template":"","meta":{"site-sidebar-layout":"default","site-content-layout":"","ast-site-content-layout":"","site-content-style":"default","site-sidebar-style":"default","ast-global-header-display":"","ast-banner-title-visibility":"","ast-main-header-display":"","ast-hfb-above-header-display":"","ast-hfb-below-header-display":"","ast-hfb-mobile-header-display":"","site-post-title":"disabled","ast-breadcrumbs-content":"","ast-featured-img":"","footer-sml-layout":"","theme-transparent-header-meta":"","adv-header-id-meta":"","stick-header-meta":"","header-above-stick-meta":"","header-main-stick-meta":"","header-below-stick-meta":"","astra-migrate-meta-layouts":"default","ast-page-background-enabled":"default","ast-page-background-meta":{"desktop":{"background-color":"var(--ast-global-color-4)","background-image":"","background-repeat":"repeat","background-position":"center center","background-size":"auto","background-attachment":"scroll","background-type":"","background-media":"","overlay-type":"","overlay-color":"","overlay-opacity":"","overlay-gradient":""},"tablet":{"background-color":"","background-image":"","background-repeat":"repeat","background-position":"center center","background-size":"auto","background-attachment":"scroll","background-type":"","background-media":"","overlay-type":"","overlay-color":"","overlay-opacity":"","overlay-gradient":""},"mobile":{"background-color":"","background-image":"","background-repeat":"repeat","background-position":"center center","background-size":"auto","background-attachment":"scroll","background-type":"","background-media":"","overlay-type":"","overlay-color":"","overlay-opacity":"","overlay-gradient":""}},"ast-content-background-meta":{"desktop":{"background-color":"var(--ast-global-color-5)","background-image":"","background-repeat":"repeat","background-position":"center center","background-size":"auto","background-attachment":"scroll","background-type":"","background-media":"","overlay-type":"","overlay-color":"","overlay-opacity":"","overlay-gradient":""},"tablet":{"background-color":"var(--ast-global-color-5)","background-image":"","background-repeat":"repeat","background-position":"center center","background-size":"auto","background-attachment":"scroll","background-type":"","background-media":"","overlay-type":"","overlay-color":"","overlay-opacity":"","overlay-gradient":""},"mobile":{"background-color":"var(--ast-global-color-5)","background-image":"","background-repeat":"repeat","background-position":"center center","background-size":"auto","background-attachment":"scroll","background-type":"","background-media":"","overlay-type":"","overlay-color":"","overlay-opacity":"","overlay-gradient":""}},"footnotes":""},"class_list":["post-1997","page","type-page","status-publish","hentry"],"yoast_head":"<!-- This site is optimized with the Yoast SEO plugin v25.5 - https:\/\/yoast.com\/wordpress\/plugins\/seo\/ -->\n<title>Chirurgie -<\/title>\n<meta name=\"robots\" content=\"index, follow, max-snippet:-1, max-image-preview:large, max-video-preview:-1\" \/>\n<link rel=\"canonical\" href=\"https:\/\/www.ch-aubusson.fr\/site\/chirurgie\/\" \/>\n<meta property=\"og:locale\" content=\"fr_FR\" \/>\n<meta property=\"og:type\" content=\"article\" \/>\n<meta property=\"og:title\" content=\"Chirurgie -\" \/>\n<meta property=\"og:description\" content=\"chirurgie ambulatoire La chirurgie ambulatoire est un service d&#8217;hospitalisation dans le cadre d&#8217;une intervention programm\u00e9e permettant un retour au domicile [&hellip;]\" \/>\n<meta property=\"og:url\" content=\"https:\/\/www.ch-aubusson.fr\/site\/chirurgie\/\" \/>\n<meta property=\"article:publisher\" content=\"https:\/\/www.facebook.com\/people\/Centre-Hospitalier-dAubusson\/100064042814456\/\" \/>\n<meta property=\"article:modified_time\" content=\"2025-04-25T09:47:59+00:00\" \/>\n<meta property=\"og:image\" content=\"http:\/\/www.ch-aubusson.fr\/site\/wp-content\/uploads\/2024\/01\/telephone-ch-e1706177990867.png\" \/>\n<meta name=\"twitter:card\" content=\"summary_large_image\" \/>\n<meta name=\"twitter:label1\" content=\"Dur\u00e9e de lecture estim\u00e9e\" \/>\n\t<meta name=\"twitter:data1\" content=\"3 minutes\" \/>\n<!-- \/ Yoast SEO plugin. -->","yoast_head_json":{"title":"Chirurgie -","robots":{"index":"index","follow":"follow","max-snippet":"max-snippet:-1","max-image-preview":"max-image-preview:large","max-video-preview":"max-video-preview:-1"},"canonical":"https:\/\/www.ch-aubusson.fr\/site\/chirurgie\/","og_locale":"fr_FR","og_type":"article","og_title":"Chirurgie -","og_description":"chirurgie ambulatoire La chirurgie ambulatoire est un service d&#8217;hospitalisation dans le cadre d&#8217;une intervention programm\u00e9e permettant un retour au domicile [&hellip;]","og_url":"https:\/\/www.ch-aubusson.fr\/site\/chirurgie\/","article_publisher":"https:\/\/www.facebook.com\/people\/Centre-Hospitalier-dAubusson\/100064042814456\/","article_modified_time":"2025-04-25T09:47:59+00:00","og_image":[{"url":"http:\/\/www.ch-aubusson.fr\/site\/wp-content\/uploads\/2024\/01\/telephone-ch-e1706177990867.png","type":"","width":"","height":""}],"twitter_card":"summary_large_image","twitter_misc":{"Dur\u00e9e de lecture estim\u00e9e":"3 minutes"},"schema":{"@context":"https:\/\/schema.org","@graph":[{"@type":"WebPage","@id":"https:\/\/www.ch-aubusson.fr\/site\/chirurgie\/","url":"https:\/\/www.ch-aubusson.fr\/site\/chirurgie\/","name":"Chirurgie -","isPartOf":{"@id":"https:\/\/www.ch-aubusson.fr\/site\/#website"},"primaryImageOfPage":{"@id":"https:\/\/www.ch-aubusson.fr\/site\/chirurgie\/#primaryimage"},"image":{"@id":"https:\/\/www.ch-aubusson.fr\/site\/chirurgie\/#primaryimage"},"thumbnailUrl":"http:\/\/www.ch-aubusson.fr\/site\/wp-content\/uploads\/2024\/01\/telephone-ch-e1706177990867.png","datePublished":"2024-02-07T14:41:21+00:00","dateModified":"2025-04-25T09:47:59+00:00","breadcrumb":{"@id":"https:\/\/www.ch-aubusson.fr\/site\/chirurgie\/#breadcrumb"},"inLanguage":"fr-FR","potentialAction":[{"@type":"ReadAction","target":["https:\/\/www.ch-aubusson.fr\/site\/chirurgie\/"]}]},{"@type":"ImageObject","inLanguage":"fr-FR","@id":"https:\/\/www.ch-aubusson.fr\/site\/chirurgie\/#primaryimage","url":"https:\/\/www.ch-aubusson.fr\/site\/wp-content\/uploads\/2024\/01\/telephone-ch-e1706177990867.png","contentUrl":"https:\/\/www.ch-aubusson.fr\/site\/wp-content\/uploads\/2024\/01\/telephone-ch-e1706177990867.png","width":20,"height":20},{"@type":"BreadcrumbList","@id":"https:\/\/www.ch-aubusson.fr\/site\/chirurgie\/#breadcrumb","itemListElement":[{"@type":"ListItem","position":1,"name":"Accueil","item":"https:\/\/www.ch-aubusson.fr\/site\/"},{"@type":"ListItem","position":2,"name":"Chirurgie"}]},{"@type":"WebSite","@id":"https:\/\/www.ch-aubusson.fr\/site\/#website","url":"https:\/\/www.ch-aubusson.fr\/site\/","name":"Centre Hospitalier d'Aubusson","description":"","publisher":{"@id":"https:\/\/www.ch-aubusson.fr\/site\/#organization"},"potentialAction":[{"@type":"SearchAction","target":{"@type":"EntryPoint","urlTemplate":"https:\/\/www.ch-aubusson.fr\/site\/?s={search_term_string}"},"query-input":{"@type":"PropertyValueSpecification","valueRequired":true,"valueName":"search_term_string"}}],"inLanguage":"fr-FR"},{"@type":"Organization","@id":"https:\/\/www.ch-aubusson.fr\/site\/#organization","name":"Centre Hospitalier d'Aubusson","url":"https:\/\/www.ch-aubusson.fr\/site\/","logo":{"@type":"ImageObject","inLanguage":"fr-FR","@id":"https:\/\/www.ch-aubusson.fr\/site\/#\/schema\/logo\/image\/","url":"https:\/\/www.ch-aubusson.fr\/site\/wp-content\/uploads\/2024\/01\/cropped-LogoCentreHospitalier_Vertical_3Tonos-2.png","contentUrl":"https:\/\/www.ch-aubusson.fr\/site\/wp-content\/uploads\/2024\/01\/cropped-LogoCentreHospitalier_Vertical_3Tonos-2.png","width":800,"height":654,"caption":"Centre Hospitalier d'Aubusson"},"image":{"@id":"https:\/\/www.ch-aubusson.fr\/site\/#\/schema\/logo\/image\/"},"sameAs":["https:\/\/www.facebook.com\/people\/Centre-Hospitalier-dAubusson\/100064042814456\/","https:\/\/www.linkedin.com\/company\/ch-aubusson"]}]}},"_links":{"self":[{"href":"https:\/\/www.ch-aubusson.fr\/site\/wp-json\/wp\/v2\/pages\/1997","targetHints":{"allow":["GET"]}}],"collection":[{"href":"https:\/\/www.ch-aubusson.fr\/site\/wp-json\/wp\/v2\/pages"}],"about":[{"href":"https:\/\/www.ch-aubusson.fr\/site\/wp-json\/wp\/v2\/types\/page"}],"author":[{"embeddable":true,"href":"https:\/\/www.ch-aubusson.fr\/site\/wp-json\/wp\/v2\/users\/3"}],"replies":[{"embeddable":true,"href":"https:\/\/www.ch-aubusson.fr\/site\/wp-json\/wp\/v2\/comments?post=1997"}],"version-history":[{"count":46,"href":"https:\/\/www.ch-aubusson.fr\/site\/wp-json\/wp\/v2\/pages\/1997\/revisions"}],"predecessor-version":[{"id":6022,"href":"https:\/\/www.ch-aubusson.fr\/site\/wp-json\/wp\/v2\/pages\/1997\/revisions\/6022"}],"wp:attachment":[{"href":"https:\/\/www.ch-aubusson.fr\/site\/wp-json\/wp\/v2\/media?parent=1997"}],"curies":[{"name":"wp","href":"https:\/\/api.w.org\/{rel}","templated":true}]}}