{"id":2018,"date":"2024-02-07T16:10:48","date_gmt":"2024-02-07T15:10:48","guid":{"rendered":"http:\/\/www.ch-aubusson.fr\/site\/?page_id=2018"},"modified":"2025-06-20T15:44:32","modified_gmt":"2025-06-20T13:44:32","slug":"espace-patient","status":"publish","type":"page","link":"https:\/\/www.ch-aubusson.fr\/site\/espace-patient\/","title":{"rendered":"Espace patient"},"content":{"rendered":"\n<div style=\"height:45px\" aria-hidden=\"true\" id=\"dmp\" class=\"wp-block-spacer\"><\/div>\n\n\n\n<h2 class=\"wp-block-heading\">DOSSIER DU PATIENT<\/h2>\n\n\n\n<h4 class=\"wp-block-heading presentation\">dROITS DES USAGERS<\/h4>\n\n\n<div id=\"accordions-3776\" class=\"accordions-3776 accordions\" data-accordions={&quot;lazyLoad&quot;:true,&quot;id&quot;:&quot;3776&quot;,&quot;event&quot;:&quot;click&quot;,&quot;collapsible&quot;:&quot;true&quot;,&quot;heightStyle&quot;:&quot;content&quot;,&quot;animateStyle&quot;:&quot;swing&quot;,&quot;animateDelay&quot;:1000,&quot;navigation&quot;:true,&quot;active&quot;:999,&quot;expandedOther&quot;:&quot;no&quot;}>\r\n                <div id=\"accordions-lazy-3776\" class=\"accordions-lazy\" accordionsId=\"3776\">\r\n                    <\/div>\r\n\r\n    <div class=\"items\"  style=\"display:none\" >\r\n    \r\n            <div post_id=\"3776\" itemcount=\"0\"  header_id=\"header-1708693746909\" id=\"header-1708693746909\" style=\"\" class=\"accordions-head head1708693746909 border-none\" toggle-text=\"\" main-text=\"LE DROIT \u00c0 LA CONFIDENTIALIT\u00c9\">\r\n                                    <span id=\"header-text-1708693746909\" class=\"accordions-head-title\">LE DROIT \u00c0 LA CONFIDENTIALIT\u00c9<\/span>\r\n                    <span id=\"accordion-icons-1708693746909\" class=\"accordion-icons\">\r\n                        <span class=\"accordion-icon-active accordion-plus\"><i class=\"fa-solid fa-circle-down\"><\/i><\/span>\r\n                        <span class=\"accordion-icon-inactive accordion-minus\"><i class=\"fa-solid fa-circle-down\"><\/i><\/span>\r\n                    <\/span>\r\n                            <\/div>\r\n            <div class=\"accordion-content content1708693746909 \">\r\n                <p>La confidentialit\u00e9 des donn\u00e9es d\u00e9tenues par l\u2019\u00e9tablissement vise essentiellement \u00e0 prot\u00e9ger les informations \u00e0 caract\u00e8re personnel concernant l\u2019identit\u00e9 du patient, sa pathologie, son traitement, dans un souci de protection et de respect de la personne.<\/p>\n<p>Elle concourt \u00e0 prot\u00e9ger ses int\u00e9r\u00eats mais aussi \u00e0 respecter ses souhaits.<\/p>\n<p>La confidentialit\u00e9 comporte plusieurs volets : le secret m\u00e9dical, le secret professionnel, la discr\u00e9tion professionnelle.<\/p>\n<p>Le secret professionnel, \u00e9troitement li\u00e9 au secret m\u00e9dical, s\u2019applique \u00e0 l\u2019ensemble des agents qui ont acc\u00e8s aux dossiers m\u00e9dicaux, aux courriers, \u00e0 la connaissance de la pr\u00e9sence de quiconque dans l\u2019\u00e9tablissement.<\/p>\n<p>En pratique, aucune information vous concernant ne peut \u00eatre divulgu\u00e9e \u00e0 qui que ce soit sans votre consentement au-del\u00e0 des besoins li\u00e9s \u00e0 votre prise en charge.<\/p>\n<p>Si vous souhaitez qu\u2019aucune indication ne soit donn\u00e9e sur votre pr\u00e9sence \u00e0 l\u2019h\u00f4pital, signalez-le au cadre de sant\u00e9 du service.<\/p>\n            <\/div>\r\n    \r\n            <div post_id=\"3776\" itemcount=\"1\"  header_id=\"header-1708694559350\" id=\"header-1708694559350\" style=\"\" class=\"accordions-head head1708694559350 border-none\" toggle-text=\"\" main-text=\"TRAITEMENT DES DONNEES\">\r\n                                    <span id=\"header-text-1708694559350\" class=\"accordions-head-title\">TRAITEMENT DES DONNEES<\/span>\r\n                    <span id=\"accordion-icons-1708694559350\" class=\"accordion-icons\">\r\n                        <span class=\"accordion-icon-active accordion-plus\"><i class=\"fa-solid fa-circle-down\"><\/i><\/span>\r\n                        <span class=\"accordion-icon-inactive accordion-minus\"><i class=\"fa-solid fa-circle-down\"><\/i><\/span>\r\n                    <\/span>\r\n                            <\/div>\r\n            <div class=\"accordion-content content1708694559350 \">\r\n                <p>L\u2019\u00e9tablissement hospitalier dispose de traitements automatis\u00e9s pour assurer la gestion de votre dossier administratif et m\u00e9dical.<\/p>\n<p><strong>Ces donn\u00e9es, prot\u00e9g\u00e9es par le secret m\u00e9dical<\/strong>, sont soumises \u00e0 la loi 1978-17 modifi\u00e9e, relative \u00e0 l\u2019informatique, aux fichiers et aux libert\u00e9s ainsi qu\u2019au r\u00e8glement europ\u00e9en sur la protection des donn\u00e9es (RGPD) de 2018, garantissant la protection des informations nominatives trait\u00e9es.<\/p>\n<p>Il vous est\u00a0<strong>possible de vous opposer au recueil et au traitement des donn\u00e9es<\/strong> vous concernant dans les conditions pr\u00e9vues par cette loi. Vous pouvez aussi exercer votre droit d\u2019acc\u00e8s, de rectification et de limitation de ces donn\u00e9es en contactant notre DPO \u00e0 l'adresse dpo@ch-aubusson.fr<\/p>\n<p>Par ailleurs, vous pouvez d\u00e9poser des directives relatives \u00e0 la conservation, \u00e0 l\u2019effacement et \u00e0 la communication de vos donn\u00e9es en cas de d\u00e9c\u00e8s.<\/p>\n<p>Pour plus d\u2019informations : <a href=\"https:\/\/www.cnil.fr\/\">www.cnil.fr<\/a><\/p>\n<p>Pour toute question sur le traitement de vos donn\u00e9es ou l\u2019exercice des droits, vous pouvez contacter le d\u00e9l\u00e9gu\u00e9 \u00e0 la protection des donn\u00e9es du centre hospitalier d'Aubusson :<\/p>\n<p class=\"wp-block-heading\">mail :\u00a0<a href=\"mailto:dpd@chu-clermontferrand.fr\">dpo@ch-aubusson.fr<\/a><\/p>\n<p class=\"wp-block-heading\">ou par courrier\u00a0 :<br \/>\nCentre Hospitalier d'Aubusson<br \/>\nDirection Qualit\u00e9 et Gestion des risques<br \/>\nD\u00e9l\u00e9gu\u00e9 \u00e0 la Protection des Donn\u00e9es<br \/>\n50, rue Henri Dunant<br \/>\n23200 AUBUSSON<\/p>\n<p>Nous vous informons que certains locaux sont \u00e9quip\u00e9s d\u2019un syst\u00e8me de vid\u00e9osurveillance et sont\u00a0 signal\u00e9s par un affichage.<\/p>\n            <\/div>\r\n    \r\n            <div post_id=\"3776\" itemcount=\"2\"  header_id=\"header-1708698950065\" id=\"header-1708698950065\" style=\"\" class=\"accordions-head head1708698950065 border-none\" toggle-text=\"\" main-text=\"PLAINTES ET RECLAMATIONS\">\r\n                                    <span id=\"header-text-1708698950065\" class=\"accordions-head-title\">PLAINTES ET RECLAMATIONS<\/span>\r\n                    <span id=\"accordion-icons-1708698950065\" class=\"accordion-icons\">\r\n                        <span class=\"accordion-icon-active accordion-plus\"><i class=\"fa-solid fa-circle-down\"><\/i><\/span>\r\n                        <span class=\"accordion-icon-inactive accordion-minus\"><i class=\"fa-solid fa-circle-down\"><\/i><\/span>\r\n                    <\/span>\r\n                            <\/div>\r\n            <div class=\"accordion-content content1708698950065 \">\r\n                <p>En cas d'insatisfaction dans le cadre de votre s\u00e9jour au sein du Centre Hospitalier, nous vous invitons \u00e0 nous en faire part.<\/p>\n<p>Pour cela, vous devez adresser un courrier aupr\u00e8s de la secr\u00e9taire de direction, 50 rue Henri Dunant, 23200 Aubusson.<\/p>\n<p>Cette derni\u00e8re se chargera de faire le lien avec le directeur adjoint en charge de la gestion des plaintes et r\u00e9clamations. La direction veillera \u00e0 ce que votre plainte soit instruite selon les modalit\u00e9s prescrites par le Code de la sant\u00e9 publique. Elle fera le lien avec la Commission Des Usagers (CDU).<\/p>\n            <\/div>\r\n    \r\n            <div post_id=\"3776\" itemcount=\"3\"  header_id=\"header-1708699829275\" id=\"header-1708699829275\" style=\"\" class=\"accordions-head head1708699829275 border-none\" toggle-text=\"\" main-text=\"DOSSIER MEDICAL\">\r\n                                    <span id=\"header-text-1708699829275\" class=\"accordions-head-title\">DOSSIER MEDICAL<\/span>\r\n                    <span id=\"accordion-icons-1708699829275\" class=\"accordion-icons\">\r\n                        <span class=\"accordion-icon-active accordion-plus\"><i class=\"fa-solid fa-circle-down\"><\/i><\/span>\r\n                        <span class=\"accordion-icon-inactive accordion-minus\"><i class=\"fa-solid fa-circle-down\"><\/i><\/span>\r\n                    <\/span>\r\n                            <\/div>\r\n            <div class=\"accordion-content content1708699829275 \">\r\n                <p>\u00ab Toute personne a acc\u00e8s \u00e0 l\u2019ensemble des informations concernant sa sant\u00e9 d\u00e9tenues par des professionnels et \u00e9tablissements de sant\u00e9 [\u2026]. Elle peut acc\u00e9der \u00e0 ces informations directement ou par l\u2019interm\u00e9diaire d\u2019un m\u00e9decin qu\u2019elle d\u00e9signe et en obtenir communication. \u00bb(Article L1111-7 du Code de la sant\u00e9 publique).<\/p>\n<p>Votre dossier m\u00e9dical peut vous \u00eatre communiqu\u00e9 sur demande \u00e9crite adress\u00e9e au Directeur du Centre Hospitalier accompagn\u00e9e de la copie d\u2019un justificatif d\u2019identit\u00e9. Et s\u2019il y a lieu, de la justification du lien de parent\u00e9 ou de la qualit\u00e9 d\u2019ayant droit de la personne d\u00e9c\u00e9d\u00e9e.<\/p>\n<p>Vous avez le choix entre :<br \/>\n\u2022 La consultation des documents sur place en prenant rendez-vous au pr\u00e9alable<br \/>\n\u2022 la remise des copies de tout ou partie du dossier en mains propres<br \/>\n\u2022 l\u2019envoi des copies de tout ou partie du dossier par voie postale en recommand\u00e9 avec accus\u00e9 de r\u00e9ception \u00e0 vos frais.<\/p>\n<p>Dans tous les cas, les frais de d\u00e9livrance des copies, vous seront factur\u00e9s au co\u00fbt de la reproduction.<\/p>\n<p>Pour les ayants droit, la demande d\u2019acc\u00e8s aux informations devra \u00eatre justifi\u00e9e et seuls les documents permettant de r\u00e9pondre \u00e0 la demande seront transmis.<\/p>\n<p>Votre dossier m\u00e9dical est conserv\u00e9 pendant 20 ans \u00e0 compter de la date de votre dernier s\u00e9jour ou de votre derni\u00e8re consultation externe. \u00c0 l\u2019issue des 20 ans le dossier est d\u00e9truit. Pour les personnes d\u00e9c\u00e9d\u00e9es, le dossier est d\u00e9truit 10 ans apr\u00e8s le d\u00e9c\u00e8s.<\/p>\n            <\/div>\r\n    <\/div>\r\n\r\n\r\n\r\n            <\/div>\n\n\n\n<div style=\"height:100px\" aria-hidden=\"true\" class=\"wp-block-spacer\"><\/div>\n\n\n\n<h4 class=\"wp-block-heading presentation\">mon espace sant\u00e9<\/h4>\n\n\n\n<figure class=\"wp-block-image size-full is-resized\"><a href=\"https:\/\/www.monespacesante.fr\/\" target=\"_blank\" rel=\"noreferrer noopener\"><img loading=\"lazy\" decoding=\"async\" width=\"300\" height=\"200\" src=\"https:\/\/www.ch-aubusson.fr\/site\/wp-content\/uploads\/2024\/03\/MES.png\" alt=\"\" class=\"wp-image-3960\" style=\"width:99px;height:auto\"\/><\/a><\/figure>\n\n\n\n<p>Chaque personne b\u00e9n\u00e9ficiant d\u2019un r\u00e9gime d\u2019assurance maladie fran\u00e7ais dispose de son espace sant\u00e9 (si vous ne vous \u00eates pas oppos\u00e9 \u00e0 sa cr\u00e9ation). <\/p>\n\n\n\n<p>Pour les patients, le dossier m\u00e9dical partag\u00e9 (DMP) est int\u00e9gr\u00e9 \u00e0 \u00ab Mon espace sant\u00e9 \u00bb. <\/p>\n\n\n\n<p>V\u00e9ritable carnet de sant\u00e9 informatis\u00e9, le DMP permet de favoriser la coordination, la qualit\u00e9 et la continuit\u00e9 des soins qui vous sont apport\u00e9s.<\/p>\n\n\n\n<p>Il regroupe les documents permettant de retracer votre histoire m\u00e9dicale (comptes-rendus d\u2019hospitalisation, comptes-rendu op\u00e9ratoires, r\u00e9sultats d\u2019imagerie, de biologie, ordonnances\u2026).<br>Vous pouvez vous opposer \u00e0 cette alimentation en cas de motif l\u00e9gitime.<br>Seuls les professionnels de sant\u00e9 autoris\u00e9s, sous r\u00e9serve de votre accord, et vous-m\u00eame pouvez consulter votre DMP.<br>Les actions r\u00e9alis\u00e9es par les professionnels de sant\u00e9 dans le DMP (alimentation ou consultation) sont trac\u00e9es dans votre espace sant\u00e9. Vous pouvez consulter l\u2019ensemble de l\u2019activit\u00e9 r\u00e9alis\u00e9e sur votre compte.<\/p>\n\n\n\n<p><\/p>\n\n\n\n<p>Le centre hospitalier d&#8217;Aubusson alimente votre espace sant\u00e9.<\/p>\n\n\n\n<div style=\"height:100px\" aria-hidden=\"true\" class=\"wp-block-spacer\"><\/div>\n\n\n\n<h4 class=\"wp-block-heading presentation\">don d&#8217;organes<\/h4>\n\n\n\n<p>Les greffes d\u2019organes ou de tissus permettent de sauver des vies.<br>La l\u00e9gislation en vigueur indique les conditions dans lesquelles les pr\u00e9l\u00e8vements peuvent \u00eatre r\u00e9alis\u00e9s.<\/p>\n\n\n\n<p><strong>QUE DIT LA LOI SUR LE DON D\u2019ORGANES ET DE TISSUS ?<\/strong><br>En France il n\u2019existe pas de registre du OUI.<\/p>\n\n\n\n<p>Au nom de la solidarit\u00e9 nationale, c\u2019est le principe du consentement pr\u00e9sum\u00e9 qui a \u00e9t\u00e9 choisi. La loi indique que nous sommes tous donneurs d\u2019organes et de tissus, sauf si nous avons exprim\u00e9 de notre vivant notre refus d\u2019\u00eatre pr\u00e9lev\u00e9.<\/p>\n\n\n\n<p>Plus d&#8217;informations sur <a href=\"https:\/\/www.dondorganes.fr\/\" target=\"_blank\" rel=\"noreferrer noopener\">https:\/\/www.dondorganes.fr\/<\/a><\/p>\n\n\n\n<p>L\u2019inscription sur le Registre national des refus se fait uniquement \u00e0 partir du site : <a href=\"http:\/\/www.registrenationaldesrefus.fr\" target=\"_blank\" rel=\"noreferrer noopener\">www.registrenationaldesrefus.fr<\/a> <\/p>\n\n\n\n<p>ou en adressant une demande sur papier libre \u00e0 l\u2019Agence de la biom\u00e9decine.<\/p>\n\n\n\n<div style=\"height:100px\" aria-hidden=\"true\" class=\"wp-block-spacer\"><\/div>\n","protected":false},"excerpt":{"rendered":"<p>DOSSIER DU PATIENT dROITS DES USAGERS mon espace sant\u00e9 Chaque personne b\u00e9n\u00e9ficiant d\u2019un r\u00e9gime d\u2019assurance maladie fran\u00e7ais dispose de son [&hellip;]<\/p>\n","protected":false},"author":3,"featured_media":0,"parent":0,"menu_order":0,"comment_status":"closed","ping_status":"closed","template":"","meta":{"site-sidebar-layout":"default","site-content-layout":"","ast-site-content-layout":"","site-content-style":"default","site-sidebar-style":"default","ast-global-header-display":"","ast-banner-title-visibility":"","ast-main-header-display":"","ast-hfb-above-header-display":"","ast-hfb-below-header-display":"","ast-hfb-mobile-header-display":"","site-post-title":"disabled","ast-breadcrumbs-content":"","ast-featured-img":"","footer-sml-layout":"","theme-transparent-header-meta":"","adv-header-id-meta":"","stick-header-meta":"","header-above-stick-meta":"","header-main-stick-meta":"","header-below-stick-meta":"","astra-migrate-meta-layouts":"default","ast-page-background-enabled":"default","ast-page-background-meta":{"desktop":{"background-color":"var(--ast-global-color-4)","background-image":"","background-repeat":"repeat","background-position":"center center","background-size":"auto","background-attachment":"scroll","background-type":"","background-media":"","overlay-type":"","overlay-color":"","overlay-opacity":"","overlay-gradient":""},"tablet":{"background-color":"","background-image":"","background-repeat":"repeat","background-position":"center center","background-size":"auto","background-attachment":"scroll","background-type":"","background-media":"","overlay-type":"","overlay-color":"","overlay-opacity":"","overlay-gradient":""},"mobile":{"background-color":"","background-image":"","background-repeat":"repeat","background-position":"center center","background-size":"auto","background-attachment":"scroll","background-type":"","background-media":"","overlay-type":"","overlay-color":"","overlay-opacity":"","overlay-gradient":""}},"ast-content-background-meta":{"desktop":{"background-color":"var(--ast-global-color-5)","background-image":"","background-repeat":"repeat","background-position":"center center","background-size":"auto","background-attachment":"scroll","background-type":"","background-media":"","overlay-type":"","overlay-color":"","overlay-opacity":"","overlay-gradient":""},"tablet":{"background-color":"var(--ast-global-color-5)","background-image":"","background-repeat":"repeat","background-position":"center center","background-size":"auto","background-attachment":"scroll","background-type":"","background-media":"","overlay-type":"","overlay-color":"","overlay-opacity":"","overlay-gradient":""},"mobile":{"background-color":"var(--ast-global-color-5)","background-image":"","background-repeat":"repeat","background-position":"center center","background-size":"auto","background-attachment":"scroll","background-type":"","background-media":"","overlay-type":"","overlay-color":"","overlay-opacity":"","overlay-gradient":""}},"footnotes":""},"class_list":["post-2018","page","type-page","status-publish","hentry"],"yoast_head":"<!-- This site is optimized with the Yoast SEO plugin v25.5 - https:\/\/yoast.com\/wordpress\/plugins\/seo\/ -->\n<title>Espace patient -<\/title>\n<meta name=\"robots\" content=\"index, follow, max-snippet:-1, max-image-preview:large, max-video-preview:-1\" \/>\n<link rel=\"canonical\" href=\"https:\/\/www.ch-aubusson.fr\/site\/espace-patient\/\" \/>\n<meta property=\"og:locale\" content=\"fr_FR\" \/>\n<meta property=\"og:type\" content=\"article\" \/>\n<meta property=\"og:title\" content=\"Espace patient -\" \/>\n<meta property=\"og:description\" content=\"DOSSIER DU PATIENT dROITS DES USAGERS mon espace sant\u00e9 Chaque personne b\u00e9n\u00e9ficiant d\u2019un r\u00e9gime d\u2019assurance maladie fran\u00e7ais dispose de son [&hellip;]\" \/>\n<meta property=\"og:url\" content=\"https:\/\/www.ch-aubusson.fr\/site\/espace-patient\/\" \/>\n<meta property=\"article:publisher\" content=\"https:\/\/www.facebook.com\/people\/Centre-Hospitalier-dAubusson\/100064042814456\/\" \/>\n<meta property=\"article:modified_time\" content=\"2025-06-20T13:44:32+00:00\" \/>\n<meta property=\"og:image\" content=\"http:\/\/www.ch-aubusson.fr\/site\/wp-content\/uploads\/2024\/03\/MES.png\" \/>\n<meta name=\"twitter:card\" content=\"summary_large_image\" \/>\n<meta name=\"twitter:label1\" content=\"Dur\u00e9e de lecture estim\u00e9e\" \/>\n\t<meta name=\"twitter:data1\" content=\"2 minutes\" \/>\n<!-- \/ Yoast SEO plugin. -->","yoast_head_json":{"title":"Espace patient -","robots":{"index":"index","follow":"follow","max-snippet":"max-snippet:-1","max-image-preview":"max-image-preview:large","max-video-preview":"max-video-preview:-1"},"canonical":"https:\/\/www.ch-aubusson.fr\/site\/espace-patient\/","og_locale":"fr_FR","og_type":"article","og_title":"Espace patient -","og_description":"DOSSIER DU PATIENT dROITS DES USAGERS mon espace sant\u00e9 Chaque personne b\u00e9n\u00e9ficiant d\u2019un r\u00e9gime d\u2019assurance maladie fran\u00e7ais dispose de son [&hellip;]","og_url":"https:\/\/www.ch-aubusson.fr\/site\/espace-patient\/","article_publisher":"https:\/\/www.facebook.com\/people\/Centre-Hospitalier-dAubusson\/100064042814456\/","article_modified_time":"2025-06-20T13:44:32+00:00","og_image":[{"url":"http:\/\/www.ch-aubusson.fr\/site\/wp-content\/uploads\/2024\/03\/MES.png","type":"","width":"","height":""}],"twitter_card":"summary_large_image","twitter_misc":{"Dur\u00e9e de lecture estim\u00e9e":"2 minutes"},"schema":{"@context":"https:\/\/schema.org","@graph":[{"@type":"WebPage","@id":"https:\/\/www.ch-aubusson.fr\/site\/espace-patient\/","url":"https:\/\/www.ch-aubusson.fr\/site\/espace-patient\/","name":"Espace patient -","isPartOf":{"@id":"https:\/\/www.ch-aubusson.fr\/site\/#website"},"primaryImageOfPage":{"@id":"https:\/\/www.ch-aubusson.fr\/site\/espace-patient\/#primaryimage"},"image":{"@id":"https:\/\/www.ch-aubusson.fr\/site\/espace-patient\/#primaryimage"},"thumbnailUrl":"http:\/\/www.ch-aubusson.fr\/site\/wp-content\/uploads\/2024\/03\/MES.png","datePublished":"2024-02-07T15:10:48+00:00","dateModified":"2025-06-20T13:44:32+00:00","breadcrumb":{"@id":"https:\/\/www.ch-aubusson.fr\/site\/espace-patient\/#breadcrumb"},"inLanguage":"fr-FR","potentialAction":[{"@type":"ReadAction","target":["https:\/\/www.ch-aubusson.fr\/site\/espace-patient\/"]}]},{"@type":"ImageObject","inLanguage":"fr-FR","@id":"https:\/\/www.ch-aubusson.fr\/site\/espace-patient\/#primaryimage","url":"http:\/\/www.ch-aubusson.fr\/site\/wp-content\/uploads\/2024\/03\/MES.png","contentUrl":"http:\/\/www.ch-aubusson.fr\/site\/wp-content\/uploads\/2024\/03\/MES.png"},{"@type":"BreadcrumbList","@id":"https:\/\/www.ch-aubusson.fr\/site\/espace-patient\/#breadcrumb","itemListElement":[{"@type":"ListItem","position":1,"name":"Accueil","item":"https:\/\/www.ch-aubusson.fr\/site\/"},{"@type":"ListItem","position":2,"name":"Espace patient"}]},{"@type":"WebSite","@id":"https:\/\/www.ch-aubusson.fr\/site\/#website","url":"https:\/\/www.ch-aubusson.fr\/site\/","name":"Centre Hospitalier d'Aubusson","description":"","publisher":{"@id":"https:\/\/www.ch-aubusson.fr\/site\/#organization"},"potentialAction":[{"@type":"SearchAction","target":{"@type":"EntryPoint","urlTemplate":"https:\/\/www.ch-aubusson.fr\/site\/?s={search_term_string}"},"query-input":{"@type":"PropertyValueSpecification","valueRequired":true,"valueName":"search_term_string"}}],"inLanguage":"fr-FR"},{"@type":"Organization","@id":"https:\/\/www.ch-aubusson.fr\/site\/#organization","name":"Centre Hospitalier d'Aubusson","url":"https:\/\/www.ch-aubusson.fr\/site\/","logo":{"@type":"ImageObject","inLanguage":"fr-FR","@id":"https:\/\/www.ch-aubusson.fr\/site\/#\/schema\/logo\/image\/","url":"https:\/\/www.ch-aubusson.fr\/site\/wp-content\/uploads\/2024\/01\/cropped-LogoCentreHospitalier_Vertical_3Tonos-2.png","contentUrl":"https:\/\/www.ch-aubusson.fr\/site\/wp-content\/uploads\/2024\/01\/cropped-LogoCentreHospitalier_Vertical_3Tonos-2.png","width":800,"height":654,"caption":"Centre Hospitalier d'Aubusson"},"image":{"@id":"https:\/\/www.ch-aubusson.fr\/site\/#\/schema\/logo\/image\/"},"sameAs":["https:\/\/www.facebook.com\/people\/Centre-Hospitalier-dAubusson\/100064042814456\/","https:\/\/www.linkedin.com\/company\/ch-aubusson"]}]}},"_links":{"self":[{"href":"https:\/\/www.ch-aubusson.fr\/site\/wp-json\/wp\/v2\/pages\/2018","targetHints":{"allow":["GET"]}}],"collection":[{"href":"https:\/\/www.ch-aubusson.fr\/site\/wp-json\/wp\/v2\/pages"}],"about":[{"href":"https:\/\/www.ch-aubusson.fr\/site\/wp-json\/wp\/v2\/types\/page"}],"author":[{"embeddable":true,"href":"https:\/\/www.ch-aubusson.fr\/site\/wp-json\/wp\/v2\/users\/3"}],"replies":[{"embeddable":true,"href":"https:\/\/www.ch-aubusson.fr\/site\/wp-json\/wp\/v2\/comments?post=2018"}],"version-history":[{"count":20,"href":"https:\/\/www.ch-aubusson.fr\/site\/wp-json\/wp\/v2\/pages\/2018\/revisions"}],"predecessor-version":[{"id":6143,"href":"https:\/\/www.ch-aubusson.fr\/site\/wp-json\/wp\/v2\/pages\/2018\/revisions\/6143"}],"wp:attachment":[{"href":"https:\/\/www.ch-aubusson.fr\/site\/wp-json\/wp\/v2\/media?parent=2018"}],"curies":[{"name":"wp","href":"https:\/\/api.w.org\/{rel}","templated":true}]}}