{"id":2023,"date":"2024-02-07T16:13:07","date_gmt":"2024-02-07T15:13:07","guid":{"rendered":"http:\/\/www.ch-aubusson.fr\/site\/?page_id=2023"},"modified":"2024-04-15T11:27:32","modified_gmt":"2024-04-15T09:27:32","slug":"sante-publique","status":"publish","type":"page","link":"https:\/\/www.ch-aubusson.fr\/site\/sante-publique\/","title":{"rendered":"Sant\u00e9 publique"},"content":{"rendered":"\n<div style=\"height:40px\" aria-hidden=\"true\" class=\"wp-block-spacer\"><\/div>\n\n\n\n<h2 class=\"wp-block-heading\">SANT\u00e9 publique<\/h2>\n\n\n\n<h4 class=\"wp-block-heading presentation\">promouvor l&#8217;acc\u00e9s aux soins<\/h4>\n\n\n\n<p>Depuis plusieurs ann\u00e9es l&#8217;h\u00f4pital d&#8217;Aubusson organise des op\u00e9rations de pr\u00e9vention, et de d\u00e9pistage en collaboration avec les professionnels de ville et des associations  accessibles \u00e0 l&#8217;ensemble de la population.<\/p>\n\n\n\n<p>Ces op\u00e9rations sont appuy\u00e9es par les charg\u00e9es de mission de Sant\u00e9+23<\/p>\n\n\n\n<figure class=\"wp-block-image size-full\"><img loading=\"lazy\" decoding=\"async\" width=\"339\" height=\"227\" src=\"https:\/\/www.ch-aubusson.fr\/site\/wp-content\/uploads\/2024\/03\/image-5.png\" alt=\"\" class=\"wp-image-4659\" srcset=\"https:\/\/www.ch-aubusson.fr\/site\/wp-content\/uploads\/2024\/03\/image-5.png 339w, https:\/\/www.ch-aubusson.fr\/site\/wp-content\/uploads\/2024\/03\/image-5-300x201.png 300w\" sizes=\"auto, (max-width: 339px) 100vw, 339px\" \/><\/figure>\n\n\n\n<p><strong>Un plan d&#8217;actions sp\u00e9cifique pour lutter contre les in\u00e9galit\u00e9s sociales et territoriales et am\u00e9liorer l\u2019\u00e9tat de sant\u00e9 des Creusois<\/strong>.<\/p>\n\n\n\n<p>Le diagnostic r\u00e9gional r\u00e9alis\u00e9 dans le cadre de l\u2019\u00e9laboration du Projet r\u00e9gional de sant\u00e9 2018-2028 a mis en \u00e9vidence les&nbsp;fragilit\u00e9s de la Creuse au regard de plusieurs indicateurs de sant\u00e9. Il a \u00e9galement r\u00e9v\u00e9l\u00e9 ses forces et ses atouts. Le directeur g\u00e9n\u00e9ral de l\u2019ARS Nouvelle-Aquitaine a donc d\u00e9cid\u00e9 de mobiliser fortement les comp\u00e9tences et les moyens mis \u00e0 sa disposition pour agir sp\u00e9cifiquement en faveur de ce d\u00e9partement, lutter contre les in\u00e9galit\u00e9s sociales et territoriales et am\u00e9liorer l\u2019\u00e9tat de sant\u00e9 des Creusois.<\/p>\n\n\n\n<div style=\"height:40px\" aria-hidden=\"true\" class=\"wp-block-spacer\"><\/div>\n\n\n\n<p><strong>Tous mobilis\u00e9s autour de 5 priorit\u00e9s de sant\u00e9<\/strong><\/p>\n\n\n\n<p>Le plan d\u2019actions \u00ab Sant\u00e9+23 Agir ensemble pour la sant\u00e9 en Creuse \u00bb <br>propos\u00e9 par l\u2019ARS Nouvelle-Aquitaine est un projet ambitieux s\u2019articulant autour de 5 priorit\u00e9s de sant\u00e9 :<\/p>\n\n\n\n<ul class=\"wp-block-list\">\n<li><strong>D\u00e9velopper la pr\u00e9vention&nbsp;<\/strong>pour aider les Creusois \u00e0 rester en bonne sant\u00e9,<\/li>\n\n\n\n<li><strong>Maintenir et am\u00e9liorer l&#8217;acc\u00e8s aux soins<\/strong>&nbsp;: m\u00e9decine g\u00e9n\u00e9rale et sp\u00e9cialis\u00e9e,<\/li>\n\n\n\n<li><strong>Am\u00e9liorer le parcours de vie des personnes atteintes de cancer<\/strong>&nbsp;pour mieux d\u00e9pister, prendre en charge plus pr\u00e9cocement, et augmenter les chances de survie,<\/li>\n\n\n\n<li><strong>Faire des jeunes une cible prioritaire&nbsp;<\/strong>pour les actions de sant\u00e9 : adapter nos messages et nos actions,<\/li>\n\n\n\n<li><strong>Lutter contre les addictions<\/strong>&nbsp;alcool et tabac.<\/li>\n<\/ul>\n\n\n\n<p>D\u00e8s 2017, des moyens suppl\u00e9mentaires ont \u00e9t\u00e9 d\u00e9di\u00e9s \u00e0 la Creuse pour impulser des projets et des actions notamment le recrutement des Animateurs de Sant\u00e9.<\/p>\n\n\n\n<div style=\"height:40px\" aria-hidden=\"true\" class=\"wp-block-spacer\"><\/div>\n\n\n\n<p><strong>Animateurs de Sant\u00e9 Publique<\/strong><\/p>\n\n\n\n<p>Les animateurs de Sant\u00e9 Publique ont pour mission d\u2019impulser et de d\u00e9ployer des actions de pr\u00e9vention et de promotion de la sant\u00e9 aupr\u00e8s de tout public (enfants, jeunes, adultes, public vuln\u00e9rable, etc&#8230;) sur diff\u00e9rentes th\u00e9matiques comme par exemple : la sant\u00e9 mentale, la nutrition et l&#8217;activit\u00e9 physique, le parcours cancer, la pr\u00e9vention des addictions, le d\u00e9veloppement des comp\u00e9tences psycho-sociales, etc&#8230;<\/p>\n\n\n\n<p>Une \u00e9quipe d&#8217;animateurs de Sant\u00e9 Publique est d\u00e9ploy\u00e9e sur le d\u00e9partement\u00a0: 2 au CH d\u2019Aubusson, 2 au CH de Bourganeuf, 2 au CH de Gu\u00e9ret, 2 au sein de l\u2019ANPAA (Association Nationale de Pr\u00e9vention en Alcoologie et Addictologie), 1 \u00e0 l\u2019\u00e9tablissement de sant\u00e9 de Ste Feyre, 2 au CH d\u2019Evaux-les-Bains.<\/p>\n\n\n\n<p>Un&nbsp;<strong>coordonnateur de Sant\u00e9 Publique,<\/strong>&nbsp;bas\u00e9 au CH de la Souterraine, a pour missions de coordonner le d\u00e9ploiement des actions de pr\u00e9vention et de promotion de la sant\u00e9 ainsi que l\u2019\u00e9quipe d\u2019animateurs de Sant\u00e9 Publique en charge de les mener.<\/p>\n\n\n\n<div style=\"height:30px\" aria-hidden=\"true\" class=\"wp-block-spacer\"><\/div>\n\n\n\n<p>Pour le centre hospitalier d&#8217;Aubusson :<\/p>\n\n\n\n<div class=\"wp-block-columns is-layout-flex wp-container-core-columns-is-layout-8d88fe0f wp-block-columns-is-layout-flex\" style=\"padding-top:var(--wp--preset--spacing--20);padding-bottom:var(--wp--preset--spacing--20)\">\n<div class=\"wp-block-column is-layout-flow wp-block-column-is-layout-flow\">\n<p><strong>Mme Manon DEBRUYN<\/strong><\/p>\n\n\n\n<p><img loading=\"lazy\" decoding=\"async\" width=\"20\" height=\"20\" class=\"wp-image-1296\" style=\"width: 20px;\" src=\"https:\/\/www.ch-aubusson.fr\/site\/wp-content\/uploads\/2024\/01\/email-ch-1-e1706265910900.png\" alt=\"\">&nbsp;manon.debruyn@ch-aubusson.fr<\/p>\n\n\n\n<p><img loading=\"lazy\" decoding=\"async\" width=\"20\" height=\"20\" class=\"wp-image-1166\" style=\"width: 20px;\" src=\"https:\/\/www.ch-aubusson.fr\/site\/wp-content\/uploads\/2024\/01\/telephone-ch-e1706177990867.png\" alt=\"\">&nbsp;06 34 67 48 44<\/p>\n<\/div>\n\n\n\n<div class=\"wp-block-column is-layout-flow wp-block-column-is-layout-flow\">\n<p><strong>Mme Magalie PROVOST<\/strong><\/p>\n\n\n\n<p><img loading=\"lazy\" decoding=\"async\" width=\"20\" height=\"20\" class=\"wp-image-1296\" style=\"width: 20px;\" src=\"https:\/\/www.ch-aubusson.fr\/site\/wp-content\/uploads\/2024\/01\/email-ch-1-e1706265910900.png\" alt=\"\">&nbsp;magalie.provost@ch-aubusson.fr<\/p>\n\n\n\n<p><img loading=\"lazy\" decoding=\"async\" width=\"20\" height=\"20\" class=\"wp-image-1166\" style=\"width: 20px;\" src=\"https:\/\/www.ch-aubusson.fr\/site\/wp-content\/uploads\/2024\/01\/telephone-ch-e1706177990867.png\" alt=\"\">&nbsp;06 21 71 08 75<\/p>\n<\/div>\n<\/div>\n\n\n\n<div style=\"height:40px\" aria-hidden=\"true\" class=\"wp-block-spacer\"><\/div>\n\n\n\n<p>Pour plus de renseignements concernant le Plan Sant\u00e9 + 23, merci de consulter :&nbsp;<\/p>\n\n\n\n<p><a href=\"https:\/\/www.nouvelle-aquitaine.ars.sante.fr\/sante23-agir-ensemble-pour-la-sante-en-creuse-0\" target=\"_blank\" rel=\"noreferrer noopener\">https:\/\/www.nouvelle-aquitaine.ars.sante.fr\/sante23-agir-ensemble-pour-la-sante-en-creuse<\/a><\/p>\n\n\n\n<div style=\"height:100px\" aria-hidden=\"true\" class=\"wp-block-spacer\"><\/div>\n\n\n\n<div class=\"wp-block-columns alignfull has-ast-global-color-4-background-color has-background is-layout-flex wp-container-core-columns-is-layout-28f84493 wp-block-columns-is-layout-flex\">\n<div class=\"wp-block-column has-ast-global-color-5-background-color has-background is-layout-flow wp-block-column-is-layout-flow\">\n<p class=\"has-ast-global-color-8-color has-ast-global-color-5-background-color has-text-color has-background has-link-color wp-elements-e6f2eff33b1106634112b5d7cb64b8c8\"><img loading=\"lazy\" decoding=\"async\" width=\"400\" height=\"275\" class=\"wp-image-4678\" style=\"width: 400px;\" src=\"https:\/\/www.ch-aubusson.fr\/site\/wp-content\/uploads\/2024\/03\/tabac-e1710516016794.png\" alt=\"\" srcset=\"https:\/\/www.ch-aubusson.fr\/site\/wp-content\/uploads\/2024\/03\/tabac-e1710516016794.png 417w, https:\/\/www.ch-aubusson.fr\/site\/wp-content\/uploads\/2024\/03\/tabac-e1710516016794-300x206.png 300w\" sizes=\"auto, (max-width: 400px) 100vw, 400px\" \/><br><br><strong>Mois Sans Tabac<\/strong><br>___________________________<br><br>Dans le cadre de son partenariat avec le MACSF,<br>le Centre Hospitalier d&#8217;Aubusson a organis\u00e9 une journ\u00e9e sur le th\u00e8me de la pr\u00e9vention contre le tabac avec les animatrices de Sant\u00e9 publique France. <\/p>\n<\/div>\n\n\n\n<div class=\"wp-block-column has-ast-global-color-8-color has-ast-global-color-5-background-color has-text-color has-background has-link-color wp-elements-6f328844536d7643c18224922aa9d790 is-layout-flow wp-block-column-is-layout-flow\">\n<p class=\"has-ast-global-color-8-color has-ast-global-color-5-background-color has-text-color has-background has-link-color wp-elements-71313964752f0ac3bb739bae9787a438\"><img loading=\"lazy\" decoding=\"async\" width=\"400\" height=\"280\" class=\"wp-image-4679\" style=\"width: 400px;\" src=\"https:\/\/www.ch-aubusson.fr\/site\/wp-content\/uploads\/2024\/03\/nutrition-e1710516103682.png\" alt=\"\" srcset=\"https:\/\/www.ch-aubusson.fr\/site\/wp-content\/uploads\/2024\/03\/nutrition-e1710516103682.png 396w, https:\/\/www.ch-aubusson.fr\/site\/wp-content\/uploads\/2024\/03\/nutrition-e1710516103682-300x210.png 300w\" sizes=\"auto, (max-width: 400px) 100vw, 400px\" \/><br><br><strong>Semaine nationale de la d\u00e9nutrition<\/strong><br>___________________________<br><br>Notre \u00e9tablissement est labellis\u00e9 <br>\u201cSemaine nationale de la d\u00e9nutrition 2023\u201d gr\u00e2ce \u00e0 ces actions.<\/p>\n<\/div>\n\n\n\n<div class=\"wp-block-column has-ast-global-color-8-color has-ast-global-color-5-background-color has-text-color has-background has-link-color wp-elements-6d7ebc9f438029bd4bdec4a0862f71c9 is-layout-flow wp-block-column-is-layout-flow\">\n<p class=\"has-ast-global-color-8-color has-ast-global-color-5-background-color has-text-color has-background has-link-color wp-elements-543321df7d0006524c5bf61f5cbff505\"><img loading=\"lazy\" decoding=\"async\" width=\"400\" height=\"289\" class=\"wp-image-4680\" style=\"width: 400px;\" src=\"https:\/\/www.ch-aubusson.fr\/site\/wp-content\/uploads\/2024\/03\/mammo-e1710515979578.jpg\" alt=\"\" srcset=\"https:\/\/www.ch-aubusson.fr\/site\/wp-content\/uploads\/2024\/03\/mammo-e1710515979578.jpg 371w, https:\/\/www.ch-aubusson.fr\/site\/wp-content\/uploads\/2024\/03\/mammo-e1710515979578-300x217.jpg 300w\" sizes=\"auto, (max-width: 400px) 100vw, 400px\" \/><br><br><strong>Octobre rose<\/strong><br>___________________________<br><br>Les mammographies sans rendez-vous.<br>Avec la mobilisation des diff\u00e9rents acteurs :  Sant\u00e9 Publique France, La Ligue contre le cancer et la Ville d\u2019Aubusson. <\/p>\n<\/div>\n<\/div>\n\n\n\n<p><\/p>\n\n\n\n<div style=\"height:100px\" aria-hidden=\"true\" class=\"wp-block-spacer\"><\/div>\n","protected":false},"excerpt":{"rendered":"<p>SANT\u00e9 publique promouvor l&#8217;acc\u00e9s aux soins Depuis plusieurs ann\u00e9es l&#8217;h\u00f4pital d&#8217;Aubusson organise des op\u00e9rations de pr\u00e9vention, et de d\u00e9pistage en [&hellip;]<\/p>\n","protected":false},"author":3,"featured_media":0,"parent":0,"menu_order":0,"comment_status":"closed","ping_status":"closed","template":"","meta":{"site-sidebar-layout":"default","site-content-layout":"","ast-site-content-layout":"","site-content-style":"default","site-sidebar-style":"default","ast-global-header-display":"","ast-banner-title-visibility":"","ast-main-header-display":"","ast-hfb-above-header-display":"","ast-hfb-below-header-display":"","ast-hfb-mobile-header-display":"","site-post-title":"disabled","ast-breadcrumbs-content":"","ast-featured-img":"","footer-sml-layout":"","theme-transparent-header-meta":"","adv-header-id-meta":"","stick-header-meta":"","header-above-stick-meta":"","header-main-stick-meta":"","header-below-stick-meta":"","astra-migrate-meta-layouts":"default","ast-page-background-enabled":"default","ast-page-background-meta":{"desktop":{"background-color":"var(--ast-global-color-4)","background-image":"","background-repeat":"repeat","background-position":"center center","background-size":"auto","background-attachment":"scroll","background-type":"","background-media":"","overlay-type":"","overlay-color":"","overlay-opacity":"","overlay-gradient":""},"tablet":{"background-color":"","background-image":"","background-repeat":"repeat","background-position":"center center","background-size":"auto","background-attachment":"scroll","background-type":"","background-media":"","overlay-type":"","overlay-color":"","overlay-opacity":"","overlay-gradient":""},"mobile":{"background-color":"","background-image":"","background-repeat":"repeat","background-position":"center center","background-size":"auto","background-attachment":"scroll","background-type":"","background-media":"","overlay-type":"","overlay-color":"","overlay-opacity":"","overlay-gradient":""}},"ast-content-background-meta":{"desktop":{"background-color":"var(--ast-global-color-5)","background-image":"","background-repeat":"repeat","background-position":"center center","background-size":"auto","background-attachment":"scroll","background-type":"","background-media":"","overlay-type":"","overlay-color":"","overlay-opacity":"","overlay-gradient":""},"tablet":{"background-color":"var(--ast-global-color-5)","background-image":"","background-repeat":"repeat","background-position":"center center","background-size":"auto","background-attachment":"scroll","background-type":"","background-media":"","overlay-type":"","overlay-color":"","overlay-opacity":"","overlay-gradient":""},"mobile":{"background-color":"var(--ast-global-color-5)","background-image":"","background-repeat":"repeat","background-position":"center center","background-size":"auto","background-attachment":"scroll","background-type":"","background-media":"","overlay-type":"","overlay-color":"","overlay-opacity":"","overlay-gradient":""}},"footnotes":""},"class_list":["post-2023","page","type-page","status-publish","hentry"],"yoast_head":"<!-- This site is optimized with the Yoast SEO plugin v25.5 - https:\/\/yoast.com\/wordpress\/plugins\/seo\/ -->\n<title>Sant\u00e9 publique -<\/title>\n<meta name=\"robots\" content=\"index, follow, max-snippet:-1, max-image-preview:large, max-video-preview:-1\" \/>\n<link rel=\"canonical\" href=\"https:\/\/www.ch-aubusson.fr\/site\/sante-publique\/\" \/>\n<meta property=\"og:locale\" content=\"fr_FR\" \/>\n<meta property=\"og:type\" content=\"article\" \/>\n<meta property=\"og:title\" content=\"Sant\u00e9 publique -\" \/>\n<meta property=\"og:description\" content=\"SANT\u00e9 publique promouvor l&#8217;acc\u00e9s aux soins Depuis plusieurs ann\u00e9es l&#8217;h\u00f4pital d&#8217;Aubusson organise des op\u00e9rations de pr\u00e9vention, et de d\u00e9pistage en [&hellip;]\" \/>\n<meta property=\"og:url\" content=\"https:\/\/www.ch-aubusson.fr\/site\/sante-publique\/\" \/>\n<meta property=\"article:publisher\" content=\"https:\/\/www.facebook.com\/people\/Centre-Hospitalier-dAubusson\/100064042814456\/\" \/>\n<meta property=\"article:modified_time\" content=\"2024-04-15T09:27:32+00:00\" \/>\n<meta property=\"og:image\" content=\"http:\/\/www.ch-aubusson.fr\/site\/wp-content\/uploads\/2024\/03\/image-5.png\" \/>\n<meta name=\"twitter:card\" content=\"summary_large_image\" \/>\n<meta name=\"twitter:label1\" content=\"Dur\u00e9e de lecture estim\u00e9e\" \/>\n\t<meta name=\"twitter:data1\" content=\"3 minutes\" \/>\n<!-- \/ Yoast SEO plugin. -->","yoast_head_json":{"title":"Sant\u00e9 publique -","robots":{"index":"index","follow":"follow","max-snippet":"max-snippet:-1","max-image-preview":"max-image-preview:large","max-video-preview":"max-video-preview:-1"},"canonical":"https:\/\/www.ch-aubusson.fr\/site\/sante-publique\/","og_locale":"fr_FR","og_type":"article","og_title":"Sant\u00e9 publique -","og_description":"SANT\u00e9 publique promouvor l&#8217;acc\u00e9s aux soins Depuis plusieurs ann\u00e9es l&#8217;h\u00f4pital d&#8217;Aubusson organise des op\u00e9rations de pr\u00e9vention, et de d\u00e9pistage en [&hellip;]","og_url":"https:\/\/www.ch-aubusson.fr\/site\/sante-publique\/","article_publisher":"https:\/\/www.facebook.com\/people\/Centre-Hospitalier-dAubusson\/100064042814456\/","article_modified_time":"2024-04-15T09:27:32+00:00","og_image":[{"url":"http:\/\/www.ch-aubusson.fr\/site\/wp-content\/uploads\/2024\/03\/image-5.png","type":"","width":"","height":""}],"twitter_card":"summary_large_image","twitter_misc":{"Dur\u00e9e de lecture estim\u00e9e":"3 minutes"},"schema":{"@context":"https:\/\/schema.org","@graph":[{"@type":"WebPage","@id":"https:\/\/www.ch-aubusson.fr\/site\/sante-publique\/","url":"https:\/\/www.ch-aubusson.fr\/site\/sante-publique\/","name":"Sant\u00e9 publique -","isPartOf":{"@id":"https:\/\/www.ch-aubusson.fr\/site\/#website"},"primaryImageOfPage":{"@id":"https:\/\/www.ch-aubusson.fr\/site\/sante-publique\/#primaryimage"},"image":{"@id":"https:\/\/www.ch-aubusson.fr\/site\/sante-publique\/#primaryimage"},"thumbnailUrl":"http:\/\/www.ch-aubusson.fr\/site\/wp-content\/uploads\/2024\/03\/image-5.png","datePublished":"2024-02-07T15:13:07+00:00","dateModified":"2024-04-15T09:27:32+00:00","breadcrumb":{"@id":"https:\/\/www.ch-aubusson.fr\/site\/sante-publique\/#breadcrumb"},"inLanguage":"fr-FR","potentialAction":[{"@type":"ReadAction","target":["https:\/\/www.ch-aubusson.fr\/site\/sante-publique\/"]}]},{"@type":"ImageObject","inLanguage":"fr-FR","@id":"https:\/\/www.ch-aubusson.fr\/site\/sante-publique\/#primaryimage","url":"https:\/\/www.ch-aubusson.fr\/site\/wp-content\/uploads\/2024\/03\/image-5.png","contentUrl":"https:\/\/www.ch-aubusson.fr\/site\/wp-content\/uploads\/2024\/03\/image-5.png","width":339,"height":227},{"@type":"BreadcrumbList","@id":"https:\/\/www.ch-aubusson.fr\/site\/sante-publique\/#breadcrumb","itemListElement":[{"@type":"ListItem","position":1,"name":"Accueil","item":"https:\/\/www.ch-aubusson.fr\/site\/"},{"@type":"ListItem","position":2,"name":"Sant\u00e9 publique"}]},{"@type":"WebSite","@id":"https:\/\/www.ch-aubusson.fr\/site\/#website","url":"https:\/\/www.ch-aubusson.fr\/site\/","name":"Centre Hospitalier d'Aubusson","description":"","publisher":{"@id":"https:\/\/www.ch-aubusson.fr\/site\/#organization"},"potentialAction":[{"@type":"SearchAction","target":{"@type":"EntryPoint","urlTemplate":"https:\/\/www.ch-aubusson.fr\/site\/?s={search_term_string}"},"query-input":{"@type":"PropertyValueSpecification","valueRequired":true,"valueName":"search_term_string"}}],"inLanguage":"fr-FR"},{"@type":"Organization","@id":"https:\/\/www.ch-aubusson.fr\/site\/#organization","name":"Centre Hospitalier d'Aubusson","url":"https:\/\/www.ch-aubusson.fr\/site\/","logo":{"@type":"ImageObject","inLanguage":"fr-FR","@id":"https:\/\/www.ch-aubusson.fr\/site\/#\/schema\/logo\/image\/","url":"https:\/\/www.ch-aubusson.fr\/site\/wp-content\/uploads\/2024\/01\/cropped-LogoCentreHospitalier_Vertical_3Tonos-2.png","contentUrl":"https:\/\/www.ch-aubusson.fr\/site\/wp-content\/uploads\/2024\/01\/cropped-LogoCentreHospitalier_Vertical_3Tonos-2.png","width":800,"height":654,"caption":"Centre Hospitalier d'Aubusson"},"image":{"@id":"https:\/\/www.ch-aubusson.fr\/site\/#\/schema\/logo\/image\/"},"sameAs":["https:\/\/www.facebook.com\/people\/Centre-Hospitalier-dAubusson\/100064042814456\/","https:\/\/www.linkedin.com\/company\/ch-aubusson"]}]}},"_links":{"self":[{"href":"https:\/\/www.ch-aubusson.fr\/site\/wp-json\/wp\/v2\/pages\/2023","targetHints":{"allow":["GET"]}}],"collection":[{"href":"https:\/\/www.ch-aubusson.fr\/site\/wp-json\/wp\/v2\/pages"}],"about":[{"href":"https:\/\/www.ch-aubusson.fr\/site\/wp-json\/wp\/v2\/types\/page"}],"author":[{"embeddable":true,"href":"https:\/\/www.ch-aubusson.fr\/site\/wp-json\/wp\/v2\/users\/3"}],"replies":[{"embeddable":true,"href":"https:\/\/www.ch-aubusson.fr\/site\/wp-json\/wp\/v2\/comments?post=2023"}],"version-history":[{"count":21,"href":"https:\/\/www.ch-aubusson.fr\/site\/wp-json\/wp\/v2\/pages\/2023\/revisions"}],"predecessor-version":[{"id":5103,"href":"https:\/\/www.ch-aubusson.fr\/site\/wp-json\/wp\/v2\/pages\/2023\/revisions\/5103"}],"wp:attachment":[{"href":"https:\/\/www.ch-aubusson.fr\/site\/wp-json\/wp\/v2\/media?parent=2023"}],"curies":[{"name":"wp","href":"https:\/\/api.w.org\/{rel}","templated":true}]}}