{"id":2553,"date":"2024-02-16T15:44:23","date_gmt":"2024-02-16T14:44:23","guid":{"rendered":"http:\/\/www.ch-aubusson.fr\/site\/?page_id=2553"},"modified":"2025-04-25T11:55:07","modified_gmt":"2025-04-25T09:55:07","slug":"sejour-en-service-de-soins","status":"publish","type":"page","link":"https:\/\/www.ch-aubusson.fr\/site\/sejour-en-service-de-soins\/","title":{"rendered":"S\u00e9jour en service de soins"},"content":{"rendered":"\n<div style=\"height:40px\" aria-hidden=\"true\" class=\"wp-block-spacer\"><\/div>\n\n\n\n<h2 class=\"wp-block-heading\">votre s\u00e9jour<\/h2>\n\n\n\n<h4 class=\"wp-block-heading presentation\"><strong>D\u00e8s votre arriv\u00e9e dans l\u2019\u00e9tablissement, nous sommes \u00e0 vos c\u00f4t\u00e9s pour organiser la suite de votre s\u00e9jour.<\/strong><\/h4>\n\n\n\n<p>Vous allez \u00eatre hospitalis\u00e9 dans un de nos services :<br>&#8211; M\u00e9decine polyvalente et g\u00e9riatrique<br>&#8211; Soins m\u00e9dicaux et de r\u00e9adaptation<\/p>\n\n\n\n<div style=\"height:40px\" aria-hidden=\"true\" class=\"wp-block-spacer\"><\/div>\n\n\n<div id=\"metaslider-id-3898\" style=\"width: 100%; margin: 0 auto;\" class=\"ml-slider-3-99-0 metaslider metaslider-flex metaslider-3898 ml-slider ms-theme-default\" role=\"region\" aria-label=\"sejour\" data-width=\"1000\">\n    <div id=\"metaslider_container_3898\">\n        <div id=\"metaslider_3898\">\n            <ul class='slides'>\n                <li style=\"display: block; width: 100%;\" class=\"slide-3903 ms-image \" aria-roledescription=\"slide\" data-date=\"2024-02-26 11:16:53\"><img loading=\"lazy\" decoding=\"async\" src=\"https:\/\/www.ch-aubusson.fr\/site\/wp-content\/uploads\/2024\/03\/ES4A0514-scaled-1000x300.jpg\" height=\"300\" width=\"1000\" alt=\"\" class=\"slider-3898 slide-3903 msDefaultImage\" title=\"ES4A0514\" \/><\/li>\n            <\/ul>\n        <\/div>\n        \n    <\/div>\n<\/div>\n\n\n\n<div style=\"height:40px\" aria-hidden=\"true\" class=\"wp-block-spacer\"><\/div>\n\n\n\n<p>Nous mettons tout en \u0153uvre pour que votre prise en charge soit la mieux adapt\u00e9e \u00e0 votre pathologie.<\/p>\n\n\n\n<p><strong>Un bracelet d\u2019identification<\/strong>&nbsp; vous est pos\u00e9 \u00e0 votre entr\u00e9e au Centre Hospitalier. <br>Le port de ce bracelet durant votre s\u00e9jour a pour but de vous identifier lors des soins et actes m\u00e9dicaux et ainsi \u00e9viter d\u2019\u00e9ventuelles erreurs. <br>Pr\u00e9parez <a href=\"https:\/\/www.ch-aubusson.fr\/site\/admissions\/\">votre admission<\/a> pour entrer sereinement \u00e0 l&#8217;h\u00f4pital.<\/p>\n\n\n\n<p>Pour bien vivre ensemble au sein de l\u2019h\u00f4pital, certaines <a href=\"https:\/\/www.ch-aubusson.fr\/site\/droits-et-devoirs-du-patient\/\">r\u00e8gles de vie en communaut\u00e9<\/a> sont \u00e0 respecter. <\/p>\n\n\n\n<div style=\"height:40px\" aria-hidden=\"true\" class=\"wp-block-spacer\"><\/div>\n\n\n\n<h1 class=\"wp-block-heading has-ast-global-color-5-color has-text-color has-background has-link-color wp-elements-1ada908c0bd24e2c7caa62be98df992a\" style=\"background-color:#243466\">ADMISSION<\/h1>\n\n\n\n<p><strong>\u00c0 votre arriv\u00e9e, vous devez vous pr\u00e9senter aux agents d\u2019accueil<\/strong><\/p>\n\n\n\n<ul class=\"wp-block-list\">\n<li>Avec votre pi\u00e8ce d\u2019identit\u00e9 : carte nationale d\u2019identit\u00e9, passeport, livret de famille et titre de s\u00e9jour<\/li>\n\n\n\n<li>Avec votre carte d\u2019assur\u00e9 social : carte vitale<\/li>\n\n\n\n<li>Avec votre carte de mutuelle ou attestation CMU en cours de validit\u00e9<\/li>\n\n\n\n<li>Avec vos derni\u00e8res ordonnances et examens<\/li>\n<\/ul>\n\n\n\n<figure class=\"wp-block-image\"><img loading=\"lazy\" decoding=\"async\" width=\"789\" height=\"209\" src=\"https:\/\/www.ch-aubusson.fr\/site\/wp-content\/uploads\/2024\/02\/Capture-decran-2024-02-22-145206.png\" alt=\"\" class=\"wp-image-3321\" srcset=\"https:\/\/www.ch-aubusson.fr\/site\/wp-content\/uploads\/2024\/02\/Capture-decran-2024-02-22-145206.png 789w, https:\/\/www.ch-aubusson.fr\/site\/wp-content\/uploads\/2024\/02\/Capture-decran-2024-02-22-145206-300x79.png 300w, https:\/\/www.ch-aubusson.fr\/site\/wp-content\/uploads\/2024\/02\/Capture-decran-2024-02-22-145206-768x203.png 768w\" sizes=\"auto, (max-width: 789px) 100vw, 789px\" \/><\/figure>\n\n\n\n<div style=\"height:40px\" aria-hidden=\"true\" class=\"wp-block-spacer\"><\/div>\n\n\n\n<div class=\"wp-block-columns alignfull has-ast-global-color-4-background-color has-background is-layout-flex wp-container-core-columns-is-layout-28f84493 wp-block-columns-is-layout-flex\">\n<div class=\"wp-block-column has-ast-global-color-5-background-color has-background is-layout-flow wp-block-column-is-layout-flow\">\n<p class=\"has-ast-global-color-8-color has-ast-global-color-5-background-color has-text-color has-background has-link-color wp-elements-4691d41ccb4dcc2264c8faafdc3f193e\"><img decoding=\"async\" class=\"wp-image-4533\" style=\"width: 400px;\" src=\"https:\/\/www.ch-aubusson.fr\/site\/wp-content\/uploads\/2024\/03\/chambre.jpg\" alt=\"\"><br><br><strong>Votre Chambre<\/strong><br>___________________________<br><br>Les chambres sont \u00e9quip\u00e9es d\u2019un mobilier adapt\u00e9. Un t\u00e9l\u00e9viseur est \u00e0 disposition. Une&nbsp;ligne de t\u00e9l\u00e9phone&nbsp;peut vous \u00eatre ouverte sur demande lors de votre admission. <a href=\"https:\/\/www.ch-aubusson.fr\/site\/informations-pratiques\/\">Le d\u00e9tails des prestations.<\/a><\/p>\n<\/div>\n\n\n\n<div class=\"wp-block-column has-ast-global-color-8-color has-ast-global-color-5-background-color has-text-color has-background has-link-color wp-elements-ad909ebca69310e6829646c820fe8aff is-layout-flow wp-block-column-is-layout-flow\">\n<p class=\"has-ast-global-color-8-color has-ast-global-color-5-background-color has-text-color has-background has-link-color wp-elements-bef442eab9f0299ee461ba28e8e39fe4\"><img decoding=\"async\" class=\"wp-image-4534\" style=\"width: 400px;\" src=\"https:\/\/www.ch-aubusson.fr\/site\/wp-content\/uploads\/2024\/03\/soins.jpg\" alt=\"\"><br><br><strong>Les soins <\/strong><br>___________________________<br><br>Soucieux de vous apportez une prise en charge de qualit\u00e9, notre \u00e9quipe est pluridisciplinaire : m\u00e9decins polyvalents, cadres de sant\u00e9s, infirmiers, aides-soignants, ASH, di\u00e9t\u00e9ticienne, assistantes sociales, secr\u00e9taires m\u00e9dicales.<\/p>\n\n\n\n<p><\/p>\n<\/div>\n\n\n\n<div class=\"wp-block-column has-ast-global-color-8-color has-ast-global-color-5-background-color has-text-color has-background has-link-color wp-elements-1f2505fa8ed11ec8c53fbc7974e3136e is-layout-flow wp-block-column-is-layout-flow\">\n<p class=\"has-ast-global-color-8-color has-ast-global-color-5-background-color has-text-color has-background has-link-color wp-elements-4e1a20d858339fafe7b21eae344cfeca\"><img loading=\"lazy\" decoding=\"async\" width=\"400\" height=\"296\" class=\"wp-image-4558\" style=\"width: 400px;\" src=\"https:\/\/www.ch-aubusson.fr\/site\/wp-content\/uploads\/2024\/03\/valeur.jpg\" alt=\"\" srcset=\"https:\/\/www.ch-aubusson.fr\/site\/wp-content\/uploads\/2024\/03\/valeur.jpg 540w, https:\/\/www.ch-aubusson.fr\/site\/wp-content\/uploads\/2024\/03\/valeur-300x222.jpg 300w\" sizes=\"auto, (max-width: 400px) 100vw, 400px\" \/><br><br><strong>Objets de valeurs<\/strong><br>___________________________<br><br>Nous vous conseillons de d\u00e9poser votre argent et vos objets de valeurs contre un re\u00e7u. Ils seront confi\u00e9s \u00e0 la Tr\u00e9sorerie de sant\u00e9 publique de Gu\u00e9ret o\u00f9 vous pourrez les r\u00e9cup\u00e9rer personnellement muni du justificatif. Malgr\u00e9 cette possibilit\u00e9, nous vous invitons \u00e0 laisser vos objets \u00e0 votre domicile.<\/p>\n<\/div>\n\n\n\n<div class=\"wp-block-column has-ast-global-color-5-background-color has-background is-layout-flow wp-block-column-is-layout-flow\">\n<p class=\"has-ast-global-color-8-color has-ast-global-color-5-background-color has-text-color has-background has-link-color wp-elements-44e81f82b9e9e734bb858beb92e96dea\"><img loading=\"lazy\" decoding=\"async\" width=\"400\" height=\"301\" class=\"wp-image-4536\" style=\"width: 400px;\" src=\"https:\/\/www.ch-aubusson.fr\/site\/wp-content\/uploads\/2024\/03\/visite-1.jpg\" alt=\"\" srcset=\"https:\/\/www.ch-aubusson.fr\/site\/wp-content\/uploads\/2024\/03\/visite-1.jpg 532w, https:\/\/www.ch-aubusson.fr\/site\/wp-content\/uploads\/2024\/03\/visite-1-300x226.jpg 300w\" sizes=\"auto, (max-width: 400px) 100vw, 400px\" \/><br><br><strong>Les visites<\/strong><br>___________________________<br><br>Les visites sont autoris\u00e9es tous les jours de 12h \u00e0 20h, sauf interdiction m\u00e9dicale. Toutefois le matin \u00e9tant r\u00e9serv\u00e9 au soins, il pourra vous \u00eatre demand\u00e9 de patienter.<br><br><\/p>\n<\/div>\n<\/div>\n\n\n\n<div class=\"wp-block-columns alignfull has-ast-global-color-4-background-color has-background is-layout-flex wp-container-core-columns-is-layout-28f84493 wp-block-columns-is-layout-flex\">\n<div class=\"wp-block-column has-ast-global-color-5-background-color has-background is-layout-flow wp-block-column-is-layout-flow\">\n<p class=\"has-ast-global-color-8-color has-ast-global-color-5-background-color has-text-color has-background has-link-color wp-elements-2ca432c632332705737c498cba0e2365\"><img loading=\"lazy\" decoding=\"async\" width=\"400\" height=\"296\" class=\"wp-image-4569\" style=\"width: 400px;\" src=\"https:\/\/www.ch-aubusson.fr\/site\/wp-content\/uploads\/2024\/03\/ES4A0560.jpg\" alt=\"\" srcset=\"https:\/\/www.ch-aubusson.fr\/site\/wp-content\/uploads\/2024\/03\/ES4A0560.jpg 540w, https:\/\/www.ch-aubusson.fr\/site\/wp-content\/uploads\/2024\/03\/ES4A0560-300x222.jpg 300w\" sizes=\"auto, (max-width: 400px) 100vw, 400px\" \/><br><br><strong>Les Repas<\/strong><br>___________________________<br><br>Les repas sont servis aux environs <br>de 7h, 12h et 18h45. Une collation est distribu\u00e9e \u00e0 16h. Vos habitudes alimentaires sont respect\u00e9es dans la mesure du possible. Des r\u00e9gimes sp\u00e9cifiques peuvent \u00eatre prescrits, il seront contr\u00f4l\u00e9s par notre di\u00e9t\u00e9ticienne.<\/p>\n<\/div>\n\n\n\n<div class=\"wp-block-column has-ast-global-color-8-color has-ast-global-color-5-background-color has-text-color has-background has-link-color wp-elements-03f6686625d19cb334d79c1b1bc5075f is-layout-flow wp-block-column-is-layout-flow\">\n<p class=\"has-ast-global-color-8-color has-ast-global-color-5-background-color has-text-color has-background has-link-color wp-elements-4f2e17092a03886c622cbba55690a76a\"><img loading=\"lazy\" decoding=\"async\" width=\"400\" height=\"296\" class=\"wp-image-4568\" style=\"width: 400px;\" src=\"https:\/\/www.ch-aubusson.fr\/site\/wp-content\/uploads\/2024\/03\/prothese.jpg\" alt=\"\" srcset=\"https:\/\/www.ch-aubusson.fr\/site\/wp-content\/uploads\/2024\/03\/prothese.jpg 540w, https:\/\/www.ch-aubusson.fr\/site\/wp-content\/uploads\/2024\/03\/prothese-300x222.jpg 300w\" sizes=\"auto, (max-width: 400px) 100vw, 400px\" \/><br><br><strong>Les proth\u00e8ses<\/strong><br>___________________________<br><br>Si vous portez des lunettes, lentilles, proth\u00e8ses dentaires ou auditives, pensez \u00e0 pr\u00e9voir les produits n\u00e9cessaires \u00e0 leur entretien. Pendant votre hospitalisation, ces proth\u00e8ses restent sous votre enti\u00e8re responsabilit\u00e9.<\/p>\n\n\n\n<p><\/p>\n<\/div>\n\n\n\n<div class=\"wp-block-column has-ast-global-color-8-color has-ast-global-color-5-background-color has-text-color has-background has-link-color wp-elements-30250c4fcbfb7687943b91e99a7e2ad6 is-layout-flow wp-block-column-is-layout-flow\">\n<p class=\"has-ast-global-color-8-color has-ast-global-color-5-background-color has-text-color has-background has-link-color wp-elements-78f346bfdcd473cff1151eb9b67e9b79\"><img loading=\"lazy\" decoding=\"async\" width=\"400\" height=\"296\" class=\"wp-image-4567\" style=\"width: 400px;\" src=\"https:\/\/www.ch-aubusson.fr\/site\/wp-content\/uploads\/2024\/03\/linge.jpg\" alt=\"\" srcset=\"https:\/\/www.ch-aubusson.fr\/site\/wp-content\/uploads\/2024\/03\/linge.jpg 540w, https:\/\/www.ch-aubusson.fr\/site\/wp-content\/uploads\/2024\/03\/linge-300x222.jpg 300w\" sizes=\"auto, (max-width: 400px) 100vw, 400px\" \/><br><br><strong>Le linge<\/strong><br>___________________________<br><br>Vous \u00eates invit\u00e9s \u00e0\u00a0vous munir de votre n\u00e9cessaire de toilette, de tenues de jour et de nuit. Un inventaire de vos effets personnels sera effectu\u00e9 \u00e0 votre arriv\u00e9e.<\/p>\n<\/div>\n\n\n\n<div class=\"wp-block-column has-ast-global-color-5-background-color has-background is-layout-flow wp-block-column-is-layout-flow\">\n<p class=\"has-ast-global-color-8-color has-ast-global-color-5-background-color has-text-color has-background has-link-color wp-elements-283f0d4a856790426bc402b0518d5620\"><img decoding=\"async\" class=\"wp-image-4565\" style=\"width: 400px;\" src=\"https:\/\/www.ch-aubusson.fr\/site\/wp-content\/uploads\/2024\/03\/courrier.jpg\" alt=\"\"><br><br><strong>Votre courrier<\/strong><br>___________________________<br><br>Votre courrier et vos colis sont distribu\u00e9s chaque jour. vous pouvez faire partir votre courrier affranchi \u00e0 l\u2019accueil ou le remettre au personnel du service qui en assurera le d\u00e9part.<\/p>\n<\/div>\n<\/div>\n\n\n\n<div style=\"height:100px\" aria-hidden=\"true\" class=\"wp-block-spacer\"><\/div>\n","protected":false},"excerpt":{"rendered":"<p>votre s\u00e9jour D\u00e8s votre arriv\u00e9e dans l\u2019\u00e9tablissement, nous sommes \u00e0 vos c\u00f4t\u00e9s pour organiser la suite de votre s\u00e9jour. Vous [&hellip;]<\/p>\n","protected":false},"author":3,"featured_media":0,"parent":0,"menu_order":0,"comment_status":"closed","ping_status":"closed","template":"","meta":{"site-sidebar-layout":"default","site-content-layout":"","ast-site-content-layout":"","site-content-style":"default","site-sidebar-style":"default","ast-global-header-display":"","ast-banner-title-visibility":"","ast-main-header-display":"","ast-hfb-above-header-display":"","ast-hfb-below-header-display":"","ast-hfb-mobile-header-display":"","site-post-title":"disabled","ast-breadcrumbs-content":"","ast-featured-img":"","footer-sml-layout":"","theme-transparent-header-meta":"","adv-header-id-meta":"","stick-header-meta":"","header-above-stick-meta":"","header-main-stick-meta":"","header-below-stick-meta":"","astra-migrate-meta-layouts":"default","ast-page-background-enabled":"default","ast-page-background-meta":{"desktop":{"background-color":"var(--ast-global-color-4)","background-image":"","background-repeat":"repeat","background-position":"center center","background-size":"auto","background-attachment":"scroll","background-type":"","background-media":"","overlay-type":"","overlay-color":"","overlay-opacity":"","overlay-gradient":""},"tablet":{"background-color":"","background-image":"","background-repeat":"repeat","background-position":"center center","background-size":"auto","background-attachment":"scroll","background-type":"","background-media":"","overlay-type":"","overlay-color":"","overlay-opacity":"","overlay-gradient":""},"mobile":{"background-color":"","background-image":"","background-repeat":"repeat","background-position":"center center","background-size":"auto","background-attachment":"scroll","background-type":"","background-media":"","overlay-type":"","overlay-color":"","overlay-opacity":"","overlay-gradient":""}},"ast-content-background-meta":{"desktop":{"background-color":"var(--ast-global-color-5)","background-image":"","background-repeat":"repeat","background-position":"center center","background-size":"auto","background-attachment":"scroll","background-type":"","background-media":"","overlay-type":"","overlay-color":"","overlay-opacity":"","overlay-gradient":""},"tablet":{"background-color":"var(--ast-global-color-5)","background-image":"","background-repeat":"repeat","background-position":"center center","background-size":"auto","background-attachment":"scroll","background-type":"","background-media":"","overlay-type":"","overlay-color":"","overlay-opacity":"","overlay-gradient":""},"mobile":{"background-color":"var(--ast-global-color-5)","background-image":"","background-repeat":"repeat","background-position":"center center","background-size":"auto","background-attachment":"scroll","background-type":"","background-media":"","overlay-type":"","overlay-color":"","overlay-opacity":"","overlay-gradient":""}},"footnotes":""},"class_list":["post-2553","page","type-page","status-publish","hentry"],"yoast_head":"<!-- This site is optimized with the Yoast SEO plugin v25.5 - https:\/\/yoast.com\/wordpress\/plugins\/seo\/ -->\n<title>S\u00e9jour en service de soins -<\/title>\n<meta name=\"robots\" content=\"index, follow, max-snippet:-1, max-image-preview:large, max-video-preview:-1\" \/>\n<link rel=\"canonical\" href=\"https:\/\/www.ch-aubusson.fr\/site\/sejour-en-service-de-soins\/\" \/>\n<meta property=\"og:locale\" content=\"fr_FR\" \/>\n<meta property=\"og:type\" content=\"article\" \/>\n<meta property=\"og:title\" content=\"S\u00e9jour en service de soins -\" \/>\n<meta property=\"og:description\" content=\"votre s\u00e9jour D\u00e8s votre arriv\u00e9e dans l\u2019\u00e9tablissement, nous sommes \u00e0 vos c\u00f4t\u00e9s pour organiser la suite de votre s\u00e9jour. Vous [&hellip;]\" \/>\n<meta property=\"og:url\" content=\"https:\/\/www.ch-aubusson.fr\/site\/sejour-en-service-de-soins\/\" \/>\n<meta property=\"article:publisher\" content=\"https:\/\/www.facebook.com\/people\/Centre-Hospitalier-dAubusson\/100064042814456\/\" \/>\n<meta property=\"article:modified_time\" content=\"2025-04-25T09:55:07+00:00\" \/>\n<meta property=\"og:image\" content=\"http:\/\/www.ch-aubusson.fr\/site\/wp-content\/uploads\/2024\/02\/Capture-decran-2024-02-22-145206.png\" \/>\n<meta name=\"twitter:card\" content=\"summary_large_image\" \/>\n<meta name=\"twitter:label1\" content=\"Dur\u00e9e de lecture estim\u00e9e\" \/>\n\t<meta name=\"twitter:data1\" content=\"5 minutes\" \/>\n<!-- \/ Yoast SEO plugin. -->","yoast_head_json":{"title":"S\u00e9jour en service de soins -","robots":{"index":"index","follow":"follow","max-snippet":"max-snippet:-1","max-image-preview":"max-image-preview:large","max-video-preview":"max-video-preview:-1"},"canonical":"https:\/\/www.ch-aubusson.fr\/site\/sejour-en-service-de-soins\/","og_locale":"fr_FR","og_type":"article","og_title":"S\u00e9jour en service de soins -","og_description":"votre s\u00e9jour D\u00e8s votre arriv\u00e9e dans l\u2019\u00e9tablissement, nous sommes \u00e0 vos c\u00f4t\u00e9s pour organiser la suite de votre s\u00e9jour. Vous [&hellip;]","og_url":"https:\/\/www.ch-aubusson.fr\/site\/sejour-en-service-de-soins\/","article_publisher":"https:\/\/www.facebook.com\/people\/Centre-Hospitalier-dAubusson\/100064042814456\/","article_modified_time":"2025-04-25T09:55:07+00:00","og_image":[{"url":"http:\/\/www.ch-aubusson.fr\/site\/wp-content\/uploads\/2024\/02\/Capture-decran-2024-02-22-145206.png","type":"","width":"","height":""}],"twitter_card":"summary_large_image","twitter_misc":{"Dur\u00e9e de lecture estim\u00e9e":"5 minutes"},"schema":{"@context":"https:\/\/schema.org","@graph":[{"@type":"WebPage","@id":"https:\/\/www.ch-aubusson.fr\/site\/sejour-en-service-de-soins\/","url":"https:\/\/www.ch-aubusson.fr\/site\/sejour-en-service-de-soins\/","name":"S\u00e9jour en service de soins -","isPartOf":{"@id":"https:\/\/www.ch-aubusson.fr\/site\/#website"},"primaryImageOfPage":{"@id":"https:\/\/www.ch-aubusson.fr\/site\/sejour-en-service-de-soins\/#primaryimage"},"image":{"@id":"https:\/\/www.ch-aubusson.fr\/site\/sejour-en-service-de-soins\/#primaryimage"},"thumbnailUrl":"http:\/\/www.ch-aubusson.fr\/site\/wp-content\/uploads\/2024\/02\/Capture-decran-2024-02-22-145206.png","datePublished":"2024-02-16T14:44:23+00:00","dateModified":"2025-04-25T09:55:07+00:00","breadcrumb":{"@id":"https:\/\/www.ch-aubusson.fr\/site\/sejour-en-service-de-soins\/#breadcrumb"},"inLanguage":"fr-FR","potentialAction":[{"@type":"ReadAction","target":["https:\/\/www.ch-aubusson.fr\/site\/sejour-en-service-de-soins\/"]}]},{"@type":"ImageObject","inLanguage":"fr-FR","@id":"https:\/\/www.ch-aubusson.fr\/site\/sejour-en-service-de-soins\/#primaryimage","url":"https:\/\/www.ch-aubusson.fr\/site\/wp-content\/uploads\/2024\/02\/Capture-decran-2024-02-22-145206.png","contentUrl":"https:\/\/www.ch-aubusson.fr\/site\/wp-content\/uploads\/2024\/02\/Capture-decran-2024-02-22-145206.png","width":789,"height":209},{"@type":"BreadcrumbList","@id":"https:\/\/www.ch-aubusson.fr\/site\/sejour-en-service-de-soins\/#breadcrumb","itemListElement":[{"@type":"ListItem","position":1,"name":"Accueil","item":"https:\/\/www.ch-aubusson.fr\/site\/"},{"@type":"ListItem","position":2,"name":"S\u00e9jour en service de soins"}]},{"@type":"WebSite","@id":"https:\/\/www.ch-aubusson.fr\/site\/#website","url":"https:\/\/www.ch-aubusson.fr\/site\/","name":"Centre Hospitalier d'Aubusson","description":"","publisher":{"@id":"https:\/\/www.ch-aubusson.fr\/site\/#organization"},"potentialAction":[{"@type":"SearchAction","target":{"@type":"EntryPoint","urlTemplate":"https:\/\/www.ch-aubusson.fr\/site\/?s={search_term_string}"},"query-input":{"@type":"PropertyValueSpecification","valueRequired":true,"valueName":"search_term_string"}}],"inLanguage":"fr-FR"},{"@type":"Organization","@id":"https:\/\/www.ch-aubusson.fr\/site\/#organization","name":"Centre Hospitalier d'Aubusson","url":"https:\/\/www.ch-aubusson.fr\/site\/","logo":{"@type":"ImageObject","inLanguage":"fr-FR","@id":"https:\/\/www.ch-aubusson.fr\/site\/#\/schema\/logo\/image\/","url":"https:\/\/www.ch-aubusson.fr\/site\/wp-content\/uploads\/2024\/01\/cropped-LogoCentreHospitalier_Vertical_3Tonos-2.png","contentUrl":"https:\/\/www.ch-aubusson.fr\/site\/wp-content\/uploads\/2024\/01\/cropped-LogoCentreHospitalier_Vertical_3Tonos-2.png","width":800,"height":654,"caption":"Centre Hospitalier d'Aubusson"},"image":{"@id":"https:\/\/www.ch-aubusson.fr\/site\/#\/schema\/logo\/image\/"},"sameAs":["https:\/\/www.facebook.com\/people\/Centre-Hospitalier-dAubusson\/100064042814456\/","https:\/\/www.linkedin.com\/company\/ch-aubusson"]}]}},"_links":{"self":[{"href":"https:\/\/www.ch-aubusson.fr\/site\/wp-json\/wp\/v2\/pages\/2553","targetHints":{"allow":["GET"]}}],"collection":[{"href":"https:\/\/www.ch-aubusson.fr\/site\/wp-json\/wp\/v2\/pages"}],"about":[{"href":"https:\/\/www.ch-aubusson.fr\/site\/wp-json\/wp\/v2\/types\/page"}],"author":[{"embeddable":true,"href":"https:\/\/www.ch-aubusson.fr\/site\/wp-json\/wp\/v2\/users\/3"}],"replies":[{"embeddable":true,"href":"https:\/\/www.ch-aubusson.fr\/site\/wp-json\/wp\/v2\/comments?post=2553"}],"version-history":[{"count":87,"href":"https:\/\/www.ch-aubusson.fr\/site\/wp-json\/wp\/v2\/pages\/2553\/revisions"}],"predecessor-version":[{"id":6037,"href":"https:\/\/www.ch-aubusson.fr\/site\/wp-json\/wp\/v2\/pages\/2553\/revisions\/6037"}],"wp:attachment":[{"href":"https:\/\/www.ch-aubusson.fr\/site\/wp-json\/wp\/v2\/media?parent=2553"}],"curies":[{"name":"wp","href":"https:\/\/api.w.org\/{rel}","templated":true}]}}