{"id":2580,"date":"2024-02-19T09:03:37","date_gmt":"2024-02-19T08:03:37","guid":{"rendered":"http:\/\/www.ch-aubusson.fr\/site\/?page_id=2580"},"modified":"2024-04-15T11:18:16","modified_gmt":"2024-04-15T09:18:16","slug":"admissions","status":"publish","type":"page","link":"https:\/\/www.ch-aubusson.fr\/site\/admissions\/","title":{"rendered":"Admissions"},"content":{"rendered":"\n<div style=\"height:40px\" aria-hidden=\"true\" class=\"wp-block-spacer\"><\/div>\n\n\n\n<h2 class=\"wp-block-heading\">admission<\/h2>\n\n\n\n<h4 class=\"wp-block-heading presentation\">Vous allez \u00eatre hospitalis\u00e9(e) dans notre \u00e9tablissement. Voici quelques conseils pour pr\u00e9parer sereinement votre arriv\u00e9e.<\/h4>\n\n\n\n<div style=\"height:40px\" aria-hidden=\"true\" class=\"wp-block-spacer\"><\/div>\n\n\n\n<p class=\"has-text-align-center has-vivid-red-color has-text-color has-link-color wp-elements-8209811a5aed59e7d51d5191c0933b6c\">Votre identification est la premi\u00e8re \u00e9tape indispensable avant tout acte de soin afin de s\u00e9curiser votre prise en charge.<\/p>\n\n\n\n<figure class=\"wp-block-image aligncenter size-full\"><img loading=\"lazy\" decoding=\"async\" width=\"652\" height=\"202\" src=\"https:\/\/www.ch-aubusson.fr\/site\/wp-content\/uploads\/2024\/01\/banniere-INS.png\" alt=\"\" class=\"wp-image-1607\" srcset=\"https:\/\/www.ch-aubusson.fr\/site\/wp-content\/uploads\/2024\/01\/banniere-INS.png 652w, https:\/\/www.ch-aubusson.fr\/site\/wp-content\/uploads\/2024\/01\/banniere-INS-300x93.png 300w\" sizes=\"auto, (max-width: 652px) 100vw, 652px\" \/><\/figure>\n\n\n\n<div style=\"height:45px\" aria-hidden=\"true\" class=\"wp-block-spacer\"><\/div>\n\n\n\n<h1 class=\"wp-block-heading\"><strong>AVANT VOTRE HOSPITALISATION : PR\u00c9ADMISSION<\/strong><\/h1>\n\n\n\n<p>Vous allez \u00eatre hospitalis\u00e9(e). Rendez-vous au bureau d&#8217;accueil pour constituer votre dossier d\u2019hospitalisation. <br>Vous \u00e9viterez ainsi toute attente le jour de votre hospitalisation.<\/p>\n\n\n\n<div style=\"height:40px\" aria-hidden=\"true\" class=\"wp-block-spacer\"><\/div>\n\n\n\n<h1 class=\"wp-block-heading\"><strong>LE JOUR DE VOTRE HOSPITALISATION : ADMISSION<\/strong><\/h1>\n\n\n\n<p>Rendez-vous directement aupr\u00e8s du bureau d&#8217;accueil du service afin de constituer votre dossier d\u2019hospitalisation.<\/p>\n\n\n\n<div style=\"height:40px\" aria-hidden=\"true\" class=\"wp-block-spacer\"><\/div>\n\n\n\n<h1 class=\"wp-block-heading\"><strong>L&#8217;IDENTITOVIGILANCE : LES BONS SOINS&#8230;AU BON PATIENT<\/strong><\/h1>\n\n\n\n<p>Le Centre Hospitalier d&#8217;Aubusson a une politique d\u2019identitovigilance (s\u00e9curit\u00e9 de l\u2019identit\u00e9) afin de fiabiliser l\u2019identification du patient et les documents le concernant pour contribuer \u00e0 la qualit\u00e9 de la prise en charge du patient tout au long de son s\u00e9jour et pour chaque s\u00e9jour.<\/p>\n\n\n\n<p>D\u00e8s l\u2019accueil administratif du patient, avec la pose d\u2019un bracelet d\u2019identification permanent et unique, puis tout au long du s\u00e9jour (prises de sang, radio, \u2026), l\u2019identit\u00e9 du patient est v\u00e9rifi\u00e9e.<\/p>\n\n\n\n<div style=\"height:100px\" aria-hidden=\"true\" class=\"wp-block-spacer\"><\/div>\n\n\n\n<h1 class=\"wp-block-heading has-ast-global-color-5-color has-text-color has-background has-link-color wp-elements-8378582dee97764d679b477592b04a21\" style=\"background-color:#243466\">les pi\u00e9ces \u00e0 fournir<\/h1>\n\n\n\n<ul class=\"wp-block-list\">\n<li>Votre pi\u00e8ce d\u2019identit\u00e9 : carte nationale d\u2019identit\u00e9, passeport, carte de s\u00e9jour, livret de famille<\/li>\n\n\n\n<li>Votre carte vitale d\u2019assur\u00e9 social justifiant de vos droits, votre livret de famille<\/li>\n\n\n\n<li>Votre carte de r\u00e9gime compl\u00e9mentaire : carte d\u2019affiliation et de prise en charge d\u00e9livr\u00e9e par votre mutuelle et votre compagnie d\u2019assurance ou votre attestation de Couverture Maladie Universelle (CMU)<\/li>\n\n\n\n<li>Vos documents de sant\u00e9 <\/li>\n\n\n\n<li>Votre carnet de soins si vous \u00eates pensionn\u00e9(e) ou victime de guerre<\/li>\n\n\n\n<li>Votre d\u00e9claration d\u2019accident si vous \u00eates victime d\u2019un accident du travail<\/li>\n\n\n\n<li>Votre carte europ\u00e9enne et les formulaires E111 ou E112 si vous \u00eates patient \u00e9tranger de la communaut\u00e9 europ\u00e9enne<\/li>\n<\/ul>\n\n\n\n<figure class=\"wp-block-image\"><img loading=\"lazy\" decoding=\"async\" width=\"789\" height=\"209\" src=\"https:\/\/www.ch-aubusson.fr\/site\/wp-content\/uploads\/2024\/02\/Capture-decran-2024-02-22-145206.png\" alt=\"\" class=\"wp-image-3321\" srcset=\"https:\/\/www.ch-aubusson.fr\/site\/wp-content\/uploads\/2024\/02\/Capture-decran-2024-02-22-145206.png 789w, https:\/\/www.ch-aubusson.fr\/site\/wp-content\/uploads\/2024\/02\/Capture-decran-2024-02-22-145206-300x79.png 300w, https:\/\/www.ch-aubusson.fr\/site\/wp-content\/uploads\/2024\/02\/Capture-decran-2024-02-22-145206-768x203.png 768w\" sizes=\"auto, (max-width: 789px) 100vw, 789px\" \/><\/figure>\n\n\n\n<div style=\"height:40px\" aria-hidden=\"true\" class=\"wp-block-spacer\"><\/div>\n\n\n\n<h1 class=\"wp-block-heading has-ast-global-color-5-color has-text-color has-background has-link-color wp-elements-92c2d75eac7221e051b62637ce283b7d\" style=\"background-color:#243466\">cas particuliers<\/h1>\n\n\n\n<h3 class=\"wp-block-heading\"><strong>IDENTIT\u00c9 ET ANONYMAT<\/strong><\/h3>\n\n\n\n<p>Le Centre Hospitalier d&#8217;Aubusson a une politique d\u2019identitovigilance (s\u00e9curit\u00e9 de l\u2019identit\u00e9).<br>De multiples professionnels (accueil, hospitalisation, radiologie\u2026) s\u2019occupent de vous et doivent s\u2019assurer de votre identit\u00e9. <br>Il vous sera donc demand\u00e9 d\u00e8s l\u2019admission une pi\u00e8ce d\u2019identit\u00e9 et nous vous demanderons de confirmer vos nom, pr\u00e9nom, date de naissance, tout au long de votre prise en charge.<br>Si vous ne souhaitez pas que votre pr\u00e9sence \u00e0 l\u2019h\u00f4pital soit divulgu\u00e9e, faites-en la demande lors de votre admission.<\/p>\n\n\n\n<div style=\"height:40px\" aria-hidden=\"true\" class=\"wp-block-spacer\"><\/div>\n\n\n\n<h3 class=\"wp-block-heading\"><strong>HOSPITALISATION D\u2019UN MINEUR<\/strong><\/h3>\n\n\n\n<p>Le consentement aux soins et aux interventions chirurgicales des mineurs appartient au d\u00e9tenteur de l\u2019autorit\u00e9 parentale. Dans le cas o\u00f9 le refus d\u2019un traitement par la personne titulaire de l\u2019autorit\u00e9 parentale risque d\u2019entra\u00eener des cons\u00e9quences graves pour la sant\u00e9 du mineur, le m\u00e9decin d\u00e9livre les soins indispensables.<\/p>\n\n\n\n<p>Le mineur a le droit de recevoir lui-m\u00eame une information et de participer \u00e0 la prise de d\u00e9cision le concernant, d\u2019une mani\u00e8re adapt\u00e9e \u00e0 son degr\u00e9 de maturit\u00e9. Dans le cas o\u00f9 le mineur s\u2019oppose \u00e0 la consultation du ou des titulaires de l\u2019autorit\u00e9 parentale, afin de garder le secret sur son \u00e9tat de sant\u00e9, le m\u00e9decin peut mettre en oeuvre le traitement ou l\u2019intervention apr\u00e8s avoir tout tent\u00e9 pour faire changer d\u2019avis le mineur.<\/p>\n\n\n\n<p>Dans ce cas, le mineur se fait accompagner d\u2019une personne majeure de son choix.<\/p>\n\n\n\n<div style=\"height:40px\" aria-hidden=\"true\" class=\"wp-block-spacer\"><\/div>\n\n\n\n<h3 class=\"wp-block-heading\"><strong>admission en urgences<\/strong><\/h3>\n\n\n\n<p>Les formalit\u00e9s sont r\u00e9duites au minimum. toutefois, les d\u00e9marches administratives seront \u00e0 r\u00e9aliser d\u00e8s que possible par vous-m\u00eame ou l\u2019un de vos proches, aupr\u00e8s du Bureau des entr\u00e9es.<\/p>\n\n\n\n<div style=\"height:40px\" aria-hidden=\"true\" class=\"wp-block-spacer\"><\/div>\n\n\n\n<p><strong>MAJEURS PROTEGES<\/strong><\/p>\n\n\n\n<p>En cas d\u2019hospitalisation d\u2019un majeur prot\u00e9g\u00e9, l\u2019\u00e9tablissement contacte le mandataire judiciaire \u00e0 la protection des majeurs, d\u00e9sign\u00e9 par le juge des tutelles<\/p>\n\n\n\n<div style=\"height:40px\" aria-hidden=\"true\" class=\"wp-block-spacer\"><\/div>\n\n\n\n<div style=\"height:100px\" aria-hidden=\"true\" class=\"wp-block-spacer\"><\/div>\n","protected":false},"excerpt":{"rendered":"<p>admission Vous allez \u00eatre hospitalis\u00e9(e) dans notre \u00e9tablissement. Voici quelques conseils pour pr\u00e9parer sereinement votre arriv\u00e9e. Votre identification est la [&hellip;]<\/p>\n","protected":false},"author":3,"featured_media":0,"parent":0,"menu_order":0,"comment_status":"closed","ping_status":"closed","template":"","meta":{"site-sidebar-layout":"default","site-content-layout":"","ast-site-content-layout":"","site-content-style":"default","site-sidebar-style":"default","ast-global-header-display":"","ast-banner-title-visibility":"","ast-main-header-display":"","ast-hfb-above-header-display":"","ast-hfb-below-header-display":"","ast-hfb-mobile-header-display":"","site-post-title":"disabled","ast-breadcrumbs-content":"","ast-featured-img":"","footer-sml-layout":"","theme-transparent-header-meta":"","adv-header-id-meta":"","stick-header-meta":"","header-above-stick-meta":"","header-main-stick-meta":"","header-below-stick-meta":"","astra-migrate-meta-layouts":"default","ast-page-background-enabled":"default","ast-page-background-meta":{"desktop":{"background-color":"var(--ast-global-color-4)","background-image":"","background-repeat":"repeat","background-position":"center center","background-size":"auto","background-attachment":"scroll","background-type":"","background-media":"","overlay-type":"","overlay-color":"","overlay-opacity":"","overlay-gradient":""},"tablet":{"background-color":"","background-image":"","background-repeat":"repeat","background-position":"center center","background-size":"auto","background-attachment":"scroll","background-type":"","background-media":"","overlay-type":"","overlay-color":"","overlay-opacity":"","overlay-gradient":""},"mobile":{"background-color":"","background-image":"","background-repeat":"repeat","background-position":"center center","background-size":"auto","background-attachment":"scroll","background-type":"","background-media":"","overlay-type":"","overlay-color":"","overlay-opacity":"","overlay-gradient":""}},"ast-content-background-meta":{"desktop":{"background-color":"var(--ast-global-color-5)","background-image":"","background-repeat":"repeat","background-position":"center center","background-size":"auto","background-attachment":"scroll","background-type":"","background-media":"","overlay-type":"","overlay-color":"","overlay-opacity":"","overlay-gradient":""},"tablet":{"background-color":"var(--ast-global-color-5)","background-image":"","background-repeat":"repeat","background-position":"center center","background-size":"auto","background-attachment":"scroll","background-type":"","background-media":"","overlay-type":"","overlay-color":"","overlay-opacity":"","overlay-gradient":""},"mobile":{"background-color":"var(--ast-global-color-5)","background-image":"","background-repeat":"repeat","background-position":"center center","background-size":"auto","background-attachment":"scroll","background-type":"","background-media":"","overlay-type":"","overlay-color":"","overlay-opacity":"","overlay-gradient":""}},"footnotes":""},"class_list":["post-2580","page","type-page","status-publish","hentry"],"yoast_head":"<!-- This site is optimized with the Yoast SEO plugin v25.5 - https:\/\/yoast.com\/wordpress\/plugins\/seo\/ -->\n<title>Admissions -<\/title>\n<meta name=\"robots\" content=\"index, follow, max-snippet:-1, max-image-preview:large, max-video-preview:-1\" \/>\n<link rel=\"canonical\" href=\"https:\/\/www.ch-aubusson.fr\/site\/admissions\/\" \/>\n<meta property=\"og:locale\" content=\"fr_FR\" \/>\n<meta property=\"og:type\" content=\"article\" \/>\n<meta property=\"og:title\" content=\"Admissions -\" \/>\n<meta property=\"og:description\" content=\"admission Vous allez \u00eatre hospitalis\u00e9(e) dans notre \u00e9tablissement. Voici quelques conseils pour pr\u00e9parer sereinement votre arriv\u00e9e. Votre identification est la [&hellip;]\" \/>\n<meta property=\"og:url\" content=\"https:\/\/www.ch-aubusson.fr\/site\/admissions\/\" \/>\n<meta property=\"article:publisher\" content=\"https:\/\/www.facebook.com\/people\/Centre-Hospitalier-dAubusson\/100064042814456\/\" \/>\n<meta property=\"article:modified_time\" content=\"2024-04-15T09:18:16+00:00\" \/>\n<meta property=\"og:image\" content=\"http:\/\/www.ch-aubusson.fr\/site\/wp-content\/uploads\/2024\/01\/banniere-INS.png\" \/>\n<meta name=\"twitter:card\" content=\"summary_large_image\" \/>\n<meta name=\"twitter:label1\" content=\"Dur\u00e9e de lecture estim\u00e9e\" \/>\n\t<meta name=\"twitter:data1\" content=\"3 minutes\" \/>\n<!-- \/ Yoast SEO plugin. -->","yoast_head_json":{"title":"Admissions -","robots":{"index":"index","follow":"follow","max-snippet":"max-snippet:-1","max-image-preview":"max-image-preview:large","max-video-preview":"max-video-preview:-1"},"canonical":"https:\/\/www.ch-aubusson.fr\/site\/admissions\/","og_locale":"fr_FR","og_type":"article","og_title":"Admissions -","og_description":"admission Vous allez \u00eatre hospitalis\u00e9(e) dans notre \u00e9tablissement. Voici quelques conseils pour pr\u00e9parer sereinement votre arriv\u00e9e. Votre identification est la [&hellip;]","og_url":"https:\/\/www.ch-aubusson.fr\/site\/admissions\/","article_publisher":"https:\/\/www.facebook.com\/people\/Centre-Hospitalier-dAubusson\/100064042814456\/","article_modified_time":"2024-04-15T09:18:16+00:00","og_image":[{"url":"http:\/\/www.ch-aubusson.fr\/site\/wp-content\/uploads\/2024\/01\/banniere-INS.png","type":"","width":"","height":""}],"twitter_card":"summary_large_image","twitter_misc":{"Dur\u00e9e de lecture estim\u00e9e":"3 minutes"},"schema":{"@context":"https:\/\/schema.org","@graph":[{"@type":"WebPage","@id":"https:\/\/www.ch-aubusson.fr\/site\/admissions\/","url":"https:\/\/www.ch-aubusson.fr\/site\/admissions\/","name":"Admissions -","isPartOf":{"@id":"https:\/\/www.ch-aubusson.fr\/site\/#website"},"primaryImageOfPage":{"@id":"https:\/\/www.ch-aubusson.fr\/site\/admissions\/#primaryimage"},"image":{"@id":"https:\/\/www.ch-aubusson.fr\/site\/admissions\/#primaryimage"},"thumbnailUrl":"http:\/\/www.ch-aubusson.fr\/site\/wp-content\/uploads\/2024\/01\/banniere-INS.png","datePublished":"2024-02-19T08:03:37+00:00","dateModified":"2024-04-15T09:18:16+00:00","breadcrumb":{"@id":"https:\/\/www.ch-aubusson.fr\/site\/admissions\/#breadcrumb"},"inLanguage":"fr-FR","potentialAction":[{"@type":"ReadAction","target":["https:\/\/www.ch-aubusson.fr\/site\/admissions\/"]}]},{"@type":"ImageObject","inLanguage":"fr-FR","@id":"https:\/\/www.ch-aubusson.fr\/site\/admissions\/#primaryimage","url":"https:\/\/www.ch-aubusson.fr\/site\/wp-content\/uploads\/2024\/01\/banniere-INS.png","contentUrl":"https:\/\/www.ch-aubusson.fr\/site\/wp-content\/uploads\/2024\/01\/banniere-INS.png","width":652,"height":202},{"@type":"BreadcrumbList","@id":"https:\/\/www.ch-aubusson.fr\/site\/admissions\/#breadcrumb","itemListElement":[{"@type":"ListItem","position":1,"name":"Accueil","item":"https:\/\/www.ch-aubusson.fr\/site\/"},{"@type":"ListItem","position":2,"name":"Admissions"}]},{"@type":"WebSite","@id":"https:\/\/www.ch-aubusson.fr\/site\/#website","url":"https:\/\/www.ch-aubusson.fr\/site\/","name":"Centre Hospitalier d'Aubusson","description":"","publisher":{"@id":"https:\/\/www.ch-aubusson.fr\/site\/#organization"},"potentialAction":[{"@type":"SearchAction","target":{"@type":"EntryPoint","urlTemplate":"https:\/\/www.ch-aubusson.fr\/site\/?s={search_term_string}"},"query-input":{"@type":"PropertyValueSpecification","valueRequired":true,"valueName":"search_term_string"}}],"inLanguage":"fr-FR"},{"@type":"Organization","@id":"https:\/\/www.ch-aubusson.fr\/site\/#organization","name":"Centre Hospitalier d'Aubusson","url":"https:\/\/www.ch-aubusson.fr\/site\/","logo":{"@type":"ImageObject","inLanguage":"fr-FR","@id":"https:\/\/www.ch-aubusson.fr\/site\/#\/schema\/logo\/image\/","url":"https:\/\/www.ch-aubusson.fr\/site\/wp-content\/uploads\/2024\/01\/cropped-LogoCentreHospitalier_Vertical_3Tonos-2.png","contentUrl":"https:\/\/www.ch-aubusson.fr\/site\/wp-content\/uploads\/2024\/01\/cropped-LogoCentreHospitalier_Vertical_3Tonos-2.png","width":800,"height":654,"caption":"Centre Hospitalier d'Aubusson"},"image":{"@id":"https:\/\/www.ch-aubusson.fr\/site\/#\/schema\/logo\/image\/"},"sameAs":["https:\/\/www.facebook.com\/people\/Centre-Hospitalier-dAubusson\/100064042814456\/","https:\/\/www.linkedin.com\/company\/ch-aubusson"]}]}},"_links":{"self":[{"href":"https:\/\/www.ch-aubusson.fr\/site\/wp-json\/wp\/v2\/pages\/2580","targetHints":{"allow":["GET"]}}],"collection":[{"href":"https:\/\/www.ch-aubusson.fr\/site\/wp-json\/wp\/v2\/pages"}],"about":[{"href":"https:\/\/www.ch-aubusson.fr\/site\/wp-json\/wp\/v2\/types\/page"}],"author":[{"embeddable":true,"href":"https:\/\/www.ch-aubusson.fr\/site\/wp-json\/wp\/v2\/users\/3"}],"replies":[{"embeddable":true,"href":"https:\/\/www.ch-aubusson.fr\/site\/wp-json\/wp\/v2\/comments?post=2580"}],"version-history":[{"count":33,"href":"https:\/\/www.ch-aubusson.fr\/site\/wp-json\/wp\/v2\/pages\/2580\/revisions"}],"predecessor-version":[{"id":5097,"href":"https:\/\/www.ch-aubusson.fr\/site\/wp-json\/wp\/v2\/pages\/2580\/revisions\/5097"}],"wp:attachment":[{"href":"https:\/\/www.ch-aubusson.fr\/site\/wp-json\/wp\/v2\/media?parent=2580"}],"curies":[{"name":"wp","href":"https:\/\/api.w.org\/{rel}","templated":true}]}}