{"id":3264,"date":"2024-02-22T12:59:52","date_gmt":"2024-02-22T11:59:52","guid":{"rendered":"http:\/\/www.ch-aubusson.fr\/site\/?page_id=3264"},"modified":"2025-04-25T11:56:52","modified_gmt":"2025-04-25T09:56:52","slug":"votre-sortie","status":"publish","type":"page","link":"https:\/\/www.ch-aubusson.fr\/site\/votre-sortie\/","title":{"rendered":"Votre sortie"},"content":{"rendered":"\n<div style=\"height:40px\" aria-hidden=\"true\" class=\"wp-block-spacer\"><\/div>\n\n\n\n<h2 class=\"wp-block-heading\"> votre sortie<\/h2>\n\n\n\n<h4 class=\"wp-block-heading presentation\">pr\u00e9parer votre sortie<\/h4>\n\n\n<div id=\"metaslider-id-4593\" style=\"width: 100%; margin: 0 auto;\" class=\"ml-slider-3-99-0 metaslider metaslider-flex metaslider-4593 ml-slider ms-theme-default\" role=\"region\" aria-label=\"sortie\" data-width=\"1000\">\n    <div id=\"metaslider_container_4593\">\n        <div id=\"metaslider_4593\">\n            <ul class='slides'>\n                <li style=\"display: block; width: 100%;\" class=\"slide-4595 ms-image \" aria-roledescription=\"slide\" data-date=\"2024-03-15 13:31:08\"><img loading=\"lazy\" decoding=\"async\" src=\"https:\/\/www.ch-aubusson.fr\/site\/wp-content\/uploads\/2024\/03\/ES4A0981-scaled-1000x300.jpg\" height=\"300\" width=\"1000\" alt=\"\" class=\"slider-4593 slide-4595 msDefaultImage\" title=\"ES4A0981\" \/><\/li>\n            <\/ul>\n        <\/div>\n        \n    <\/div>\n<\/div>\n\n\n\n<div style=\"height:40px\" aria-hidden=\"true\" class=\"wp-block-spacer\"><\/div>\n\n\n\n<h1 class=\"wp-block-heading has-ast-global-color-5-color has-text-color has-background has-link-color wp-elements-ecbb2f447bd9b2afda804f2ea863b1f9\" style=\"background-color:#243466\">Le retour \u00e0 domicile<\/h1>\n\n\n\n<p>La date de votre sortie est d\u00e9cid\u00e9e par le m\u00e9decin. <\/p>\n\n\n\n<p>Le<strong>&nbsp;<\/strong>retour \u00e0 domicile&nbsp;peut n\u00e9cessiter de la pr\u00e9paration, car de nombreux param\u00e8tres doivent \u00eatre pris en compte.<br>Il est donc important d\u2019\u00e9changer avec le m\u00e9decin&nbsp;ou l\u2019\u00e9quipe m\u00e9dicale afin d\u2019obtenir des&nbsp;conseils personnalis\u00e9s&nbsp;sur les modalit\u00e9s de votre retour \u00e0 domicile.<\/p>\n\n\n\n<p>\u00c9changez \u00e9galement avec notre assistante sociale pour vous informer sur les diff\u00e9rentes&nbsp;aides financi\u00e8res&nbsp;auxquelles vous avez droit.<\/p>\n\n\n\n<p>Une lettre de sortie destin\u00e9e \u00e0 votre m\u00e9decin traitant, une ordonnance dont les m\u00e9dicaments sont \u00e0 retirer aupr\u00e8s d\u2019une officine de ville, ainsi que tous documents m\u00e9dicaux (rendez-vous ult\u00e9rieurs, r\u00e9sultats d\u2019examen, comptes rendus,\u2026) vous seront remis dans le service.<\/p>\n\n\n\n<p>Lors de votre d\u00e9part, n\u2019oubliez pas de vous rendre au service des admissions, afin de :<\/p>\n\n\n\n<ul class=\"wp-block-list\">\n<li>v\u00e9rifier, voire compl\u00e9ter votre dossier administratif<\/li>\n\n\n\n<li>obtenir un bulletin de situation pr\u00e9cisant la dur\u00e9e de votre hospitalisation<\/li>\n\n\n\n<li>r\u00e9gler \u00e9ventuellement les frais restant \u00e0 votre charge<\/li>\n\n\n\n<li>r\u00e9cup\u00e9rer le trop per\u00e7u sur votre ligne t\u00e9l\u00e9phonique<\/li>\n<\/ul>\n\n\n\n<p>Veillez \u00e0 conserver les justificatifs de paiement pour un \u00e9ventuel remboursement par votre mutuelle.<\/p>\n\n\n\n<div style=\"height:30px\" aria-hidden=\"true\" class=\"wp-block-spacer\"><\/div>\n\n\n\n<p><strong>Transport <\/strong><\/p>\n\n\n\n<p>A votre sortie, votre m\u00e9decin vous indiquera si votre \u00e9tat de sant\u00e9 n\u00e9cessite un transport en ambulance, en v\u00e9hicule sanitaire l\u00e9ger (VSL) ou si vous pouvez repartir par vos propres moyens.<\/p>\n\n\n\n<p>Le transport en ambulance et en VSL n\u00e9cessite une prescription m\u00e9dicale. Vous avez la possibilit\u00e9 de nous indiquez le nom de la soci\u00e9t\u00e9 d\u2019ambulances que vous souhaitez. A d\u00e9faut, des prestataires d\u2019ambulance conventionn\u00e9e sont contact\u00e9s.<\/p>\n\n\n\n<p>Si vous ne disposez pas d\u2019un moyen de transport personnel pour regagner votre domicile, vous pouvez faire appel \u00e0 un taxi, le prix de la course restant \u00e0 votre charge.<\/p>\n\n\n\n<div style=\"height:40px\" aria-hidden=\"true\" class=\"wp-block-spacer\"><\/div>\n\n\n\n<h1 class=\"wp-block-heading has-ast-global-color-5-color has-text-color has-background has-link-color wp-elements-858cf03a3d783ddb513bab673c89db61\" style=\"background-color:#243466\">questionnaire de satisfaction<\/h1>\n\n\n\n<p>L\u2019am\u00e9lioration de la qualit\u00e9 de la prise en charge des patients est une de nos principales pr\u00e9occupations.<\/p>\n\n\n\n<p>Votre avis sur la qualit\u00e9 de votre s\u00e9jour est important. Il nous est essentiel de conna\u00eetre votre appr\u00e9ciation afin d\u2019am\u00e9liorer les prestations que nous vous proposons.<\/p>\n\n\n\n<p>Merci de prendre le temps de remplir le questionnaire de satisfaction \u00e0 votre disposition et de le d\u00e9poser dans l&#8217;urne pr\u00e9s de l&#8217;accueil.<\/p>\n\n\n\n<div style=\"height:40px\" aria-hidden=\"true\" class=\"wp-block-spacer\"><\/div>\n\n\n\n<h1 class=\"wp-block-heading has-ast-global-color-5-color has-text-color has-background has-link-color wp-elements-cd17b7c190e99d8c605dd1b1161f7521\" style=\"background-color:#243466\">SORTIE CONTRE AVIS M\u00e9dical<\/h1>\n\n\n\n<p>\u00c0 l\u2019exception des mineurs, des majeurs prot\u00e9g\u00e9s et des personnes hospitalis\u00e9es d\u2019office ou sur demande d\u2019un tiers, les usagers peuvent \u00e0 leur demande quitter \u00e0 tout moment l\u2019\u00e9tablissement.<\/p>\n\n\n\n<p>Si vous d\u00e9cidez de sortir contre avis m\u00e9dical vous prenez un risque pour votre sant\u00e9. Il vous sera demand\u00e9 de signer une d\u00e9charge attestant que vous avez \u00e9t\u00e9 inform\u00e9 des risques encourus. L\u2019\u00e9tablissement sera d\u00e9gag\u00e9 de toute responsabilit\u00e9.<\/p>\n\n\n\n<div style=\"height:40px\" aria-hidden=\"true\" class=\"wp-block-spacer\"><\/div>\n\n\n\n<h1 class=\"wp-block-heading has-ast-global-color-5-color has-text-color has-background has-link-color wp-elements-6bb791774b957180f927729c4370ef9a\" style=\"background-color:#243466\">SORTIE vers un autre \u00e9tablissement<\/h1>\n\n\n\n<p>Au terme de votre hospitalisation, votre \u00e9tat de sant\u00e9 peut n\u00e9cessiter votre transfert dans un autre \u00e9tablissement de soins.<\/p>\n\n\n\n<p>Une demande est faite par le centre hospitalier dans plusieurs structures d\u2019accueil adapt\u00e9es \u00e0 votre pathologie. Vos souhaits seront pris en compte dans la mesure du possible.<\/p>\n\n\n\n<div style=\"height:40px\" aria-hidden=\"true\" class=\"wp-block-spacer\"><\/div>\n\n\n\n<h1 class=\"wp-block-heading has-ast-global-color-5-color has-text-color has-background has-link-color wp-elements-11982195aedc2c65318a053d07783f5f\" style=\"background-color:#243466\">en cas de d\u00e9c\u00e8s<\/h1>\n\n\n\n<p>L\u2019accompagnement \u00e0 la fin de vie d\u2019un patient\/r\u00e9sident et de sa famille fait partie de nos missions. Les professionnels de soins sont \u00e0 votre disposition pour vous accompagner dans cette \u00e9tape particuli\u00e8re.<\/p>\n\n\n\n<p>Afin que nous puissions au mieux respecter vos souhaits, merci de nous en faire part, de les inscrire dans vos directives anticip\u00e9es ou d\u2019en informer la personne de confiance que vous aurez d\u00e9sign\u00e9e. Si vous avez souscrit \u00e0 un contrat d\u2019obs\u00e8ques merci de nous le signaler.<\/p>\n\n\n\n<div style=\"height:100px\" aria-hidden=\"true\" class=\"wp-block-spacer\"><\/div>\n","protected":false},"excerpt":{"rendered":"<p>votre sortie pr\u00e9parer votre sortie Le retour \u00e0 domicile La date de votre sortie est d\u00e9cid\u00e9e par le m\u00e9decin. Le&nbsp;retour [&hellip;]<\/p>\n","protected":false},"author":3,"featured_media":0,"parent":0,"menu_order":0,"comment_status":"closed","ping_status":"closed","template":"","meta":{"site-sidebar-layout":"default","site-content-layout":"","ast-site-content-layout":"","site-content-style":"default","site-sidebar-style":"default","ast-global-header-display":"","ast-banner-title-visibility":"","ast-main-header-display":"","ast-hfb-above-header-display":"","ast-hfb-below-header-display":"","ast-hfb-mobile-header-display":"","site-post-title":"disabled","ast-breadcrumbs-content":"","ast-featured-img":"","footer-sml-layout":"","theme-transparent-header-meta":"","adv-header-id-meta":"","stick-header-meta":"","header-above-stick-meta":"","header-main-stick-meta":"","header-below-stick-meta":"","astra-migrate-meta-layouts":"default","ast-page-background-enabled":"default","ast-page-background-meta":{"desktop":{"background-color":"var(--ast-global-color-4)","background-image":"","background-repeat":"repeat","background-position":"center center","background-size":"auto","background-attachment":"scroll","background-type":"","background-media":"","overlay-type":"","overlay-color":"","overlay-opacity":"","overlay-gradient":""},"tablet":{"background-color":"","background-image":"","background-repeat":"repeat","background-position":"center center","background-size":"auto","background-attachment":"scroll","background-type":"","background-media":"","overlay-type":"","overlay-color":"","overlay-opacity":"","overlay-gradient":""},"mobile":{"background-color":"","background-image":"","background-repeat":"repeat","background-position":"center center","background-size":"auto","background-attachment":"scroll","background-type":"","background-media":"","overlay-type":"","overlay-color":"","overlay-opacity":"","overlay-gradient":""}},"ast-content-background-meta":{"desktop":{"background-color":"var(--ast-global-color-5)","background-image":"","background-repeat":"repeat","background-position":"center center","background-size":"auto","background-attachment":"scroll","background-type":"","background-media":"","overlay-type":"","overlay-color":"","overlay-opacity":"","overlay-gradient":""},"tablet":{"background-color":"var(--ast-global-color-5)","background-image":"","background-repeat":"repeat","background-position":"center center","background-size":"auto","background-attachment":"scroll","background-type":"","background-media":"","overlay-type":"","overlay-color":"","overlay-opacity":"","overlay-gradient":""},"mobile":{"background-color":"var(--ast-global-color-5)","background-image":"","background-repeat":"repeat","background-position":"center center","background-size":"auto","background-attachment":"scroll","background-type":"","background-media":"","overlay-type":"","overlay-color":"","overlay-opacity":"","overlay-gradient":""}},"footnotes":""},"class_list":["post-3264","page","type-page","status-publish","hentry"],"yoast_head":"<!-- This site is optimized with the Yoast SEO plugin v25.5 - https:\/\/yoast.com\/wordpress\/plugins\/seo\/ -->\n<title>Votre sortie -<\/title>\n<meta name=\"robots\" content=\"index, follow, max-snippet:-1, max-image-preview:large, max-video-preview:-1\" \/>\n<link rel=\"canonical\" href=\"https:\/\/www.ch-aubusson.fr\/site\/votre-sortie\/\" \/>\n<meta property=\"og:locale\" content=\"fr_FR\" \/>\n<meta property=\"og:type\" content=\"article\" \/>\n<meta property=\"og:title\" content=\"Votre sortie -\" \/>\n<meta property=\"og:description\" content=\"votre sortie pr\u00e9parer votre sortie Le retour \u00e0 domicile La date de votre sortie est d\u00e9cid\u00e9e par le m\u00e9decin. Le&nbsp;retour [&hellip;]\" \/>\n<meta property=\"og:url\" content=\"https:\/\/www.ch-aubusson.fr\/site\/votre-sortie\/\" \/>\n<meta property=\"article:publisher\" content=\"https:\/\/www.facebook.com\/people\/Centre-Hospitalier-dAubusson\/100064042814456\/\" \/>\n<meta property=\"article:modified_time\" content=\"2025-04-25T09:56:52+00:00\" \/>\n<meta name=\"twitter:card\" content=\"summary_large_image\" \/>\n<meta name=\"twitter:label1\" content=\"Dur\u00e9e de lecture estim\u00e9e\" \/>\n\t<meta name=\"twitter:data1\" content=\"3 minutes\" \/>\n<!-- \/ Yoast SEO plugin. -->","yoast_head_json":{"title":"Votre sortie -","robots":{"index":"index","follow":"follow","max-snippet":"max-snippet:-1","max-image-preview":"max-image-preview:large","max-video-preview":"max-video-preview:-1"},"canonical":"https:\/\/www.ch-aubusson.fr\/site\/votre-sortie\/","og_locale":"fr_FR","og_type":"article","og_title":"Votre sortie -","og_description":"votre sortie pr\u00e9parer votre sortie Le retour \u00e0 domicile La date de votre sortie est d\u00e9cid\u00e9e par le m\u00e9decin. Le&nbsp;retour [&hellip;]","og_url":"https:\/\/www.ch-aubusson.fr\/site\/votre-sortie\/","article_publisher":"https:\/\/www.facebook.com\/people\/Centre-Hospitalier-dAubusson\/100064042814456\/","article_modified_time":"2025-04-25T09:56:52+00:00","twitter_card":"summary_large_image","twitter_misc":{"Dur\u00e9e de lecture estim\u00e9e":"3 minutes"},"schema":{"@context":"https:\/\/schema.org","@graph":[{"@type":"WebPage","@id":"https:\/\/www.ch-aubusson.fr\/site\/votre-sortie\/","url":"https:\/\/www.ch-aubusson.fr\/site\/votre-sortie\/","name":"Votre sortie -","isPartOf":{"@id":"https:\/\/www.ch-aubusson.fr\/site\/#website"},"datePublished":"2024-02-22T11:59:52+00:00","dateModified":"2025-04-25T09:56:52+00:00","breadcrumb":{"@id":"https:\/\/www.ch-aubusson.fr\/site\/votre-sortie\/#breadcrumb"},"inLanguage":"fr-FR","potentialAction":[{"@type":"ReadAction","target":["https:\/\/www.ch-aubusson.fr\/site\/votre-sortie\/"]}]},{"@type":"BreadcrumbList","@id":"https:\/\/www.ch-aubusson.fr\/site\/votre-sortie\/#breadcrumb","itemListElement":[{"@type":"ListItem","position":1,"name":"Accueil","item":"https:\/\/www.ch-aubusson.fr\/site\/"},{"@type":"ListItem","position":2,"name":"Votre sortie"}]},{"@type":"WebSite","@id":"https:\/\/www.ch-aubusson.fr\/site\/#website","url":"https:\/\/www.ch-aubusson.fr\/site\/","name":"Centre Hospitalier d'Aubusson","description":"","publisher":{"@id":"https:\/\/www.ch-aubusson.fr\/site\/#organization"},"potentialAction":[{"@type":"SearchAction","target":{"@type":"EntryPoint","urlTemplate":"https:\/\/www.ch-aubusson.fr\/site\/?s={search_term_string}"},"query-input":{"@type":"PropertyValueSpecification","valueRequired":true,"valueName":"search_term_string"}}],"inLanguage":"fr-FR"},{"@type":"Organization","@id":"https:\/\/www.ch-aubusson.fr\/site\/#organization","name":"Centre Hospitalier d'Aubusson","url":"https:\/\/www.ch-aubusson.fr\/site\/","logo":{"@type":"ImageObject","inLanguage":"fr-FR","@id":"https:\/\/www.ch-aubusson.fr\/site\/#\/schema\/logo\/image\/","url":"https:\/\/www.ch-aubusson.fr\/site\/wp-content\/uploads\/2024\/01\/cropped-LogoCentreHospitalier_Vertical_3Tonos-2.png","contentUrl":"https:\/\/www.ch-aubusson.fr\/site\/wp-content\/uploads\/2024\/01\/cropped-LogoCentreHospitalier_Vertical_3Tonos-2.png","width":800,"height":654,"caption":"Centre Hospitalier d'Aubusson"},"image":{"@id":"https:\/\/www.ch-aubusson.fr\/site\/#\/schema\/logo\/image\/"},"sameAs":["https:\/\/www.facebook.com\/people\/Centre-Hospitalier-dAubusson\/100064042814456\/","https:\/\/www.linkedin.com\/company\/ch-aubusson"]}]}},"_links":{"self":[{"href":"https:\/\/www.ch-aubusson.fr\/site\/wp-json\/wp\/v2\/pages\/3264","targetHints":{"allow":["GET"]}}],"collection":[{"href":"https:\/\/www.ch-aubusson.fr\/site\/wp-json\/wp\/v2\/pages"}],"about":[{"href":"https:\/\/www.ch-aubusson.fr\/site\/wp-json\/wp\/v2\/types\/page"}],"author":[{"embeddable":true,"href":"https:\/\/www.ch-aubusson.fr\/site\/wp-json\/wp\/v2\/users\/3"}],"replies":[{"embeddable":true,"href":"https:\/\/www.ch-aubusson.fr\/site\/wp-json\/wp\/v2\/comments?post=3264"}],"version-history":[{"count":13,"href":"https:\/\/www.ch-aubusson.fr\/site\/wp-json\/wp\/v2\/pages\/3264\/revisions"}],"predecessor-version":[{"id":6039,"href":"https:\/\/www.ch-aubusson.fr\/site\/wp-json\/wp\/v2\/pages\/3264\/revisions\/6039"}],"wp:attachment":[{"href":"https:\/\/www.ch-aubusson.fr\/site\/wp-json\/wp\/v2\/media?parent=3264"}],"curies":[{"name":"wp","href":"https:\/\/api.w.org\/{rel}","templated":true}]}}