{"id":4933,"date":"2024-03-19T15:09:03","date_gmt":"2024-03-19T14:09:03","guid":{"rendered":"http:\/\/www.ch-aubusson.fr\/site\/?page_id=4933"},"modified":"2024-04-18T11:51:59","modified_gmt":"2024-04-18T09:51:59","slug":"informations-pratiques","status":"publish","type":"page","link":"https:\/\/www.ch-aubusson.fr\/site\/informations-pratiques\/","title":{"rendered":"informations pratiques"},"content":{"rendered":"\n<div style=\"height:100px\" aria-hidden=\"true\" class=\"wp-block-spacer\"><\/div>\n\n\n\n<h2 class=\"wp-block-heading\">nos services<\/h2>\n\n\n\n<div style=\"height:30px\" aria-hidden=\"true\" class=\"wp-block-spacer\"><\/div>\n\n\n\n<p class=\"presentation\"><strong>NOUS SOMMES \u00c0 VOS C\u00d4T\u00c9S POUR AMELIORER LE CONFORT DE VOTRE S\u00c9JOUR.<\/strong><\/p>\n\n\n\n<div style=\"height:40px\" aria-hidden=\"true\" class=\"wp-block-spacer\"><\/div>\n\n\n\n<p>Pour toute demande d&#8217;ouverture de service, merci de vous rendre \u00e0 <strong>l&#8217;accueil <\/strong>de votre \u00e9tablissement.<\/p>\n\n\n\n<div style=\"height:40px\" aria-hidden=\"true\" class=\"wp-block-spacer\"><\/div>\n\n\n\n<h4 class=\"wp-block-heading has-ast-global-color-5-color has-text-color has-background has-link-color wp-elements-68a9d7c87045057a540f2221707e3719\" style=\"background-color:#243466\">t\u00e9l\u00e9vision<\/h4>\n\n\n\n<p>Sur le site de la Croix Blanche service m\u00e9decine :  un t\u00e9l\u00e9viseur est \u00e0 disposition dans chaque chambre. Le tarif est de 2,50\u20ac par jour avec un acompte de 20\u20ac \u00e0 l&#8217;entr\u00e9e.<\/p>\n\n\n\n<p>Sur le site du Mont service SMR : un t\u00e9l\u00e9viseur est \u00e0 disposition dans chaque chambre. L&#8217;acc\u00e8s aux cha\u00eenes est gratuit.<\/p>\n\n\n\n<p>Pour les EHPAD et l&#8217;USLD, les r\u00e9sidents doivent emmener leur propre t\u00e9l\u00e9viseur.<\/p>\n\n\n\n<div style=\"height:40px\" aria-hidden=\"true\" class=\"wp-block-spacer\"><\/div>\n\n\n\n<h4 class=\"wp-block-heading has-ast-global-color-5-color has-text-color has-background has-link-color wp-elements-ded0f25350cb61a9076d5a7487bf5eb9\" style=\"background-color:#243466\">wifi pulic<\/h4>\n\n\n\n<p>L&#8217;h\u00f4pital dispose d&#8217;un acc\u00e8s wifi public gratuit (sauf EHPAD La Courtine et Saint Jean).<\/p>\n\n\n\n<p>Pour obtenir des codes d&#8217;acc\u00e8s, veuillez vous rendre \u00e0 l&#8217;accueil de l&#8217;\u00e9tablissement<\/p>\n\n\n\n<div style=\"height:40px\" aria-hidden=\"true\" class=\"wp-block-spacer\"><\/div>\n\n\n\n<h4 class=\"wp-block-heading has-ast-global-color-5-color has-text-color has-background has-link-color wp-elements-6836f714820dc202075b57cf3484ebe4\" style=\"background-color:#243466\">t\u00e9l\u00e9phone<\/h4>\n\n\n\n<p>L\u2019ouverture de la ligne est gratuite afin de joindre les patients directement dans leurs chambres sans passer par le standard.<\/p>\n\n\n\n<p>Si les patients souhaitent t\u00e9l\u00e9phoner :<\/p>\n\n\n\n<ul class=\"wp-block-list\">\n<li>ouverture d&#8217;appel : forfait de 5\u20ac<\/li>\n\n\n\n<li>forfait d&#8217;appel \u00e0 la minute (fixe et mobiles) : 0,30\u20ac<\/li>\n<\/ul>\n\n\n\n<div style=\"height:40px\" aria-hidden=\"true\" class=\"wp-block-spacer\"><\/div>\n\n\n\n<h4 class=\"wp-block-heading has-ast-global-color-5-color has-text-color has-background has-link-color wp-elements-9972efc420a89cbb619be18bae909a10\" style=\"background-color:#243466\">REPAS VISITEURS<\/h4>\n\n\n\n<p>Il est vivement conseill\u00e9 de pr\u00e9venir le service au minimum 48 heures \u00e0 l\u2019avance pour la pr\u00e9paration de votre repas.<\/p>\n\n\n\n<ul class=\"wp-block-list\">\n<li>Tarif visiteur \/ repas : 11\u20ac<\/li>\n<\/ul>\n\n\n\n<div style=\"height:40px\" aria-hidden=\"true\" class=\"wp-block-spacer\"><\/div>\n\n\n\n<h4 class=\"wp-block-heading has-ast-global-color-5-color has-text-color has-background has-link-color wp-elements-3bd6acf84f5945cb73c910ff579c0518\" style=\"background-color:#243466\">DISTRIBUTEURS<\/h4>\n\n\n\n<p>Des distributeurs \u00e0 friandises, boissons fraiches et chaudes sont \u00e0 votre disposition dans le hall du site le mont et du site de la croix blanche.<\/p>\n\n\n\n<div style=\"height:100px\" aria-hidden=\"true\" class=\"wp-block-spacer\"><\/div>\n","protected":false},"excerpt":{"rendered":"<p>nos services NOUS SOMMES \u00c0 VOS C\u00d4T\u00c9S POUR AMELIORER LE CONFORT DE VOTRE S\u00c9JOUR. Pour toute demande d&#8217;ouverture de service, [&hellip;]<\/p>\n","protected":false},"author":3,"featured_media":0,"parent":0,"menu_order":0,"comment_status":"closed","ping_status":"closed","template":"","meta":{"site-sidebar-layout":"default","site-content-layout":"","ast-site-content-layout":"","site-content-style":"default","site-sidebar-style":"default","ast-global-header-display":"","ast-banner-title-visibility":"","ast-main-header-display":"","ast-hfb-above-header-display":"","ast-hfb-below-header-display":"","ast-hfb-mobile-header-display":"","site-post-title":"disabled","ast-breadcrumbs-content":"","ast-featured-img":"","footer-sml-layout":"","theme-transparent-header-meta":"","adv-header-id-meta":"","stick-header-meta":"","header-above-stick-meta":"","header-main-stick-meta":"","header-below-stick-meta":"","astra-migrate-meta-layouts":"default","ast-page-background-enabled":"default","ast-page-background-meta":{"desktop":{"background-color":"var(--ast-global-color-4)","background-image":"","background-repeat":"repeat","background-position":"center center","background-size":"auto","background-attachment":"scroll","background-type":"","background-media":"","overlay-type":"","overlay-color":"","overlay-opacity":"","overlay-gradient":""},"tablet":{"background-color":"","background-image":"","background-repeat":"repeat","background-position":"center center","background-size":"auto","background-attachment":"scroll","background-type":"","background-media":"","overlay-type":"","overlay-color":"","overlay-opacity":"","overlay-gradient":""},"mobile":{"background-color":"","background-image":"","background-repeat":"repeat","background-position":"center center","background-size":"auto","background-attachment":"scroll","background-type":"","background-media":"","overlay-type":"","overlay-color":"","overlay-opacity":"","overlay-gradient":""}},"ast-content-background-meta":{"desktop":{"background-color":"var(--ast-global-color-5)","background-image":"","background-repeat":"repeat","background-position":"center center","background-size":"auto","background-attachment":"scroll","background-type":"","background-media":"","overlay-type":"","overlay-color":"","overlay-opacity":"","overlay-gradient":""},"tablet":{"background-color":"var(--ast-global-color-5)","background-image":"","background-repeat":"repeat","background-position":"center center","background-size":"auto","background-attachment":"scroll","background-type":"","background-media":"","overlay-type":"","overlay-color":"","overlay-opacity":"","overlay-gradient":""},"mobile":{"background-color":"var(--ast-global-color-5)","background-image":"","background-repeat":"repeat","background-position":"center center","background-size":"auto","background-attachment":"scroll","background-type":"","background-media":"","overlay-type":"","overlay-color":"","overlay-opacity":"","overlay-gradient":""}},"footnotes":""},"class_list":["post-4933","page","type-page","status-publish","hentry"],"yoast_head":"<!-- This site is optimized with the Yoast SEO plugin v25.5 - https:\/\/yoast.com\/wordpress\/plugins\/seo\/ -->\n<title>informations pratiques -<\/title>\n<meta name=\"robots\" content=\"index, follow, max-snippet:-1, max-image-preview:large, max-video-preview:-1\" \/>\n<link rel=\"canonical\" href=\"https:\/\/www.ch-aubusson.fr\/site\/informations-pratiques\/\" \/>\n<meta property=\"og:locale\" content=\"fr_FR\" \/>\n<meta property=\"og:type\" content=\"article\" \/>\n<meta property=\"og:title\" content=\"informations pratiques -\" \/>\n<meta property=\"og:description\" content=\"nos services NOUS SOMMES \u00c0 VOS C\u00d4T\u00c9S POUR AMELIORER LE CONFORT DE VOTRE S\u00c9JOUR. Pour toute demande d&#8217;ouverture de service, [&hellip;]\" \/>\n<meta property=\"og:url\" content=\"https:\/\/www.ch-aubusson.fr\/site\/informations-pratiques\/\" \/>\n<meta property=\"article:publisher\" content=\"https:\/\/www.facebook.com\/people\/Centre-Hospitalier-dAubusson\/100064042814456\/\" \/>\n<meta property=\"article:modified_time\" content=\"2024-04-18T09:51:59+00:00\" \/>\n<meta name=\"twitter:card\" content=\"summary_large_image\" \/>\n<meta name=\"twitter:label1\" content=\"Dur\u00e9e de lecture estim\u00e9e\" \/>\n\t<meta name=\"twitter:data1\" content=\"1 minute\" \/>\n<!-- \/ Yoast SEO plugin. -->","yoast_head_json":{"title":"informations pratiques -","robots":{"index":"index","follow":"follow","max-snippet":"max-snippet:-1","max-image-preview":"max-image-preview:large","max-video-preview":"max-video-preview:-1"},"canonical":"https:\/\/www.ch-aubusson.fr\/site\/informations-pratiques\/","og_locale":"fr_FR","og_type":"article","og_title":"informations pratiques -","og_description":"nos services NOUS SOMMES \u00c0 VOS C\u00d4T\u00c9S POUR AMELIORER LE CONFORT DE VOTRE S\u00c9JOUR. Pour toute demande d&#8217;ouverture de service, [&hellip;]","og_url":"https:\/\/www.ch-aubusson.fr\/site\/informations-pratiques\/","article_publisher":"https:\/\/www.facebook.com\/people\/Centre-Hospitalier-dAubusson\/100064042814456\/","article_modified_time":"2024-04-18T09:51:59+00:00","twitter_card":"summary_large_image","twitter_misc":{"Dur\u00e9e de lecture estim\u00e9e":"1 minute"},"schema":{"@context":"https:\/\/schema.org","@graph":[{"@type":"WebPage","@id":"https:\/\/www.ch-aubusson.fr\/site\/informations-pratiques\/","url":"https:\/\/www.ch-aubusson.fr\/site\/informations-pratiques\/","name":"informations pratiques -","isPartOf":{"@id":"https:\/\/www.ch-aubusson.fr\/site\/#website"},"datePublished":"2024-03-19T14:09:03+00:00","dateModified":"2024-04-18T09:51:59+00:00","breadcrumb":{"@id":"https:\/\/www.ch-aubusson.fr\/site\/informations-pratiques\/#breadcrumb"},"inLanguage":"fr-FR","potentialAction":[{"@type":"ReadAction","target":["https:\/\/www.ch-aubusson.fr\/site\/informations-pratiques\/"]}]},{"@type":"BreadcrumbList","@id":"https:\/\/www.ch-aubusson.fr\/site\/informations-pratiques\/#breadcrumb","itemListElement":[{"@type":"ListItem","position":1,"name":"Accueil","item":"https:\/\/www.ch-aubusson.fr\/site\/"},{"@type":"ListItem","position":2,"name":"informations pratiques"}]},{"@type":"WebSite","@id":"https:\/\/www.ch-aubusson.fr\/site\/#website","url":"https:\/\/www.ch-aubusson.fr\/site\/","name":"Centre Hospitalier d'Aubusson","description":"","publisher":{"@id":"https:\/\/www.ch-aubusson.fr\/site\/#organization"},"potentialAction":[{"@type":"SearchAction","target":{"@type":"EntryPoint","urlTemplate":"https:\/\/www.ch-aubusson.fr\/site\/?s={search_term_string}"},"query-input":{"@type":"PropertyValueSpecification","valueRequired":true,"valueName":"search_term_string"}}],"inLanguage":"fr-FR"},{"@type":"Organization","@id":"https:\/\/www.ch-aubusson.fr\/site\/#organization","name":"Centre Hospitalier d'Aubusson","url":"https:\/\/www.ch-aubusson.fr\/site\/","logo":{"@type":"ImageObject","inLanguage":"fr-FR","@id":"https:\/\/www.ch-aubusson.fr\/site\/#\/schema\/logo\/image\/","url":"https:\/\/www.ch-aubusson.fr\/site\/wp-content\/uploads\/2024\/01\/cropped-LogoCentreHospitalier_Vertical_3Tonos-2.png","contentUrl":"https:\/\/www.ch-aubusson.fr\/site\/wp-content\/uploads\/2024\/01\/cropped-LogoCentreHospitalier_Vertical_3Tonos-2.png","width":800,"height":654,"caption":"Centre Hospitalier d'Aubusson"},"image":{"@id":"https:\/\/www.ch-aubusson.fr\/site\/#\/schema\/logo\/image\/"},"sameAs":["https:\/\/www.facebook.com\/people\/Centre-Hospitalier-dAubusson\/100064042814456\/","https:\/\/www.linkedin.com\/company\/ch-aubusson"]}]}},"_links":{"self":[{"href":"https:\/\/www.ch-aubusson.fr\/site\/wp-json\/wp\/v2\/pages\/4933","targetHints":{"allow":["GET"]}}],"collection":[{"href":"https:\/\/www.ch-aubusson.fr\/site\/wp-json\/wp\/v2\/pages"}],"about":[{"href":"https:\/\/www.ch-aubusson.fr\/site\/wp-json\/wp\/v2\/types\/page"}],"author":[{"embeddable":true,"href":"https:\/\/www.ch-aubusson.fr\/site\/wp-json\/wp\/v2\/users\/3"}],"replies":[{"embeddable":true,"href":"https:\/\/www.ch-aubusson.fr\/site\/wp-json\/wp\/v2\/comments?post=4933"}],"version-history":[{"count":31,"href":"https:\/\/www.ch-aubusson.fr\/site\/wp-json\/wp\/v2\/pages\/4933\/revisions"}],"predecessor-version":[{"id":5187,"href":"https:\/\/www.ch-aubusson.fr\/site\/wp-json\/wp\/v2\/pages\/4933\/revisions\/5187"}],"wp:attachment":[{"href":"https:\/\/www.ch-aubusson.fr\/site\/wp-json\/wp\/v2\/media?parent=4933"}],"curies":[{"name":"wp","href":"https:\/\/api.w.org\/{rel}","templated":true}]}}