{"id":5756,"date":"2024-12-10T11:51:24","date_gmt":"2024-12-10T10:51:24","guid":{"rendered":"https:\/\/www.ch-aubusson.fr\/site\/?page_id=5756"},"modified":"2025-11-03T15:23:15","modified_gmt":"2025-11-03T14:23:15","slug":"rse","status":"publish","type":"page","link":"https:\/\/www.ch-aubusson.fr\/site\/rse\/","title":{"rendered":"RSE"},"content":{"rendered":"\n<div style=\"height:40px\" aria-hidden=\"true\" class=\"wp-block-spacer\"><\/div>\n\n\n\n<h2 class=\"wp-block-heading\">Responsabilit\u00e9 Sociale et Environnemental<\/h2>\n\n\n\n<h4 class=\"wp-block-heading presentation\">LE centre hospitalier s&#8217;engage dans le d\u00e9ploiement d&#8217;une politique d&#8217;\u00e9galit\u00e9 professionnelle <\/h4>\n\n\n\n<div style=\"height:40px\" aria-hidden=\"true\" class=\"wp-block-spacer\"><\/div>\n\n\n\n<div style=\"height:40px\" aria-hidden=\"true\" class=\"wp-block-spacer\"><\/div>\n\n\n\n<h1 class=\"wp-block-heading has-ast-global-color-5-color has-text-color has-background has-link-color wp-elements-2baea779c396919e9e743e01cc584a0a\" style=\"background-color:#243466\">L\u2019index de l\u2019\u00e9galit\u00e9 professionnelle<\/h1>\n\n\n\n<p>L\u2019index de l\u2019\u00e9galit\u00e9 professionnelle a pour objectif principal de mesurer les \u00e9carts salariaux qui existent entre les hommes et les femmes dans les entreprises d\u2019au moins 50 salari\u00e9s en transmettant un index r\u00e9f\u00e9rentiel commun.<\/p>\n\n\n\n<div style=\"height:40px\" aria-hidden=\"true\" class=\"wp-block-spacer\"><\/div>\n\n\n\n<figure class=\"wp-block-image aligncenter size-full is-resized\"><img loading=\"lazy\" decoding=\"async\" width=\"568\" height=\"803\" src=\"https:\/\/www.ch-aubusson.fr\/site\/wp-content\/uploads\/2025\/11\/Index_egalite.png\" alt=\"\" class=\"wp-image-6365\" style=\"width:738px;height:auto\" srcset=\"https:\/\/www.ch-aubusson.fr\/site\/wp-content\/uploads\/2025\/11\/Index_egalite.png 568w, https:\/\/www.ch-aubusson.fr\/site\/wp-content\/uploads\/2025\/11\/Index_egalite-212x300.png 212w\" sizes=\"auto, (max-width: 568px) 100vw, 568px\" \/><\/figure>\n\n\n\n<div style=\"height:100px\" aria-hidden=\"true\" class=\"wp-block-spacer\"><\/div>\n\n\n\n<p><\/p>\n","protected":false},"excerpt":{"rendered":"<p>Responsabilit\u00e9 Sociale et Environnemental LE centre hospitalier s&#8217;engage dans le d\u00e9ploiement d&#8217;une politique d&#8217;\u00e9galit\u00e9 professionnelle L\u2019index de l\u2019\u00e9galit\u00e9 professionnelle L\u2019index [&hellip;]<\/p>\n","protected":false},"author":3,"featured_media":0,"parent":0,"menu_order":0,"comment_status":"closed","ping_status":"closed","template":"","meta":{"site-sidebar-layout":"default","site-content-layout":"","ast-site-content-layout":"","site-content-style":"default","site-sidebar-style":"default","ast-global-header-display":"","ast-banner-title-visibility":"","ast-main-header-display":"","ast-hfb-above-header-display":"","ast-hfb-below-header-display":"","ast-hfb-mobile-header-display":"","site-post-title":"disabled","ast-breadcrumbs-content":"","ast-featured-img":"","footer-sml-layout":"","theme-transparent-header-meta":"","adv-header-id-meta":"","stick-header-meta":"","header-above-stick-meta":"","header-main-stick-meta":"","header-below-stick-meta":"","astra-migrate-meta-layouts":"default","ast-page-background-enabled":"default","ast-page-background-meta":{"desktop":{"background-color":"var(--ast-global-color-4)","background-image":"","background-repeat":"repeat","background-position":"center center","background-size":"auto","background-attachment":"scroll","background-type":"","background-media":"","overlay-type":"","overlay-color":"","overlay-opacity":"","overlay-gradient":""},"tablet":{"background-color":"","background-image":"","background-repeat":"repeat","background-position":"center center","background-size":"auto","background-attachment":"scroll","background-type":"","background-media":"","overlay-type":"","overlay-color":"","overlay-opacity":"","overlay-gradient":""},"mobile":{"background-color":"","background-image":"","background-repeat":"repeat","background-position":"center center","background-size":"auto","background-attachment":"scroll","background-type":"","background-media":"","overlay-type":"","overlay-color":"","overlay-opacity":"","overlay-gradient":""}},"ast-content-background-meta":{"desktop":{"background-color":"var(--ast-global-color-5)","background-image":"","background-repeat":"repeat","background-position":"center center","background-size":"auto","background-attachment":"scroll","background-type":"","background-media":"","overlay-type":"","overlay-color":"","overlay-opacity":"","overlay-gradient":""},"tablet":{"background-color":"var(--ast-global-color-5)","background-image":"","background-repeat":"repeat","background-position":"center center","background-size":"auto","background-attachment":"scroll","background-type":"","background-media":"","overlay-type":"","overlay-color":"","overlay-opacity":"","overlay-gradient":""},"mobile":{"background-color":"var(--ast-global-color-5)","background-image":"","background-repeat":"repeat","background-position":"center center","background-size":"auto","background-attachment":"scroll","background-type":"","background-media":"","overlay-type":"","overlay-color":"","overlay-opacity":"","overlay-gradient":""}},"footnotes":""},"class_list":["post-5756","page","type-page","status-publish","hentry"],"yoast_head":"<!-- This site is optimized with the Yoast SEO plugin v25.5 - https:\/\/yoast.com\/wordpress\/plugins\/seo\/ -->\n<title>RSE -<\/title>\n<meta name=\"robots\" content=\"index, follow, max-snippet:-1, max-image-preview:large, max-video-preview:-1\" \/>\n<link rel=\"canonical\" href=\"https:\/\/www.ch-aubusson.fr\/site\/rse\/\" \/>\n<meta property=\"og:locale\" content=\"fr_FR\" \/>\n<meta property=\"og:type\" content=\"article\" \/>\n<meta property=\"og:title\" content=\"RSE -\" \/>\n<meta property=\"og:description\" content=\"Responsabilit\u00e9 Sociale et Environnemental LE centre hospitalier s&#8217;engage dans le d\u00e9ploiement d&#8217;une politique d&#8217;\u00e9galit\u00e9 professionnelle L\u2019index de l\u2019\u00e9galit\u00e9 professionnelle L\u2019index [&hellip;]\" \/>\n<meta property=\"og:url\" content=\"https:\/\/www.ch-aubusson.fr\/site\/rse\/\" \/>\n<meta property=\"article:publisher\" content=\"https:\/\/www.facebook.com\/people\/Centre-Hospitalier-dAubusson\/100064042814456\/\" \/>\n<meta property=\"article:modified_time\" content=\"2025-11-03T14:23:15+00:00\" \/>\n<meta property=\"og:image\" content=\"https:\/\/www.ch-aubusson.fr\/site\/wp-content\/uploads\/2025\/11\/Index_egalite.png\" \/>\n\t<meta property=\"og:image:width\" content=\"568\" \/>\n\t<meta property=\"og:image:height\" content=\"803\" \/>\n\t<meta property=\"og:image:type\" content=\"image\/png\" \/>\n<meta name=\"twitter:card\" content=\"summary_large_image\" \/>\n<meta name=\"twitter:label1\" content=\"Dur\u00e9e de lecture estim\u00e9e\" \/>\n\t<meta name=\"twitter:data1\" content=\"1 minute\" \/>\n<!-- \/ Yoast SEO plugin. -->","yoast_head_json":{"title":"RSE -","robots":{"index":"index","follow":"follow","max-snippet":"max-snippet:-1","max-image-preview":"max-image-preview:large","max-video-preview":"max-video-preview:-1"},"canonical":"https:\/\/www.ch-aubusson.fr\/site\/rse\/","og_locale":"fr_FR","og_type":"article","og_title":"RSE -","og_description":"Responsabilit\u00e9 Sociale et Environnemental LE centre hospitalier s&#8217;engage dans le d\u00e9ploiement d&#8217;une politique d&#8217;\u00e9galit\u00e9 professionnelle L\u2019index de l\u2019\u00e9galit\u00e9 professionnelle L\u2019index [&hellip;]","og_url":"https:\/\/www.ch-aubusson.fr\/site\/rse\/","article_publisher":"https:\/\/www.facebook.com\/people\/Centre-Hospitalier-dAubusson\/100064042814456\/","article_modified_time":"2025-11-03T14:23:15+00:00","og_image":[{"width":568,"height":803,"url":"https:\/\/www.ch-aubusson.fr\/site\/wp-content\/uploads\/2025\/11\/Index_egalite.png","type":"image\/png"}],"twitter_card":"summary_large_image","twitter_misc":{"Dur\u00e9e de lecture estim\u00e9e":"1 minute"},"schema":{"@context":"https:\/\/schema.org","@graph":[{"@type":"WebPage","@id":"https:\/\/www.ch-aubusson.fr\/site\/rse\/","url":"https:\/\/www.ch-aubusson.fr\/site\/rse\/","name":"RSE -","isPartOf":{"@id":"https:\/\/www.ch-aubusson.fr\/site\/#website"},"primaryImageOfPage":{"@id":"https:\/\/www.ch-aubusson.fr\/site\/rse\/#primaryimage"},"image":{"@id":"https:\/\/www.ch-aubusson.fr\/site\/rse\/#primaryimage"},"thumbnailUrl":"https:\/\/www.ch-aubusson.fr\/site\/wp-content\/uploads\/2025\/11\/Index_egalite.png","datePublished":"2024-12-10T10:51:24+00:00","dateModified":"2025-11-03T14:23:15+00:00","breadcrumb":{"@id":"https:\/\/www.ch-aubusson.fr\/site\/rse\/#breadcrumb"},"inLanguage":"fr-FR","potentialAction":[{"@type":"ReadAction","target":["https:\/\/www.ch-aubusson.fr\/site\/rse\/"]}]},{"@type":"ImageObject","inLanguage":"fr-FR","@id":"https:\/\/www.ch-aubusson.fr\/site\/rse\/#primaryimage","url":"https:\/\/www.ch-aubusson.fr\/site\/wp-content\/uploads\/2025\/11\/Index_egalite.png","contentUrl":"https:\/\/www.ch-aubusson.fr\/site\/wp-content\/uploads\/2025\/11\/Index_egalite.png","width":568,"height":803},{"@type":"BreadcrumbList","@id":"https:\/\/www.ch-aubusson.fr\/site\/rse\/#breadcrumb","itemListElement":[{"@type":"ListItem","position":1,"name":"Accueil","item":"https:\/\/www.ch-aubusson.fr\/site\/"},{"@type":"ListItem","position":2,"name":"RSE"}]},{"@type":"WebSite","@id":"https:\/\/www.ch-aubusson.fr\/site\/#website","url":"https:\/\/www.ch-aubusson.fr\/site\/","name":"Centre Hospitalier d'Aubusson","description":"","publisher":{"@id":"https:\/\/www.ch-aubusson.fr\/site\/#organization"},"potentialAction":[{"@type":"SearchAction","target":{"@type":"EntryPoint","urlTemplate":"https:\/\/www.ch-aubusson.fr\/site\/?s={search_term_string}"},"query-input":{"@type":"PropertyValueSpecification","valueRequired":true,"valueName":"search_term_string"}}],"inLanguage":"fr-FR"},{"@type":"Organization","@id":"https:\/\/www.ch-aubusson.fr\/site\/#organization","name":"Centre Hospitalier d'Aubusson","url":"https:\/\/www.ch-aubusson.fr\/site\/","logo":{"@type":"ImageObject","inLanguage":"fr-FR","@id":"https:\/\/www.ch-aubusson.fr\/site\/#\/schema\/logo\/image\/","url":"https:\/\/www.ch-aubusson.fr\/site\/wp-content\/uploads\/2024\/01\/cropped-LogoCentreHospitalier_Vertical_3Tonos-2.png","contentUrl":"https:\/\/www.ch-aubusson.fr\/site\/wp-content\/uploads\/2024\/01\/cropped-LogoCentreHospitalier_Vertical_3Tonos-2.png","width":800,"height":654,"caption":"Centre Hospitalier d'Aubusson"},"image":{"@id":"https:\/\/www.ch-aubusson.fr\/site\/#\/schema\/logo\/image\/"},"sameAs":["https:\/\/www.facebook.com\/people\/Centre-Hospitalier-dAubusson\/100064042814456\/","https:\/\/www.linkedin.com\/company\/ch-aubusson"]}]}},"_links":{"self":[{"href":"https:\/\/www.ch-aubusson.fr\/site\/wp-json\/wp\/v2\/pages\/5756","targetHints":{"allow":["GET"]}}],"collection":[{"href":"https:\/\/www.ch-aubusson.fr\/site\/wp-json\/wp\/v2\/pages"}],"about":[{"href":"https:\/\/www.ch-aubusson.fr\/site\/wp-json\/wp\/v2\/types\/page"}],"author":[{"embeddable":true,"href":"https:\/\/www.ch-aubusson.fr\/site\/wp-json\/wp\/v2\/users\/3"}],"replies":[{"embeddable":true,"href":"https:\/\/www.ch-aubusson.fr\/site\/wp-json\/wp\/v2\/comments?post=5756"}],"version-history":[{"count":7,"href":"https:\/\/www.ch-aubusson.fr\/site\/wp-json\/wp\/v2\/pages\/5756\/revisions"}],"predecessor-version":[{"id":6366,"href":"https:\/\/www.ch-aubusson.fr\/site\/wp-json\/wp\/v2\/pages\/5756\/revisions\/6366"}],"wp:attachment":[{"href":"https:\/\/www.ch-aubusson.fr\/site\/wp-json\/wp\/v2\/media?parent=5756"}],"curies":[{"name":"wp","href":"https:\/\/api.w.org\/{rel}","templated":true}]}}