{"id":6138,"date":"2025-06-20T15:40:26","date_gmt":"2025-06-20T13:40:26","guid":{"rendered":"https:\/\/www.ch-aubusson.fr\/site\/?page_id=6138"},"modified":"2025-07-17T11:53:14","modified_gmt":"2025-07-17T09:53:14","slug":"espace-patient-2","status":"publish","type":"page","link":"https:\/\/www.ch-aubusson.fr\/site\/espace-patient-2\/","title":{"rendered":"CDU"},"content":{"rendered":"\n<div style=\"height:45px\" aria-hidden=\"true\" id=\"dmp\" class=\"wp-block-spacer\"><\/div>\n\n\n\n<h2 class=\"wp-block-heading\">Commission et repr\u00e9sentants des usagers<\/h2>\n\n\n\n<h4 class=\"wp-block-heading presentation\">COMMISSION DES USAGERS<\/h4>\n\n\n\n<p>La Commission des Usagers (CDU) a pour mission de veiller \u00e0 ce que vos droits soient respect\u00e9s et de vous aider dans vos d\u00e9marches.<\/p>\n\n\n\n<p>Elle peut \u00eatre amen\u00e9e \u00e0 examiner votre plainte ou r\u00e9clamation en s\u00e9ance pl\u00e9ni\u00e8re. De plus, elle peut formuler des recommandations aux responsables de l\u2019\u00e9tablissement afin d\u2019am\u00e9liorer l\u2019accueil et la prise en charge des personnes hospitalis\u00e9es et de leurs proches. Pour \u00e9tablir ces recommandations, la Commission des Usagers (CDU) s\u2019appuie, en particulier, sur toutes vos plaintes, r\u00e9clamations, \u00e9loges, remarques ou propositions.<\/p>\n\n\n\n<p>N\u2019h\u00e9sitez pas \u00e0 contacter la commission des relations avec les usagers et de la qualit\u00e9 de la prise en charge en contactant le service des relations avec les usagers&nbsp;&nbsp;:<\/p>\n\n\n\n<p><a href=\"mailto:relations.usagers@ch-aubusson.fr\">relations.usagers@ch-aubusson.fr<\/a><\/p>\n\n\n\n<p>Commission des usagers<br>50, rue Henri Dunant &#8211; 23200 AUBUSSON<\/p>\n\n\n\n<div style=\"height:40px\" aria-hidden=\"true\" class=\"wp-block-spacer\"><\/div>\n\n\n\n<p>A quoi sert la Commission des Usagers- CDU : <a href=\"https:\/\/www.service-public.fr\/particuliers\/vosdroits\/F10256\" target=\"_blank\" rel=\"noreferrer noopener\">https:\/\/www.service-public.fr\/particuliers\/vosdroits\/F10256<\/a><\/p>\n\n\n\n<div style=\"height:40px\" aria-hidden=\"true\" class=\"wp-block-spacer\"><\/div>\n\n\n\n<h4 class=\"wp-block-heading presentation\">repr\u00e9sentants DES USAGERS<\/h4>\n\n\n\n<p>Les repr\u00e9sentants des usagers sont les porteurs de la parole des usagers. Leurs missions principales sont de garantir le respect et la promotion des droits des patients et usagers du syst\u00e8me de sant\u00e9, et de contribuer \u00e0 l\u2019am\u00e9lioration du syst\u00e8me de sant\u00e9.<\/p>\n\n\n\n<div style=\"height:20px\" aria-hidden=\"true\" class=\"wp-block-spacer\"><\/div>\n\n\n\n<div data-wp-interactive=\"core\/file\" class=\"wp-block-file\"><object data-wp-bind--hidden=\"!state.hasPdfPreview\" hidden class=\"wp-block-file__embed\" data=\"https:\/\/www.ch-aubusson.fr\/site\/wp-content\/uploads\/2025\/07\/04-AFC-005-Affiche-CDU-et-RU.pdf\" type=\"application\/pdf\" style=\"width:100%;height:600px\" aria-label=\"Contenu embarqu\u00e9 04-AFC-005 Affiche CDU et RU.\"><\/object><a id=\"wp-block-file--media-96ae6fed-8377-463b-a37b-7c2d433ee2b0\" href=\"https:\/\/www.ch-aubusson.fr\/site\/wp-content\/uploads\/2025\/07\/04-AFC-005-Affiche-CDU-et-RU.pdf\">04-AFC-005 Affiche CDU et RU<\/a><a href=\"https:\/\/www.ch-aubusson.fr\/site\/wp-content\/uploads\/2025\/07\/04-AFC-005-Affiche-CDU-et-RU.pdf\" class=\"wp-block-file__button wp-element-button\" download aria-describedby=\"wp-block-file--media-96ae6fed-8377-463b-a37b-7c2d433ee2b0\">T\u00e9l\u00e9charger<\/a><\/div>\n\n\n\n<div style=\"height:100px\" aria-hidden=\"true\" class=\"wp-block-spacer\"><\/div>\n\n\n\n<p><\/p>\n","protected":false},"excerpt":{"rendered":"<p>Commission et repr\u00e9sentants des usagers COMMISSION DES USAGERS La Commission des Usagers (CDU) a pour mission de veiller \u00e0 ce [&hellip;]<\/p>\n","protected":false},"author":3,"featured_media":0,"parent":0,"menu_order":0,"comment_status":"closed","ping_status":"closed","template":"","meta":{"site-sidebar-layout":"default","site-content-layout":"","ast-site-content-layout":"","site-content-style":"default","site-sidebar-style":"default","ast-global-header-display":"","ast-banner-title-visibility":"","ast-main-header-display":"","ast-hfb-above-header-display":"","ast-hfb-below-header-display":"","ast-hfb-mobile-header-display":"","site-post-title":"disabled","ast-breadcrumbs-content":"","ast-featured-img":"","footer-sml-layout":"","theme-transparent-header-meta":"","adv-header-id-meta":"","stick-header-meta":"","header-above-stick-meta":"","header-main-stick-meta":"","header-below-stick-meta":"","astra-migrate-meta-layouts":"default","ast-page-background-enabled":"default","ast-page-background-meta":{"desktop":{"background-color":"var(--ast-global-color-4)","background-image":"","background-repeat":"repeat","background-position":"center center","background-size":"auto","background-attachment":"scroll","background-type":"","background-media":"","overlay-type":"","overlay-color":"","overlay-opacity":"","overlay-gradient":""},"tablet":{"background-color":"","background-image":"","background-repeat":"repeat","background-position":"center center","background-size":"auto","background-attachment":"scroll","background-type":"","background-media":"","overlay-type":"","overlay-color":"","overlay-opacity":"","overlay-gradient":""},"mobile":{"background-color":"","background-image":"","background-repeat":"repeat","background-position":"center center","background-size":"auto","background-attachment":"scroll","background-type":"","background-media":"","overlay-type":"","overlay-color":"","overlay-opacity":"","overlay-gradient":""}},"ast-content-background-meta":{"desktop":{"background-color":"var(--ast-global-color-5)","background-image":"","background-repeat":"repeat","background-position":"center center","background-size":"auto","background-attachment":"scroll","background-type":"","background-media":"","overlay-type":"","overlay-color":"","overlay-opacity":"","overlay-gradient":""},"tablet":{"background-color":"var(--ast-global-color-5)","background-image":"","background-repeat":"repeat","background-position":"center center","background-size":"auto","background-attachment":"scroll","background-type":"","background-media":"","overlay-type":"","overlay-color":"","overlay-opacity":"","overlay-gradient":""},"mobile":{"background-color":"var(--ast-global-color-5)","background-image":"","background-repeat":"repeat","background-position":"center center","background-size":"auto","background-attachment":"scroll","background-type":"","background-media":"","overlay-type":"","overlay-color":"","overlay-opacity":"","overlay-gradient":""}},"footnotes":""},"class_list":["post-6138","page","type-page","status-publish","hentry"],"yoast_head":"<!-- This site is optimized with the Yoast SEO plugin v25.5 - https:\/\/yoast.com\/wordpress\/plugins\/seo\/ -->\n<title>CDU -<\/title>\n<meta name=\"robots\" content=\"index, follow, max-snippet:-1, max-image-preview:large, max-video-preview:-1\" \/>\n<link rel=\"canonical\" href=\"https:\/\/www.ch-aubusson.fr\/site\/espace-patient-2\/\" \/>\n<meta property=\"og:locale\" content=\"fr_FR\" \/>\n<meta property=\"og:type\" content=\"article\" \/>\n<meta property=\"og:title\" content=\"CDU -\" \/>\n<meta property=\"og:description\" content=\"Commission et repr\u00e9sentants des usagers COMMISSION DES USAGERS La Commission des Usagers (CDU) a pour mission de veiller \u00e0 ce [&hellip;]\" \/>\n<meta property=\"og:url\" content=\"https:\/\/www.ch-aubusson.fr\/site\/espace-patient-2\/\" \/>\n<meta property=\"article:publisher\" content=\"https:\/\/www.facebook.com\/people\/Centre-Hospitalier-dAubusson\/100064042814456\/\" \/>\n<meta property=\"article:modified_time\" content=\"2025-07-17T09:53:14+00:00\" \/>\n<meta name=\"twitter:card\" content=\"summary_large_image\" \/>\n<meta name=\"twitter:label1\" content=\"Dur\u00e9e de lecture estim\u00e9e\" \/>\n\t<meta name=\"twitter:data1\" content=\"1 minute\" \/>\n<!-- \/ Yoast SEO plugin. -->","yoast_head_json":{"title":"CDU -","robots":{"index":"index","follow":"follow","max-snippet":"max-snippet:-1","max-image-preview":"max-image-preview:large","max-video-preview":"max-video-preview:-1"},"canonical":"https:\/\/www.ch-aubusson.fr\/site\/espace-patient-2\/","og_locale":"fr_FR","og_type":"article","og_title":"CDU -","og_description":"Commission et repr\u00e9sentants des usagers COMMISSION DES USAGERS La Commission des Usagers (CDU) a pour mission de veiller \u00e0 ce [&hellip;]","og_url":"https:\/\/www.ch-aubusson.fr\/site\/espace-patient-2\/","article_publisher":"https:\/\/www.facebook.com\/people\/Centre-Hospitalier-dAubusson\/100064042814456\/","article_modified_time":"2025-07-17T09:53:14+00:00","twitter_card":"summary_large_image","twitter_misc":{"Dur\u00e9e de lecture estim\u00e9e":"1 minute"},"schema":{"@context":"https:\/\/schema.org","@graph":[{"@type":"WebPage","@id":"https:\/\/www.ch-aubusson.fr\/site\/espace-patient-2\/","url":"https:\/\/www.ch-aubusson.fr\/site\/espace-patient-2\/","name":"CDU -","isPartOf":{"@id":"https:\/\/www.ch-aubusson.fr\/site\/#website"},"datePublished":"2025-06-20T13:40:26+00:00","dateModified":"2025-07-17T09:53:14+00:00","breadcrumb":{"@id":"https:\/\/www.ch-aubusson.fr\/site\/espace-patient-2\/#breadcrumb"},"inLanguage":"fr-FR","potentialAction":[{"@type":"ReadAction","target":["https:\/\/www.ch-aubusson.fr\/site\/espace-patient-2\/"]}]},{"@type":"BreadcrumbList","@id":"https:\/\/www.ch-aubusson.fr\/site\/espace-patient-2\/#breadcrumb","itemListElement":[{"@type":"ListItem","position":1,"name":"Accueil","item":"https:\/\/www.ch-aubusson.fr\/site\/"},{"@type":"ListItem","position":2,"name":"CDU"}]},{"@type":"WebSite","@id":"https:\/\/www.ch-aubusson.fr\/site\/#website","url":"https:\/\/www.ch-aubusson.fr\/site\/","name":"Centre Hospitalier d'Aubusson","description":"","publisher":{"@id":"https:\/\/www.ch-aubusson.fr\/site\/#organization"},"potentialAction":[{"@type":"SearchAction","target":{"@type":"EntryPoint","urlTemplate":"https:\/\/www.ch-aubusson.fr\/site\/?s={search_term_string}"},"query-input":{"@type":"PropertyValueSpecification","valueRequired":true,"valueName":"search_term_string"}}],"inLanguage":"fr-FR"},{"@type":"Organization","@id":"https:\/\/www.ch-aubusson.fr\/site\/#organization","name":"Centre Hospitalier d'Aubusson","url":"https:\/\/www.ch-aubusson.fr\/site\/","logo":{"@type":"ImageObject","inLanguage":"fr-FR","@id":"https:\/\/www.ch-aubusson.fr\/site\/#\/schema\/logo\/image\/","url":"https:\/\/www.ch-aubusson.fr\/site\/wp-content\/uploads\/2024\/01\/cropped-LogoCentreHospitalier_Vertical_3Tonos-2.png","contentUrl":"https:\/\/www.ch-aubusson.fr\/site\/wp-content\/uploads\/2024\/01\/cropped-LogoCentreHospitalier_Vertical_3Tonos-2.png","width":800,"height":654,"caption":"Centre Hospitalier d'Aubusson"},"image":{"@id":"https:\/\/www.ch-aubusson.fr\/site\/#\/schema\/logo\/image\/"},"sameAs":["https:\/\/www.facebook.com\/people\/Centre-Hospitalier-dAubusson\/100064042814456\/","https:\/\/www.linkedin.com\/company\/ch-aubusson"]}]}},"_links":{"self":[{"href":"https:\/\/www.ch-aubusson.fr\/site\/wp-json\/wp\/v2\/pages\/6138","targetHints":{"allow":["GET"]}}],"collection":[{"href":"https:\/\/www.ch-aubusson.fr\/site\/wp-json\/wp\/v2\/pages"}],"about":[{"href":"https:\/\/www.ch-aubusson.fr\/site\/wp-json\/wp\/v2\/types\/page"}],"author":[{"embeddable":true,"href":"https:\/\/www.ch-aubusson.fr\/site\/wp-json\/wp\/v2\/users\/3"}],"replies":[{"embeddable":true,"href":"https:\/\/www.ch-aubusson.fr\/site\/wp-json\/wp\/v2\/comments?post=6138"}],"version-history":[{"count":11,"href":"https:\/\/www.ch-aubusson.fr\/site\/wp-json\/wp\/v2\/pages\/6138\/revisions"}],"predecessor-version":[{"id":6249,"href":"https:\/\/www.ch-aubusson.fr\/site\/wp-json\/wp\/v2\/pages\/6138\/revisions\/6249"}],"wp:attachment":[{"href":"https:\/\/www.ch-aubusson.fr\/site\/wp-json\/wp\/v2\/media?parent=6138"}],"curies":[{"name":"wp","href":"https:\/\/api.w.org\/{rel}","templated":true}]}}