{"id":6151,"date":"2025-06-20T16:22:57","date_gmt":"2025-06-20T14:22:57","guid":{"rendered":"https:\/\/www.ch-aubusson.fr\/site\/?page_id=6151"},"modified":"2025-11-17T13:48:24","modified_gmt":"2025-11-17T12:48:24","slug":"accessibilite-aux-psh","status":"publish","type":"page","link":"https:\/\/www.ch-aubusson.fr\/site\/accessibilite-aux-psh\/","title":{"rendered":"handicap"},"content":{"rendered":"\n<div style=\"height:45px\" aria-hidden=\"true\" id=\"dmp\" class=\"wp-block-spacer\"><\/div>\n\n\n\n<h2 class=\"wp-block-heading\" style=\"font-size:32px\">Accessibilit\u00e9 aux Personnes en Situation de Handicap<img loading=\"lazy\" decoding=\"async\" width=\"300\" height=\"187\" class=\"wp-image-6400\" style=\"width: 300px;\" src=\"https:\/\/www.ch-aubusson.fr\/site\/wp-content\/uploads\/2025\/11\/accesibilite.png\" alt=\"\"><\/h2>\n\n\n\n<h4 class=\"wp-block-heading presentation\">Des am\u00e9nagements au service de votre autonomie<\/h4>\n\n\n\n<p>L\u2019ensemble de nos sites b\u00e9n\u00e9ficient d\u2019un acc\u00e8s adapt\u00e9 avec un ou plusieurs espaces de stationnement PMR ainsi que d\u2019une rampe d\u2019acc\u00e8s.<\/p>\n\n\n\n<p>L\u2019ensemble des locaux et de la signal\u00e9tique du Centre Hospitalier sont adapt\u00e9s au plus grand nombre. L\u2019utilisation de pictogramme vous permettra un d\u00e9placement fluide lors de votre venue. Le CH est engag\u00e9 dans une d\u00e9marche d\u2019obtention du label S3A.<\/p>\n\n\n\n<div style=\"height:20px\" aria-hidden=\"true\" class=\"wp-block-spacer\"><\/div>\n\n\n\n<figure class=\"wp-block-image aligncenter size-full is-resized\"><img loading=\"lazy\" decoding=\"async\" width=\"333\" height=\"325\" src=\"https:\/\/www.ch-aubusson.fr\/site\/wp-content\/uploads\/2025\/11\/handi.jpg\" alt=\"\" class=\"wp-image-6392\" style=\"width:138px;height:auto\" srcset=\"https:\/\/www.ch-aubusson.fr\/site\/wp-content\/uploads\/2025\/11\/handi.jpg 333w, https:\/\/www.ch-aubusson.fr\/site\/wp-content\/uploads\/2025\/11\/handi-300x293.jpg 300w\" sizes=\"auto, (max-width: 333px) 100vw, 333px\" \/><\/figure>\n\n\n\n<div style=\"height:40px\" aria-hidden=\"true\" class=\"wp-block-spacer\"><\/div>\n\n\n\n<h4 class=\"wp-block-heading presentation\">Contact \/ accueil&nbsp;<\/h4>\n\n\n\n<p>En amont de votre venue, en cas de besoin d\u2019information compl\u00e9mentaires, vous pouvez adresser un mail aux r\u00e9f\u00e9rents handicap du centre hospitalier \u00e0 l\u2019adresse suivante&nbsp;:&nbsp;<a href=\"mailto:referent.handicap@ch-aubusson.fr\">referent.handicap@ch-aubusson.fr<\/a>, ou par t\u00e9l\u00e9phone&nbsp;: 05.55.83.50.50 (site Le Mont) ou 05.55.83.60.00 (Site Croix Blanche).<\/p>\n\n\n\n<p>\u00c0 votre arriv\u00e9e sur site, le personnel d\u2019accueil et secr\u00e9taires m\u00e9dicaux sont form\u00e9s \u00e0 la prise en charge sp\u00e9cifiques des personnes en situation de handicap. Des outils de communication ou le recours \u00e0 une personne r\u00e9f\u00e9rente pourront \u00eatre d\u00e9ploy\u00e9s pour faciliter votre prise en charge.<\/p>\n\n\n\n<div style=\"height:40px\" aria-hidden=\"true\" class=\"wp-block-spacer\"><\/div>\n\n\n\n<h4 class=\"wp-block-heading presentation\">Examens standardis\u00e9s<\/h4>\n\n\n\n<p>Lors d\u2019un premier contact par t\u00e9l\u00e9phone ou par mail, vous avez la possibilit\u00e9 de r\u00e9cup\u00e9rer un \u00ab&nbsp;passeport sant\u00e9&nbsp;\u00bb qui devra nous \u00eatre retourn\u00e9 au mieux une semaine avant la date de RDV fix\u00e9 ou le plus t\u00f4t possible afin de pr\u00e9parer en amont une prise en charge efficiente pour vous.<\/p>\n\n\n\n<p>Durant cet entretien et\/ou suite \u00e0 la r\u00e9cup\u00e9ration du \u00ab&nbsp;passeport sant\u00e9&nbsp;\u00bb, le temps r\u00e9serv\u00e9 \u00e0 votre consultation ou examen sera adapt\u00e9 \u00e0 votre situation selon vos besoins.<\/p>\n\n\n\n<p>De plus vous avez la possibilit\u00e9 de r\u00e9aliser une consultation blanche ainsi qu\u2019une visite des locaux en amont de votre rendez-vous pour vous aider \u00e0 appr\u00e9hender au mieux cet examen futur.<\/p>\n\n\n\n<p>Sur les sites du centre hospitalier, des protocoles d\u2019accueil et de prises en soins des personnes en situations de handicap sont r\u00e9alis\u00e9s par les r\u00e9f\u00e9rents handicap et mis en action afin de vous accueillir dans les meilleures conditions et optimiser votre prise en charge en fonction des d\u00e9ficiences de chacun.<\/p>\n\n\n\n<p>\u00c0 l\u2019heure actuelle des partenariats ont \u00e9t\u00e9 sign\u00e9s entre le centre hospitalier et plusieurs associations et \u00e9tablissements accueillant des personnes en situation de handicap (ADAPEI 23, APAJH de la creuse, l\u2019ALEFPA &#8211; IME de Felletin, Communaut\u00e9 360) afin d&#8217;optimiser les prises en charge de chaque usager quel que soit ses horizons.<\/p>\n\n\n\n<div style=\"height:30px\" aria-hidden=\"true\" class=\"wp-block-spacer\"><\/div>\n\n\n\n<figure class=\"wp-block-image aligncenter size-large\"><img loading=\"lazy\" decoding=\"async\" width=\"1024\" height=\"158\" src=\"https:\/\/www.ch-aubusson.fr\/site\/wp-content\/uploads\/2025\/11\/correspondant-1024x158.png\" alt=\"\" class=\"wp-image-6397\" srcset=\"https:\/\/www.ch-aubusson.fr\/site\/wp-content\/uploads\/2025\/11\/correspondant-1024x158.png 1024w, https:\/\/www.ch-aubusson.fr\/site\/wp-content\/uploads\/2025\/11\/correspondant-300x46.png 300w, https:\/\/www.ch-aubusson.fr\/site\/wp-content\/uploads\/2025\/11\/correspondant-768x119.png 768w, https:\/\/www.ch-aubusson.fr\/site\/wp-content\/uploads\/2025\/11\/correspondant.png 1471w\" sizes=\"auto, (max-width: 1024px) 100vw, 1024px\" \/><\/figure>\n\n\n\n<p><a href=\"https:\/\/www.handifaction.fr\/\">Le barom\u00e8tre de l\u2019acc\u00e8s aux soins des personnes en situation de handicap : handifaction<\/a><\/p>\n\n\n\n<div style=\"height:30px\" aria-hidden=\"true\" class=\"wp-block-spacer\"><\/div>\n\n\n\n<p><strong>Mon passeport sant\u00e9<\/strong><\/p>\n\n\n\n<div data-wp-interactive=\"core\/file\" class=\"wp-block-file\"><object data-wp-bind--hidden=\"!state.hasPdfPreview\" hidden class=\"wp-block-file__embed\" data=\"https:\/\/www.ch-aubusson.fr\/site\/wp-content\/uploads\/2025\/11\/24-IMP-509-Passeport-Sante.pdf\" type=\"application\/pdf\" style=\"width:100%;height:600px\" aria-label=\"Contenu embarqu\u00e9 24-IMP-509 Passeport Sant\u00e9.\"><\/object><a id=\"wp-block-file--media-cf4aaba5-30bd-43b5-b5e1-0a0d5526ab6d\" href=\"https:\/\/www.ch-aubusson.fr\/site\/wp-content\/uploads\/2025\/11\/24-IMP-509-Passeport-Sante.pdf\">24-IMP-509 Passeport Sant\u00e9<\/a><a href=\"https:\/\/www.ch-aubusson.fr\/site\/wp-content\/uploads\/2025\/11\/24-IMP-509-Passeport-Sante.pdf\" class=\"wp-block-file__button wp-element-button\" download aria-describedby=\"wp-block-file--media-cf4aaba5-30bd-43b5-b5e1-0a0d5526ab6d\">T\u00e9l\u00e9charger<\/a><\/div>\n\n\n\n<p><strong>Sant\u00e9 BD : Faciliter l&#8217;acc\u00e8s \u00e0 la sant\u00e9 pour tous<\/strong><\/p>\n\n\n\n<p><a href=\"https:\/\/santebd.org\/?s=&amp;mav=bd\" target=\"_blank\" rel=\"noreferrer noopener\">https:\/\/santebd.org\/?s=&amp;mav=bd<\/a><\/p>\n\n\n\n<div style=\"height:40px\" aria-hidden=\"true\" class=\"wp-block-spacer\"><\/div>\n\n\n\n<h4 class=\"wp-block-heading presentation\">Politique de recrutement&nbsp;<\/h4>\n\n\n\n<p>En cours de r\u00e9daction<\/p>\n\n\n\n<div style=\"height:40px\" aria-hidden=\"true\" class=\"wp-block-spacer\"><\/div>\n\n\n\n<h4 class=\"wp-block-heading presentation\">Groupe des r\u00e9f\u00e9rents&nbsp;handicap&nbsp;<\/h4>\n\n\n\n<p>Le Centre Hospitalier a identifi\u00e9 un groupe de \u00ab&nbsp;r\u00e9f\u00e9rents handicap&nbsp;\u00bb en charge de la mise en \u0153uvre concr\u00e8te de sa politique.<\/p>\n\n\n\n<p>Ce groupe dispose d\u2019un panel de ressources offert par la diversit\u00e9 des comp\u00e9tences individuelles qui se veulent compl\u00e9mentaires (agent d\u2019accueil, directeur des ressources humaines, animateur de sant\u00e9 publique, infirmier, agent technique, secr\u00e9taire m\u00e9dical, cadre de sant\u00e9, responsable qualit\u00e9 \u2013 gestion des risques). <\/p>\n\n\n\n<p>Les quatre sites du centre hospitalier b\u00e9n\u00e9ficient de la pr\u00e9sence d\u2019un ou plusieurs r\u00e9f\u00e9rent(s) d\u00e9di\u00e9(s). <\/p>\n\n\n\n<p>L\u2019\u00e9tablissement a pu identifier un certain nombre d\u2019actions d\u2019am\u00e9lioration et s\u2019efforce de les mettre en \u0153uvre pour la qualit\u00e9 de prise en soins.<\/p>\n\n\n\n<figure class=\"wp-block-image size-large\"><img loading=\"lazy\" decoding=\"async\" width=\"1024\" height=\"576\" src=\"https:\/\/www.ch-aubusson.fr\/site\/wp-content\/uploads\/2025\/11\/20250627_164012-1024x576.jpg\" alt=\"\" class=\"wp-image-6387\" srcset=\"https:\/\/www.ch-aubusson.fr\/site\/wp-content\/uploads\/2025\/11\/20250627_164012-1024x576.jpg 1024w, https:\/\/www.ch-aubusson.fr\/site\/wp-content\/uploads\/2025\/11\/20250627_164012-300x169.jpg 300w, https:\/\/www.ch-aubusson.fr\/site\/wp-content\/uploads\/2025\/11\/20250627_164012-768x432.jpg 768w, https:\/\/www.ch-aubusson.fr\/site\/wp-content\/uploads\/2025\/11\/20250627_164012-1536x864.jpg 1536w, https:\/\/www.ch-aubusson.fr\/site\/wp-content\/uploads\/2025\/11\/20250627_164012-2048x1152.jpg 2048w\" sizes=\"auto, (max-width: 1024px) 100vw, 1024px\" \/><\/figure>\n\n\n\n<p><\/p>\n\n\n\n<div style=\"height:40px\" aria-hidden=\"true\" class=\"wp-block-spacer\"><\/div>\n\n\n\n<h4 class=\"wp-block-heading presentation\">charte romain jacob<\/h4>\n\n\n\n<p>V\u00e9ritable r\u00e9f\u00e9rence pour am\u00e9liorer l\u2019accueil et l\u2019accompagnement des patients en situation de handicap, la <strong>Charte Romain Jacob<\/strong> repose sur des principes essentiels tels que la valorisation des patients, l\u2019adaptation des parcours de soins et une meilleure int\u00e9gration de la sant\u00e9 dans leur quotidien.<\/p>\n\n\n\n<div data-wp-interactive=\"core\/file\" class=\"wp-block-file\"><object data-wp-bind--hidden=\"!state.hasPdfPreview\" hidden class=\"wp-block-file__embed\" data=\"https:\/\/www.ch-aubusson.fr\/site\/wp-content\/uploads\/2025\/06\/charte_romain_jacob.pdf\" type=\"application\/pdf\" style=\"width:100%;height:600px\" aria-label=\"Contenu embarqu\u00e9 charte_romain_jacob.\"><\/object><a id=\"wp-block-file--media-d2ebd770-116d-4580-b860-9454b4047995\" href=\"https:\/\/www.ch-aubusson.fr\/site\/wp-content\/uploads\/2025\/06\/charte_romain_jacob.pdf\">charte_romain_jacob<\/a><a href=\"https:\/\/www.ch-aubusson.fr\/site\/wp-content\/uploads\/2025\/06\/charte_romain_jacob.pdf\" class=\"wp-block-file__button wp-element-button\" download aria-describedby=\"wp-block-file--media-d2ebd770-116d-4580-b860-9454b4047995\">T\u00e9l\u00e9charger<\/a><\/div>\n\n\n\n<div style=\"height:100px\" aria-hidden=\"true\" class=\"wp-block-spacer\"><\/div>\n\n\n\n<p><\/p>\n","protected":false},"excerpt":{"rendered":"<p>Accessibilit\u00e9 aux Personnes en Situation de Handicap Des am\u00e9nagements au service de votre autonomie L\u2019ensemble de nos sites b\u00e9n\u00e9ficient d\u2019un [&hellip;]<\/p>\n","protected":false},"author":3,"featured_media":0,"parent":0,"menu_order":0,"comment_status":"closed","ping_status":"closed","template":"","meta":{"site-sidebar-layout":"default","site-content-layout":"","ast-site-content-layout":"","site-content-style":"default","site-sidebar-style":"default","ast-global-header-display":"","ast-banner-title-visibility":"","ast-main-header-display":"","ast-hfb-above-header-display":"","ast-hfb-below-header-display":"","ast-hfb-mobile-header-display":"","site-post-title":"disabled","ast-breadcrumbs-content":"","ast-featured-img":"","footer-sml-layout":"","theme-transparent-header-meta":"","adv-header-id-meta":"","stick-header-meta":"","header-above-stick-meta":"","header-main-stick-meta":"","header-below-stick-meta":"","astra-migrate-meta-layouts":"default","ast-page-background-enabled":"default","ast-page-background-meta":{"desktop":{"background-color":"var(--ast-global-color-4)","background-image":"","background-repeat":"repeat","background-position":"center center","background-size":"auto","background-attachment":"scroll","background-type":"","background-media":"","overlay-type":"","overlay-color":"","overlay-opacity":"","overlay-gradient":""},"tablet":{"background-color":"","background-image":"","background-repeat":"repeat","background-position":"center center","background-size":"auto","background-attachment":"scroll","background-type":"","background-media":"","overlay-type":"","overlay-color":"","overlay-opacity":"","overlay-gradient":""},"mobile":{"background-color":"","background-image":"","background-repeat":"repeat","background-position":"center center","background-size":"auto","background-attachment":"scroll","background-type":"","background-media":"","overlay-type":"","overlay-color":"","overlay-opacity":"","overlay-gradient":""}},"ast-content-background-meta":{"desktop":{"background-color":"var(--ast-global-color-5)","background-image":"","background-repeat":"repeat","background-position":"center center","background-size":"auto","background-attachment":"scroll","background-type":"","background-media":"","overlay-type":"","overlay-color":"","overlay-opacity":"","overlay-gradient":""},"tablet":{"background-color":"var(--ast-global-color-5)","background-image":"","background-repeat":"repeat","background-position":"center center","background-size":"auto","background-attachment":"scroll","background-type":"","background-media":"","overlay-type":"","overlay-color":"","overlay-opacity":"","overlay-gradient":""},"mobile":{"background-color":"var(--ast-global-color-5)","background-image":"","background-repeat":"repeat","background-position":"center center","background-size":"auto","background-attachment":"scroll","background-type":"","background-media":"","overlay-type":"","overlay-color":"","overlay-opacity":"","overlay-gradient":""}},"footnotes":""},"class_list":["post-6151","page","type-page","status-publish","hentry"],"yoast_head":"<!-- This site is optimized with the Yoast SEO plugin v25.5 - https:\/\/yoast.com\/wordpress\/plugins\/seo\/ -->\n<title>handicap -<\/title>\n<meta name=\"robots\" content=\"index, follow, max-snippet:-1, max-image-preview:large, max-video-preview:-1\" \/>\n<link rel=\"canonical\" href=\"https:\/\/www.ch-aubusson.fr\/site\/accessibilite-aux-psh\/\" \/>\n<meta property=\"og:locale\" content=\"fr_FR\" \/>\n<meta property=\"og:type\" content=\"article\" \/>\n<meta property=\"og:title\" content=\"handicap -\" \/>\n<meta property=\"og:description\" content=\"Accessibilit\u00e9 aux Personnes en Situation de Handicap Des am\u00e9nagements au service de votre autonomie L\u2019ensemble de nos sites b\u00e9n\u00e9ficient d\u2019un [&hellip;]\" \/>\n<meta property=\"og:url\" content=\"https:\/\/www.ch-aubusson.fr\/site\/accessibilite-aux-psh\/\" \/>\n<meta property=\"article:publisher\" content=\"https:\/\/www.facebook.com\/people\/Centre-Hospitalier-dAubusson\/100064042814456\/\" \/>\n<meta property=\"article:modified_time\" content=\"2025-11-17T12:48:24+00:00\" \/>\n<meta property=\"og:image\" content=\"https:\/\/www.ch-aubusson.fr\/site\/wp-content\/uploads\/2025\/11\/accesibilite.png\" \/>\n\t<meta property=\"og:image:width\" content=\"284\" \/>\n\t<meta property=\"og:image:height\" content=\"177\" \/>\n\t<meta property=\"og:image:type\" content=\"image\/png\" \/>\n<meta name=\"twitter:card\" content=\"summary_large_image\" \/>\n<meta name=\"twitter:label1\" content=\"Dur\u00e9e de lecture estim\u00e9e\" \/>\n\t<meta name=\"twitter:data1\" content=\"4 minutes\" \/>\n<!-- \/ Yoast SEO plugin. -->","yoast_head_json":{"title":"handicap -","robots":{"index":"index","follow":"follow","max-snippet":"max-snippet:-1","max-image-preview":"max-image-preview:large","max-video-preview":"max-video-preview:-1"},"canonical":"https:\/\/www.ch-aubusson.fr\/site\/accessibilite-aux-psh\/","og_locale":"fr_FR","og_type":"article","og_title":"handicap -","og_description":"Accessibilit\u00e9 aux Personnes en Situation de Handicap Des am\u00e9nagements au service de votre autonomie L\u2019ensemble de nos sites b\u00e9n\u00e9ficient d\u2019un [&hellip;]","og_url":"https:\/\/www.ch-aubusson.fr\/site\/accessibilite-aux-psh\/","article_publisher":"https:\/\/www.facebook.com\/people\/Centre-Hospitalier-dAubusson\/100064042814456\/","article_modified_time":"2025-11-17T12:48:24+00:00","og_image":[{"width":284,"height":177,"url":"https:\/\/www.ch-aubusson.fr\/site\/wp-content\/uploads\/2025\/11\/accesibilite.png","type":"image\/png"}],"twitter_card":"summary_large_image","twitter_misc":{"Dur\u00e9e de lecture estim\u00e9e":"4 minutes"},"schema":{"@context":"https:\/\/schema.org","@graph":[{"@type":"WebPage","@id":"https:\/\/www.ch-aubusson.fr\/site\/accessibilite-aux-psh\/","url":"https:\/\/www.ch-aubusson.fr\/site\/accessibilite-aux-psh\/","name":"handicap -","isPartOf":{"@id":"https:\/\/www.ch-aubusson.fr\/site\/#website"},"primaryImageOfPage":{"@id":"https:\/\/www.ch-aubusson.fr\/site\/accessibilite-aux-psh\/#primaryimage"},"image":{"@id":"https:\/\/www.ch-aubusson.fr\/site\/accessibilite-aux-psh\/#primaryimage"},"thumbnailUrl":"https:\/\/www.ch-aubusson.fr\/site\/wp-content\/uploads\/2025\/11\/accesibilite.png","datePublished":"2025-06-20T14:22:57+00:00","dateModified":"2025-11-17T12:48:24+00:00","breadcrumb":{"@id":"https:\/\/www.ch-aubusson.fr\/site\/accessibilite-aux-psh\/#breadcrumb"},"inLanguage":"fr-FR","potentialAction":[{"@type":"ReadAction","target":["https:\/\/www.ch-aubusson.fr\/site\/accessibilite-aux-psh\/"]}]},{"@type":"ImageObject","inLanguage":"fr-FR","@id":"https:\/\/www.ch-aubusson.fr\/site\/accessibilite-aux-psh\/#primaryimage","url":"https:\/\/www.ch-aubusson.fr\/site\/wp-content\/uploads\/2025\/11\/accesibilite.png","contentUrl":"https:\/\/www.ch-aubusson.fr\/site\/wp-content\/uploads\/2025\/11\/accesibilite.png","width":284,"height":177},{"@type":"BreadcrumbList","@id":"https:\/\/www.ch-aubusson.fr\/site\/accessibilite-aux-psh\/#breadcrumb","itemListElement":[{"@type":"ListItem","position":1,"name":"Accueil","item":"https:\/\/www.ch-aubusson.fr\/site\/"},{"@type":"ListItem","position":2,"name":"handicap"}]},{"@type":"WebSite","@id":"https:\/\/www.ch-aubusson.fr\/site\/#website","url":"https:\/\/www.ch-aubusson.fr\/site\/","name":"Centre Hospitalier d'Aubusson","description":"","publisher":{"@id":"https:\/\/www.ch-aubusson.fr\/site\/#organization"},"potentialAction":[{"@type":"SearchAction","target":{"@type":"EntryPoint","urlTemplate":"https:\/\/www.ch-aubusson.fr\/site\/?s={search_term_string}"},"query-input":{"@type":"PropertyValueSpecification","valueRequired":true,"valueName":"search_term_string"}}],"inLanguage":"fr-FR"},{"@type":"Organization","@id":"https:\/\/www.ch-aubusson.fr\/site\/#organization","name":"Centre Hospitalier d'Aubusson","url":"https:\/\/www.ch-aubusson.fr\/site\/","logo":{"@type":"ImageObject","inLanguage":"fr-FR","@id":"https:\/\/www.ch-aubusson.fr\/site\/#\/schema\/logo\/image\/","url":"https:\/\/www.ch-aubusson.fr\/site\/wp-content\/uploads\/2024\/01\/cropped-LogoCentreHospitalier_Vertical_3Tonos-2.png","contentUrl":"https:\/\/www.ch-aubusson.fr\/site\/wp-content\/uploads\/2024\/01\/cropped-LogoCentreHospitalier_Vertical_3Tonos-2.png","width":800,"height":654,"caption":"Centre Hospitalier d'Aubusson"},"image":{"@id":"https:\/\/www.ch-aubusson.fr\/site\/#\/schema\/logo\/image\/"},"sameAs":["https:\/\/www.facebook.com\/people\/Centre-Hospitalier-dAubusson\/100064042814456\/","https:\/\/www.linkedin.com\/company\/ch-aubusson"]}]}},"_links":{"self":[{"href":"https:\/\/www.ch-aubusson.fr\/site\/wp-json\/wp\/v2\/pages\/6151","targetHints":{"allow":["GET"]}}],"collection":[{"href":"https:\/\/www.ch-aubusson.fr\/site\/wp-json\/wp\/v2\/pages"}],"about":[{"href":"https:\/\/www.ch-aubusson.fr\/site\/wp-json\/wp\/v2\/types\/page"}],"author":[{"embeddable":true,"href":"https:\/\/www.ch-aubusson.fr\/site\/wp-json\/wp\/v2\/users\/3"}],"replies":[{"embeddable":true,"href":"https:\/\/www.ch-aubusson.fr\/site\/wp-json\/wp\/v2\/comments?post=6151"}],"version-history":[{"count":21,"href":"https:\/\/www.ch-aubusson.fr\/site\/wp-json\/wp\/v2\/pages\/6151\/revisions"}],"predecessor-version":[{"id":6412,"href":"https:\/\/www.ch-aubusson.fr\/site\/wp-json\/wp\/v2\/pages\/6151\/revisions\/6412"}],"wp:attachment":[{"href":"https:\/\/www.ch-aubusson.fr\/site\/wp-json\/wp\/v2\/media?parent=6151"}],"curies":[{"name":"wp","href":"https:\/\/api.w.org\/{rel}","templated":true}]}}