{"id":6516,"date":"2026-03-17T09:30:49","date_gmt":"2026-03-17T08:30:49","guid":{"rendered":"https:\/\/www.ch-aubusson.fr\/site\/?page_id=6516"},"modified":"2026-03-17T13:26:19","modified_gmt":"2026-03-17T12:26:19","slug":"projet-architectural","status":"publish","type":"page","link":"https:\/\/www.ch-aubusson.fr\/site\/projet-architectural\/","title":{"rendered":"Projet architectural"},"content":{"rendered":"\n<div style=\"height:40px\" aria-hidden=\"true\" class=\"wp-block-spacer\"><\/div>\n\n\n\n<h2 class=\"wp-block-heading\">le projet architectural<\/h2>\n\n\n\n<h4 class=\"wp-block-heading presentation\">Construire un projet commun&nbsp;au service des usagers<\/h4>\n\n\n\n<div style=\"height:40px\" aria-hidden=\"true\" class=\"wp-block-spacer\"><\/div>\n\n\n\n<h1 class=\"wp-block-heading has-ast-global-color-5-color has-text-color has-background has-link-color wp-elements-4da82302c786feba6456bf660280b9c3\" style=\"background-color:#243466\">LE PROJET ARCHITECTURAL<\/h1>\n\n\n\n<p>Le Centre Hospitalier d&#8217;Aubusson comprend quatre sites g\u00e9ographiques.<\/p>\n\n\n\n<p>L&#8217;objectif du projet architectural vise \u00e0 regrouper trois des quatre sites g\u00e9ographiques (le mont, st jean et croix blanche).&nbsp;<\/p>\n\n\n\n<p>Le regroupement se d\u00e9roulera sur le site Le Mont.&nbsp;<\/p>\n\n\n\n<p>Il est donc pr\u00e9vu la construction d&#8217;un b\u00e2timent pour la partie m\u00e9dico-sociale (EHPAD) et la r\u00e9novation du b\u00e2timent actuel pour la partie sanitaire.&nbsp;<\/p>\n\n\n\n<div style=\"height:30px\" aria-hidden=\"true\" class=\"wp-block-spacer\"><\/div>\n\n\n\n<p>Ce projet de restructuration vise \u00e0 :<\/p>\n\n\n\n<ul class=\"wp-block-list\">\n<li> Assurer la s\u00e9curit\u00e9 physique des personnes accueillies avec des locaux respectant les normes actuelles<\/li>\n<\/ul>\n\n\n\n<ul class=\"wp-block-list\">\n<li>Am\u00e9liorer la qualit\u00e9 de prise en soin des r\u00e9sidents et des patients de l\u2019\u00e9tablissement avec des locaux plus adapt\u00e9s<\/li>\n<\/ul>\n\n\n\n<ul class=\"wp-block-list\">\n<li>Am\u00e9liorer la situation financi\u00e8re de l\u2019\u00e9tablissement<\/li>\n<\/ul>\n\n\n\n<ul class=\"wp-block-list\">\n<li>Am\u00e9liorer la qualit\u00e9 de vie au travail et ainsi cr\u00e9er une meilleure attractivit\u00e9 des professionnels de sant\u00e9<\/li>\n<\/ul>\n\n\n\n<ul class=\"wp-block-list\">\n<li>Am\u00e9liorer la politique de d\u00e9veloppement durable de l\u2019\u00e9tablissement : r\u00e9novation \u00e9nerg\u00e9tique, reclassement \u00e9nerg\u00e9tique, r\u00e9novation du syst\u00e8me de chauffage, baisse de la consommation \u00e9lectrique, baisse des gaz \u00e0 effet de serre (transports).<\/li>\n<\/ul>\n\n\n\n<ul class=\"wp-block-list\">\n<li>Am\u00e9liorer l\u2019image interne et externe de l\u2019\u00e9tablissement afin de favoriser son attractivit\u00e9 sur le territoire<\/li>\n<\/ul>\n\n\n\n<ul class=\"wp-block-list\">\n<li>Permettre aux visiteurs, proches des r\u00e9sidents et des familles de partager des espaces d\u00e9di\u00e9s et accessibles<\/li>\n<\/ul>\n\n\n\n<div style=\"height:30px\" aria-hidden=\"true\" class=\"wp-block-spacer\"><\/div>\n\n\n\n<p>Le concours de maitrise d\u2019\u0153uvre a \u00e9t\u00e9 r\u00e9alis\u00e9 en 2024 et notifi\u00e9 le 05\/02\/2026 \u00e0 la soci\u00e9t\u00e9 TLR Architectures.&nbsp;<\/p>\n\n\n\n<p>L&#8217;ann\u00e9e 2025 a \u00e9t\u00e9 marqu\u00e9e par la r\u00e9alisation des \u00e9tudes n\u00e9cessaires \u00e0 la constitution des march\u00e9s de travaux.<\/p>\n\n\n\n<p>Ces derniers interviendront en 2026.&nbsp;<\/p>\n\n\n\n<p>La Chambre du Commerce et de l&#8217;Industrie de la Creuse a organis\u00e9 le 16\/03\/2026 une r\u00e9union de pr\u00e9sentation du projet aux entreprises adh\u00e9rentes.&nbsp;<\/p>\n\n\n\n<div style=\"height:30px\" aria-hidden=\"true\" class=\"wp-block-spacer\"><\/div>\n\n\n\n<p><strong>La pr\u00e9sentation effectu\u00e9e est disponible ci dessous :&nbsp;<\/strong><\/p>\n\n\n\n<div style=\"height:40px\" aria-hidden=\"true\" class=\"wp-block-spacer\"><\/div>\n\n\n\n<div data-wp-interactive=\"core\/file\" class=\"wp-block-file\"><object data-wp-bind--hidden=\"!state.hasPdfPreview\" hidden class=\"wp-block-file__embed\" data=\"https:\/\/www.ch-aubusson.fr\/site\/wp-content\/uploads\/2026\/03\/24030-CH-AUBUSSON_Presentation-FFB.pdf\" type=\"application\/pdf\" style=\"width:100%;height:600px\" aria-label=\"Contenu embarqu\u00e9 24030-CH-AUBUSSON_Pr\u00e9sentation-FFB.\"><\/object><a id=\"wp-block-file--media-79ba90f7-dbe1-4d97-83e7-d505b677156f\" href=\"https:\/\/www.ch-aubusson.fr\/site\/wp-content\/uploads\/2026\/03\/24030-CH-AUBUSSON_Presentation-FFB.pdf\">24030-CH-AUBUSSON_Pr\u00e9sentation-FFB<\/a><a href=\"https:\/\/www.ch-aubusson.fr\/site\/wp-content\/uploads\/2026\/03\/24030-CH-AUBUSSON_Presentation-FFB.pdf\" class=\"wp-block-file__button wp-element-button\" download aria-describedby=\"wp-block-file--media-79ba90f7-dbe1-4d97-83e7-d505b677156f\">T\u00e9l\u00e9charger<\/a><\/div>\n\n\n\n<div style=\"height:20px\" aria-hidden=\"true\" class=\"wp-block-spacer\"><\/div>\n\n\n\n<div style=\"height:100px\" aria-hidden=\"true\" class=\"wp-block-spacer\"><\/div>\n\n\n\n<h3 class=\"wp-block-heading\">&nbsp;<\/h3>\n","protected":false},"excerpt":{"rendered":"<p>le projet architectural Construire un projet commun&nbsp;au service des usagers LE PROJET ARCHITECTURAL Le Centre Hospitalier d&#8217;Aubusson comprend quatre sites [&hellip;]<\/p>\n","protected":false},"author":3,"featured_media":0,"parent":0,"menu_order":0,"comment_status":"closed","ping_status":"closed","template":"","meta":{"site-sidebar-layout":"default","site-content-layout":"","ast-site-content-layout":"","site-content-style":"default","site-sidebar-style":"default","ast-global-header-display":"","ast-banner-title-visibility":"","ast-main-header-display":"","ast-hfb-above-header-display":"","ast-hfb-below-header-display":"","ast-hfb-mobile-header-display":"","site-post-title":"disabled","ast-breadcrumbs-content":"","ast-featured-img":"","footer-sml-layout":"","theme-transparent-header-meta":"","adv-header-id-meta":"","stick-header-meta":"","header-above-stick-meta":"","header-main-stick-meta":"","header-below-stick-meta":"","astra-migrate-meta-layouts":"default","ast-page-background-enabled":"default","ast-page-background-meta":{"desktop":{"background-color":"var(--ast-global-color-4)","background-image":"","background-repeat":"repeat","background-position":"center center","background-size":"auto","background-attachment":"scroll","background-type":"","background-media":"","overlay-type":"","overlay-color":"","overlay-opacity":"","overlay-gradient":""},"tablet":{"background-color":"","background-image":"","background-repeat":"repeat","background-position":"center center","background-size":"auto","background-attachment":"scroll","background-type":"","background-media":"","overlay-type":"","overlay-color":"","overlay-opacity":"","overlay-gradient":""},"mobile":{"background-color":"","background-image":"","background-repeat":"repeat","background-position":"center center","background-size":"auto","background-attachment":"scroll","background-type":"","background-media":"","overlay-type":"","overlay-color":"","overlay-opacity":"","overlay-gradient":""}},"ast-content-background-meta":{"desktop":{"background-color":"var(--ast-global-color-5)","background-image":"","background-repeat":"repeat","background-position":"center center","background-size":"auto","background-attachment":"scroll","background-type":"","background-media":"","overlay-type":"","overlay-color":"","overlay-opacity":"","overlay-gradient":""},"tablet":{"background-color":"var(--ast-global-color-5)","background-image":"","background-repeat":"repeat","background-position":"center center","background-size":"auto","background-attachment":"scroll","background-type":"","background-media":"","overlay-type":"","overlay-color":"","overlay-opacity":"","overlay-gradient":""},"mobile":{"background-color":"var(--ast-global-color-5)","background-image":"","background-repeat":"repeat","background-position":"center center","background-size":"auto","background-attachment":"scroll","background-type":"","background-media":"","overlay-type":"","overlay-color":"","overlay-opacity":"","overlay-gradient":""}},"footnotes":""},"class_list":["post-6516","page","type-page","status-publish","hentry"],"yoast_head":"<!-- This site is optimized with the Yoast SEO plugin v25.5 - https:\/\/yoast.com\/wordpress\/plugins\/seo\/ -->\n<title>Projet architectural -<\/title>\n<meta name=\"robots\" content=\"index, follow, max-snippet:-1, max-image-preview:large, max-video-preview:-1\" \/>\n<link rel=\"canonical\" href=\"https:\/\/www.ch-aubusson.fr\/site\/projet-architectural\/\" \/>\n<meta property=\"og:locale\" content=\"fr_FR\" \/>\n<meta property=\"og:type\" content=\"article\" \/>\n<meta property=\"og:title\" content=\"Projet architectural -\" \/>\n<meta property=\"og:description\" content=\"le projet architectural Construire un projet commun&nbsp;au service des usagers LE PROJET ARCHITECTURAL Le Centre Hospitalier d&#8217;Aubusson comprend quatre sites [&hellip;]\" \/>\n<meta property=\"og:url\" content=\"https:\/\/www.ch-aubusson.fr\/site\/projet-architectural\/\" \/>\n<meta property=\"article:publisher\" content=\"https:\/\/www.facebook.com\/people\/Centre-Hospitalier-dAubusson\/100064042814456\/\" \/>\n<meta property=\"article:modified_time\" content=\"2026-03-17T12:26:19+00:00\" \/>\n<meta name=\"twitter:card\" content=\"summary_large_image\" \/>\n<meta name=\"twitter:label1\" content=\"Dur\u00e9e de lecture estim\u00e9e\" \/>\n\t<meta name=\"twitter:data1\" content=\"2 minutes\" \/>\n<!-- \/ Yoast SEO plugin. -->","yoast_head_json":{"title":"Projet architectural -","robots":{"index":"index","follow":"follow","max-snippet":"max-snippet:-1","max-image-preview":"max-image-preview:large","max-video-preview":"max-video-preview:-1"},"canonical":"https:\/\/www.ch-aubusson.fr\/site\/projet-architectural\/","og_locale":"fr_FR","og_type":"article","og_title":"Projet architectural -","og_description":"le projet architectural Construire un projet commun&nbsp;au service des usagers LE PROJET ARCHITECTURAL Le Centre Hospitalier d&#8217;Aubusson comprend quatre sites [&hellip;]","og_url":"https:\/\/www.ch-aubusson.fr\/site\/projet-architectural\/","article_publisher":"https:\/\/www.facebook.com\/people\/Centre-Hospitalier-dAubusson\/100064042814456\/","article_modified_time":"2026-03-17T12:26:19+00:00","twitter_card":"summary_large_image","twitter_misc":{"Dur\u00e9e de lecture estim\u00e9e":"2 minutes"},"schema":{"@context":"https:\/\/schema.org","@graph":[{"@type":"WebPage","@id":"https:\/\/www.ch-aubusson.fr\/site\/projet-architectural\/","url":"https:\/\/www.ch-aubusson.fr\/site\/projet-architectural\/","name":"Projet architectural -","isPartOf":{"@id":"https:\/\/www.ch-aubusson.fr\/site\/#website"},"datePublished":"2026-03-17T08:30:49+00:00","dateModified":"2026-03-17T12:26:19+00:00","breadcrumb":{"@id":"https:\/\/www.ch-aubusson.fr\/site\/projet-architectural\/#breadcrumb"},"inLanguage":"fr-FR","potentialAction":[{"@type":"ReadAction","target":["https:\/\/www.ch-aubusson.fr\/site\/projet-architectural\/"]}]},{"@type":"BreadcrumbList","@id":"https:\/\/www.ch-aubusson.fr\/site\/projet-architectural\/#breadcrumb","itemListElement":[{"@type":"ListItem","position":1,"name":"Accueil","item":"https:\/\/www.ch-aubusson.fr\/site\/"},{"@type":"ListItem","position":2,"name":"Projet architectural"}]},{"@type":"WebSite","@id":"https:\/\/www.ch-aubusson.fr\/site\/#website","url":"https:\/\/www.ch-aubusson.fr\/site\/","name":"Centre Hospitalier d'Aubusson","description":"","publisher":{"@id":"https:\/\/www.ch-aubusson.fr\/site\/#organization"},"potentialAction":[{"@type":"SearchAction","target":{"@type":"EntryPoint","urlTemplate":"https:\/\/www.ch-aubusson.fr\/site\/?s={search_term_string}"},"query-input":{"@type":"PropertyValueSpecification","valueRequired":true,"valueName":"search_term_string"}}],"inLanguage":"fr-FR"},{"@type":"Organization","@id":"https:\/\/www.ch-aubusson.fr\/site\/#organization","name":"Centre Hospitalier d'Aubusson","url":"https:\/\/www.ch-aubusson.fr\/site\/","logo":{"@type":"ImageObject","inLanguage":"fr-FR","@id":"https:\/\/www.ch-aubusson.fr\/site\/#\/schema\/logo\/image\/","url":"https:\/\/www.ch-aubusson.fr\/site\/wp-content\/uploads\/2024\/01\/cropped-LogoCentreHospitalier_Vertical_3Tonos-2.png","contentUrl":"https:\/\/www.ch-aubusson.fr\/site\/wp-content\/uploads\/2024\/01\/cropped-LogoCentreHospitalier_Vertical_3Tonos-2.png","width":800,"height":654,"caption":"Centre Hospitalier d'Aubusson"},"image":{"@id":"https:\/\/www.ch-aubusson.fr\/site\/#\/schema\/logo\/image\/"},"sameAs":["https:\/\/www.facebook.com\/people\/Centre-Hospitalier-dAubusson\/100064042814456\/","https:\/\/www.linkedin.com\/company\/ch-aubusson"]}]}},"_links":{"self":[{"href":"https:\/\/www.ch-aubusson.fr\/site\/wp-json\/wp\/v2\/pages\/6516","targetHints":{"allow":["GET"]}}],"collection":[{"href":"https:\/\/www.ch-aubusson.fr\/site\/wp-json\/wp\/v2\/pages"}],"about":[{"href":"https:\/\/www.ch-aubusson.fr\/site\/wp-json\/wp\/v2\/types\/page"}],"author":[{"embeddable":true,"href":"https:\/\/www.ch-aubusson.fr\/site\/wp-json\/wp\/v2\/users\/3"}],"replies":[{"embeddable":true,"href":"https:\/\/www.ch-aubusson.fr\/site\/wp-json\/wp\/v2\/comments?post=6516"}],"version-history":[{"count":5,"href":"https:\/\/www.ch-aubusson.fr\/site\/wp-json\/wp\/v2\/pages\/6516\/revisions"}],"predecessor-version":[{"id":6528,"href":"https:\/\/www.ch-aubusson.fr\/site\/wp-json\/wp\/v2\/pages\/6516\/revisions\/6528"}],"wp:attachment":[{"href":"https:\/\/www.ch-aubusson.fr\/site\/wp-json\/wp\/v2\/media?parent=6516"}],"curies":[{"name":"wp","href":"https:\/\/api.w.org\/{rel}","templated":true}]}}