{"id":6573,"date":"2026-05-15T15:13:14","date_gmt":"2026-05-15T13:13:14","guid":{"rendered":"https:\/\/www.ch-aubusson.fr\/site\/?page_id=6573"},"modified":"2026-05-15T16:25:04","modified_gmt":"2026-05-15T14:25:04","slug":"developpement-durable","status":"publish","type":"page","link":"https:\/\/www.ch-aubusson.fr\/site\/developpement-durable\/","title":{"rendered":"d\u00e9veloppement DURABLE"},"content":{"rendered":"\n<div style=\"height:40px\" aria-hidden=\"true\" class=\"wp-block-spacer\"><\/div>\n\n\n\n<h2 class=\"wp-block-heading\">d\u00e9veloppement DURABLE<\/h2>\n\n\n\n<h4 class=\"wp-block-heading presentation\">Du pilotage \u00e9nerg\u00e9tique \u00e0 la valorisation des d\u00e9chets, en passant par une mobilit\u00e9 plus responsable et une alimentation durable, l\u2019\u00e9tablissement inscrit le d\u00e9veloppement durable au c\u0153ur de son fonctionnement.<\/h4>\n\n\n\n<div style=\"height:40px\" aria-hidden=\"true\" class=\"wp-block-spacer\"><\/div>\n\n\n<div id=\"metaslider-id-3853\" style=\"width: 100%; margin: 0 auto;\" class=\"ml-slider-3-99-0 metaslider metaslider-flex metaslider-3853 ml-slider ms-theme-default\" role=\"region\" aria-label=\"qualite\" data-width=\"1000\">\n    <div id=\"metaslider_container_3853\">\n        <div id=\"metaslider_3853\">\n            <ul class='slides'>\n                <li style=\"display: block; width: 100%;\" class=\"slide-3858 ms-image \" aria-roledescription=\"slide\" data-date=\"2024-02-26 10:56:28\"><img loading=\"lazy\" decoding=\"async\" src=\"https:\/\/www.ch-aubusson.fr\/site\/wp-content\/uploads\/2025\/06\/img-1000x300.jpg\" height=\"300\" width=\"1000\" alt=\"\" class=\"slider-3853 slide-3858 msDefaultImage\" title=\"img\" \/><\/li>\n                <li style=\"display: none; width: 100%;\" class=\"slide-3861 ms-image \" aria-roledescription=\"slide\" data-date=\"2024-02-26 10:56:28\"><img loading=\"lazy\" decoding=\"async\" src=\"https:\/\/www.ch-aubusson.fr\/site\/wp-content\/uploads\/2025\/06\/satisfaction-1-e1750930264477-1000x300.jpeg\" height=\"300\" width=\"1000\" alt=\"\" class=\"slider-3853 slide-3861 msDefaultImage\" \/><\/li>\n            <\/ul>\n        <\/div>\n        \n    <\/div>\n<\/div>\n\n\n\n<div style=\"height:40px\" aria-hidden=\"true\" class=\"wp-block-spacer\"><\/div>\n\n\n\n<h1 class=\"wp-block-heading has-ast-global-color-5-color has-text-color has-background has-link-color wp-elements-21c03903048597247bce1692636c2930\" style=\"background-color:#243466\">ACHATS RESPONSABLE<\/h1>\n\n\n\n<p>Le SPASER du GHT LIMOUSIN comprend les actions d&#8217;achats \u00e9conomiquement, socialement et environnementalement responsables pour les 18 \u00e9tablissements publics de sant\u00e9 pour les trois ann\u00e9es \u00e0 venir. Il a pour vocation \u00e0 valoriser l&#8217;implication des acheteurs et des professionnels des \u00e9tablissements au b\u00e9n\u00e9fice d&#8217;un achat hospitalier plus vert, pertinent, juste et efficace. Il s&#8217;inscrit dans le prolongement de la politique d&#8217;achats durables valid\u00e9e en juillet 2025 qui a \u00e9t\u00e9 adopt\u00e9e par la gouvernance du GHT en lien avec les orientations de l&#8217;ARS Nouvelle Aquitaine et a \u00e9t\u00e9 r\u00e9dig\u00e9 avec l&#8217;appui m\u00e9thodologique du R\u00e9seau 3AR.<\/p>\n\n\n\n<div style=\"height:46px\" aria-hidden=\"true\" class=\"wp-block-spacer\"><\/div>\n\n\n\n<div data-wp-interactive=\"core\/file\" class=\"wp-block-file\"><object data-wp-bind--hidden=\"!state.hasPdfPreview\" hidden class=\"wp-block-file__embed\" data=\"https:\/\/www.ch-aubusson.fr\/site\/wp-content\/uploads\/2026\/05\/SPASER-GHT-VF.pdf\" type=\"application\/pdf\" style=\"width:100%;height:600px\" aria-label=\"Contenu embarqu\u00e9 SPASER-GHT VF.\"><\/object><a id=\"wp-block-file--media-fdc54d5e-c252-4802-98b3-e419f553f057\" href=\"https:\/\/www.ch-aubusson.fr\/site\/wp-content\/uploads\/2026\/05\/SPASER-GHT-VF.pdf\">SPASER-GHT VF<\/a><a href=\"https:\/\/www.ch-aubusson.fr\/site\/wp-content\/uploads\/2026\/05\/SPASER-GHT-VF.pdf\" class=\"wp-block-file__button wp-element-button\" download aria-describedby=\"wp-block-file--media-fdc54d5e-c252-4802-98b3-e419f553f057\">T\u00e9l\u00e9charger<\/a><\/div>\n\n\n\n<div style=\"height:40px\" aria-hidden=\"true\" class=\"wp-block-spacer\"><\/div>\n\n\n\n<h1 class=\"wp-block-heading has-ast-global-color-5-color has-text-color has-background has-link-color wp-elements-a44a37497c00660c4122c44f9785f60b\" style=\"background-color:#243466\">\u00c9CO-RESPONSABILIT\u00c9<\/h1>\n\n\n\n<p>Dans le cadre de ses obligations r\u00e9glementaires, le Centre Hospitalier travaille au calcul de son bilan carbone pour mettre en place des actions \u00e9co-responsables<\/p>\n\n\n\n<div style=\"height:40px\" aria-hidden=\"true\" class=\"wp-block-spacer\"><\/div>\n\n\n\n<div data-wp-interactive=\"core\/file\" class=\"wp-block-file\"><object data-wp-bind--hidden=\"!state.hasPdfPreview\" hidden class=\"wp-block-file__embed\" data=\"https:\/\/www.ch-aubusson.fr\/site\/wp-content\/uploads\/2025\/09\/Affiche-Engagements-DD-du-CH-2025-2029.pdf\" type=\"application\/pdf\" style=\"width:100%;height:600px\" aria-label=\"Contenu embarqu\u00e9 Affiche Engagements DD du CH 2025-2029.\"><\/object><a id=\"wp-block-file--media-94f83c86-fc8a-4718-bac6-6354e1a9fbf4\" href=\"https:\/\/www.ch-aubusson.fr\/site\/wp-content\/uploads\/2025\/09\/Affiche-Engagements-DD-du-CH-2025-2029.pdf\">Affiche Engagements DD du CH 2025-2029<\/a><a href=\"https:\/\/www.ch-aubusson.fr\/site\/wp-content\/uploads\/2025\/09\/Affiche-Engagements-DD-du-CH-2025-2029.pdf\" class=\"wp-block-file__button wp-element-button\" download aria-describedby=\"wp-block-file--media-94f83c86-fc8a-4718-bac6-6354e1a9fbf4\">T\u00e9l\u00e9charger<\/a><\/div>\n\n\n\n<div style=\"height:100px\" aria-hidden=\"true\" class=\"wp-block-spacer\"><\/div>\n","protected":false},"excerpt":{"rendered":"<p>d\u00e9veloppement DURABLE Du pilotage \u00e9nerg\u00e9tique \u00e0 la valorisation des d\u00e9chets, en passant par une mobilit\u00e9 plus responsable et une alimentation [&hellip;]<\/p>\n","protected":false},"author":3,"featured_media":0,"parent":0,"menu_order":0,"comment_status":"closed","ping_status":"closed","template":"","meta":{"site-sidebar-layout":"default","site-content-layout":"","ast-site-content-layout":"","site-content-style":"default","site-sidebar-style":"default","ast-global-header-display":"","ast-banner-title-visibility":"","ast-main-header-display":"","ast-hfb-above-header-display":"","ast-hfb-below-header-display":"","ast-hfb-mobile-header-display":"","site-post-title":"disabled","ast-breadcrumbs-content":"","ast-featured-img":"","footer-sml-layout":"","theme-transparent-header-meta":"","adv-header-id-meta":"","stick-header-meta":"","header-above-stick-meta":"","header-main-stick-meta":"","header-below-stick-meta":"","astra-migrate-meta-layouts":"default","ast-page-background-enabled":"default","ast-page-background-meta":{"desktop":{"background-color":"var(--ast-global-color-4)","background-image":"","background-repeat":"repeat","background-position":"center center","background-size":"auto","background-attachment":"scroll","background-type":"","background-media":"","overlay-type":"","overlay-color":"","overlay-opacity":"","overlay-gradient":""},"tablet":{"background-color":"","background-image":"","background-repeat":"repeat","background-position":"center center","background-size":"auto","background-attachment":"scroll","background-type":"","background-media":"","overlay-type":"","overlay-color":"","overlay-opacity":"","overlay-gradient":""},"mobile":{"background-color":"","background-image":"","background-repeat":"repeat","background-position":"center center","background-size":"auto","background-attachment":"scroll","background-type":"","background-media":"","overlay-type":"","overlay-color":"","overlay-opacity":"","overlay-gradient":""}},"ast-content-background-meta":{"desktop":{"background-color":"var(--ast-global-color-5)","background-image":"","background-repeat":"repeat","background-position":"center center","background-size":"auto","background-attachment":"scroll","background-type":"","background-media":"","overlay-type":"","overlay-color":"","overlay-opacity":"","overlay-gradient":""},"tablet":{"background-color":"var(--ast-global-color-5)","background-image":"","background-repeat":"repeat","background-position":"center center","background-size":"auto","background-attachment":"scroll","background-type":"","background-media":"","overlay-type":"","overlay-color":"","overlay-opacity":"","overlay-gradient":""},"mobile":{"background-color":"var(--ast-global-color-5)","background-image":"","background-repeat":"repeat","background-position":"center center","background-size":"auto","background-attachment":"scroll","background-type":"","background-media":"","overlay-type":"","overlay-color":"","overlay-opacity":"","overlay-gradient":""}},"footnotes":""},"class_list":["post-6573","page","type-page","status-publish","hentry"],"yoast_head":"<!-- This site is optimized with the Yoast SEO plugin v25.5 - https:\/\/yoast.com\/wordpress\/plugins\/seo\/ -->\n<title>d\u00e9veloppement DURABLE -<\/title>\n<meta name=\"robots\" content=\"index, follow, max-snippet:-1, max-image-preview:large, max-video-preview:-1\" \/>\n<link rel=\"canonical\" href=\"https:\/\/www.ch-aubusson.fr\/site\/developpement-durable\/\" \/>\n<meta property=\"og:locale\" content=\"fr_FR\" \/>\n<meta property=\"og:type\" content=\"article\" \/>\n<meta property=\"og:title\" content=\"d\u00e9veloppement DURABLE -\" \/>\n<meta property=\"og:description\" content=\"d\u00e9veloppement DURABLE Du pilotage \u00e9nerg\u00e9tique \u00e0 la valorisation des d\u00e9chets, en passant par une mobilit\u00e9 plus responsable et une alimentation [&hellip;]\" \/>\n<meta property=\"og:url\" content=\"https:\/\/www.ch-aubusson.fr\/site\/developpement-durable\/\" \/>\n<meta property=\"article:publisher\" content=\"https:\/\/www.facebook.com\/people\/Centre-Hospitalier-dAubusson\/100064042814456\/\" \/>\n<meta property=\"article:modified_time\" content=\"2026-05-15T14:25:04+00:00\" \/>\n<meta name=\"twitter:card\" content=\"summary_large_image\" \/>\n<meta name=\"twitter:label1\" content=\"Dur\u00e9e de lecture estim\u00e9e\" \/>\n\t<meta name=\"twitter:data1\" content=\"1 minute\" \/>\n<!-- \/ Yoast SEO plugin. -->","yoast_head_json":{"title":"d\u00e9veloppement DURABLE -","robots":{"index":"index","follow":"follow","max-snippet":"max-snippet:-1","max-image-preview":"max-image-preview:large","max-video-preview":"max-video-preview:-1"},"canonical":"https:\/\/www.ch-aubusson.fr\/site\/developpement-durable\/","og_locale":"fr_FR","og_type":"article","og_title":"d\u00e9veloppement DURABLE -","og_description":"d\u00e9veloppement DURABLE Du pilotage \u00e9nerg\u00e9tique \u00e0 la valorisation des d\u00e9chets, en passant par une mobilit\u00e9 plus responsable et une alimentation [&hellip;]","og_url":"https:\/\/www.ch-aubusson.fr\/site\/developpement-durable\/","article_publisher":"https:\/\/www.facebook.com\/people\/Centre-Hospitalier-dAubusson\/100064042814456\/","article_modified_time":"2026-05-15T14:25:04+00:00","twitter_card":"summary_large_image","twitter_misc":{"Dur\u00e9e de lecture estim\u00e9e":"1 minute"},"schema":{"@context":"https:\/\/schema.org","@graph":[{"@type":"WebPage","@id":"https:\/\/www.ch-aubusson.fr\/site\/developpement-durable\/","url":"https:\/\/www.ch-aubusson.fr\/site\/developpement-durable\/","name":"d\u00e9veloppement DURABLE -","isPartOf":{"@id":"https:\/\/www.ch-aubusson.fr\/site\/#website"},"datePublished":"2026-05-15T13:13:14+00:00","dateModified":"2026-05-15T14:25:04+00:00","breadcrumb":{"@id":"https:\/\/www.ch-aubusson.fr\/site\/developpement-durable\/#breadcrumb"},"inLanguage":"fr-FR","potentialAction":[{"@type":"ReadAction","target":["https:\/\/www.ch-aubusson.fr\/site\/developpement-durable\/"]}]},{"@type":"BreadcrumbList","@id":"https:\/\/www.ch-aubusson.fr\/site\/developpement-durable\/#breadcrumb","itemListElement":[{"@type":"ListItem","position":1,"name":"Accueil","item":"https:\/\/www.ch-aubusson.fr\/site\/"},{"@type":"ListItem","position":2,"name":"d\u00e9veloppement DURABLE"}]},{"@type":"WebSite","@id":"https:\/\/www.ch-aubusson.fr\/site\/#website","url":"https:\/\/www.ch-aubusson.fr\/site\/","name":"Centre Hospitalier d'Aubusson","description":"","publisher":{"@id":"https:\/\/www.ch-aubusson.fr\/site\/#organization"},"potentialAction":[{"@type":"SearchAction","target":{"@type":"EntryPoint","urlTemplate":"https:\/\/www.ch-aubusson.fr\/site\/?s={search_term_string}"},"query-input":{"@type":"PropertyValueSpecification","valueRequired":true,"valueName":"search_term_string"}}],"inLanguage":"fr-FR"},{"@type":"Organization","@id":"https:\/\/www.ch-aubusson.fr\/site\/#organization","name":"Centre Hospitalier d'Aubusson","url":"https:\/\/www.ch-aubusson.fr\/site\/","logo":{"@type":"ImageObject","inLanguage":"fr-FR","@id":"https:\/\/www.ch-aubusson.fr\/site\/#\/schema\/logo\/image\/","url":"https:\/\/www.ch-aubusson.fr\/site\/wp-content\/uploads\/2024\/01\/cropped-LogoCentreHospitalier_Vertical_3Tonos-2.png","contentUrl":"https:\/\/www.ch-aubusson.fr\/site\/wp-content\/uploads\/2024\/01\/cropped-LogoCentreHospitalier_Vertical_3Tonos-2.png","width":800,"height":654,"caption":"Centre Hospitalier d'Aubusson"},"image":{"@id":"https:\/\/www.ch-aubusson.fr\/site\/#\/schema\/logo\/image\/"},"sameAs":["https:\/\/www.facebook.com\/people\/Centre-Hospitalier-dAubusson\/100064042814456\/","https:\/\/www.linkedin.com\/company\/ch-aubusson"]}]}},"_links":{"self":[{"href":"https:\/\/www.ch-aubusson.fr\/site\/wp-json\/wp\/v2\/pages\/6573","targetHints":{"allow":["GET"]}}],"collection":[{"href":"https:\/\/www.ch-aubusson.fr\/site\/wp-json\/wp\/v2\/pages"}],"about":[{"href":"https:\/\/www.ch-aubusson.fr\/site\/wp-json\/wp\/v2\/types\/page"}],"author":[{"embeddable":true,"href":"https:\/\/www.ch-aubusson.fr\/site\/wp-json\/wp\/v2\/users\/3"}],"replies":[{"embeddable":true,"href":"https:\/\/www.ch-aubusson.fr\/site\/wp-json\/wp\/v2\/comments?post=6573"}],"version-history":[{"count":4,"href":"https:\/\/www.ch-aubusson.fr\/site\/wp-json\/wp\/v2\/pages\/6573\/revisions"}],"predecessor-version":[{"id":6584,"href":"https:\/\/www.ch-aubusson.fr\/site\/wp-json\/wp\/v2\/pages\/6573\/revisions\/6584"}],"wp:attachment":[{"href":"https:\/\/www.ch-aubusson.fr\/site\/wp-json\/wp\/v2\/media?parent=6573"}],"curies":[{"name":"wp","href":"https:\/\/api.w.org\/{rel}","templated":true}]}}